{"id":487,"date":"2023-08-01T06:27:34","date_gmt":"2023-08-01T04:27:34","guid":{"rendered":"https:\/\/starsforeurope.com\/hu\/?page_id=487"},"modified":"2025-09-05T12:38:33","modified_gmt":"2025-09-05T10:38:33","slug":"impresszum","status":"publish","type":"page","link":"https:\/\/starsforeurope.com\/hu\/impresszum\/","title":{"rendered":"Impresszum"},"content":{"rendered":"<div class=\"wp-block-columns is-layout-flex wp-container-core-columns-is-layout-28f84493 wp-block-columns-is-layout-flex\">\n<div class=\"wp-block-column is-layout-flow wp-block-column-is-layout-flow\">\n<h2 class=\"wp-block-heading\">\u00c1ltal\u00e1nos Adatv\u00e9delmi Szab\u00e1lyzat<\/h2>\n\n<p>A n\u00e9met t\u00f6rv\u00e9nyek \u00e9rtelm\u00e9ben a weboldal minden tartalm\u00e1\u00e9rt felel\u0151s a:<\/p>\n\n<p>Stars for Europe GbR\r<br>c\/o Zentralverband Gartenbau\r<br>Bornheimerstra\u00dfe 37,\r<br>53111 Bonn,\r<br>Germany\r<br>\r<br>\u00dcgyvezet\u0151 igazgat\u00f3: Ulrich Sander \/ Eur\u00f3pai projektvezet\u0151: Dr. Susanne Lux<\/p>\n\n<p>Telefon: + 49 2644 981333\r<br>Email: susanne.lux(at)meclux.de<\/p>\n\n<p>VAT-ID: DE224966758\r<br>Tax number: 206\/5779\/0607<\/p>\n\n<h2 class=\"wp-block-heading\">Nyilatkozat<\/h2>\n\n<p>Az itt szerepl\u0151 inform\u00e1ci\u00f3k \u00e9s \u00e1ll\u00edt\u00e1sok a szerz\u0151(k) \u00e1ll\u00e1spontj\u00e1t k\u00e9pviselik, \u00e9s nem felt\u00e9tlen\u00fcl t\u00fckr\u00f6zik az Eur\u00f3pai Uni\u00f3 vagy az Eur\u00f3pai Kutat\u00e1si V\u00e9grehajt\u00f3 \u00dcgyn\u00f6ks\u00e9g (REA) hivatalos v\u00e9lem\u00e9ny\u00e9t. Sem az Eur\u00f3pai Uni\u00f3, sem a t\u00e1mogat\u00e1st ny\u00fajt\u00f3 hat\u00f3s\u00e1g nem vonhat\u00f3 felel\u0151ss\u00e9gre miattuk.<\/p>\n<\/div>\n\n<\/div>","protected":false},"excerpt":{"rendered":"<p>\u00c1ltal\u00e1nos Adatv\u00e9delmi Szab\u00e1lyzat A n\u00e9met t\u00f6rv\u00e9nyek \u00e9rtelm\u00e9ben a weboldal minden tartalm\u00e1\u00e9rt felel\u0151s a: Stars for Europe GbR c\/o Zentralverband Gartenbau Bornheimerstra\u00dfe 37, 53111 Bonn, Germany \u00dcgyvezet\u0151 igazgat\u00f3: Ulrich Sander \/ Eur\u00f3pai projektvezet\u0151: Dr. Susanne Lux Telefon: + 49 2644 981333 Email: susanne.lux(at)meclux.de VAT-ID: DE224966758 Tax number: 206\/5779\/0607 Nyilatkozat Az itt szerepl\u0151 inform\u00e1ci\u00f3k \u00e9s \u00e1ll\u00edt\u00e1sok a [&hellip;]<\/p>\n","protected":false},"author":1,"featured_media":0,"parent":0,"menu_order":0,"comment_status":"closed","ping_status":"closed","template":"simple-post-no-header-image","meta":{"_acf_changed":false,"footnotes":""},"class_list":["post-487","page","type-page","status-publish","hentry"],"acf":[],"_links":{"self":[{"href":"https:\/\/starsforeurope.com\/hu\/wp-json\/wp\/v2\/pages\/487","targetHints":{"allow":["GET"]}}],"collection":[{"href":"https:\/\/starsforeurope.com\/hu\/wp-json\/wp\/v2\/pages"}],"about":[{"href":"https:\/\/starsforeurope.com\/hu\/wp-json\/wp\/v2\/types\/page"}],"author":[{"embeddable":true,"href":"https:\/\/starsforeurope.com\/hu\/wp-json\/wp\/v2\/users\/1"}],"replies":[{"embeddable":true,"href":"https:\/\/starsforeurope.com\/hu\/wp-json\/wp\/v2\/comments?post=487"}],"version-history":[{"count":16,"href":"https:\/\/starsforeurope.com\/hu\/wp-json\/wp\/v2\/pages\/487\/revisions"}],"predecessor-version":[{"id":7684,"href":"https:\/\/starsforeurope.com\/hu\/wp-json\/wp\/v2\/pages\/487\/revisions\/7684"}],"wp:attachment":[{"href":"https:\/\/starsforeurope.com\/hu\/wp-json\/wp\/v2\/media?parent=487"}],"curies":[{"name":"wp","href":"https:\/\/api.w.org\/{rel}","templated":true}]}}