{"id":7578,"date":"2025-07-21T14:57:51","date_gmt":"2025-07-21T12:57:51","guid":{"rendered":"https:\/\/starsforeurope.com\/hr\/?page_id=7578"},"modified":"2025-07-22T14:32:12","modified_gmt":"2025-07-22T12:32:12","slug":"dekoracija-stola","status":"publish","type":"page","link":"https:\/\/starsforeurope.com\/hr\/dekoracija\/dekoracija-stola\/","title":{"rendered":"Ukra\u0161avanje stola s bo\u017ei\u0107nom zvijezdom"},"content":{"rendered":"<div class=\"wp-block-group postimage-half wide-content is-layout-flow wp-block-group-is-layout-flow\" style=\"margin-top:var(--wp--preset--spacing--50)\">\n<div style=\"height:3rem\" aria-hidden=\"true\" class=\"wp-block-spacer\"><\/div>\n\n\n\n<div class=\"wp-block-query is-layout-flow wp-block-query-is-layout-flow\"><ul class=\"columns-2 wp-block-post-template is-layout-grid wp-container-core-post-template-is-layout-37ef2942 wp-block-post-template-is-layout-grid\"><li class=\"wp-block-post post-7713 blog type-blog status-publish has-post-thumbnail hentry blog_main-adventske-dekoracije blog_main-dekoracija blog_main-dekoracija-stola\">\n<figure style=\"aspect-ratio:1;\" class=\"featuredimage wp-block-post-featured-image\"><a href=\"https:\/\/starsforeurope.com\/hr\/blog\/neka-vas-obuzme-duh-bozica-24-dekorativne-ideje-s-mini-bozicnim-zvijezdama\/\" target=\"_self\"  ><img loading=\"lazy\" decoding=\"async\" width=\"875\" height=\"1050\" src=\"https:\/\/starsforeurope.com\/hr\/wp-content\/uploads\/sites\/21\/2025\/09\/2019-poinsettia-4000-christmas-miniatures-05.jpg\" class=\"attachment-post-thumbnail size-post-thumbnail wp-post-image\" alt=\"Neka vas obuzme duh Bo\u017ei\u0107a: 24 dekorativne ideje s mini bo\u017ei\u0107nim zvijezdama\" style=\"width:100%;height:100%;object-fit:cover;\" srcset=\"https:\/\/starsforeurope.com\/hr\/wp-content\/uploads\/sites\/21\/2025\/09\/2019-poinsettia-4000-christmas-miniatures-05.jpg 875w, https:\/\/starsforeurope.com\/hr\/wp-content\/uploads\/sites\/21\/2025\/09\/2019-poinsettia-4000-christmas-miniatures-05-250x300.jpg 250w, https:\/\/starsforeurope.com\/hr\/wp-content\/uploads\/sites\/21\/2025\/09\/2019-poinsettia-4000-christmas-miniatures-05-853x1024.jpg 853w, https:\/\/starsforeurope.com\/hr\/wp-content\/uploads\/sites\/21\/2025\/09\/2019-poinsettia-4000-christmas-miniatures-05-768x922.jpg 768w\" sizes=\"auto, (max-width: 875px) 100vw, 875px\" \/><\/a><\/figure>\n\n<h3 class=\"wp-block-post-title\"><a href=\"https:\/\/starsforeurope.com\/hr\/blog\/neka-vas-obuzme-duh-bozica-24-dekorativne-ideje-s-mini-bozicnim-zvijezdama\/\" target=\"_self\" >Neka vas obuzme duh Bo\u017ei\u0107a: 24 dekorativne ideje s mini bo\u017ei\u0107nim zvijezdama<\/a><\/h3>\n\n\n<div class=\"wp-block-group postmetaline is-nowrap is-layout-flex wp-container-core-group-is-layout-6c531013 wp-block-group-is-layout-flex\"><div class=\"wp-block-post-date\"><time datetime=\"2025-09-17T10:44:24+02:00\">17. rujna 2025<\/time><\/div>\n\n<\/div>\n\n\n<div class=\"wp-block-post-excerpt\"><p class=\"wp-block-post-excerpt__excerpt\">Stvorite blagdansku atmosferu u svom domu s mini bo\u017ei\u0107nim zvijezdama. Otkrijte 24 kreativne ideje za ukra\u0161avanje adventskog vijenca, sve\u010dane ukrase za stol i jo\u0161 mnogo toga. Inspirirajte se!<\/p><p class=\"wp-block-post-excerpt__more-text\"><a class=\"wp-block-post-excerpt__more-link\" href=\"https:\/\/starsforeurope.com\/hr\/blog\/neka-vas-obuzme-duh-bozica-24-dekorativne-ideje-s-mini-bozicnim-zvijezdama\/\">Pro\u010ditajte vi\u0161e<\/a><\/p><\/div>\n<\/li><li class=\"wp-block-post post-7195 blog type-blog status-publish has-post-thumbnail hentry blog_cat-adventsdekoration blog_cat-tischdekoration blog_cat-winterdeko blog_main-dekoracija blog_main-dekoracija-stola\">\n<figure style=\"aspect-ratio:1;\" class=\"featuredimage wp-block-post-featured-image\"><a href=\"https:\/\/starsforeurope.com\/hr\/blog\/svecane-dekoracije-stolova-s-bozicnim-zvijezdama\/\" target=\"_self\"  ><img loading=\"lazy\" decoding=\"async\" width=\"1050\" height=\"875\" src=\"https:\/\/starsforeurope.com\/hr\/wp-content\/uploads\/sites\/21\/2023\/10\/2015_Weihnachtsstern_Familie_03.jpg\" class=\"attachment-post-thumbnail size-post-thumbnail wp-post-image\" alt=\"Sve\u010dane dekoracije stolova s bo\u017ei\u0107nim zvijezdama\" style=\"width:100%;height:100%;object-fit:cover;\" srcset=\"https:\/\/starsforeurope.com\/hr\/wp-content\/uploads\/sites\/21\/2023\/10\/2015_Weihnachtsstern_Familie_03.jpg 1050w, https:\/\/starsforeurope.com\/hr\/wp-content\/uploads\/sites\/21\/2023\/10\/2015_Weihnachtsstern_Familie_03-300x250.jpg 300w, https:\/\/starsforeurope.com\/hr\/wp-content\/uploads\/sites\/21\/2023\/10\/2015_Weihnachtsstern_Familie_03-1024x853.jpg 1024w, https:\/\/starsforeurope.com\/hr\/wp-content\/uploads\/sites\/21\/2023\/10\/2015_Weihnachtsstern_Familie_03-768x640.jpg 768w, https:\/\/starsforeurope.com\/hr\/wp-content\/uploads\/sites\/21\/2023\/10\/2015_Weihnachtsstern_Familie_03-810x675.jpg 810w\" sizes=\"auto, (max-width: 1050px) 100vw, 1050px\" \/><\/a><\/figure>\n\n<h3 class=\"wp-block-post-title\"><a href=\"https:\/\/starsforeurope.com\/hr\/blog\/svecane-dekoracije-stolova-s-bozicnim-zvijezdama\/\" target=\"_self\" >Sve\u010dane dekoracije stolova s bo\u017ei\u0107nim zvijezdama<\/a><\/h3>\n\n\n<div class=\"wp-block-group postmetaline is-nowrap is-layout-flex wp-container-core-group-is-layout-6c531013 wp-block-group-is-layout-flex\"><div class=\"wp-block-post-date\"><time datetime=\"2023-11-17T01:23:37+01:00\">17. studenoga 2023<\/time><\/div>\n\n<\/div>\n\n\n<div class=\"wp-block-post-excerpt\"><p class=\"wp-block-post-excerpt__excerpt\">\u0160to je toliko posebno kod dekoracije stola s bo\u017ei\u0107nim zvijezdama? Raznolikost i kreativnost! Bo\u017ei\u0107ne zvijezde va\u0161im dekoracijama daju poseban \u0161arm<\/p><p class=\"wp-block-post-excerpt__more-text\"><a class=\"wp-block-post-excerpt__more-link\" href=\"https:\/\/starsforeurope.com\/hr\/blog\/svecane-dekoracije-stolova-s-bozicnim-zvijezdama\/\">Pro\u010ditajte vi\u0161e<\/a><\/p><\/div>\n<\/li><\/ul>\n\n\n\n<\/div>\n\n\n\n<div style=\"height:3rem\" aria-hidden=\"true\" class=\"wp-block-spacer\"><\/div>\n<\/div>","protected":false},"excerpt":{"rendered":"<p>Pobolj\u0161ajte svoje iskustvo objedovanja prekrasnim sredi\u0161njim ukrasima i detaljima od bo\u017ei\u0107nih zvijezda. Savr\u0161eno za dodavanje sve\u010danog \u0161tiha svakom stolu.<\/p>\n","protected":false},"author":26,"featured_media":4352,"parent":22,"menu_order":0,"comment_status":"closed","ping_status":"closed","template":"two-column-blog-single","meta":{"_acf_changed":false,"footnotes":""},"class_list":["post-7578","page","type-page","status-publish","has-post-thumbnail","hentry"],"acf":[],"_links":{"self":[{"href":"https:\/\/starsforeurope.com\/hr\/wp-json\/wp\/v2\/pages\/7578","targetHints":{"allow":["GET"]}}],"collection":[{"href":"https:\/\/starsforeurope.com\/hr\/wp-json\/wp\/v2\/pages"}],"about":[{"href":"https:\/\/starsforeurope.com\/hr\/wp-json\/wp\/v2\/types\/page"}],"author":[{"embeddable":true,"href":"https:\/\/starsforeurope.com\/hr\/wp-json\/wp\/v2\/users\/26"}],"replies":[{"embeddable":true,"href":"https:\/\/starsforeurope.com\/hr\/wp-json\/wp\/v2\/comments?post=7578"}],"version-history":[{"count":1,"href":"https:\/\/starsforeurope.com\/hr\/wp-json\/wp\/v2\/pages\/7578\/revisions"}],"predecessor-version":[{"id":7580,"href":"https:\/\/starsforeurope.com\/hr\/wp-json\/wp\/v2\/pages\/7578\/revisions\/7580"}],"up":[{"embeddable":true,"href":"https:\/\/starsforeurope.com\/hr\/wp-json\/wp\/v2\/pages\/22"}],"wp:featuredmedia":[{"embeddable":true,"href":"https:\/\/starsforeurope.com\/hr\/wp-json\/wp\/v2\/media\/4352"}],"wp:attachment":[{"href":"https:\/\/starsforeurope.com\/hr\/wp-json\/wp\/v2\/media?parent=7578"}],"curies":[{"name":"wp","href":"https:\/\/api.w.org\/{rel}","templated":true}]}}