{"id":7575,"date":"2025-07-21T14:56:49","date_gmt":"2025-07-21T12:56:49","guid":{"rendered":"https:\/\/starsforeurope.com\/hr\/?page_id=7575"},"modified":"2025-07-22T14:32:12","modified_gmt":"2025-07-22T12:32:12","slug":"rezano-cvijece","status":"publish","type":"page","link":"https:\/\/starsforeurope.com\/hr\/dekoracija\/rezano-cvijece\/","title":{"rendered":"Ukra\u0161avanje rezanim bo\u017ei\u0107nim zvijezdama"},"content":{"rendered":"<div class=\"wp-block-group postimage-half wide-content is-layout-flow wp-block-group-is-layout-flow\" style=\"margin-top:var(--wp--preset--spacing--50)\">\n<div style=\"height:3rem\" aria-hidden=\"true\" class=\"wp-block-spacer\"><\/div>\n\n\n\n<div class=\"wp-block-query is-layout-flow wp-block-query-is-layout-flow\"><ul class=\"columns-2 wp-block-post-template is-layout-grid wp-container-core-post-template-is-layout-37ef2942 wp-block-post-template-is-layout-grid\"><li class=\"wp-block-post post-7199 blog type-blog status-publish has-post-thumbnail hentry blog_cat-adventsdekoration blog_cat-tischdekoration blog_cat-hochzeitsdeko blog_cat-geschenkideen blog_cat-dekorationsideen blog_cat-winterdeko blog_main-dekoracija blog_main-rezano-cvijece\">\n<figure style=\"aspect-ratio:1;\" class=\"featuredimage wp-block-post-featured-image\"><a href=\"https:\/\/starsforeurope.com\/hr\/blog\/koristenje-bozicnih-zvijezda-kao-svjeze-cvijece-ideje-za-ukrasavanje-preferencije-tehnika-rezanja-i-povijest\/\" target=\"_self\"  ><img loading=\"lazy\" decoding=\"async\" width=\"875\" height=\"1050\" src=\"https:\/\/starsforeurope.com\/hr\/wp-content\/uploads\/sites\/21\/2023\/10\/2021-poinsettia-05000-christma.jpg\" class=\"attachment-post-thumbnail size-post-thumbnail wp-post-image\" alt=\"Kori\u0161tenje bo\u017ei\u0107nih zvijezda kao svje\u017eeg cvije\u0107a: ideje za ukra\u0161avanje, preferencije, tehnika rezanja i povijest\" style=\"width:100%;height:100%;object-fit:cover;\" srcset=\"https:\/\/starsforeurope.com\/hr\/wp-content\/uploads\/sites\/21\/2023\/10\/2021-poinsettia-05000-christma.jpg 875w, https:\/\/starsforeurope.com\/hr\/wp-content\/uploads\/sites\/21\/2023\/10\/2021-poinsettia-05000-christma-250x300.jpg 250w, https:\/\/starsforeurope.com\/hr\/wp-content\/uploads\/sites\/21\/2023\/10\/2021-poinsettia-05000-christma-853x1024.jpg 853w, https:\/\/starsforeurope.com\/hr\/wp-content\/uploads\/sites\/21\/2023\/10\/2021-poinsettia-05000-christma-768x922.jpg 768w, https:\/\/starsforeurope.com\/hr\/wp-content\/uploads\/sites\/21\/2023\/10\/2021-poinsettia-05000-christma-563x675.jpg 563w\" sizes=\"auto, (max-width: 875px) 100vw, 875px\" \/><\/a><\/figure>\n\n<h3 class=\"wp-block-post-title\"><a href=\"https:\/\/starsforeurope.com\/hr\/blog\/koristenje-bozicnih-zvijezda-kao-svjeze-cvijece-ideje-za-ukrasavanje-preferencije-tehnika-rezanja-i-povijest\/\" target=\"_self\" >Kori\u0161tenje bo\u017ei\u0107nih zvijezda kao svje\u017eeg cvije\u0107a: ideje za ukra\u0161avanje, preferencije, tehnika rezanja i povijest<\/a><\/h3>\n\n\n<div class=\"wp-block-group postmetaline is-nowrap is-layout-flex wp-container-core-group-is-layout-6c531013 wp-block-group-is-layout-flex\"><div class=\"wp-block-post-date\"><time datetime=\"2023-11-17T05:46:22+01:00\">17. studenoga 2023<\/time><\/div>\n\n<\/div>\n\n\n<div class=\"wp-block-post-excerpt\"><p class=\"wp-block-post-excerpt__excerpt\">Znate li da Bo\u017ei\u0107ne zvijezde mogu izdr\u017eati u vodi kao rezano cvije\u0107e i do dva tjedna; kao i ru\u017ee. U\u017eivajte u dekoraciji va\u0161eg doma<\/p><p class=\"wp-block-post-excerpt__more-text\"><a class=\"wp-block-post-excerpt__more-link\" href=\"https:\/\/starsforeurope.com\/hr\/blog\/koristenje-bozicnih-zvijezda-kao-svjeze-cvijece-ideje-za-ukrasavanje-preferencije-tehnika-rezanja-i-povijest\/\">Pro\u010ditajte vi\u0161e<\/a><\/p><\/div>\n<\/li><\/ul>\n\n\n\n<\/div>\n\n\n\n<div style=\"height:3rem\" aria-hidden=\"true\" class=\"wp-block-spacer\"><\/div>\n<\/div>","protected":false},"excerpt":{"rendered":"<p>Nau\u010dite kako se brinuti za rezane bo\u017ei\u0107ne zvijezde i kako biste ove sezone dodali sve\u010dani dodir svojim cvjetnim aran\u017emanima.<\/p>\n","protected":false},"author":26,"featured_media":4352,"parent":22,"menu_order":0,"comment_status":"closed","ping_status":"closed","template":"two-column-blog-single","meta":{"_acf_changed":false,"footnotes":""},"class_list":["post-7575","page","type-page","status-publish","has-post-thumbnail","hentry"],"acf":[],"_links":{"self":[{"href":"https:\/\/starsforeurope.com\/hr\/wp-json\/wp\/v2\/pages\/7575","targetHints":{"allow":["GET"]}}],"collection":[{"href":"https:\/\/starsforeurope.com\/hr\/wp-json\/wp\/v2\/pages"}],"about":[{"href":"https:\/\/starsforeurope.com\/hr\/wp-json\/wp\/v2\/types\/page"}],"author":[{"embeddable":true,"href":"https:\/\/starsforeurope.com\/hr\/wp-json\/wp\/v2\/users\/26"}],"replies":[{"embeddable":true,"href":"https:\/\/starsforeurope.com\/hr\/wp-json\/wp\/v2\/comments?post=7575"}],"version-history":[{"count":1,"href":"https:\/\/starsforeurope.com\/hr\/wp-json\/wp\/v2\/pages\/7575\/revisions"}],"predecessor-version":[{"id":7579,"href":"https:\/\/starsforeurope.com\/hr\/wp-json\/wp\/v2\/pages\/7575\/revisions\/7579"}],"up":[{"embeddable":true,"href":"https:\/\/starsforeurope.com\/hr\/wp-json\/wp\/v2\/pages\/22"}],"wp:featuredmedia":[{"embeddable":true,"href":"https:\/\/starsforeurope.com\/hr\/wp-json\/wp\/v2\/media\/4352"}],"wp:attachment":[{"href":"https:\/\/starsforeurope.com\/hr\/wp-json\/wp\/v2\/media?parent=7575"}],"curies":[{"name":"wp","href":"https:\/\/api.w.org\/{rel}","templated":true}]}}