{"id":7574,"date":"2025-07-21T14:55:10","date_gmt":"2025-07-21T12:55:10","guid":{"rendered":"https:\/\/starsforeurope.com\/hr\/?page_id=7574"},"modified":"2025-07-22T14:32:12","modified_gmt":"2025-07-22T12:32:12","slug":"jesenska-dekoracija-zeleni-zivot","status":"publish","type":"page","link":"https:\/\/starsforeurope.com\/hr\/dekoracija\/jesenska-dekoracija-zeleni-zivot\/","title":{"rendered":"Jesenski dekor s bo\u017ei\u0107nim zvijezdama"},"content":{"rendered":"<div class=\"wp-block-group postimage-half wide-content is-layout-flow wp-block-group-is-layout-flow\" style=\"margin-top:var(--wp--preset--spacing--50)\">\n<div style=\"height:3rem\" aria-hidden=\"true\" class=\"wp-block-spacer\"><\/div>\n\n\n\n<div class=\"wp-block-query is-layout-flow wp-block-query-is-layout-flow\"><ul class=\"columns-2 wp-block-post-template is-layout-grid wp-container-core-post-template-is-layout-37ef2942 wp-block-post-template-is-layout-grid\"><li class=\"wp-block-post post-7159 blog type-blog status-publish has-post-thumbnail hentry blog_cat-adventsdekoration blog_cat-herbstdeko-zimmerpflanze blog_cat-vielfalt blog_cat-diy blog_main-dekoracija blog_main-jesenska-dekoracija-zeleni-zivot\">\n<figure style=\"aspect-ratio:1;\" class=\"featuredimage wp-block-post-featured-image\"><a href=\"https:\/\/starsforeurope.com\/hr\/blog\/bozicne-zvijezde-kao-jesenski-ukrasi\/\" target=\"_self\"  ><img loading=\"lazy\" decoding=\"async\" width=\"875\" height=\"1050\" src=\"https:\/\/starsforeurope.com\/hr\/wp-content\/uploads\/sites\/21\/2023\/10\/2023-poinsettia-02000-cottagecore-charm-12.jpg\" class=\"attachment-post-thumbnail size-post-thumbnail wp-post-image\" alt=\"Bo\u017ei\u0107ne zvijezde kao jesenski ukrasi\" style=\"width:100%;height:100%;object-fit:cover;\" srcset=\"https:\/\/starsforeurope.com\/hr\/wp-content\/uploads\/sites\/21\/2023\/10\/2023-poinsettia-02000-cottagecore-charm-12.jpg 875w, https:\/\/starsforeurope.com\/hr\/wp-content\/uploads\/sites\/21\/2023\/10\/2023-poinsettia-02000-cottagecore-charm-12-250x300.jpg 250w, https:\/\/starsforeurope.com\/hr\/wp-content\/uploads\/sites\/21\/2023\/10\/2023-poinsettia-02000-cottagecore-charm-12-853x1024.jpg 853w, https:\/\/starsforeurope.com\/hr\/wp-content\/uploads\/sites\/21\/2023\/10\/2023-poinsettia-02000-cottagecore-charm-12-768x922.jpg 768w, https:\/\/starsforeurope.com\/hr\/wp-content\/uploads\/sites\/21\/2023\/10\/2023-poinsettia-02000-cottagecore-charm-12-563x675.jpg 563w\" sizes=\"auto, (max-width: 875px) 100vw, 875px\" \/><\/a><\/figure>\n\n<h3 class=\"wp-block-post-title\"><a href=\"https:\/\/starsforeurope.com\/hr\/blog\/bozicne-zvijezde-kao-jesenski-ukrasi\/\" target=\"_self\" >Bo\u017ei\u0107ne zvijezde kao jesenski ukrasi<\/a><\/h3>\n\n\n<div class=\"wp-block-group postmetaline is-nowrap is-layout-flex wp-container-core-group-is-layout-6c531013 wp-block-group-is-layout-flex\"><div class=\"wp-block-post-date\"><time datetime=\"2023-11-03T03:20:12+01:00\">03. studenoga 2023<\/time><\/div>\n\n<\/div>\n\n\n<div class=\"wp-block-post-excerpt\"><p class=\"wp-block-post-excerpt__excerpt\">Neka vas ove jeseni o\u010daraju bo\u017ei\u0107ne zvijezde! One su puno vi\u0161e od simbola Bo\u017ei\u0107a<\/p><p class=\"wp-block-post-excerpt__more-text\"><a class=\"wp-block-post-excerpt__more-link\" href=\"https:\/\/starsforeurope.com\/hr\/blog\/bozicne-zvijezde-kao-jesenski-ukrasi\/\">Pro\u010ditajte vi\u0161e<\/a><\/p><\/div>\n<\/li><\/ul>\n\n\n\n<\/div>\n\n\n\n<div style=\"height:3rem\" aria-hidden=\"true\" class=\"wp-block-spacer\"><\/div>\n<\/div>","protected":false},"excerpt":{"rendered":"<p>Unesite tople, sezonske boje u svoj dom s bo\u017ei\u0107nim zvijezdama. Otkrijte kreativne na\u010dine kako ih koristiti u ugodnim, jesenskim aran\u017emanima.<\/p>\n","protected":false},"author":26,"featured_media":4352,"parent":22,"menu_order":0,"comment_status":"closed","ping_status":"closed","template":"two-column-blog-single","meta":{"_acf_changed":false,"footnotes":""},"class_list":["post-7574","page","type-page","status-publish","has-post-thumbnail","hentry"],"acf":[],"_links":{"self":[{"href":"https:\/\/starsforeurope.com\/hr\/wp-json\/wp\/v2\/pages\/7574","targetHints":{"allow":["GET"]}}],"collection":[{"href":"https:\/\/starsforeurope.com\/hr\/wp-json\/wp\/v2\/pages"}],"about":[{"href":"https:\/\/starsforeurope.com\/hr\/wp-json\/wp\/v2\/types\/page"}],"author":[{"embeddable":true,"href":"https:\/\/starsforeurope.com\/hr\/wp-json\/wp\/v2\/users\/26"}],"replies":[{"embeddable":true,"href":"https:\/\/starsforeurope.com\/hr\/wp-json\/wp\/v2\/comments?post=7574"}],"version-history":[{"count":1,"href":"https:\/\/starsforeurope.com\/hr\/wp-json\/wp\/v2\/pages\/7574\/revisions"}],"predecessor-version":[{"id":7577,"href":"https:\/\/starsforeurope.com\/hr\/wp-json\/wp\/v2\/pages\/7574\/revisions\/7577"}],"up":[{"embeddable":true,"href":"https:\/\/starsforeurope.com\/hr\/wp-json\/wp\/v2\/pages\/22"}],"wp:featuredmedia":[{"embeddable":true,"href":"https:\/\/starsforeurope.com\/hr\/wp-json\/wp\/v2\/media\/4352"}],"wp:attachment":[{"href":"https:\/\/starsforeurope.com\/hr\/wp-json\/wp\/v2\/media?parent=7574"}],"curies":[{"name":"wp","href":"https:\/\/api.w.org\/{rel}","templated":true}]}}