{"id":7569,"date":"2025-07-21T14:51:39","date_gmt":"2025-07-21T12:51:39","guid":{"rendered":"https:\/\/starsforeurope.com\/hr\/?page_id=7569"},"modified":"2025-07-22T14:32:12","modified_gmt":"2025-07-22T12:32:12","slug":"uradi-sam-upcycling","status":"publish","type":"page","link":"https:\/\/starsforeurope.com\/hr\/dekoracija\/uradi-sam-upcycling\/","title":{"rendered":"Uradi sam i recikliranje bo\u017ei\u0107nih zvijezda"},"content":{"rendered":"<div class=\"wp-block-group postimage-half wide-content is-layout-flow wp-block-group-is-layout-flow\" style=\"margin-top:var(--wp--preset--spacing--50)\">\n<div style=\"height:3rem\" aria-hidden=\"true\" class=\"wp-block-spacer\"><\/div>\n\n\n\n<div class=\"wp-block-query is-layout-flow wp-block-query-is-layout-flow\"><ul class=\"columns-2 wp-block-post-template is-layout-grid wp-container-core-post-template-is-layout-37ef2942 wp-block-post-template-is-layout-grid\"><li class=\"wp-block-post post-7743 blog type-blog status-publish has-post-thumbnail hentry blog_main-dekoracija blog_main-uradi-sam-upcycling blog_main-vrijedi-znati blog_main-znanje\">\n<figure style=\"aspect-ratio:1;\" class=\"featuredimage wp-block-post-featured-image\"><a href=\"https:\/\/starsforeurope.com\/hr\/blog\/mini-bozicne-zvijezde-ideje-za-darove-i-savjeti-za-njegu\/\" target=\"_self\"  ><img loading=\"lazy\" decoding=\"async\" width=\"875\" height=\"1050\" src=\"https:\/\/starsforeurope.com\/hr\/wp-content\/uploads\/sites\/21\/2025\/09\/2022-poinsettia-03000-varieties-06.jpg\" class=\"attachment-post-thumbnail size-post-thumbnail wp-post-image\" alt=\"Mini bo\u017ei\u0107ne zvijezde \u2013 najbolji savjeti za njegu i dekoraciju\" style=\"width:100%;height:100%;object-fit:cover;\" srcset=\"https:\/\/starsforeurope.com\/hr\/wp-content\/uploads\/sites\/21\/2025\/09\/2022-poinsettia-03000-varieties-06.jpg 875w, https:\/\/starsforeurope.com\/hr\/wp-content\/uploads\/sites\/21\/2025\/09\/2022-poinsettia-03000-varieties-06-250x300.jpg 250w, https:\/\/starsforeurope.com\/hr\/wp-content\/uploads\/sites\/21\/2025\/09\/2022-poinsettia-03000-varieties-06-853x1024.jpg 853w, https:\/\/starsforeurope.com\/hr\/wp-content\/uploads\/sites\/21\/2025\/09\/2022-poinsettia-03000-varieties-06-768x922.jpg 768w\" sizes=\"auto, (max-width: 875px) 100vw, 875px\" \/><\/a><\/figure>\n\n<h3 class=\"wp-block-post-title\"><a href=\"https:\/\/starsforeurope.com\/hr\/blog\/mini-bozicne-zvijezde-ideje-za-darove-i-savjeti-za-njegu\/\" target=\"_self\" >Mini bo\u017ei\u0107ne zvijezde \u2013 najbolji savjeti za njegu i dekoraciju<\/a><\/h3>\n\n\n<div class=\"wp-block-group postmetaline is-nowrap is-layout-flex wp-container-core-group-is-layout-6c531013 wp-block-group-is-layout-flex\"><div class=\"wp-block-post-date\"><time datetime=\"2025-09-16T13:49:10+02:00\">16. rujna 2025<\/time><\/div>\n\n<\/div>\n\n\n<div class=\"wp-block-post-excerpt\"><p class=\"wp-block-post-excerpt__excerpt\">Raznobojne mini bo\u017ei\u0107ne zvijezde izvrstan su ukras i prekrasan pokloni za blagdane. Evo nekoliko stru\u010dnih savjeta o njezi i idejama za ukra\u0161avanje.<\/p><p class=\"wp-block-post-excerpt__more-text\"><a class=\"wp-block-post-excerpt__more-link\" href=\"https:\/\/starsforeurope.com\/hr\/blog\/mini-bozicne-zvijezde-ideje-za-darove-i-savjeti-za-njegu\/\">Pro\u010ditajte vi\u0161e<\/a><\/p><\/div>\n<\/li><li class=\"wp-block-post post-7708 blog type-blog status-publish has-post-thumbnail hentry blog_main-dekoracija blog_main-uradi-sam-upcycling\">\n<figure style=\"aspect-ratio:1;\" class=\"featuredimage wp-block-post-featured-image\"><a href=\"https:\/\/starsforeurope.com\/hr\/blog\/bozicna-izrada-s-djecom-bozicno-selo-od-kartona-za-pica\/\" target=\"_self\"  ><img loading=\"lazy\" decoding=\"async\" width=\"875\" height=\"1050\" src=\"https:\/\/starsforeurope.com\/hr\/wp-content\/uploads\/sites\/21\/2025\/08\/2025_Poinsettia_02170_DIY_Upcycled_Carton_Winter_Village_05.jpg\" class=\"attachment-post-thumbnail size-post-thumbnail wp-post-image\" alt=\"Bo\u017ei\u0107na izrada s djecom: Bo\u017ei\u0107no selo od kartona za pi\u0107a\" style=\"width:100%;height:100%;object-fit:cover;\" srcset=\"https:\/\/starsforeurope.com\/hr\/wp-content\/uploads\/sites\/21\/2025\/08\/2025_Poinsettia_02170_DIY_Upcycled_Carton_Winter_Village_05.jpg 875w, https:\/\/starsforeurope.com\/hr\/wp-content\/uploads\/sites\/21\/2025\/08\/2025_Poinsettia_02170_DIY_Upcycled_Carton_Winter_Village_05-250x300.jpg 250w, https:\/\/starsforeurope.com\/hr\/wp-content\/uploads\/sites\/21\/2025\/08\/2025_Poinsettia_02170_DIY_Upcycled_Carton_Winter_Village_05-853x1024.jpg 853w, https:\/\/starsforeurope.com\/hr\/wp-content\/uploads\/sites\/21\/2025\/08\/2025_Poinsettia_02170_DIY_Upcycled_Carton_Winter_Village_05-768x922.jpg 768w\" sizes=\"auto, (max-width: 875px) 100vw, 875px\" \/><\/a><\/figure>\n\n<h3 class=\"wp-block-post-title\"><a href=\"https:\/\/starsforeurope.com\/hr\/blog\/bozicna-izrada-s-djecom-bozicno-selo-od-kartona-za-pica\/\" target=\"_self\" >Bo\u017ei\u0107na izrada s djecom: Bo\u017ei\u0107no selo od kartona za pi\u0107a<\/a><\/h3>\n\n\n<div class=\"wp-block-group postmetaline is-nowrap is-layout-flex wp-container-core-group-is-layout-6c531013 wp-block-group-is-layout-flex\"><div class=\"wp-block-post-date\"><time datetime=\"2025-09-15T15:14:03+02:00\">15. rujna 2025<\/time><\/div>\n\n<\/div>\n\n\n<div class=\"wp-block-post-excerpt\"><p class=\"wp-block-post-excerpt__excerpt\">Zabava s izradom za sve uzraste: Izradite bo\u017ei\u0107no selo s mini bo\u017ei\u0107nim zvijezdama &#8211; sada s video uputama korak po korak.<\/p><p class=\"wp-block-post-excerpt__more-text\"><a class=\"wp-block-post-excerpt__more-link\" href=\"https:\/\/starsforeurope.com\/hr\/blog\/bozicna-izrada-s-djecom-bozicno-selo-od-kartona-za-pica\/\">Pro\u010ditajte vi\u0161e<\/a><\/p><\/div>\n<\/li><li class=\"wp-block-post post-7187 blog type-blog status-publish has-post-thumbnail hentry blog_cat-hochzeitsdeko blog_main-adventske-dekoracije blog_main-dekoracija blog_main-uradi-sam-upcycling\">\n<figure style=\"aspect-ratio:1;\" class=\"featuredimage wp-block-post-featured-image\"><a href=\"https:\/\/starsforeurope.com\/hr\/blog\/diy-ideje-s-bozicnim-zvijezdama-savrseno-za-pocetnike\/\" target=\"_self\"  ><img loading=\"lazy\" decoding=\"async\" width=\"1050\" height=\"875\" src=\"https:\/\/starsforeurope.com\/hr\/wp-content\/uploads\/sites\/21\/2023\/10\/asset-3.jpg\" class=\"attachment-post-thumbnail size-post-thumbnail wp-post-image\" alt=\"DIY ideje s bo\u017ei\u0107nim zvijezdama: savr\u0161eno za po\u010detnike\" style=\"width:100%;height:100%;object-fit:cover;\" srcset=\"https:\/\/starsforeurope.com\/hr\/wp-content\/uploads\/sites\/21\/2023\/10\/asset-3.jpg 1050w, https:\/\/starsforeurope.com\/hr\/wp-content\/uploads\/sites\/21\/2023\/10\/asset-3-300x250.jpg 300w, https:\/\/starsforeurope.com\/hr\/wp-content\/uploads\/sites\/21\/2023\/10\/asset-3-1024x853.jpg 1024w, https:\/\/starsforeurope.com\/hr\/wp-content\/uploads\/sites\/21\/2023\/10\/asset-3-768x640.jpg 768w, https:\/\/starsforeurope.com\/hr\/wp-content\/uploads\/sites\/21\/2023\/10\/asset-3-810x675.jpg 810w\" sizes=\"auto, (max-width: 1050px) 100vw, 1050px\" \/><\/a><\/figure>\n\n<h3 class=\"wp-block-post-title\"><a href=\"https:\/\/starsforeurope.com\/hr\/blog\/diy-ideje-s-bozicnim-zvijezdama-savrseno-za-pocetnike\/\" target=\"_self\" >DIY ideje s bo\u017ei\u0107nim zvijezdama: savr\u0161eno za po\u010detnike<\/a><\/h3>\n\n\n<div class=\"wp-block-group postmetaline is-nowrap is-layout-flex wp-container-core-group-is-layout-6c531013 wp-block-group-is-layout-flex\"><div class=\"wp-block-post-date\"><time datetime=\"2023-11-16T12:58:15+01:00\">16. studenoga 2023<\/time><\/div>\n\n<\/div>\n\n\n<div class=\"wp-block-post-excerpt\"><p class=\"wp-block-post-excerpt__excerpt\">Ove \u010darobne ukrase od bo\u017ei\u0107nih zvijezda mo\u017eete napraviti \u010dak i ako imate dvije lijeve ruke.\ud83e\udd73<\/p><p class=\"wp-block-post-excerpt__more-text\"><a class=\"wp-block-post-excerpt__more-link\" href=\"https:\/\/starsforeurope.com\/hr\/blog\/diy-ideje-s-bozicnim-zvijezdama-savrseno-za-pocetnike\/\">Pro\u010ditajte vi\u0161e<\/a><\/p><\/div>\n<\/li><li class=\"wp-block-post post-7180 blog type-blog status-publish has-post-thumbnail hentry blog_cat-adventsdekoration blog_cat-tischdekoration blog_main-adventske-dekoracije blog_main-dekoracija blog_main-uradi-sam-upcycling\">\n<figure style=\"aspect-ratio:1;\" class=\"featuredimage wp-block-post-featured-image\"><a href=\"https:\/\/starsforeurope.com\/hr\/blog\/diy-adventski-vijenci-s-bozicnim-zvijezdama\/\" target=\"_self\"  ><img loading=\"lazy\" decoding=\"async\" width=\"875\" height=\"1050\" src=\"https:\/\/starsforeurope.com\/hr\/wp-content\/uploads\/sites\/21\/2023\/10\/2023_poinsettia_01000_Jewels_of_Nature_12.jpg\" class=\"attachment-post-thumbnail size-post-thumbnail wp-post-image\" alt=\"DIY adventski vijenci s bo\u017ei\u0107nim zvijezdama\" style=\"width:100%;height:100%;object-fit:cover;\" srcset=\"https:\/\/starsforeurope.com\/hr\/wp-content\/uploads\/sites\/21\/2023\/10\/2023_poinsettia_01000_Jewels_of_Nature_12.jpg 875w, https:\/\/starsforeurope.com\/hr\/wp-content\/uploads\/sites\/21\/2023\/10\/2023_poinsettia_01000_Jewels_of_Nature_12-250x300.jpg 250w, https:\/\/starsforeurope.com\/hr\/wp-content\/uploads\/sites\/21\/2023\/10\/2023_poinsettia_01000_Jewels_of_Nature_12-853x1024.jpg 853w, https:\/\/starsforeurope.com\/hr\/wp-content\/uploads\/sites\/21\/2023\/10\/2023_poinsettia_01000_Jewels_of_Nature_12-768x922.jpg 768w, https:\/\/starsforeurope.com\/hr\/wp-content\/uploads\/sites\/21\/2023\/10\/2023_poinsettia_01000_Jewels_of_Nature_12-563x675.jpg 563w\" sizes=\"auto, (max-width: 875px) 100vw, 875px\" \/><\/a><\/figure>\n\n<h3 class=\"wp-block-post-title\"><a href=\"https:\/\/starsforeurope.com\/hr\/blog\/diy-adventski-vijenci-s-bozicnim-zvijezdama\/\" target=\"_self\" >DIY adventski vijenci s bo\u017ei\u0107nim zvijezdama<\/a><\/h3>\n\n\n<div class=\"wp-block-group postmetaline is-nowrap is-layout-flex wp-container-core-group-is-layout-6c531013 wp-block-group-is-layout-flex\"><div class=\"wp-block-post-date\"><time datetime=\"2023-11-15T01:55:14+01:00\">15. studenoga 2023<\/time><\/div>\n\n<\/div>\n\n\n<div class=\"wp-block-post-excerpt\"><p class=\"wp-block-post-excerpt__excerpt\">Uradi sam adventski vijenci s bo\u017ei\u0107nim zvijezdama su veoma efektni, a i jednostavno ih je napraviti. Budite inspirirani na\u0161im idejama, jer Bo\u017ei\u0107 dolazi!<\/p><p class=\"wp-block-post-excerpt__more-text\"><a class=\"wp-block-post-excerpt__more-link\" href=\"https:\/\/starsforeurope.com\/hr\/blog\/diy-adventski-vijenci-s-bozicnim-zvijezdama\/\">Pro\u010ditajte vi\u0161e<\/a><\/p><\/div>\n<\/li><\/ul>\n\n\n\n<\/div>\n\n\n\n<div style=\"height:3rem\" aria-hidden=\"true\" class=\"wp-block-spacer\"><\/div>\n<\/div>","protected":false},"excerpt":{"rendered":"<p>Budite kreativni sa zabavnim, blagdanskim projektima koriste\u0107i bo\u017ei\u0107ne zvijezde &#8211; savr\u0161ene za blagdanske rukotvorine i ekolo\u0161ki prihvatljiv dekor!<\/p>\n","protected":false},"author":26,"featured_media":4352,"parent":22,"menu_order":0,"comment_status":"closed","ping_status":"closed","template":"two-column-blog-single","meta":{"_acf_changed":false,"footnotes":""},"class_list":["post-7569","page","type-page","status-publish","has-post-thumbnail","hentry"],"acf":[],"_links":{"self":[{"href":"https:\/\/starsforeurope.com\/hr\/wp-json\/wp\/v2\/pages\/7569","targetHints":{"allow":["GET"]}}],"collection":[{"href":"https:\/\/starsforeurope.com\/hr\/wp-json\/wp\/v2\/pages"}],"about":[{"href":"https:\/\/starsforeurope.com\/hr\/wp-json\/wp\/v2\/types\/page"}],"author":[{"embeddable":true,"href":"https:\/\/starsforeurope.com\/hr\/wp-json\/wp\/v2\/users\/26"}],"replies":[{"embeddable":true,"href":"https:\/\/starsforeurope.com\/hr\/wp-json\/wp\/v2\/comments?post=7569"}],"version-history":[{"count":1,"href":"https:\/\/starsforeurope.com\/hr\/wp-json\/wp\/v2\/pages\/7569\/revisions"}],"predecessor-version":[{"id":7573,"href":"https:\/\/starsforeurope.com\/hr\/wp-json\/wp\/v2\/pages\/7569\/revisions\/7573"}],"up":[{"embeddable":true,"href":"https:\/\/starsforeurope.com\/hr\/wp-json\/wp\/v2\/pages\/22"}],"wp:featuredmedia":[{"embeddable":true,"href":"https:\/\/starsforeurope.com\/hr\/wp-json\/wp\/v2\/media\/4352"}],"wp:attachment":[{"href":"https:\/\/starsforeurope.com\/hr\/wp-json\/wp\/v2\/media?parent=7569"}],"curies":[{"name":"wp","href":"https:\/\/api.w.org\/{rel}","templated":true}]}}