{"id":7564,"date":"2025-07-21T14:33:22","date_gmt":"2025-07-21T12:33:22","guid":{"rendered":"https:\/\/starsforeurope.com\/hr\/?page_id=7564"},"modified":"2025-07-22T14:32:12","modified_gmt":"2025-07-22T12:32:12","slug":"opca-njega","status":"publish","type":"page","link":"https:\/\/starsforeurope.com\/hr\/njegu\/opca-njega\/","title":{"rendered":"Osnove njege bo\u017ei\u0107ne zvijezde"},"content":{"rendered":"<div class=\"wp-block-group postimage-half wide-content is-layout-flow wp-block-group-is-layout-flow\" style=\"margin-top:var(--wp--preset--spacing--50)\">\n<div style=\"height:3rem\" aria-hidden=\"true\" class=\"wp-block-spacer\"><\/div>\n\n\n\n<div class=\"wp-block-query is-layout-flow wp-block-query-is-layout-flow\"><ul class=\"columns-2 wp-block-post-template is-layout-grid wp-container-core-post-template-is-layout-37ef2942 wp-block-post-template-is-layout-grid\"><li class=\"wp-block-post post-7427 blog type-blog status-publish has-post-thumbnail hentry blog_cat-pflege blog_main-njegu blog_main-opca-njega\">\n<figure style=\"aspect-ratio:1;\" class=\"featuredimage wp-block-post-featured-image\"><a href=\"https:\/\/starsforeurope.com\/hr\/blog\/njega-bozicne-zvijezde-zajamcen-uspjeh\/\" target=\"_self\"  ><img loading=\"lazy\" decoding=\"async\" width=\"875\" height=\"1050\" src=\"https:\/\/starsforeurope.com\/hr\/wp-content\/uploads\/sites\/21\/2023\/10\/2021-poinsettia-01000-boho-green-living-08-2.jpg\" class=\"attachment-post-thumbnail size-post-thumbnail wp-post-image\" alt=\"Njega bo\u017ei\u0107ne zvijezde: zajam\u010den uspjeh\" style=\"width:100%;height:100%;object-fit:cover;\" srcset=\"https:\/\/starsforeurope.com\/hr\/wp-content\/uploads\/sites\/21\/2023\/10\/2021-poinsettia-01000-boho-green-living-08-2.jpg 875w, https:\/\/starsforeurope.com\/hr\/wp-content\/uploads\/sites\/21\/2023\/10\/2021-poinsettia-01000-boho-green-living-08-2-250x300.jpg 250w, https:\/\/starsforeurope.com\/hr\/wp-content\/uploads\/sites\/21\/2023\/10\/2021-poinsettia-01000-boho-green-living-08-2-853x1024.jpg 853w, https:\/\/starsforeurope.com\/hr\/wp-content\/uploads\/sites\/21\/2023\/10\/2021-poinsettia-01000-boho-green-living-08-2-768x922.jpg 768w, https:\/\/starsforeurope.com\/hr\/wp-content\/uploads\/sites\/21\/2023\/10\/2021-poinsettia-01000-boho-green-living-08-2-563x675.jpg 563w\" sizes=\"auto, (max-width: 875px) 100vw, 875px\" \/><\/a><\/figure>\n\n<h3 class=\"wp-block-post-title\"><a href=\"https:\/\/starsforeurope.com\/hr\/blog\/njega-bozicne-zvijezde-zajamcen-uspjeh\/\" target=\"_self\" >Njega bo\u017ei\u0107ne zvijezde: zajam\u010den uspjeh<\/a><\/h3>\n\n\n<div class=\"wp-block-group postmetaline is-nowrap is-layout-flex wp-container-core-group-is-layout-6c531013 wp-block-group-is-layout-flex\"><div class=\"wp-block-post-date\"><time datetime=\"2024-10-23T17:55:12+02:00\">23. listopada 2024<\/time><\/div>\n\n<\/div>\n\n\n<div class=\"wp-block-post-excerpt\"><p class=\"wp-block-post-excerpt__excerpt\">Jednostavna njega bo\u017ei\u0107ne zvijezde: prakti\u010dni savjeti kako bi va\u0161a bo\u017ei\u0107na zvijezda bila zdrava i cvjetala \u010dak i nakon Bo\u017ei\u0107a. Pro\u010ditajte vi\u0161e!<\/p><p class=\"wp-block-post-excerpt__more-text\"><a class=\"wp-block-post-excerpt__more-link\" href=\"https:\/\/starsforeurope.com\/hr\/blog\/njega-bozicne-zvijezde-zajamcen-uspjeh\/\">Pro\u010ditajte vi\u0161e<\/a><\/p><\/div>\n<\/li><li class=\"wp-block-post post-7412 blog type-blog status-publish has-post-thumbnail hentry blog_cat-pflege blog_main-njegu blog_main-opca-njega\">\n<figure style=\"aspect-ratio:1;\" class=\"featuredimage wp-block-post-featured-image\"><a href=\"https:\/\/starsforeurope.com\/hr\/blog\/orezivanje-bozicnih-zvijezda-kada-i-kako-to-ciniti\/\" target=\"_self\"  ><img loading=\"lazy\" decoding=\"async\" width=\"1050\" height=\"875\" src=\"https:\/\/starsforeurope.com\/hr\/wp-content\/uploads\/sites\/21\/2023\/10\/2021-poinsettia-01000-boho-green-living-01.jpg\" class=\"attachment-post-thumbnail size-post-thumbnail wp-post-image\" alt=\"Orezivanje bo\u017ei\u0107nih zvijezda: kada i kako to \u010diniti\" style=\"width:100%;height:100%;object-fit:cover;\" srcset=\"https:\/\/starsforeurope.com\/hr\/wp-content\/uploads\/sites\/21\/2023\/10\/2021-poinsettia-01000-boho-green-living-01.jpg 1050w, https:\/\/starsforeurope.com\/hr\/wp-content\/uploads\/sites\/21\/2023\/10\/2021-poinsettia-01000-boho-green-living-01-300x250.jpg 300w, https:\/\/starsforeurope.com\/hr\/wp-content\/uploads\/sites\/21\/2023\/10\/2021-poinsettia-01000-boho-green-living-01-1024x853.jpg 1024w, https:\/\/starsforeurope.com\/hr\/wp-content\/uploads\/sites\/21\/2023\/10\/2021-poinsettia-01000-boho-green-living-01-768x640.jpg 768w, https:\/\/starsforeurope.com\/hr\/wp-content\/uploads\/sites\/21\/2023\/10\/2021-poinsettia-01000-boho-green-living-01-810x675.jpg 810w\" sizes=\"auto, (max-width: 1050px) 100vw, 1050px\" \/><\/a><\/figure>\n\n<h3 class=\"wp-block-post-title\"><a href=\"https:\/\/starsforeurope.com\/hr\/blog\/orezivanje-bozicnih-zvijezda-kada-i-kako-to-ciniti\/\" target=\"_self\" >Orezivanje bo\u017ei\u0107nih zvijezda: kada i kako to \u010diniti<\/a><\/h3>\n\n\n<div class=\"wp-block-group postmetaline is-nowrap is-layout-flex wp-container-core-group-is-layout-6c531013 wp-block-group-is-layout-flex\"><div class=\"wp-block-post-date\"><time datetime=\"2024-10-23T14:58:46+02:00\">23. listopada 2024<\/time><\/div>\n\n<\/div>\n\n\n<div class=\"wp-block-post-excerpt\"><p class=\"wp-block-post-excerpt__excerpt\">Uz pravilno orezivanje, va\u0161a \u0107e bo\u017ei\u0107na zvijezda ponovno biti zdrava: Evo kako je pravilno orezati u prolje\u0107e kako biste osigurali novi, sna\u017ean rast u jesen.<\/p><p class=\"wp-block-post-excerpt__more-text\"><a class=\"wp-block-post-excerpt__more-link\" href=\"https:\/\/starsforeurope.com\/hr\/blog\/orezivanje-bozicnih-zvijezda-kada-i-kako-to-ciniti\/\">Pro\u010ditajte vi\u0161e<\/a><\/p><\/div>\n<\/li><li class=\"wp-block-post post-7391 blog type-blog status-publish has-post-thumbnail hentry blog_cat-pflege blog_main-njegu blog_main-opca-njega blog_main-vrijedi-znati blog_main-znanje\">\n<figure style=\"aspect-ratio:1;\" class=\"featuredimage wp-block-post-featured-image\"><a href=\"https:\/\/starsforeurope.com\/hr\/blog\/vase-bozicne-zvijezde-prezivjele-su-cijelu-godinu-evo-kako-da-ponovno-cvatu\/\" target=\"_self\"  ><img loading=\"lazy\" decoding=\"async\" width=\"875\" height=\"1050\" src=\"https:\/\/starsforeurope.com\/hr\/wp-content\/uploads\/sites\/21\/2024\/10\/2019-weihnachtsstern-2000-weihnachts-wunderland-38.jpg\" class=\"attachment-post-thumbnail size-post-thumbnail wp-post-image\" alt=\"Va\u0161e bo\u017ei\u0107ne zvijezde pre\u017eivjele su cijelu godinu? Evo kako da ponovno cvatu\" style=\"width:100%;height:100%;object-fit:cover;\" srcset=\"https:\/\/starsforeurope.com\/hr\/wp-content\/uploads\/sites\/21\/2024\/10\/2019-weihnachtsstern-2000-weihnachts-wunderland-38.jpg 875w, https:\/\/starsforeurope.com\/hr\/wp-content\/uploads\/sites\/21\/2024\/10\/2019-weihnachtsstern-2000-weihnachts-wunderland-38-250x300.jpg 250w, https:\/\/starsforeurope.com\/hr\/wp-content\/uploads\/sites\/21\/2024\/10\/2019-weihnachtsstern-2000-weihnachts-wunderland-38-853x1024.jpg 853w, https:\/\/starsforeurope.com\/hr\/wp-content\/uploads\/sites\/21\/2024\/10\/2019-weihnachtsstern-2000-weihnachts-wunderland-38-768x922.jpg 768w, https:\/\/starsforeurope.com\/hr\/wp-content\/uploads\/sites\/21\/2024\/10\/2019-weihnachtsstern-2000-weihnachts-wunderland-38-563x675.jpg 563w\" sizes=\"auto, (max-width: 875px) 100vw, 875px\" \/><\/a><\/figure>\n\n<h3 class=\"wp-block-post-title\"><a href=\"https:\/\/starsforeurope.com\/hr\/blog\/vase-bozicne-zvijezde-prezivjele-su-cijelu-godinu-evo-kako-da-ponovno-cvatu\/\" target=\"_self\" >Va\u0161e bo\u017ei\u0107ne zvijezde pre\u017eivjele su cijelu godinu? Evo kako da ponovno cvatu<\/a><\/h3>\n\n\n<div class=\"wp-block-group postmetaline is-nowrap is-layout-flex wp-container-core-group-is-layout-6c531013 wp-block-group-is-layout-flex\"><div class=\"wp-block-post-date\"><time datetime=\"2024-10-18T15:36:41+02:00\">18. listopada 2024<\/time><\/div>\n\n<\/div>\n\n\n<div class=\"wp-block-post-excerpt\"><p class=\"wp-block-post-excerpt__excerpt\">Savjeti i trikovi da bi vase bo\u017ei\u0107ne zvijezde ponovno cvale: pravilno preljetite, presadite i pripremite se za sljede\u0107e cvjetanje.<\/p><p class=\"wp-block-post-excerpt__more-text\"><a class=\"wp-block-post-excerpt__more-link\" href=\"https:\/\/starsforeurope.com\/hr\/blog\/vase-bozicne-zvijezde-prezivjele-su-cijelu-godinu-evo-kako-da-ponovno-cvatu\/\">Pro\u010ditajte vi\u0161e<\/a><\/p><\/div>\n<\/li><li class=\"wp-block-post post-7166 blog type-blog status-publish has-post-thumbnail hentry blog_cat-pflege blog_cat-interessante-fakten blog_main-lokacija blog_main-njegu blog_main-opca-njega\">\n<figure style=\"aspect-ratio:1;\" class=\"featuredimage wp-block-post-featured-image\"><a href=\"https:\/\/starsforeurope.com\/hr\/blog\/optimalno-mjesto-za-vasu-bozicnu-zvijezdu\/\" target=\"_self\"  ><img loading=\"lazy\" decoding=\"async\" width=\"1050\" height=\"875\" src=\"https:\/\/starsforeurope.com\/hr\/wp-content\/uploads\/sites\/21\/2023\/10\/2021-poinsettia-04000-autumnal-glow-08-1.jpg\" class=\"attachment-post-thumbnail size-post-thumbnail wp-post-image\" alt=\"Optimalno mjesto za va\u0161u bo\u017ei\u0107nu zvijezdu\" style=\"width:100%;height:100%;object-fit:cover;\" srcset=\"https:\/\/starsforeurope.com\/hr\/wp-content\/uploads\/sites\/21\/2023\/10\/2021-poinsettia-04000-autumnal-glow-08-1.jpg 1050w, https:\/\/starsforeurope.com\/hr\/wp-content\/uploads\/sites\/21\/2023\/10\/2021-poinsettia-04000-autumnal-glow-08-1-300x250.jpg 300w, https:\/\/starsforeurope.com\/hr\/wp-content\/uploads\/sites\/21\/2023\/10\/2021-poinsettia-04000-autumnal-glow-08-1-1024x853.jpg 1024w, https:\/\/starsforeurope.com\/hr\/wp-content\/uploads\/sites\/21\/2023\/10\/2021-poinsettia-04000-autumnal-glow-08-1-768x640.jpg 768w, https:\/\/starsforeurope.com\/hr\/wp-content\/uploads\/sites\/21\/2023\/10\/2021-poinsettia-04000-autumnal-glow-08-1-810x675.jpg 810w\" sizes=\"auto, (max-width: 1050px) 100vw, 1050px\" \/><\/a><\/figure>\n\n<h3 class=\"wp-block-post-title\"><a href=\"https:\/\/starsforeurope.com\/hr\/blog\/optimalno-mjesto-za-vasu-bozicnu-zvijezdu\/\" target=\"_self\" >Optimalno mjesto za va\u0161u bo\u017ei\u0107nu zvijezdu<\/a><\/h3>\n\n\n<div class=\"wp-block-group postmetaline is-nowrap is-layout-flex wp-container-core-group-is-layout-6c531013 wp-block-group-is-layout-flex\"><div class=\"wp-block-post-date\"><time datetime=\"2023-11-09T03:48:55+01:00\">09. studenoga 2023<\/time><\/div>\n\n<\/div>\n\n\n<div class=\"wp-block-post-excerpt\"><p class=\"wp-block-post-excerpt__excerpt\">Optimalan polo\u017eaj, prava temperatura i idealno svjetlo: razjasnimo \u0161to je zapravo potrebno bo\u017ei\u0107noj zvijezdi da jo\u0161 dugo ostane sjajna<\/p><p class=\"wp-block-post-excerpt__more-text\"><a class=\"wp-block-post-excerpt__more-link\" href=\"https:\/\/starsforeurope.com\/hr\/blog\/optimalno-mjesto-za-vasu-bozicnu-zvijezdu\/\">Pro\u010ditajte vi\u0161e<\/a><\/p><\/div>\n<\/li><\/ul>\n\n\n\n<\/div>\n\n\n\n<div style=\"height:3rem\" aria-hidden=\"true\" class=\"wp-block-spacer\"><\/div>\n<\/div>","protected":false},"excerpt":{"rendered":"<p>Odr\u017eavajte svoje bo\u017ei\u0107ne zvijezde \u017eivahnima i zdravima uz jednostavne savjete za njegu.<\/p>\n","protected":false},"author":26,"featured_media":4350,"parent":20,"menu_order":0,"comment_status":"closed","ping_status":"closed","template":"two-column-blog-single","meta":{"_acf_changed":false,"footnotes":""},"class_list":["post-7564","page","type-page","status-publish","has-post-thumbnail","hentry"],"acf":[],"_links":{"self":[{"href":"https:\/\/starsforeurope.com\/hr\/wp-json\/wp\/v2\/pages\/7564","targetHints":{"allow":["GET"]}}],"collection":[{"href":"https:\/\/starsforeurope.com\/hr\/wp-json\/wp\/v2\/pages"}],"about":[{"href":"https:\/\/starsforeurope.com\/hr\/wp-json\/wp\/v2\/types\/page"}],"author":[{"embeddable":true,"href":"https:\/\/starsforeurope.com\/hr\/wp-json\/wp\/v2\/users\/26"}],"replies":[{"embeddable":true,"href":"https:\/\/starsforeurope.com\/hr\/wp-json\/wp\/v2\/comments?post=7564"}],"version-history":[{"count":1,"href":"https:\/\/starsforeurope.com\/hr\/wp-json\/wp\/v2\/pages\/7564\/revisions"}],"predecessor-version":[{"id":7565,"href":"https:\/\/starsforeurope.com\/hr\/wp-json\/wp\/v2\/pages\/7564\/revisions\/7565"}],"up":[{"embeddable":true,"href":"https:\/\/starsforeurope.com\/hr\/wp-json\/wp\/v2\/pages\/20"}],"wp:featuredmedia":[{"embeddable":true,"href":"https:\/\/starsforeurope.com\/hr\/wp-json\/wp\/v2\/media\/4350"}],"wp:attachment":[{"href":"https:\/\/starsforeurope.com\/hr\/wp-json\/wp\/v2\/media?parent=7564"}],"curies":[{"name":"wp","href":"https:\/\/api.w.org\/{rel}","templated":true}]}}