{"id":7556,"date":"2025-07-21T11:33:50","date_gmt":"2025-07-21T09:33:50","guid":{"rendered":"https:\/\/starsforeurope.com\/hr\/?page_id=7556"},"modified":"2025-07-22T14:32:12","modified_gmt":"2025-07-22T12:32:12","slug":"vijesti","status":"publish","type":"page","link":"https:\/\/starsforeurope.com\/hr\/znanje\/vijesti\/","title":{"rendered":"Bo\u017ei\u0107na zvijezda u fokusu"},"content":{"rendered":"<main class=\"wp-block-group postimage-half wide-content is-layout-flow wp-block-group-is-layout-flow\" style=\"margin-top:var(--wp--preset--spacing--50)\">\n<div style=\"height:3rem\" aria-hidden=\"true\" class=\"wp-block-spacer\"><\/div>\n\n\n\n<div class=\"wp-block-query is-layout-flow wp-block-query-is-layout-flow\"><ul class=\"columns-2 wp-block-post-template is-layout-grid wp-container-core-post-template-is-layout-37ef2942 wp-block-post-template-is-layout-grid\"><li class=\"wp-block-post post-7163 blog type-blog status-publish has-post-thumbnail hentry blog_cat-pflege blog_main-vijesti blog_main-vrijedi-znati blog_main-znanje\">\n<figure style=\"aspect-ratio:1;\" class=\"featuredimage wp-block-post-featured-image\"><a href=\"https:\/\/starsforeurope.com\/hr\/blog\/savjeti-za-kupnju-bozicnih-zvijezda\/\" target=\"_self\"  ><img loading=\"lazy\" decoding=\"async\" width=\"1050\" height=\"875\" src=\"https:\/\/starsforeurope.com\/hr\/wp-content\/uploads\/sites\/21\/2023\/10\/2021-poinsettia-01000-boho-green-living-01-1.jpg\" class=\"attachment-post-thumbnail size-post-thumbnail wp-post-image\" alt=\"Savjeti za kupnju bo\u017ei\u0107nih zvijezda\" style=\"width:100%;height:100%;object-fit:cover;\" srcset=\"https:\/\/starsforeurope.com\/hr\/wp-content\/uploads\/sites\/21\/2023\/10\/2021-poinsettia-01000-boho-green-living-01-1.jpg 1050w, https:\/\/starsforeurope.com\/hr\/wp-content\/uploads\/sites\/21\/2023\/10\/2021-poinsettia-01000-boho-green-living-01-1-300x250.jpg 300w, https:\/\/starsforeurope.com\/hr\/wp-content\/uploads\/sites\/21\/2023\/10\/2021-poinsettia-01000-boho-green-living-01-1-1024x853.jpg 1024w, https:\/\/starsforeurope.com\/hr\/wp-content\/uploads\/sites\/21\/2023\/10\/2021-poinsettia-01000-boho-green-living-01-1-768x640.jpg 768w, https:\/\/starsforeurope.com\/hr\/wp-content\/uploads\/sites\/21\/2023\/10\/2021-poinsettia-01000-boho-green-living-01-1-810x675.jpg 810w\" sizes=\"auto, (max-width: 1050px) 100vw, 1050px\" \/><\/a><\/figure>\n\n<h3 class=\"wp-block-post-title\"><a href=\"https:\/\/starsforeurope.com\/hr\/blog\/savjeti-za-kupnju-bozicnih-zvijezda\/\" target=\"_self\" >Savjeti za kupnju bo\u017ei\u0107nih zvijezda<\/a><\/h3>\n\n\n<div class=\"wp-block-group postmetaline is-nowrap is-layout-flex wp-container-core-group-is-layout-6c531013 wp-block-group-is-layout-flex\"><div class=\"wp-block-post-date\"><time datetime=\"2023-11-02T03:37:27+01:00\">02. studenoga 2023<\/time><\/div>\n\n<\/div>\n\n\n<div class=\"wp-block-post-excerpt\"><p class=\"wp-block-post-excerpt__excerpt\">Saznajte kako kupiti zdravu bo\u017ei\u0107nu zvijezdu koja dugo ostaje lijepa. Tajna je u li\u0161\u0107u, cvije\u0107u, opskrbi vodom i uvjetima u trgovini i tijekom transporta. \ud83d\ude03<\/p><p class=\"wp-block-post-excerpt__more-text\"><a class=\"wp-block-post-excerpt__more-link\" href=\"https:\/\/starsforeurope.com\/hr\/blog\/savjeti-za-kupnju-bozicnih-zvijezda\/\">Pro\u010ditajte vi\u0161e<\/a><\/p><\/div>\n<\/li><\/ul>\n\n\n\n<\/div>\n\n\n\n<div style=\"height:3rem\" aria-hidden=\"true\" class=\"wp-block-spacer\"><\/div>\n<\/main>","protected":false},"excerpt":{"rendered":"<p>Od blagdanskih favorita do savjeta za cjelogodi\u0161nju njegu, otkrijte \u0161to je novo u svijetu bo\u017ei\u0107nih zvijezda.<\/p>\n","protected":false},"author":26,"featured_media":4353,"parent":26,"menu_order":0,"comment_status":"closed","ping_status":"closed","template":"two-column-blog-single","meta":{"_acf_changed":false,"footnotes":""},"class_list":["post-7556","page","type-page","status-publish","has-post-thumbnail","hentry"],"acf":[],"_links":{"self":[{"href":"https:\/\/starsforeurope.com\/hr\/wp-json\/wp\/v2\/pages\/7556","targetHints":{"allow":["GET"]}}],"collection":[{"href":"https:\/\/starsforeurope.com\/hr\/wp-json\/wp\/v2\/pages"}],"about":[{"href":"https:\/\/starsforeurope.com\/hr\/wp-json\/wp\/v2\/types\/page"}],"author":[{"embeddable":true,"href":"https:\/\/starsforeurope.com\/hr\/wp-json\/wp\/v2\/users\/26"}],"replies":[{"embeddable":true,"href":"https:\/\/starsforeurope.com\/hr\/wp-json\/wp\/v2\/comments?post=7556"}],"version-history":[{"count":1,"href":"https:\/\/starsforeurope.com\/hr\/wp-json\/wp\/v2\/pages\/7556\/revisions"}],"predecessor-version":[{"id":7557,"href":"https:\/\/starsforeurope.com\/hr\/wp-json\/wp\/v2\/pages\/7556\/revisions\/7557"}],"up":[{"embeddable":true,"href":"https:\/\/starsforeurope.com\/hr\/wp-json\/wp\/v2\/pages\/26"}],"wp:featuredmedia":[{"embeddable":true,"href":"https:\/\/starsforeurope.com\/hr\/wp-json\/wp\/v2\/media\/4353"}],"wp:attachment":[{"href":"https:\/\/starsforeurope.com\/hr\/wp-json\/wp\/v2\/media?parent=7556"}],"curies":[{"name":"wp","href":"https:\/\/api.w.org\/{rel}","templated":true}]}}