{"id":7546,"date":"2025-07-21T11:18:55","date_gmt":"2025-07-21T09:18:55","guid":{"rendered":"https:\/\/starsforeurope.com\/hr\/?page_id=7546"},"modified":"2025-07-22T14:32:12","modified_gmt":"2025-07-22T12:32:12","slug":"uradi-sam-upcycling-pr","status":"publish","type":"page","link":"https:\/\/starsforeurope.com\/hr\/objave-za-medije\/dekoracija-pr\/uradi-sam-upcycling-pr\/","title":{"rendered":"Kreativni DIY i reciklirani projekti s bo\u017ei\u0107nim zvijezdama"},"content":{"rendered":"<main class=\"wp-block-group postimage-half wide-content is-layout-flow wp-block-group-is-layout-flow\" style=\"margin-top:var(--wp--preset--spacing--50)\">\n<div style=\"height:3rem\" aria-hidden=\"true\" class=\"wp-block-spacer\"><\/div>\n\n\n\n<div class=\"wp-block-query is-layout-flow wp-block-query-is-layout-flow\"><ul class=\"columns-2 wp-block-post-template is-layout-grid wp-container-core-post-template-is-layout-37ef2942 wp-block-post-template-is-layout-grid\"><li class=\"wp-block-post post-6932 press type-press status-publish has-post-thumbnail hentry press_cat-table-decoration press_cat-cut-flower press_cat-diy press_main-dekoracija press_main-objave-za-medije press_main-uradi-sam-upcycling\">\n<figure style=\"aspect-ratio:1;\" class=\"featuredimage wp-block-post-featured-image\"><a href=\"https:\/\/starsforeurope.com\/hr\/press\/svecane-visece-bozicne-zvijezde-ideje-za-izradu-carobnih-visecih-ukrasa-ispunjenih-zvijezdama\/\" target=\"_self\"  ><img loading=\"lazy\" decoding=\"async\" width=\"875\" height=\"1050\" src=\"https:\/\/starsforeurope.com\/hr\/wp-content\/uploads\/sites\/21\/2024\/10\/2024_Poinsettia_01110_DIY_Bead_Wreath_Gold_Accents_09.jpg\" class=\"attachment-post-thumbnail size-post-thumbnail wp-post-image\" alt=\"Sve\u010dane vise\u0107e bo\u017ei\u0107ne zvijezde. Ideje za izradu \u010darobnih vise\u0107ih ukrasa ispunjenih zvijezdama\" style=\"width:100%;height:100%;object-fit:cover;\" srcset=\"https:\/\/starsforeurope.com\/hr\/wp-content\/uploads\/sites\/21\/2024\/10\/2024_Poinsettia_01110_DIY_Bead_Wreath_Gold_Accents_09.jpg 875w, https:\/\/starsforeurope.com\/hr\/wp-content\/uploads\/sites\/21\/2024\/10\/2024_Poinsettia_01110_DIY_Bead_Wreath_Gold_Accents_09-250x300.jpg 250w, https:\/\/starsforeurope.com\/hr\/wp-content\/uploads\/sites\/21\/2024\/10\/2024_Poinsettia_01110_DIY_Bead_Wreath_Gold_Accents_09-853x1024.jpg 853w, https:\/\/starsforeurope.com\/hr\/wp-content\/uploads\/sites\/21\/2024\/10\/2024_Poinsettia_01110_DIY_Bead_Wreath_Gold_Accents_09-768x922.jpg 768w, https:\/\/starsforeurope.com\/hr\/wp-content\/uploads\/sites\/21\/2024\/10\/2024_Poinsettia_01110_DIY_Bead_Wreath_Gold_Accents_09-563x675.jpg 563w\" sizes=\"auto, (max-width: 875px) 100vw, 875px\" \/><\/a><\/figure>\n\n<h3 class=\"wp-block-post-title\"><a href=\"https:\/\/starsforeurope.com\/hr\/press\/svecane-visece-bozicne-zvijezde-ideje-za-izradu-carobnih-visecih-ukrasa-ispunjenih-zvijezdama\/\" target=\"_self\" >Sve\u010dane vise\u0107e bo\u017ei\u0107ne zvijezde. Ideje za izradu \u010darobnih vise\u0107ih ukrasa ispunjenih zvijezdama<\/a><\/h3>\n\n\n<div class=\"wp-block-group postmetaline is-nowrap is-layout-flex wp-container-core-group-is-layout-6c531013 wp-block-group-is-layout-flex\"><div class=\"wp-block-post-date\"><time datetime=\"2024-11-29T08:16:44+01:00\">29. studenoga 2024<\/time><\/div>\n\n<\/div>\n\n\n<div class=\"wp-block-post-excerpt\"><p class=\"wp-block-post-excerpt__excerpt\">Vise\u0107i ukrasi pri\u010dvr\u0161\u0107eni na stropove, zidove ili okvire vrata privla\u010de pozornost i donose dodatnu dimenziju va\u0161em sezonskom ure\u0111enju.<\/p><p class=\"wp-block-post-excerpt__more-text\"><a class=\"wp-block-post-excerpt__more-link\" href=\"https:\/\/starsforeurope.com\/hr\/press\/svecane-visece-bozicne-zvijezde-ideje-za-izradu-carobnih-visecih-ukrasa-ispunjenih-zvijezdama\/\">Pro\u010ditajte vi\u0161e<\/a><\/p><\/div>\n<\/li><li class=\"wp-block-post post-6934 press type-press status-publish has-post-thumbnail hentry press_cat-advent-decoration press_cat-table-decoration press_cat-gift-ideas press_cat-decoration-tips press_cat-winter-decor press_main-dekoracija press_main-objave-za-medije press_main-ukrasi-za-bozicno-drvce press_main-uradi-sam-upcycling\">\n<figure style=\"aspect-ratio:1;\" class=\"featuredimage wp-block-post-featured-image\"><a href=\"https:\/\/starsforeurope.com\/hr\/press\/simbol-zvijezde-u-bozicnoj-tradiciji-bozicne-zvijezde-za-dodatni-sjaj-bozicnoj-raskosi\/\" target=\"_self\"  ><img loading=\"lazy\" decoding=\"async\" width=\"875\" height=\"1050\" src=\"https:\/\/starsforeurope.com\/hr\/wp-content\/uploads\/sites\/21\/2024\/10\/2024_Poinsettia_04000_Cosy_Cottage_Charm_19.jpg\" class=\"attachment-post-thumbnail size-post-thumbnail wp-post-image\" alt=\"Simbol zvijezde u bo\u017ei\u0107noj tradiciji. Bo\u017ei\u0107ne zvijezde za dodatni sjaj bo\u017ei\u0107noj rasko\u0161i\" style=\"width:100%;height:100%;object-fit:cover;\" srcset=\"https:\/\/starsforeurope.com\/hr\/wp-content\/uploads\/sites\/21\/2024\/10\/2024_Poinsettia_04000_Cosy_Cottage_Charm_19.jpg 875w, https:\/\/starsforeurope.com\/hr\/wp-content\/uploads\/sites\/21\/2024\/10\/2024_Poinsettia_04000_Cosy_Cottage_Charm_19-250x300.jpg 250w, https:\/\/starsforeurope.com\/hr\/wp-content\/uploads\/sites\/21\/2024\/10\/2024_Poinsettia_04000_Cosy_Cottage_Charm_19-853x1024.jpg 853w, https:\/\/starsforeurope.com\/hr\/wp-content\/uploads\/sites\/21\/2024\/10\/2024_Poinsettia_04000_Cosy_Cottage_Charm_19-768x922.jpg 768w, https:\/\/starsforeurope.com\/hr\/wp-content\/uploads\/sites\/21\/2024\/10\/2024_Poinsettia_04000_Cosy_Cottage_Charm_19-563x675.jpg 563w\" sizes=\"auto, (max-width: 875px) 100vw, 875px\" \/><\/a><\/figure>\n\n<h3 class=\"wp-block-post-title\"><a href=\"https:\/\/starsforeurope.com\/hr\/press\/simbol-zvijezde-u-bozicnoj-tradiciji-bozicne-zvijezde-za-dodatni-sjaj-bozicnoj-raskosi\/\" target=\"_self\" >Simbol zvijezde u bo\u017ei\u0107noj tradiciji. Bo\u017ei\u0107ne zvijezde za dodatni sjaj bo\u017ei\u0107noj rasko\u0161i<\/a><\/h3>\n\n\n<div class=\"wp-block-group postmetaline is-nowrap is-layout-flex wp-container-core-group-is-layout-6c531013 wp-block-group-is-layout-flex\"><div class=\"wp-block-post-date\"><time datetime=\"2024-10-16T10:14:47+02:00\">16. listopada 2024<\/time><\/div>\n\n<\/div>\n\n\n<div class=\"wp-block-post-excerpt\"><p class=\"wp-block-post-excerpt__excerpt\">Otkrijte povijest bo\u017ei\u0107ne zvijezde i pogledajte kako moderne sorte mogu dati novi sjaj tradicionalnim obi\u010dajima i ukrasima<\/p><p class=\"wp-block-post-excerpt__more-text\"><a class=\"wp-block-post-excerpt__more-link\" href=\"https:\/\/starsforeurope.com\/hr\/press\/simbol-zvijezde-u-bozicnoj-tradiciji-bozicne-zvijezde-za-dodatni-sjaj-bozicnoj-raskosi\/\">Pro\u010ditajte vi\u0161e<\/a><\/p><\/div>\n<\/li><li class=\"wp-block-post post-5066 press type-press status-publish has-post-thumbnail hentry press_cat-advent-decoration press_cat-upcycling press_cat-diy press_main-adventske-dekoracije press_main-dekoracija press_main-objave-za-medije press_main-uradi-sam-upcycling\">\n<figure style=\"aspect-ratio:1;\" class=\"featuredimage wp-block-post-featured-image\"><a href=\"https:\/\/starsforeurope.com\/hr\/press\/ideje-za-adventske-vijence-za-svaciji-ukus\/\" target=\"_self\"  ><img loading=\"lazy\" decoding=\"async\" width=\"875\" height=\"1050\" src=\"https:\/\/starsforeurope.com\/hr\/wp-content\/uploads\/sites\/21\/2022\/08\/2022-poinsettia-02000-urban-loft-christmas-28.jpg\" class=\"attachment-post-thumbnail size-post-thumbnail wp-post-image\" alt=\"Ideje za adventske vijence za sva\u010diji ukus\" style=\"width:100%;height:100%;object-fit:cover;\" srcset=\"https:\/\/starsforeurope.com\/hr\/wp-content\/uploads\/sites\/21\/2022\/08\/2022-poinsettia-02000-urban-loft-christmas-28.jpg 875w, https:\/\/starsforeurope.com\/hr\/wp-content\/uploads\/sites\/21\/2022\/08\/2022-poinsettia-02000-urban-loft-christmas-28-250x300.jpg 250w, https:\/\/starsforeurope.com\/hr\/wp-content\/uploads\/sites\/21\/2022\/08\/2022-poinsettia-02000-urban-loft-christmas-28-853x1024.jpg 853w, https:\/\/starsforeurope.com\/hr\/wp-content\/uploads\/sites\/21\/2022\/08\/2022-poinsettia-02000-urban-loft-christmas-28-768x922.jpg 768w, https:\/\/starsforeurope.com\/hr\/wp-content\/uploads\/sites\/21\/2022\/08\/2022-poinsettia-02000-urban-loft-christmas-28-563x675.jpg 563w\" sizes=\"auto, (max-width: 875px) 100vw, 875px\" \/><\/a><\/figure>\n\n<h3 class=\"wp-block-post-title\"><a href=\"https:\/\/starsforeurope.com\/hr\/press\/ideje-za-adventske-vijence-za-svaciji-ukus\/\" target=\"_self\" >Ideje za adventske vijence za sva\u010diji ukus<\/a><\/h3>\n\n\n<div class=\"wp-block-group postmetaline is-nowrap is-layout-flex wp-container-core-group-is-layout-6c531013 wp-block-group-is-layout-flex\"><div class=\"wp-block-post-date\"><time datetime=\"2022-07-27T14:18:12+02:00\">27. srpnja 2022<\/time><\/div>\n\n<\/div>\n\n\n<div class=\"wp-block-post-excerpt\"><p class=\"wp-block-post-excerpt__excerpt\">\u0160to bi Advent bio bez adventskih vijenaca i kalendara? Bo\u017ei\u0107ne zvijezde daju poseban \u0161arm tradicionalnim ukrasima. Otkrijte nove ideje za adventske dekoracije bo\u017ei\u0107nim zvijezdama<\/p><p class=\"wp-block-post-excerpt__more-text\"><a class=\"wp-block-post-excerpt__more-link\" href=\"https:\/\/starsforeurope.com\/hr\/press\/ideje-za-adventske-vijence-za-svaciji-ukus\/\">Pro\u010ditajte vi\u0161e<\/a><\/p><\/div>\n<\/li><\/ul>\n\n\n\n<\/div>\n\n\n\n<div style=\"height:3rem\" aria-hidden=\"true\" class=\"wp-block-spacer\"><\/div>\n<\/main>","protected":false},"excerpt":{"rendered":"<p>Pretvorite svoje bo\u017ei\u0107ne zvijezde u jedinstvene ukrase s jednostavnim i odr\u017eivim DIY i idejama za recikliranje za praznike.<\/p>\n","protected":false},"author":26,"featured_media":4366,"parent":7525,"menu_order":0,"comment_status":"closed","ping_status":"closed","template":"two-column-press","meta":{"_acf_changed":false,"footnotes":""},"class_list":["post-7546","page","type-page","status-publish","has-post-thumbnail","hentry"],"acf":[],"_links":{"self":[{"href":"https:\/\/starsforeurope.com\/hr\/wp-json\/wp\/v2\/pages\/7546","targetHints":{"allow":["GET"]}}],"collection":[{"href":"https:\/\/starsforeurope.com\/hr\/wp-json\/wp\/v2\/pages"}],"about":[{"href":"https:\/\/starsforeurope.com\/hr\/wp-json\/wp\/v2\/types\/page"}],"author":[{"embeddable":true,"href":"https:\/\/starsforeurope.com\/hr\/wp-json\/wp\/v2\/users\/26"}],"replies":[{"embeddable":true,"href":"https:\/\/starsforeurope.com\/hr\/wp-json\/wp\/v2\/comments?post=7546"}],"version-history":[{"count":1,"href":"https:\/\/starsforeurope.com\/hr\/wp-json\/wp\/v2\/pages\/7546\/revisions"}],"predecessor-version":[{"id":7547,"href":"https:\/\/starsforeurope.com\/hr\/wp-json\/wp\/v2\/pages\/7546\/revisions\/7547"}],"up":[{"embeddable":true,"href":"https:\/\/starsforeurope.com\/hr\/wp-json\/wp\/v2\/pages\/7525"}],"wp:featuredmedia":[{"embeddable":true,"href":"https:\/\/starsforeurope.com\/hr\/wp-json\/wp\/v2\/media\/4366"}],"wp:attachment":[{"href":"https:\/\/starsforeurope.com\/hr\/wp-json\/wp\/v2\/media?parent=7546"}],"curies":[{"name":"wp","href":"https:\/\/api.w.org\/{rel}","templated":true}]}}