{"id":7530,"date":"2025-07-21T08:46:49","date_gmt":"2025-07-21T06:46:49","guid":{"rendered":"https:\/\/starsforeurope.com\/hr\/?page_id=7530"},"modified":"2025-07-22T14:32:12","modified_gmt":"2025-07-22T12:32:12","slug":"znanje-pr","status":"publish","type":"page","link":"https:\/\/starsforeurope.com\/hr\/objave-za-medije\/znanje-pr\/","title":{"rendered":"Saznajte sve \u0161to trebate znati o ovoj posebnoj blagdanskoj biljci"},"content":{"rendered":"<main class=\"wp-block-group postimage-half wide-content is-layout-flow wp-block-group-is-layout-flow\" style=\"margin-top:var(--wp--preset--spacing--50)\">\n<div style=\"height:3rem\" aria-hidden=\"true\" class=\"wp-block-spacer\"><\/div>\n\n\n\n<div class=\"wp-block-query is-layout-flow wp-block-query-is-layout-flow\"><ul class=\"columns-2 wp-block-post-template is-layout-grid wp-container-core-post-template-is-layout-37ef2942 wp-block-post-template-is-layout-grid\"><li class=\"wp-block-post post-4999 press type-press status-publish has-post-thumbnail hentry press_cat-autumn-decor-houseplants press_main-dekoracija press_main-jesenska-dekoracija-zeleni-zivot press_main-objave-za-medije press_main-sorte press_main-znanje\">\n<figure style=\"aspect-ratio:1;\" class=\"featuredimage wp-block-post-featured-image\"><a href=\"https:\/\/starsforeurope.com\/hr\/press\/bojama-protiv-jesenskog-raspolozenja-bozicne-zvijezde-dekorativno-su-cvijece-koje-podize-vase-raspolozenje\/\" target=\"_self\"  ><img loading=\"lazy\" decoding=\"async\" width=\"875\" height=\"1050\" src=\"https:\/\/starsforeurope.com\/hr\/wp-content\/uploads\/sites\/21\/2022\/08\/2021-poinsettia-01000-boho-green-living-02.jpg\" class=\"attachment-post-thumbnail size-post-thumbnail wp-post-image\" alt=\"Bojama protiv jesenskog raspolo\u017eenja. Bo\u017ei\u0107ne zvijezde dekorativno su cvije\u0107e koje podi\u017ee va\u0161e raspolo\u017eenje\" style=\"width:100%;height:100%;object-fit:cover;\" srcset=\"https:\/\/starsforeurope.com\/hr\/wp-content\/uploads\/sites\/21\/2022\/08\/2021-poinsettia-01000-boho-green-living-02.jpg 875w, https:\/\/starsforeurope.com\/hr\/wp-content\/uploads\/sites\/21\/2022\/08\/2021-poinsettia-01000-boho-green-living-02-250x300.jpg 250w, https:\/\/starsforeurope.com\/hr\/wp-content\/uploads\/sites\/21\/2022\/08\/2021-poinsettia-01000-boho-green-living-02-853x1024.jpg 853w, https:\/\/starsforeurope.com\/hr\/wp-content\/uploads\/sites\/21\/2022\/08\/2021-poinsettia-01000-boho-green-living-02-768x922.jpg 768w, https:\/\/starsforeurope.com\/hr\/wp-content\/uploads\/sites\/21\/2022\/08\/2021-poinsettia-01000-boho-green-living-02-563x675.jpg 563w\" sizes=\"auto, (max-width: 875px) 100vw, 875px\" \/><\/a><\/figure>\n\n<h3 class=\"wp-block-post-title\"><a href=\"https:\/\/starsforeurope.com\/hr\/press\/bojama-protiv-jesenskog-raspolozenja-bozicne-zvijezde-dekorativno-su-cvijece-koje-podize-vase-raspolozenje\/\" target=\"_self\" >Bojama protiv jesenskog raspolo\u017eenja. Bo\u017ei\u0107ne zvijezde dekorativno su cvije\u0107e koje podi\u017ee va\u0161e raspolo\u017eenje<\/a><\/h3>\n\n\n<div class=\"wp-block-group postmetaline is-nowrap is-layout-flex wp-container-core-group-is-layout-6c531013 wp-block-group-is-layout-flex\"><div class=\"wp-block-post-date\"><time datetime=\"2021-09-18T12:46:39+02:00\">18. rujna 2021<\/time><\/div>\n\n<\/div>\n\n\n<div class=\"wp-block-post-excerpt\"><p class=\"wp-block-post-excerpt__excerpt\">Svojim obojenim braktejama bo\u017ei\u0107ne zvijezde pretvaraju sobe u uto\u010di\u0161ta sre\u0107e. To\u010dni u\u010dinci variraju ovisno o nijansi. Gledamo u\u010dinak razli\u010ditih boja<\/p><p class=\"wp-block-post-excerpt__more-text\"><a class=\"wp-block-post-excerpt__more-link\" href=\"https:\/\/starsforeurope.com\/hr\/press\/bojama-protiv-jesenskog-raspolozenja-bozicne-zvijezde-dekorativno-su-cvijece-koje-podize-vase-raspolozenje\/\">Pro\u010ditajte vi\u0161e<\/a><\/p><\/div>\n<\/li><li class=\"wp-block-post post-4927 press type-press status-publish has-post-thumbnail hentry press_cat-advent-decoration press_cat-table-decoration press_cat-winter-decor press_main-objave-za-medije press_main-sorte press_main-znanje\">\n<figure style=\"aspect-ratio:1;\" class=\"featuredimage wp-block-post-featured-image\"><a href=\"https:\/\/starsforeurope.com\/hr\/press\/od-blistavo-crvenih-do-bajkovito-bijelih-kako-se-bozicne-zvijezde-uklapaju-u-trendove-boja-ove-blagdanske-sezone\/\" target=\"_self\"  ><img loading=\"lazy\" decoding=\"async\" width=\"875\" height=\"1050\" src=\"https:\/\/starsforeurope.com\/hr\/wp-content\/uploads\/sites\/21\/2022\/08\/2021-poinsettia-011.jpg\" class=\"attachment-post-thumbnail size-post-thumbnail wp-post-image\" alt=\"Od blistavo crvenih do bajkovito bijelih &#8211; kako se bo\u017ei\u0107ne zvijezde uklapaju u trendove boja ove blagdanske sezone\" style=\"width:100%;height:100%;object-fit:cover;\" srcset=\"https:\/\/starsforeurope.com\/hr\/wp-content\/uploads\/sites\/21\/2022\/08\/2021-poinsettia-011.jpg 875w, https:\/\/starsforeurope.com\/hr\/wp-content\/uploads\/sites\/21\/2022\/08\/2021-poinsettia-011-250x300.jpg 250w, https:\/\/starsforeurope.com\/hr\/wp-content\/uploads\/sites\/21\/2022\/08\/2021-poinsettia-011-853x1024.jpg 853w, https:\/\/starsforeurope.com\/hr\/wp-content\/uploads\/sites\/21\/2022\/08\/2021-poinsettia-011-768x922.jpg 768w, https:\/\/starsforeurope.com\/hr\/wp-content\/uploads\/sites\/21\/2022\/08\/2021-poinsettia-011-563x675.jpg 563w\" sizes=\"auto, (max-width: 875px) 100vw, 875px\" \/><\/a><\/figure>\n\n<h3 class=\"wp-block-post-title\"><a href=\"https:\/\/starsforeurope.com\/hr\/press\/od-blistavo-crvenih-do-bajkovito-bijelih-kako-se-bozicne-zvijezde-uklapaju-u-trendove-boja-ove-blagdanske-sezone\/\" target=\"_self\" >Od blistavo crvenih do bajkovito bijelih &#8211; kako se bo\u017ei\u0107ne zvijezde uklapaju u trendove boja ove blagdanske sezone<\/a><\/h3>\n\n\n<div class=\"wp-block-group postmetaline is-nowrap is-layout-flex wp-container-core-group-is-layout-6c531013 wp-block-group-is-layout-flex\"><div class=\"wp-block-post-date\"><time datetime=\"2021-07-29T13:54:33+02:00\">29. srpnja 2021<\/time><\/div>\n\n<\/div>\n\n\n<div class=\"wp-block-post-excerpt\"><p class=\"wp-block-post-excerpt__excerpt\">S obnovljenim osje\u0107ajem optimizma koji prevladava dok se pripremamo Bo\u017ei\u0107 i Novu godinu do\u010dekati s na\u0161im najmilijima, stvaranje zimske \u010darolije u na\u0161im domovima va\u017enije je nego ikada. Niti jedan doga\u0111aj u kalendaru ne stvara takav osje\u0107aj &#8216;praznika kod ku\u0107e \u201d kao Bo\u017ei\u0107, a samo jedna biljka zajam\u010deno \u0107e u\u010diniti da svi osjete bo\u017ei\u0107no raspolo\u017eenje &#8211;<\/p><p class=\"wp-block-post-excerpt__more-text\"><a class=\"wp-block-post-excerpt__more-link\" href=\"https:\/\/starsforeurope.com\/hr\/press\/od-blistavo-crvenih-do-bajkovito-bijelih-kako-se-bozicne-zvijezde-uklapaju-u-trendove-boja-ove-blagdanske-sezone\/\">Pro\u010ditajte vi\u0161e<\/a><\/p><\/div>\n<\/li><\/ul>\n\n\n\n<\/div>\n\n\n\n<div style=\"height:3rem\" aria-hidden=\"true\" class=\"wp-block-spacer\"><\/div>\n<\/main>","protected":false},"excerpt":{"rendered":"<p>Koliko zapravo znate o najpopularnijoj biljci na svijetu, bo\u017ei\u0107noj zvijezdi? Istra\u017eite njihovu fascinantnu povijest, podrijetlo, upotrebu i niz sorti.<\/p>\n","protected":false},"author":26,"featured_media":4366,"parent":7,"menu_order":0,"comment_status":"closed","ping_status":"closed","template":"two-column-press","meta":{"_acf_changed":false,"footnotes":""},"class_list":["post-7530","page","type-page","status-publish","has-post-thumbnail","hentry"],"acf":[],"_links":{"self":[{"href":"https:\/\/starsforeurope.com\/hr\/wp-json\/wp\/v2\/pages\/7530","targetHints":{"allow":["GET"]}}],"collection":[{"href":"https:\/\/starsforeurope.com\/hr\/wp-json\/wp\/v2\/pages"}],"about":[{"href":"https:\/\/starsforeurope.com\/hr\/wp-json\/wp\/v2\/types\/page"}],"author":[{"embeddable":true,"href":"https:\/\/starsforeurope.com\/hr\/wp-json\/wp\/v2\/users\/26"}],"replies":[{"embeddable":true,"href":"https:\/\/starsforeurope.com\/hr\/wp-json\/wp\/v2\/comments?post=7530"}],"version-history":[{"count":1,"href":"https:\/\/starsforeurope.com\/hr\/wp-json\/wp\/v2\/pages\/7530\/revisions"}],"predecessor-version":[{"id":7531,"href":"https:\/\/starsforeurope.com\/hr\/wp-json\/wp\/v2\/pages\/7530\/revisions\/7531"}],"up":[{"embeddable":true,"href":"https:\/\/starsforeurope.com\/hr\/wp-json\/wp\/v2\/pages\/7"}],"wp:featuredmedia":[{"embeddable":true,"href":"https:\/\/starsforeurope.com\/hr\/wp-json\/wp\/v2\/media\/4366"}],"wp:attachment":[{"href":"https:\/\/starsforeurope.com\/hr\/wp-json\/wp\/v2\/media?parent=7530"}],"curies":[{"name":"wp","href":"https:\/\/api.w.org\/{rel}","templated":true}]}}