{"id":7527,"date":"2025-07-21T08:34:56","date_gmt":"2025-07-21T06:34:56","guid":{"rendered":"https:\/\/starsforeurope.com\/hr\/?page_id=7527"},"modified":"2025-07-22T14:32:12","modified_gmt":"2025-07-22T12:32:12","slug":"njegu-pr","status":"publish","type":"page","link":"https:\/\/starsforeurope.com\/hr\/objave-za-medije\/njegu-pr\/","title":{"rendered":"Za dugotrajnije cvjetanje nau\u010dite kako pravilno njegovati bo\u017ei\u0107nu zvijezdu"},"content":{"rendered":"<main class=\"wp-block-group postimage-half wide-content is-layout-flow wp-block-group-is-layout-flow\" style=\"margin-top:var(--wp--preset--spacing--50)\">\n<div style=\"height:3rem\" aria-hidden=\"true\" class=\"wp-block-spacer\"><\/div>\n\n\n\n<div class=\"wp-block-query is-layout-flow wp-block-query-is-layout-flow\"><ul class=\"columns-2 wp-block-post-template is-layout-grid wp-container-core-post-template-is-layout-37ef2942 wp-block-post-template-is-layout-grid\"><li class=\"wp-block-post post-7664 press type-press status-publish has-post-thumbnail hentry press_cat-gift-ideas press_main-njegu press_main-objave-za-medije\">\n<figure style=\"aspect-ratio:1;\" class=\"featuredimage wp-block-post-featured-image\"><a href=\"https:\/\/starsforeurope.com\/hr\/press\/darujte-radost-i-bojepokloni-s-cvatucim-bozicnim-zvijezdama\/\" target=\"_self\"  ><img loading=\"lazy\" decoding=\"async\" width=\"875\" height=\"1050\" src=\"https:\/\/starsforeurope.com\/hr\/wp-content\/uploads\/sites\/21\/2025\/08\/2025_Poinsettia_03000_Traditional_Christmas_Spirit_12.jpg\" class=\"attachment-post-thumbnail size-post-thumbnail wp-post-image\" alt=\"Darujte radost i boje!Pokloni s cvatu\u0107im bo\u017ei\u0107nim zvijezdama\" style=\"width:100%;height:100%;object-fit:cover;\" srcset=\"https:\/\/starsforeurope.com\/hr\/wp-content\/uploads\/sites\/21\/2025\/08\/2025_Poinsettia_03000_Traditional_Christmas_Spirit_12.jpg 875w, https:\/\/starsforeurope.com\/hr\/wp-content\/uploads\/sites\/21\/2025\/08\/2025_Poinsettia_03000_Traditional_Christmas_Spirit_12-250x300.jpg 250w, https:\/\/starsforeurope.com\/hr\/wp-content\/uploads\/sites\/21\/2025\/08\/2025_Poinsettia_03000_Traditional_Christmas_Spirit_12-853x1024.jpg 853w, https:\/\/starsforeurope.com\/hr\/wp-content\/uploads\/sites\/21\/2025\/08\/2025_Poinsettia_03000_Traditional_Christmas_Spirit_12-768x922.jpg 768w\" sizes=\"auto, (max-width: 875px) 100vw, 875px\" \/><\/a><\/figure>\n\n<h3 class=\"wp-block-post-title\"><a href=\"https:\/\/starsforeurope.com\/hr\/press\/darujte-radost-i-bojepokloni-s-cvatucim-bozicnim-zvijezdama\/\" target=\"_self\" >Darujte radost i boje!Pokloni s cvatu\u0107im bo\u017ei\u0107nim zvijezdama<\/a><\/h3>\n\n\n<div class=\"wp-block-group postmetaline is-nowrap is-layout-flex wp-container-core-group-is-layout-6c531013 wp-block-group-is-layout-flex\"><div class=\"wp-block-post-date\"><time datetime=\"2025-11-01T08:23:00+01:00\">01. studenoga 2025<\/time><\/div>\n\n<\/div>\n\n\n<div class=\"wp-block-post-excerpt\"><p class=\"wp-block-post-excerpt__excerpt\">Pravilno zamotana ili kao dio kreativnog aran\u017emana, bo\u017ei\u0107na zvijezda postaje jedinstven, osobni poklon. Prepustite se inspiraciji!<\/p><p class=\"wp-block-post-excerpt__more-text\"><a class=\"wp-block-post-excerpt__more-link\" href=\"https:\/\/starsforeurope.com\/hr\/press\/darujte-radost-i-bojepokloni-s-cvatucim-bozicnim-zvijezdama\/\">Pro\u010ditajte vi\u0161e<\/a><\/p><\/div>\n<\/li><li class=\"wp-block-post post-6927 press type-press status-publish has-post-thumbnail hentry press_cat-care press_main-njegu press_main-objave-za-medije\">\n<figure style=\"aspect-ratio:1;\" class=\"featuredimage wp-block-post-featured-image\"><a href=\"https:\/\/starsforeurope.com\/hr\/press\/kako-uspjesno-njegovati-bozicnu-zvijezdu-upoznajte-bozicne-zvijezde-i-izbjegnite-ucestale-pogreske\/\" target=\"_self\"  ><img loading=\"lazy\" decoding=\"async\" width=\"875\" height=\"1050\" src=\"https:\/\/starsforeurope.com\/hr\/wp-content\/uploads\/sites\/21\/2024\/10\/2024_Poinsettia_04000_Cosy_Cottage_Charm_21.jpg\" class=\"attachment-post-thumbnail size-post-thumbnail wp-post-image\" alt=\"Kako uspje\u0161no njegovati bo\u017ei\u0107nu zvijezdu. Upoznajte bo\u017ei\u0107ne zvijezde i izbjegnite u\u010destale pogre\u0161ke\" style=\"width:100%;height:100%;object-fit:cover;\" srcset=\"https:\/\/starsforeurope.com\/hr\/wp-content\/uploads\/sites\/21\/2024\/10\/2024_Poinsettia_04000_Cosy_Cottage_Charm_21.jpg 875w, https:\/\/starsforeurope.com\/hr\/wp-content\/uploads\/sites\/21\/2024\/10\/2024_Poinsettia_04000_Cosy_Cottage_Charm_21-250x300.jpg 250w, https:\/\/starsforeurope.com\/hr\/wp-content\/uploads\/sites\/21\/2024\/10\/2024_Poinsettia_04000_Cosy_Cottage_Charm_21-853x1024.jpg 853w, https:\/\/starsforeurope.com\/hr\/wp-content\/uploads\/sites\/21\/2024\/10\/2024_Poinsettia_04000_Cosy_Cottage_Charm_21-768x922.jpg 768w, https:\/\/starsforeurope.com\/hr\/wp-content\/uploads\/sites\/21\/2024\/10\/2024_Poinsettia_04000_Cosy_Cottage_Charm_21-563x675.jpg 563w\" sizes=\"auto, (max-width: 875px) 100vw, 875px\" \/><\/a><\/figure>\n\n<h3 class=\"wp-block-post-title\"><a href=\"https:\/\/starsforeurope.com\/hr\/press\/kako-uspjesno-njegovati-bozicnu-zvijezdu-upoznajte-bozicne-zvijezde-i-izbjegnite-ucestale-pogreske\/\" target=\"_self\" >Kako uspje\u0161no njegovati bo\u017ei\u0107nu zvijezdu. Upoznajte bo\u017ei\u0107ne zvijezde i izbjegnite u\u010destale pogre\u0161ke<\/a><\/h3>\n\n\n<div class=\"wp-block-group postmetaline is-nowrap is-layout-flex wp-container-core-group-is-layout-6c531013 wp-block-group-is-layout-flex\"><div class=\"wp-block-post-date\"><time datetime=\"2024-11-06T08:17:41+01:00\">06. studenoga 2024<\/time><\/div>\n\n<\/div>\n\n\n<div class=\"wp-block-post-excerpt\"><p class=\"wp-block-post-excerpt__excerpt\">\u017delite prekrasne bo\u017ei\u0107ne zvijezde? Ako znate na \u0161to su osjetljive, lako \u0107ete izbje\u0107i pogre\u0161ke prilikom njege<\/p><p class=\"wp-block-post-excerpt__more-text\"><a class=\"wp-block-post-excerpt__more-link\" href=\"https:\/\/starsforeurope.com\/hr\/press\/kako-uspjesno-njegovati-bozicnu-zvijezdu-upoznajte-bozicne-zvijezde-i-izbjegnite-ucestale-pogreske\/\">Pro\u010ditajte vi\u0161e<\/a><\/p><\/div>\n<\/li><li class=\"wp-block-post post-6939 press type-press status-publish has-post-thumbnail hentry press_cat-care press_main-njegu press_main-objave-za-medije\">\n<figure style=\"aspect-ratio:1;\" class=\"featuredimage wp-block-post-featured-image\"><a href=\"https:\/\/starsforeurope.com\/hr\/press\/pazljivo-njegujte-svoju-mini-bozicnu-zvijezdu-savjeti-za-najbolju-njegu-minijaturnih-bozicnih-zvijezda\/\" target=\"_self\"  ><img loading=\"lazy\" decoding=\"async\" width=\"875\" height=\"1050\" src=\"https:\/\/starsforeurope.com\/hr\/wp-content\/uploads\/sites\/21\/2023\/06\/2016_Weihnachtsstern_Vielfalt_03.jpg\" class=\"attachment-post-thumbnail size-post-thumbnail wp-post-image\" alt=\"Pa\u017eljivo njegujte svoju mini bo\u017ei\u0107nu zvijezdu.Savjeti za najbolju njegu minijaturnih bo\u017ei\u0107nih zvijezda\" style=\"width:100%;height:100%;object-fit:cover;\" srcset=\"https:\/\/starsforeurope.com\/hr\/wp-content\/uploads\/sites\/21\/2023\/06\/2016_Weihnachtsstern_Vielfalt_03.jpg 875w, https:\/\/starsforeurope.com\/hr\/wp-content\/uploads\/sites\/21\/2023\/06\/2016_Weihnachtsstern_Vielfalt_03-250x300.jpg 250w, https:\/\/starsforeurope.com\/hr\/wp-content\/uploads\/sites\/21\/2023\/06\/2016_Weihnachtsstern_Vielfalt_03-853x1024.jpg 853w, https:\/\/starsforeurope.com\/hr\/wp-content\/uploads\/sites\/21\/2023\/06\/2016_Weihnachtsstern_Vielfalt_03-768x922.jpg 768w, https:\/\/starsforeurope.com\/hr\/wp-content\/uploads\/sites\/21\/2023\/06\/2016_Weihnachtsstern_Vielfalt_03-563x675.jpg 563w\" sizes=\"auto, (max-width: 875px) 100vw, 875px\" \/><\/a><\/figure>\n\n<h3 class=\"wp-block-post-title\"><a href=\"https:\/\/starsforeurope.com\/hr\/press\/pazljivo-njegujte-svoju-mini-bozicnu-zvijezdu-savjeti-za-najbolju-njegu-minijaturnih-bozicnih-zvijezda\/\" target=\"_self\" >Pa\u017eljivo njegujte svoju mini bo\u017ei\u0107nu zvijezdu.Savjeti za najbolju njegu minijaturnih bo\u017ei\u0107nih zvijezda<\/a><\/h3>\n\n\n<div class=\"wp-block-group postmetaline is-nowrap is-layout-flex wp-container-core-group-is-layout-6c531013 wp-block-group-is-layout-flex\"><div class=\"wp-block-post-date\"><time datetime=\"2024-01-03T05:13:22+01:00\">03. sije\u010dnja 2024<\/time><\/div>\n\n<\/div>\n\n\n<div class=\"wp-block-post-excerpt\"><p class=\"wp-block-post-excerpt__excerpt\">Briga o mini bo\u017ei\u0107nim zvijezdama zahtijeva puno osjetljivosti. Pro\u010ditajte na \u0161to obratiti pozornost pri rukovanju biljkama i za\u0161to presa\u0111ivanje pove\u0107ava njihove \u0161anse za dugotrajno pre\u017eivljavanje<\/p><p class=\"wp-block-post-excerpt__more-text\"><a class=\"wp-block-post-excerpt__more-link\" href=\"https:\/\/starsforeurope.com\/hr\/press\/pazljivo-njegujte-svoju-mini-bozicnu-zvijezdu-savjeti-za-najbolju-njegu-minijaturnih-bozicnih-zvijezda\/\">Pro\u010ditajte vi\u0161e<\/a><\/p><\/div>\n<\/li><li class=\"wp-block-post post-6930 press type-press status-publish has-post-thumbnail hentry press_cat-care press_cat-interesting-facts press_main-njegu press_main-objave-za-medije\">\n<figure style=\"aspect-ratio:1;\" class=\"featuredimage wp-block-post-featured-image\"><a href=\"https:\/\/starsforeurope.com\/hr\/press\/optimalna-njega-bozicne-zvijezde-raskos-crvene-boje-do-duboko-u-novu-godinu\/\" target=\"_self\"  ><img loading=\"lazy\" decoding=\"async\" width=\"875\" height=\"1050\" src=\"https:\/\/starsforeurope.com\/hr\/wp-content\/uploads\/sites\/21\/2023\/06\/2023_poinsettia_03000_Rustic_Scandi_Chr.jpg\" class=\"attachment-post-thumbnail size-post-thumbnail wp-post-image\" alt=\"Optimalna njega bo\u017ei\u0107ne zvijezde. Rasko\u0161 crvene boje do duboko u Novu godinu\" style=\"width:100%;height:100%;object-fit:cover;\" srcset=\"https:\/\/starsforeurope.com\/hr\/wp-content\/uploads\/sites\/21\/2023\/06\/2023_poinsettia_03000_Rustic_Scandi_Chr.jpg 875w, https:\/\/starsforeurope.com\/hr\/wp-content\/uploads\/sites\/21\/2023\/06\/2023_poinsettia_03000_Rustic_Scandi_Chr-250x300.jpg 250w, https:\/\/starsforeurope.com\/hr\/wp-content\/uploads\/sites\/21\/2023\/06\/2023_poinsettia_03000_Rustic_Scandi_Chr-853x1024.jpg 853w, https:\/\/starsforeurope.com\/hr\/wp-content\/uploads\/sites\/21\/2023\/06\/2023_poinsettia_03000_Rustic_Scandi_Chr-768x922.jpg 768w, https:\/\/starsforeurope.com\/hr\/wp-content\/uploads\/sites\/21\/2023\/06\/2023_poinsettia_03000_Rustic_Scandi_Chr-563x675.jpg 563w\" sizes=\"auto, (max-width: 875px) 100vw, 875px\" \/><\/a><\/figure>\n\n<h3 class=\"wp-block-post-title\"><a href=\"https:\/\/starsforeurope.com\/hr\/press\/optimalna-njega-bozicne-zvijezde-raskos-crvene-boje-do-duboko-u-novu-godinu\/\" target=\"_self\" >Optimalna njega bo\u017ei\u0107ne zvijezde. Rasko\u0161 crvene boje do duboko u Novu godinu<\/a><\/h3>\n\n\n<div class=\"wp-block-group postmetaline is-nowrap is-layout-flex wp-container-core-group-is-layout-6c531013 wp-block-group-is-layout-flex\"><div class=\"wp-block-post-date\"><time datetime=\"2023-10-19T05:17:11+02:00\">19. listopada 2023<\/time><\/div>\n\n<\/div>\n\n\n<div class=\"wp-block-post-excerpt\"><p class=\"wp-block-post-excerpt__excerpt\">Kako se brinuti za bo\u017ei\u0107ne zvijezde kako biste stvorili ugodnu atmosferu sa \u0161arenim braktejama. Njihov jedinstveni dodir daje toplinu u sivim jesenskim i zimskim danima, koja traje mjesecima.<\/p><p class=\"wp-block-post-excerpt__more-text\"><a class=\"wp-block-post-excerpt__more-link\" href=\"https:\/\/starsforeurope.com\/hr\/press\/optimalna-njega-bozicne-zvijezde-raskos-crvene-boje-do-duboko-u-novu-godinu\/\">Pro\u010ditajte vi\u0161e<\/a><\/p><\/div>\n<\/li><\/ul>\n\n<nav class=\"wp-block-query-pagination is-content-justification-center is-layout-flex wp-container-core-query-pagination-is-layout-a89b3969 wp-block-query-pagination-is-layout-flex\" aria-label=\"Numeriranje stranica\">\n\n\n<div class=\"wp-block-query-pagination-numbers has-medium-font-size\"><span aria-current=\"page\" class=\"page-numbers current\">1<\/span>\n<a class=\"page-numbers\" href=\"?query-0-page=2\">2<\/a><\/div>\n\n<a href=\"\/hr\/wp-json\/wp\/v2\/pages\/7527?query-0-page=2\" class=\"wp-block-query-pagination-next\">\u22b3<\/a>\n<\/nav>\n\n<\/div>\n\n\n\n<div style=\"height:3rem\" aria-hidden=\"true\" class=\"wp-block-spacer\"><\/div>\n<\/main>","protected":false},"excerpt":{"rendered":"<p>Slijede\u0107i samo nekoliko jednostavnih koraka, va\u0161a bo\u017ei\u0107na zvijezda mo\u017ee cvjetati dulje nego \u0161to mislite. Samo slijedite na\u0161e savjete za njegu najdra\u017eeg bo\u017ei\u0107nog cvijeta.<\/p>\n","protected":false},"author":26,"featured_media":4366,"parent":7,"menu_order":0,"comment_status":"closed","ping_status":"closed","template":"two-column-press","meta":{"_acf_changed":false,"footnotes":""},"class_list":["post-7527","page","type-page","status-publish","has-post-thumbnail","hentry"],"acf":[],"_links":{"self":[{"href":"https:\/\/starsforeurope.com\/hr\/wp-json\/wp\/v2\/pages\/7527","targetHints":{"allow":["GET"]}}],"collection":[{"href":"https:\/\/starsforeurope.com\/hr\/wp-json\/wp\/v2\/pages"}],"about":[{"href":"https:\/\/starsforeurope.com\/hr\/wp-json\/wp\/v2\/types\/page"}],"author":[{"embeddable":true,"href":"https:\/\/starsforeurope.com\/hr\/wp-json\/wp\/v2\/users\/26"}],"replies":[{"embeddable":true,"href":"https:\/\/starsforeurope.com\/hr\/wp-json\/wp\/v2\/comments?post=7527"}],"version-history":[{"count":1,"href":"https:\/\/starsforeurope.com\/hr\/wp-json\/wp\/v2\/pages\/7527\/revisions"}],"predecessor-version":[{"id":7528,"href":"https:\/\/starsforeurope.com\/hr\/wp-json\/wp\/v2\/pages\/7527\/revisions\/7528"}],"up":[{"embeddable":true,"href":"https:\/\/starsforeurope.com\/hr\/wp-json\/wp\/v2\/pages\/7"}],"wp:featuredmedia":[{"embeddable":true,"href":"https:\/\/starsforeurope.com\/hr\/wp-json\/wp\/v2\/media\/4366"}],"wp:attachment":[{"href":"https:\/\/starsforeurope.com\/hr\/wp-json\/wp\/v2\/media?parent=7527"}],"curies":[{"name":"wp","href":"https:\/\/api.w.org\/{rel}","templated":true}]}}