{"id":7525,"date":"2025-07-21T08:19:13","date_gmt":"2025-07-21T06:19:13","guid":{"rendered":"https:\/\/starsforeurope.com\/hr\/?page_id=7525"},"modified":"2025-07-22T14:32:12","modified_gmt":"2025-07-22T12:32:12","slug":"dekoracija-pr","status":"publish","type":"page","link":"https:\/\/starsforeurope.com\/hr\/objave-za-medije\/dekoracija-pr\/","title":{"rendered":"Beskrajne cvjetne dekoracije: ukrasite svoj prostor bo\u017ei\u0107nim zvijezdama"},"content":{"rendered":"<main class=\"wp-block-group postimage-half wide-content is-layout-flow wp-block-group-is-layout-flow\" style=\"margin-top:var(--wp--preset--spacing--50)\">\n<div style=\"height:3rem\" aria-hidden=\"true\" class=\"wp-block-spacer\"><\/div>\n\n\n\n<div class=\"wp-block-query is-layout-flow wp-block-query-is-layout-flow\"><ul class=\"columns-2 wp-block-post-template is-layout-grid wp-container-core-post-template-is-layout-37ef2942 wp-block-post-template-is-layout-grid\"><li class=\"wp-block-post post-7702 press type-press status-publish has-post-thumbnail hentry press_cat-table-decoration press_main-dekoracija press_main-dekoracija-stola press_main-objave-za-medije\">\n<figure style=\"aspect-ratio:1;\" class=\"featuredimage wp-block-post-featured-image\"><a href=\"https:\/\/starsforeurope.com\/hr\/press\/kako-postaviti-blagdanski-stol-svestrani-bozicni-ukrasi-s-bozicnim-zvijezdama\/\" target=\"_self\"  ><img loading=\"lazy\" decoding=\"async\" width=\"875\" height=\"1050\" src=\"https:\/\/starsforeurope.com\/hr\/wp-content\/uploads\/sites\/21\/2025\/08\/2025_Poinsettia_01000_Nordic_Winter_Charm_08.jpg\" class=\"attachment-post-thumbnail size-post-thumbnail wp-post-image\" alt=\"Kako postaviti blagdanski stol. Svestrani bo\u017ei\u0107ni ukrasi s bo\u017ei\u0107nim zvijezdama\" style=\"width:100%;height:100%;object-fit:cover;\" srcset=\"https:\/\/starsforeurope.com\/hr\/wp-content\/uploads\/sites\/21\/2025\/08\/2025_Poinsettia_01000_Nordic_Winter_Charm_08.jpg 875w, https:\/\/starsforeurope.com\/hr\/wp-content\/uploads\/sites\/21\/2025\/08\/2025_Poinsettia_01000_Nordic_Winter_Charm_08-250x300.jpg 250w, https:\/\/starsforeurope.com\/hr\/wp-content\/uploads\/sites\/21\/2025\/08\/2025_Poinsettia_01000_Nordic_Winter_Charm_08-853x1024.jpg 853w, https:\/\/starsforeurope.com\/hr\/wp-content\/uploads\/sites\/21\/2025\/08\/2025_Poinsettia_01000_Nordic_Winter_Charm_08-768x922.jpg 768w\" sizes=\"auto, (max-width: 875px) 100vw, 875px\" \/><\/a><\/figure>\n\n<h3 class=\"wp-block-post-title\"><a href=\"https:\/\/starsforeurope.com\/hr\/press\/kako-postaviti-blagdanski-stol-svestrani-bozicni-ukrasi-s-bozicnim-zvijezdama\/\" target=\"_self\" >Kako postaviti blagdanski stol. Svestrani bo\u017ei\u0107ni ukrasi s bo\u017ei\u0107nim zvijezdama<\/a><\/h3>\n\n\n<div class=\"wp-block-group postmetaline is-nowrap is-layout-flex wp-container-core-group-is-layout-6c531013 wp-block-group-is-layout-flex\"><div class=\"wp-block-post-date\"><time datetime=\"2025-12-01T08:00:00+01:00\">01. prosinca 2025<\/time><\/div>\n\n<\/div>\n\n\n<div class=\"wp-block-post-excerpt\"><p class=\"wp-block-post-excerpt__excerpt\">Bilo da su odr\u017eive, razigrane ili elegantne \u2013 bo\u017ei\u0107ne zvijezde \u010dine va\u0161u postavku stola pravom atrakcijom. Otkrijte nove ideje za svestrane zimske stolove.<\/p><p class=\"wp-block-post-excerpt__more-text\"><a class=\"wp-block-post-excerpt__more-link\" href=\"https:\/\/starsforeurope.com\/hr\/press\/kako-postaviti-blagdanski-stol-svestrani-bozicni-ukrasi-s-bozicnim-zvijezdama\/\">Pro\u010ditajte vi\u0161e<\/a><\/p><\/div>\n<\/li><li class=\"wp-block-post post-7633 press type-press status-publish has-post-thumbnail hentry press_cat-advent-decoration press_cat-diy press_main-dekoracija press_main-objave-za-medije\">\n<figure style=\"aspect-ratio:1;\" class=\"featuredimage wp-block-post-featured-image\"><a href=\"https:\/\/starsforeurope.com\/hr\/press\/carolija-zvijezda-u-vrijeme-bozica-adventski-ukrasi-s-bozicnim-zvijezdama\/\" target=\"_self\"  ><img loading=\"lazy\" decoding=\"async\" width=\"875\" height=\"1050\" src=\"https:\/\/starsforeurope.com\/hr\/wp-content\/uploads\/sites\/21\/2025\/08\/2025_Poinsettia_01000_Nordic_Winter_Charm_09.jpg\" class=\"attachment-post-thumbnail size-post-thumbnail wp-post-image\" alt=\"\u010carolija zvijezda u vrijeme Bo\u017ei\u0107a. Adventski ukrasi s bo\u017ei\u0107nim zvijezdama\" style=\"width:100%;height:100%;object-fit:cover;\" srcset=\"https:\/\/starsforeurope.com\/hr\/wp-content\/uploads\/sites\/21\/2025\/08\/2025_Poinsettia_01000_Nordic_Winter_Charm_09.jpg 875w, https:\/\/starsforeurope.com\/hr\/wp-content\/uploads\/sites\/21\/2025\/08\/2025_Poinsettia_01000_Nordic_Winter_Charm_09-250x300.jpg 250w, https:\/\/starsforeurope.com\/hr\/wp-content\/uploads\/sites\/21\/2025\/08\/2025_Poinsettia_01000_Nordic_Winter_Charm_09-853x1024.jpg 853w, https:\/\/starsforeurope.com\/hr\/wp-content\/uploads\/sites\/21\/2025\/08\/2025_Poinsettia_01000_Nordic_Winter_Charm_09-768x922.jpg 768w\" sizes=\"auto, (max-width: 875px) 100vw, 875px\" \/><\/a><\/figure>\n\n<h3 class=\"wp-block-post-title\"><a href=\"https:\/\/starsforeurope.com\/hr\/press\/carolija-zvijezda-u-vrijeme-bozica-adventski-ukrasi-s-bozicnim-zvijezdama\/\" target=\"_self\" >\u010carolija zvijezda u vrijeme Bo\u017ei\u0107a. Adventski ukrasi s bo\u017ei\u0107nim zvijezdama<\/a><\/h3>\n\n\n<div class=\"wp-block-group postmetaline is-nowrap is-layout-flex wp-container-core-group-is-layout-6c531013 wp-block-group-is-layout-flex\"><div class=\"wp-block-post-date\"><time datetime=\"2025-11-01T08:00:00+01:00\">01. studenoga 2025<\/time><\/div>\n\n<\/div>\n\n\n<div class=\"wp-block-post-excerpt\"><p class=\"wp-block-post-excerpt__excerpt\">Bilo kao kokedama, rezani cvijet ili biljka u tegli \u2013 bo\u017ei\u0107ne zvijezde dodaju poseban sjaj adventskim ukrasima i ukrasima za bo\u017ei\u0107no drvce. Uvjerite se sami!<\/p><p class=\"wp-block-post-excerpt__more-text\"><a class=\"wp-block-post-excerpt__more-link\" href=\"https:\/\/starsforeurope.com\/hr\/press\/carolija-zvijezda-u-vrijeme-bozica-adventski-ukrasi-s-bozicnim-zvijezdama\/\">Pro\u010ditajte vi\u0161e<\/a><\/p><\/div>\n<\/li><li class=\"wp-block-post post-6932 press type-press status-publish has-post-thumbnail hentry press_cat-table-decoration press_cat-cut-flower press_cat-diy press_main-dekoracija press_main-objave-za-medije press_main-uradi-sam-upcycling\">\n<figure style=\"aspect-ratio:1;\" class=\"featuredimage wp-block-post-featured-image\"><a href=\"https:\/\/starsforeurope.com\/hr\/press\/svecane-visece-bozicne-zvijezde-ideje-za-izradu-carobnih-visecih-ukrasa-ispunjenih-zvijezdama\/\" target=\"_self\"  ><img loading=\"lazy\" decoding=\"async\" width=\"875\" height=\"1050\" src=\"https:\/\/starsforeurope.com\/hr\/wp-content\/uploads\/sites\/21\/2024\/10\/2024_Poinsettia_01110_DIY_Bead_Wreath_Gold_Accents_09.jpg\" class=\"attachment-post-thumbnail size-post-thumbnail wp-post-image\" alt=\"Sve\u010dane vise\u0107e bo\u017ei\u0107ne zvijezde. Ideje za izradu \u010darobnih vise\u0107ih ukrasa ispunjenih zvijezdama\" style=\"width:100%;height:100%;object-fit:cover;\" srcset=\"https:\/\/starsforeurope.com\/hr\/wp-content\/uploads\/sites\/21\/2024\/10\/2024_Poinsettia_01110_DIY_Bead_Wreath_Gold_Accents_09.jpg 875w, https:\/\/starsforeurope.com\/hr\/wp-content\/uploads\/sites\/21\/2024\/10\/2024_Poinsettia_01110_DIY_Bead_Wreath_Gold_Accents_09-250x300.jpg 250w, https:\/\/starsforeurope.com\/hr\/wp-content\/uploads\/sites\/21\/2024\/10\/2024_Poinsettia_01110_DIY_Bead_Wreath_Gold_Accents_09-853x1024.jpg 853w, https:\/\/starsforeurope.com\/hr\/wp-content\/uploads\/sites\/21\/2024\/10\/2024_Poinsettia_01110_DIY_Bead_Wreath_Gold_Accents_09-768x922.jpg 768w, https:\/\/starsforeurope.com\/hr\/wp-content\/uploads\/sites\/21\/2024\/10\/2024_Poinsettia_01110_DIY_Bead_Wreath_Gold_Accents_09-563x675.jpg 563w\" sizes=\"auto, (max-width: 875px) 100vw, 875px\" \/><\/a><\/figure>\n\n<h3 class=\"wp-block-post-title\"><a href=\"https:\/\/starsforeurope.com\/hr\/press\/svecane-visece-bozicne-zvijezde-ideje-za-izradu-carobnih-visecih-ukrasa-ispunjenih-zvijezdama\/\" target=\"_self\" >Sve\u010dane vise\u0107e bo\u017ei\u0107ne zvijezde. Ideje za izradu \u010darobnih vise\u0107ih ukrasa ispunjenih zvijezdama<\/a><\/h3>\n\n\n<div class=\"wp-block-group postmetaline is-nowrap is-layout-flex wp-container-core-group-is-layout-6c531013 wp-block-group-is-layout-flex\"><div class=\"wp-block-post-date\"><time datetime=\"2024-11-29T08:16:44+01:00\">29. studenoga 2024<\/time><\/div>\n\n<\/div>\n\n\n<div class=\"wp-block-post-excerpt\"><p class=\"wp-block-post-excerpt__excerpt\">Vise\u0107i ukrasi pri\u010dvr\u0161\u0107eni na stropove, zidove ili okvire vrata privla\u010de pozornost i donose dodatnu dimenziju va\u0161em sezonskom ure\u0111enju.<\/p><p class=\"wp-block-post-excerpt__more-text\"><a class=\"wp-block-post-excerpt__more-link\" href=\"https:\/\/starsforeurope.com\/hr\/press\/svecane-visece-bozicne-zvijezde-ideje-za-izradu-carobnih-visecih-ukrasa-ispunjenih-zvijezdama\/\">Pro\u010ditajte vi\u0161e<\/a><\/p><\/div>\n<\/li><li class=\"wp-block-post post-6836 press type-press status-publish has-post-thumbnail hentry press_cat-table-decoration press_cat-autumn-decor-houseplants press_cat-cut-flower press_cat-decoration-tips press_main-adventske-dekoracije press_main-dekoracija press_main-objave-za-medije press_main-rezano-cvijece\">\n<figure style=\"aspect-ratio:1;\" class=\"featuredimage wp-block-post-featured-image\"><a href=\"https:\/\/starsforeurope.com\/hr\/press\/bozic-u-raskosnom-ugodaju-svecane-dekoracije-u-zlatnim-tonovima\/\" target=\"_self\"  ><img loading=\"lazy\" decoding=\"async\" width=\"875\" height=\"1050\" src=\"https:\/\/starsforeurope.com\/hr\/wp-content\/uploads\/sites\/21\/2024\/10\/2024_Poinsettia_01000_Golden_Elegance_01.jpg\" class=\"attachment-post-thumbnail size-post-thumbnail wp-post-image\" alt=\"Bo\u017ei\u0107 u rasko\u0161nom ugo\u0111aju. Sve\u010dane dekoracije u zlatnim tonovima\" style=\"width:100%;height:100%;object-fit:cover;\" srcset=\"https:\/\/starsforeurope.com\/hr\/wp-content\/uploads\/sites\/21\/2024\/10\/2024_Poinsettia_01000_Golden_Elegance_01.jpg 875w, https:\/\/starsforeurope.com\/hr\/wp-content\/uploads\/sites\/21\/2024\/10\/2024_Poinsettia_01000_Golden_Elegance_01-250x300.jpg 250w, https:\/\/starsforeurope.com\/hr\/wp-content\/uploads\/sites\/21\/2024\/10\/2024_Poinsettia_01000_Golden_Elegance_01-853x1024.jpg 853w, https:\/\/starsforeurope.com\/hr\/wp-content\/uploads\/sites\/21\/2024\/10\/2024_Poinsettia_01000_Golden_Elegance_01-768x922.jpg 768w, https:\/\/starsforeurope.com\/hr\/wp-content\/uploads\/sites\/21\/2024\/10\/2024_Poinsettia_01000_Golden_Elegance_01-563x675.jpg 563w\" sizes=\"auto, (max-width: 875px) 100vw, 875px\" \/><\/a><\/figure>\n\n<h3 class=\"wp-block-post-title\"><a href=\"https:\/\/starsforeurope.com\/hr\/press\/bozic-u-raskosnom-ugodaju-svecane-dekoracije-u-zlatnim-tonovima\/\" target=\"_self\" >Bo\u017ei\u0107 u rasko\u0161nom ugo\u0111aju. Sve\u010dane dekoracije u zlatnim tonovima<\/a><\/h3>\n\n\n<div class=\"wp-block-group postmetaline is-nowrap is-layout-flex wp-container-core-group-is-layout-6c531013 wp-block-group-is-layout-flex\"><div class=\"wp-block-post-date\"><time datetime=\"2024-10-30T10:15:36+01:00\">30. listopada 2024<\/time><\/div>\n\n<\/div>\n\n\n<div class=\"wp-block-post-excerpt\"><p class=\"wp-block-post-excerpt__excerpt\">\u017delite li rasko\u0161an sve\u010dani interijer? Kombinirajte zlatni namje\u0161taj i dodatke s bijelim bo\u017ei\u0107nim zvijezdama ili onima u boji marelice<\/p><p class=\"wp-block-post-excerpt__more-text\"><a class=\"wp-block-post-excerpt__more-link\" href=\"https:\/\/starsforeurope.com\/hr\/press\/bozic-u-raskosnom-ugodaju-svecane-dekoracije-u-zlatnim-tonovima\/\">Pro\u010ditajte vi\u0161e<\/a><\/p><\/div>\n<\/li><\/ul>\n\n<nav class=\"wp-block-query-pagination is-content-justification-center is-layout-flex wp-container-core-query-pagination-is-layout-a89b3969 wp-block-query-pagination-is-layout-flex\" aria-label=\"Numeriranje stranica\">\n\n\n<div class=\"wp-block-query-pagination-numbers has-medium-font-size\"><span aria-current=\"page\" class=\"page-numbers current\">1<\/span>\n<a class=\"page-numbers\" href=\"?query-0-page=2\">2<\/a>\n<a class=\"page-numbers\" href=\"?query-0-page=3\">3<\/a><\/div>\n\n<a href=\"\/hr\/wp-json\/wp\/v2\/pages\/7525?query-0-page=2\" class=\"wp-block-query-pagination-next\">\u22b3<\/a>\n<\/nav>\n\n<\/div>\n\n\n\n<div style=\"height:3rem\" aria-hidden=\"true\" class=\"wp-block-spacer\"><\/div>\n<\/main>","protected":false},"excerpt":{"rendered":"<p>Ovdje \u0107ete prona\u0107i obilje inspirativnih ideja za dekoraciju i DIY projekte za va\u0161 dom za Bo\u017ei\u0107. Poinsettie, ili bo\u017ei\u0107ne zvijezde kako ih zovemo, \u0107e vas iznenaditi velikim izborom oblika i boja koji odgovaraju svim ukusima i prostorima, bilo da se radi o rustikalnom, udobnom boho stilu, urbanoj d\u017eungli i mnogim drugima.<\/p>\n","protected":false},"author":26,"featured_media":4366,"parent":7,"menu_order":0,"comment_status":"closed","ping_status":"closed","template":"two-column-press","meta":{"_acf_changed":false,"footnotes":""},"class_list":["post-7525","page","type-page","status-publish","has-post-thumbnail","hentry"],"acf":[],"_links":{"self":[{"href":"https:\/\/starsforeurope.com\/hr\/wp-json\/wp\/v2\/pages\/7525","targetHints":{"allow":["GET"]}}],"collection":[{"href":"https:\/\/starsforeurope.com\/hr\/wp-json\/wp\/v2\/pages"}],"about":[{"href":"https:\/\/starsforeurope.com\/hr\/wp-json\/wp\/v2\/types\/page"}],"author":[{"embeddable":true,"href":"https:\/\/starsforeurope.com\/hr\/wp-json\/wp\/v2\/users\/26"}],"replies":[{"embeddable":true,"href":"https:\/\/starsforeurope.com\/hr\/wp-json\/wp\/v2\/comments?post=7525"}],"version-history":[{"count":1,"href":"https:\/\/starsforeurope.com\/hr\/wp-json\/wp\/v2\/pages\/7525\/revisions"}],"predecessor-version":[{"id":7526,"href":"https:\/\/starsforeurope.com\/hr\/wp-json\/wp\/v2\/pages\/7525\/revisions\/7526"}],"up":[{"embeddable":true,"href":"https:\/\/starsforeurope.com\/hr\/wp-json\/wp\/v2\/pages\/7"}],"wp:featuredmedia":[{"embeddable":true,"href":"https:\/\/starsforeurope.com\/hr\/wp-json\/wp\/v2\/media\/4366"}],"wp:attachment":[{"href":"https:\/\/starsforeurope.com\/hr\/wp-json\/wp\/v2\/media?parent=7525"}],"curies":[{"name":"wp","href":"https:\/\/api.w.org\/{rel}","templated":true}]}}