{"id":7,"date":"2023-08-01T09:38:03","date_gmt":"2023-08-01T07:38:03","guid":{"rendered":"https:\/\/weihnachtsstern.kinsta.cloud\/hr\/?page_id=7"},"modified":"2026-02-12T14:04:34","modified_gmt":"2026-02-12T13:04:34","slug":"objave-za-medije","status":"publish","type":"page","link":"https:\/\/starsforeurope.com\/hr\/objave-za-medije\/","title":{"rendered":"U potrazi ste za medijskim sadr\u017eajem cvjetne tematike?"},"content":{"rendered":"<h2 class=\"wp-block-heading\">Najnovije objave za medije<\/h2>\n\n\n\n<main class=\"wp-block-group postimage-half wide-content is-layout-flow wp-block-group-is-layout-flow\" style=\"margin-top:var(--wp--preset--spacing--50)\">\n<div style=\"height:3rem\" aria-hidden=\"true\" class=\"wp-block-spacer\"><\/div>\n\n\n\n<div class=\"wp-block-query is-layout-flow wp-block-query-is-layout-flow\"><ul class=\"columns-2 wp-block-post-template is-layout-grid wp-container-core-post-template-is-layout-37ef2942 wp-block-post-template-is-layout-grid\"><li class=\"wp-block-post post-7702 press type-press status-publish has-post-thumbnail hentry press_cat-table-decoration press_main-dekoracija press_main-dekoracija-stola press_main-objave-za-medije\">\n<figure style=\"aspect-ratio:1;\" class=\"featuredimage wp-block-post-featured-image\"><a href=\"https:\/\/starsforeurope.com\/hr\/press\/kako-postaviti-blagdanski-stol-svestrani-bozicni-ukrasi-s-bozicnim-zvijezdama\/\" target=\"_self\"  ><img loading=\"lazy\" decoding=\"async\" width=\"875\" height=\"1050\" src=\"https:\/\/starsforeurope.com\/hr\/wp-content\/uploads\/sites\/21\/2025\/08\/2025_Poinsettia_01000_Nordic_Winter_Charm_08.jpg\" class=\"attachment-post-thumbnail size-post-thumbnail wp-post-image\" alt=\"Kako postaviti blagdanski stol. Svestrani bo\u017ei\u0107ni ukrasi s bo\u017ei\u0107nim zvijezdama\" style=\"width:100%;height:100%;object-fit:cover;\" srcset=\"https:\/\/starsforeurope.com\/hr\/wp-content\/uploads\/sites\/21\/2025\/08\/2025_Poinsettia_01000_Nordic_Winter_Charm_08.jpg 875w, https:\/\/starsforeurope.com\/hr\/wp-content\/uploads\/sites\/21\/2025\/08\/2025_Poinsettia_01000_Nordic_Winter_Charm_08-250x300.jpg 250w, https:\/\/starsforeurope.com\/hr\/wp-content\/uploads\/sites\/21\/2025\/08\/2025_Poinsettia_01000_Nordic_Winter_Charm_08-853x1024.jpg 853w, https:\/\/starsforeurope.com\/hr\/wp-content\/uploads\/sites\/21\/2025\/08\/2025_Poinsettia_01000_Nordic_Winter_Charm_08-768x922.jpg 768w\" sizes=\"auto, (max-width: 875px) 100vw, 875px\" \/><\/a><\/figure>\n\n<h3 class=\"wp-block-post-title\"><a href=\"https:\/\/starsforeurope.com\/hr\/press\/kako-postaviti-blagdanski-stol-svestrani-bozicni-ukrasi-s-bozicnim-zvijezdama\/\" target=\"_self\" >Kako postaviti blagdanski stol. Svestrani bo\u017ei\u0107ni ukrasi s bo\u017ei\u0107nim zvijezdama<\/a><\/h3>\n\n\n<div class=\"wp-block-group postmetaline is-nowrap is-layout-flex wp-container-core-group-is-layout-6c531013 wp-block-group-is-layout-flex\"><div class=\"wp-block-post-date\"><time datetime=\"2025-12-01T08:00:00+01:00\">01. prosinca 2025<\/time><\/div>\n\n<\/div>\n\n\n<div class=\"wp-block-post-excerpt\"><p class=\"wp-block-post-excerpt__excerpt\">Bilo da su odr\u017eive, razigrane ili elegantne \u2013 bo\u017ei\u0107ne zvijezde \u010dine va\u0161u postavku stola pravom atrakcijom. Otkrijte nove ideje za svestrane zimske stolove.<\/p><p class=\"wp-block-post-excerpt__more-text\"><a class=\"wp-block-post-excerpt__more-link\" href=\"https:\/\/starsforeurope.com\/hr\/press\/kako-postaviti-blagdanski-stol-svestrani-bozicni-ukrasi-s-bozicnim-zvijezdama\/\">Pro\u010ditajte vi\u0161e<\/a><\/p><\/div>\n<\/li><li class=\"wp-block-post post-7664 press type-press status-publish has-post-thumbnail hentry press_cat-gift-ideas press_main-njegu press_main-objave-za-medije\">\n<figure style=\"aspect-ratio:1;\" class=\"featuredimage wp-block-post-featured-image\"><a href=\"https:\/\/starsforeurope.com\/hr\/press\/darujte-radost-i-bojepokloni-s-cvatucim-bozicnim-zvijezdama\/\" target=\"_self\"  ><img loading=\"lazy\" decoding=\"async\" width=\"875\" height=\"1050\" src=\"https:\/\/starsforeurope.com\/hr\/wp-content\/uploads\/sites\/21\/2025\/08\/2025_Poinsettia_03000_Traditional_Christmas_Spirit_12.jpg\" class=\"attachment-post-thumbnail size-post-thumbnail wp-post-image\" alt=\"Darujte radost i boje!Pokloni s cvatu\u0107im bo\u017ei\u0107nim zvijezdama\" style=\"width:100%;height:100%;object-fit:cover;\" srcset=\"https:\/\/starsforeurope.com\/hr\/wp-content\/uploads\/sites\/21\/2025\/08\/2025_Poinsettia_03000_Traditional_Christmas_Spirit_12.jpg 875w, https:\/\/starsforeurope.com\/hr\/wp-content\/uploads\/sites\/21\/2025\/08\/2025_Poinsettia_03000_Traditional_Christmas_Spirit_12-250x300.jpg 250w, https:\/\/starsforeurope.com\/hr\/wp-content\/uploads\/sites\/21\/2025\/08\/2025_Poinsettia_03000_Traditional_Christmas_Spirit_12-853x1024.jpg 853w, https:\/\/starsforeurope.com\/hr\/wp-content\/uploads\/sites\/21\/2025\/08\/2025_Poinsettia_03000_Traditional_Christmas_Spirit_12-768x922.jpg 768w\" sizes=\"auto, (max-width: 875px) 100vw, 875px\" \/><\/a><\/figure>\n\n<h3 class=\"wp-block-post-title\"><a href=\"https:\/\/starsforeurope.com\/hr\/press\/darujte-radost-i-bojepokloni-s-cvatucim-bozicnim-zvijezdama\/\" target=\"_self\" >Darujte radost i boje!Pokloni s cvatu\u0107im bo\u017ei\u0107nim zvijezdama<\/a><\/h3>\n\n\n<div class=\"wp-block-group postmetaline is-nowrap is-layout-flex wp-container-core-group-is-layout-6c531013 wp-block-group-is-layout-flex\"><div class=\"wp-block-post-date\"><time datetime=\"2025-11-01T08:23:00+01:00\">01. studenoga 2025<\/time><\/div>\n\n<\/div>\n\n\n<div class=\"wp-block-post-excerpt\"><p class=\"wp-block-post-excerpt__excerpt\">Pravilno zamotana ili kao dio kreativnog aran\u017emana, bo\u017ei\u0107na zvijezda postaje jedinstven, osobni poklon. Prepustite se inspiraciji!<\/p><p class=\"wp-block-post-excerpt__more-text\"><a class=\"wp-block-post-excerpt__more-link\" href=\"https:\/\/starsforeurope.com\/hr\/press\/darujte-radost-i-bojepokloni-s-cvatucim-bozicnim-zvijezdama\/\">Pro\u010ditajte vi\u0161e<\/a><\/p><\/div>\n<\/li><li class=\"wp-block-post post-7633 press type-press status-publish has-post-thumbnail hentry press_cat-advent-decoration press_cat-diy press_main-dekoracija press_main-objave-za-medije\">\n<figure style=\"aspect-ratio:1;\" class=\"featuredimage wp-block-post-featured-image\"><a href=\"https:\/\/starsforeurope.com\/hr\/press\/carolija-zvijezda-u-vrijeme-bozica-adventski-ukrasi-s-bozicnim-zvijezdama\/\" target=\"_self\"  ><img loading=\"lazy\" decoding=\"async\" width=\"875\" height=\"1050\" src=\"https:\/\/starsforeurope.com\/hr\/wp-content\/uploads\/sites\/21\/2025\/08\/2025_Poinsettia_01000_Nordic_Winter_Charm_09.jpg\" class=\"attachment-post-thumbnail size-post-thumbnail wp-post-image\" alt=\"\u010carolija zvijezda u vrijeme Bo\u017ei\u0107a. Adventski ukrasi s bo\u017ei\u0107nim zvijezdama\" style=\"width:100%;height:100%;object-fit:cover;\" srcset=\"https:\/\/starsforeurope.com\/hr\/wp-content\/uploads\/sites\/21\/2025\/08\/2025_Poinsettia_01000_Nordic_Winter_Charm_09.jpg 875w, https:\/\/starsforeurope.com\/hr\/wp-content\/uploads\/sites\/21\/2025\/08\/2025_Poinsettia_01000_Nordic_Winter_Charm_09-250x300.jpg 250w, https:\/\/starsforeurope.com\/hr\/wp-content\/uploads\/sites\/21\/2025\/08\/2025_Poinsettia_01000_Nordic_Winter_Charm_09-853x1024.jpg 853w, https:\/\/starsforeurope.com\/hr\/wp-content\/uploads\/sites\/21\/2025\/08\/2025_Poinsettia_01000_Nordic_Winter_Charm_09-768x922.jpg 768w\" sizes=\"auto, (max-width: 875px) 100vw, 875px\" \/><\/a><\/figure>\n\n<h3 class=\"wp-block-post-title\"><a href=\"https:\/\/starsforeurope.com\/hr\/press\/carolija-zvijezda-u-vrijeme-bozica-adventski-ukrasi-s-bozicnim-zvijezdama\/\" target=\"_self\" >\u010carolija zvijezda u vrijeme Bo\u017ei\u0107a. Adventski ukrasi s bo\u017ei\u0107nim zvijezdama<\/a><\/h3>\n\n\n<div class=\"wp-block-group postmetaline is-nowrap is-layout-flex wp-container-core-group-is-layout-6c531013 wp-block-group-is-layout-flex\"><div class=\"wp-block-post-date\"><time datetime=\"2025-11-01T08:00:00+01:00\">01. studenoga 2025<\/time><\/div>\n\n<\/div>\n\n\n<div class=\"wp-block-post-excerpt\"><p class=\"wp-block-post-excerpt__excerpt\">Bilo kao kokedama, rezani cvijet ili biljka u tegli \u2013 bo\u017ei\u0107ne zvijezde dodaju poseban sjaj adventskim ukrasima i ukrasima za bo\u017ei\u0107no drvce. Uvjerite se sami!<\/p><p class=\"wp-block-post-excerpt__more-text\"><a class=\"wp-block-post-excerpt__more-link\" href=\"https:\/\/starsforeurope.com\/hr\/press\/carolija-zvijezda-u-vrijeme-bozica-adventski-ukrasi-s-bozicnim-zvijezdama\/\">Pro\u010ditajte vi\u0161e<\/a><\/p><\/div>\n<\/li><li class=\"wp-block-post post-6932 press type-press status-publish has-post-thumbnail hentry press_cat-table-decoration press_cat-cut-flower press_cat-diy press_main-dekoracija press_main-objave-za-medije press_main-uradi-sam-upcycling\">\n<figure style=\"aspect-ratio:1;\" class=\"featuredimage wp-block-post-featured-image\"><a href=\"https:\/\/starsforeurope.com\/hr\/press\/svecane-visece-bozicne-zvijezde-ideje-za-izradu-carobnih-visecih-ukrasa-ispunjenih-zvijezdama\/\" target=\"_self\"  ><img loading=\"lazy\" decoding=\"async\" width=\"875\" height=\"1050\" src=\"https:\/\/starsforeurope.com\/hr\/wp-content\/uploads\/sites\/21\/2024\/10\/2024_Poinsettia_01110_DIY_Bead_Wreath_Gold_Accents_09.jpg\" class=\"attachment-post-thumbnail size-post-thumbnail wp-post-image\" alt=\"Sve\u010dane vise\u0107e bo\u017ei\u0107ne zvijezde. Ideje za izradu \u010darobnih vise\u0107ih ukrasa ispunjenih zvijezdama\" style=\"width:100%;height:100%;object-fit:cover;\" srcset=\"https:\/\/starsforeurope.com\/hr\/wp-content\/uploads\/sites\/21\/2024\/10\/2024_Poinsettia_01110_DIY_Bead_Wreath_Gold_Accents_09.jpg 875w, https:\/\/starsforeurope.com\/hr\/wp-content\/uploads\/sites\/21\/2024\/10\/2024_Poinsettia_01110_DIY_Bead_Wreath_Gold_Accents_09-250x300.jpg 250w, https:\/\/starsforeurope.com\/hr\/wp-content\/uploads\/sites\/21\/2024\/10\/2024_Poinsettia_01110_DIY_Bead_Wreath_Gold_Accents_09-853x1024.jpg 853w, https:\/\/starsforeurope.com\/hr\/wp-content\/uploads\/sites\/21\/2024\/10\/2024_Poinsettia_01110_DIY_Bead_Wreath_Gold_Accents_09-768x922.jpg 768w, https:\/\/starsforeurope.com\/hr\/wp-content\/uploads\/sites\/21\/2024\/10\/2024_Poinsettia_01110_DIY_Bead_Wreath_Gold_Accents_09-563x675.jpg 563w\" sizes=\"auto, (max-width: 875px) 100vw, 875px\" \/><\/a><\/figure>\n\n<h3 class=\"wp-block-post-title\"><a href=\"https:\/\/starsforeurope.com\/hr\/press\/svecane-visece-bozicne-zvijezde-ideje-za-izradu-carobnih-visecih-ukrasa-ispunjenih-zvijezdama\/\" target=\"_self\" >Sve\u010dane vise\u0107e bo\u017ei\u0107ne zvijezde. Ideje za izradu \u010darobnih vise\u0107ih ukrasa ispunjenih zvijezdama<\/a><\/h3>\n\n\n<div class=\"wp-block-group postmetaline is-nowrap is-layout-flex wp-container-core-group-is-layout-6c531013 wp-block-group-is-layout-flex\"><div class=\"wp-block-post-date\"><time datetime=\"2024-11-29T08:16:44+01:00\">29. studenoga 2024<\/time><\/div>\n\n<\/div>\n\n\n<div class=\"wp-block-post-excerpt\"><p class=\"wp-block-post-excerpt__excerpt\">Vise\u0107i ukrasi pri\u010dvr\u0161\u0107eni na stropove, zidove ili okvire vrata privla\u010de pozornost i donose dodatnu dimenziju va\u0161em sezonskom ure\u0111enju.<\/p><p class=\"wp-block-post-excerpt__more-text\"><a class=\"wp-block-post-excerpt__more-link\" href=\"https:\/\/starsforeurope.com\/hr\/press\/svecane-visece-bozicne-zvijezde-ideje-za-izradu-carobnih-visecih-ukrasa-ispunjenih-zvijezdama\/\">Pro\u010ditajte vi\u0161e<\/a><\/p><\/div>\n<\/li><\/ul>\n\n<nav class=\"wp-block-query-pagination is-content-justification-center is-layout-flex wp-container-core-query-pagination-is-layout-a89b3969 wp-block-query-pagination-is-layout-flex\" aria-label=\"Numeriranje stranica\">\n\n\n<div class=\"wp-block-query-pagination-numbers has-medium-font-size\"><span aria-current=\"page\" class=\"page-numbers current\">1<\/span>\n<a class=\"page-numbers\" href=\"?query-0-page=2\">2<\/a>\n<a class=\"page-numbers\" href=\"?query-0-page=3\">3<\/a>\n<a class=\"page-numbers\" href=\"?query-0-page=4\">4<\/a><\/div>\n\n<a href=\"\/hr\/wp-json\/wp\/v2\/pages\/7?query-0-page=2\" class=\"wp-block-query-pagination-next\">\u22b3<\/a>\n<\/nav>\n\n<\/div>\n\n\n\n<div style=\"height:3rem\" aria-hidden=\"true\" class=\"wp-block-spacer\"><\/div>\n<\/main>","protected":false},"excerpt":{"rendered":"<p>Nudimo veliku kolekciju materijala za objave i profesionalne fotografije koje u sredi\u0161te pozornosti stavljaju lijepe bo\u017ei\u0107ne zvijezde. Sigurno \u0107ete prona\u0107i ono \u0161to tra\u017eite.<\/p>\n","protected":false},"author":1,"featured_media":7810,"parent":0,"menu_order":0,"comment_status":"closed","ping_status":"closed","template":"two-column-press","meta":{"_acf_changed":false,"footnotes":""},"class_list":["post-7","page","type-page","status-publish","has-post-thumbnail","hentry"],"acf":[],"_links":{"self":[{"href":"https:\/\/starsforeurope.com\/hr\/wp-json\/wp\/v2\/pages\/7","targetHints":{"allow":["GET"]}}],"collection":[{"href":"https:\/\/starsforeurope.com\/hr\/wp-json\/wp\/v2\/pages"}],"about":[{"href":"https:\/\/starsforeurope.com\/hr\/wp-json\/wp\/v2\/types\/page"}],"author":[{"embeddable":true,"href":"https:\/\/starsforeurope.com\/hr\/wp-json\/wp\/v2\/users\/1"}],"replies":[{"embeddable":true,"href":"https:\/\/starsforeurope.com\/hr\/wp-json\/wp\/v2\/comments?post=7"}],"version-history":[{"count":30,"href":"https:\/\/starsforeurope.com\/hr\/wp-json\/wp\/v2\/pages\/7\/revisions"}],"predecessor-version":[{"id":7811,"href":"https:\/\/starsforeurope.com\/hr\/wp-json\/wp\/v2\/pages\/7\/revisions\/7811"}],"wp:featuredmedia":[{"embeddable":true,"href":"https:\/\/starsforeurope.com\/hr\/wp-json\/wp\/v2\/media\/7810"}],"wp:attachment":[{"href":"https:\/\/starsforeurope.com\/hr\/wp-json\/wp\/v2\/media?parent=7"}],"curies":[{"name":"wp","href":"https:\/\/api.w.org\/{rel}","templated":true}]}}