{"id":5,"date":"2021-11-17T18:26:06","date_gmt":"2021-11-17T17:26:06","guid":{"rendered":"https:\/\/weihnachtsstern.kinsta.cloud\/hr\/?page_id=5"},"modified":"2026-02-12T14:04:35","modified_gmt":"2026-02-12T13:04:35","slug":"pocetna-stranica","status":"publish","type":"page","link":"https:\/\/starsforeurope.com\/hr\/","title":{"rendered":"Inspiracija i sve informacije koje trebate znati o bo\u017ei\u0107noj zvijezdi"},"content":{"rendered":"","protected":false},"excerpt":{"rendered":"<p>Bo\u017ei\u0107ne zvijezde donose boju i radost u dom tijekom jeseni i zime. Ovdje \u0107ete prona\u0107i sve \u0161to vam je potrebno za izradu prekrasnih adventskih i bo\u017ei\u0107nih ukrasa.<\/p>\n","protected":false},"author":1,"featured_media":7809,"parent":0,"menu_order":0,"comment_status":"closed","ping_status":"closed","template":"two-column-blog-single","meta":{"_acf_changed":false,"footnotes":""},"class_list":["post-5","page","type-page","status-publish","has-post-thumbnail","hentry"],"acf":[],"_links":{"self":[{"href":"https:\/\/starsforeurope.com\/hr\/wp-json\/wp\/v2\/pages\/5","targetHints":{"allow":["GET"]}}],"collection":[{"href":"https:\/\/starsforeurope.com\/hr\/wp-json\/wp\/v2\/pages"}],"about":[{"href":"https:\/\/starsforeurope.com\/hr\/wp-json\/wp\/v2\/types\/page"}],"author":[{"embeddable":true,"href":"https:\/\/starsforeurope.com\/hr\/wp-json\/wp\/v2\/users\/1"}],"replies":[{"embeddable":true,"href":"https:\/\/starsforeurope.com\/hr\/wp-json\/wp\/v2\/comments?post=5"}],"version-history":[{"count":46,"href":"https:\/\/starsforeurope.com\/hr\/wp-json\/wp\/v2\/pages\/5\/revisions"}],"predecessor-version":[{"id":7583,"href":"https:\/\/starsforeurope.com\/hr\/wp-json\/wp\/v2\/pages\/5\/revisions\/7583"}],"wp:featuredmedia":[{"embeddable":true,"href":"https:\/\/starsforeurope.com\/hr\/wp-json\/wp\/v2\/media\/7809"}],"wp:attachment":[{"href":"https:\/\/starsforeurope.com\/hr\/wp-json\/wp\/v2\/media?parent=5"}],"curies":[{"name":"wp","href":"https:\/\/api.w.org\/{rel}","templated":true}]}}