{"id":487,"date":"2021-12-17T12:27:34","date_gmt":"2021-12-17T12:27:34","guid":{"rendered":"https:\/\/weihnachtsstern.kinsta.cloud\/hr\/?page_id=487"},"modified":"2025-07-18T10:49:40","modified_gmt":"2025-07-18T08:49:40","slug":"otisak","status":"publish","type":"page","link":"https:\/\/starsforeurope.com\/hr\/otisak\/","title":{"rendered":"Otisak"},"content":{"rendered":"<div class=\"wp-block-columns is-layout-flex wp-container-core-columns-is-layout-28f84493 wp-block-columns-is-layout-flex\">\n<div class=\"wp-block-column is-layout-flow wp-block-column-is-layout-flow\">\n<h2 class=\"wp-block-heading\">Op\u0107enita pravila o za\u0161titi privatnosti<\/h2>\n\n<p>Odgovornost u smislu \u00a7 6 Teledienstgesetz ili Mediendienste Staatsvertrag snosi:<\/p>\n\n<p>Stars for Europe GbR\r<br>c\/o Zentralverband Gartenbau\r<br>Bornheimerstra\u00dfe 37,\r<br>53111 Bonn,\r<br>Njema\u010dka\r<br>Glavni direktor: Dr. Ulrich Sander \/ Voditelj projekta za Europu: dr. sc. Susanne Lux<\/p>\n\n<p>Telefon: + 49 2644 981333\r<br>E-po\u0161ta: susanne.lux(at)meclux.de<\/p>\n\n<p>PDV broj: DE815617238\r<br>Porezni broj: 206\/5802\/0875<\/p>\n\n<h2 class=\"wp-block-heading\">Odricanje od odgovornosti<\/h2>\n\n<p>Iznesena mi\u0161ljenja i stavovi odra\u017eavaju isklju\u010divo stav autora i ne moraju se podudarati sa stavovima Europske unije ili Europske izvr\u0161ne agencije za istra\u017eivanje (REA). Ni Europska unija ni tijelo koje dodjeljuje bespovratna sredstva ne mogu se smatrati odgovornima za njih.<\/p>\n<\/div>\n\n<\/div>","protected":false},"excerpt":{"rendered":"<p>Op\u0107enita pravila o za\u0161titi privatnosti Odgovornost u smislu \u00a7 6 Teledienstgesetz ili Mediendienste Staatsvertrag snosi: Stars for Europe GbR c\/o Zentralverband Gartenbau Bornheimerstra\u00dfe 37, 53111 Bonn, Njema\u010dka Glavni direktor: Dr. Ulrich Sander \/ Voditelj projekta za Europu: dr. sc. Susanne Lux Telefon: + 49 2644 981333 E-po\u0161ta: susanne.lux(at)meclux.de PDV broj: DE815617238 Porezni broj: 206\/5802\/0875 Odricanje [&hellip;]<\/p>\n","protected":false},"author":1,"featured_media":0,"parent":0,"menu_order":0,"comment_status":"closed","ping_status":"closed","template":"simple-post-no-header-image","meta":{"_acf_changed":false,"footnotes":""},"class_list":["post-487","page","type-page","status-publish","hentry"],"acf":[],"_links":{"self":[{"href":"https:\/\/starsforeurope.com\/hr\/wp-json\/wp\/v2\/pages\/487","targetHints":{"allow":["GET"]}}],"collection":[{"href":"https:\/\/starsforeurope.com\/hr\/wp-json\/wp\/v2\/pages"}],"about":[{"href":"https:\/\/starsforeurope.com\/hr\/wp-json\/wp\/v2\/types\/page"}],"author":[{"embeddable":true,"href":"https:\/\/starsforeurope.com\/hr\/wp-json\/wp\/v2\/users\/1"}],"replies":[{"embeddable":true,"href":"https:\/\/starsforeurope.com\/hr\/wp-json\/wp\/v2\/comments?post=487"}],"version-history":[{"count":19,"href":"https:\/\/starsforeurope.com\/hr\/wp-json\/wp\/v2\/pages\/487\/revisions"}],"predecessor-version":[{"id":7471,"href":"https:\/\/starsforeurope.com\/hr\/wp-json\/wp\/v2\/pages\/487\/revisions\/7471"}],"wp:attachment":[{"href":"https:\/\/starsforeurope.com\/hr\/wp-json\/wp\/v2\/media?parent=487"}],"curies":[{"name":"wp","href":"https:\/\/api.w.org\/{rel}","templated":true}]}}