{"id":26,"date":"2021-11-17T18:56:53","date_gmt":"2021-11-17T17:56:53","guid":{"rendered":"https:\/\/weihnachtsstern.kinsta.cloud\/hr\/?page_id=26"},"modified":"2025-07-22T14:32:12","modified_gmt":"2025-07-22T12:32:12","slug":"znanje","status":"publish","type":"page","link":"https:\/\/starsforeurope.com\/hr\/znanje\/","title":{"rendered":"Saznajte sve \u0161to trebate znati o ovoj posebnoj blagdanskoj biljci"},"content":{"rendered":"<h2 class=\"wp-block-heading\">Osnovne informacije o bo\u017ei\u0107nim zvijezdama<\/h2>\n\n\n\n<main class=\"wp-block-group postimage-half wide-content is-layout-flow wp-block-group-is-layout-flow\" style=\"margin-top:var(--wp--preset--spacing--50)\">\n<div style=\"height:3rem\" aria-hidden=\"true\" class=\"wp-block-spacer\"><\/div>\n\n\n\n<div class=\"wp-block-query is-layout-flow wp-block-query-is-layout-flow\"><ul class=\"columns-2 wp-block-post-template is-layout-grid wp-container-core-post-template-is-layout-37ef2942 wp-block-post-template-is-layout-grid\"><li class=\"wp-block-post post-7743 blog type-blog status-publish has-post-thumbnail hentry blog_main-dekoracija blog_main-uradi-sam-upcycling blog_main-vrijedi-znati blog_main-znanje\">\n<figure style=\"aspect-ratio:1;\" class=\"featuredimage wp-block-post-featured-image\"><a href=\"https:\/\/starsforeurope.com\/hr\/blog\/mini-bozicne-zvijezde-ideje-za-darove-i-savjeti-za-njegu\/\" target=\"_self\"  ><img loading=\"lazy\" decoding=\"async\" width=\"875\" height=\"1050\" src=\"https:\/\/starsforeurope.com\/hr\/wp-content\/uploads\/sites\/21\/2025\/09\/2022-poinsettia-03000-varieties-06.jpg\" class=\"attachment-post-thumbnail size-post-thumbnail wp-post-image\" alt=\"Mini bo\u017ei\u0107ne zvijezde \u2013 najbolji savjeti za njegu i dekoraciju\" style=\"width:100%;height:100%;object-fit:cover;\" srcset=\"https:\/\/starsforeurope.com\/hr\/wp-content\/uploads\/sites\/21\/2025\/09\/2022-poinsettia-03000-varieties-06.jpg 875w, https:\/\/starsforeurope.com\/hr\/wp-content\/uploads\/sites\/21\/2025\/09\/2022-poinsettia-03000-varieties-06-250x300.jpg 250w, https:\/\/starsforeurope.com\/hr\/wp-content\/uploads\/sites\/21\/2025\/09\/2022-poinsettia-03000-varieties-06-853x1024.jpg 853w, https:\/\/starsforeurope.com\/hr\/wp-content\/uploads\/sites\/21\/2025\/09\/2022-poinsettia-03000-varieties-06-768x922.jpg 768w\" sizes=\"auto, (max-width: 875px) 100vw, 875px\" \/><\/a><\/figure>\n\n<h3 class=\"wp-block-post-title\"><a href=\"https:\/\/starsforeurope.com\/hr\/blog\/mini-bozicne-zvijezde-ideje-za-darove-i-savjeti-za-njegu\/\" target=\"_self\" >Mini bo\u017ei\u0107ne zvijezde \u2013 najbolji savjeti za njegu i dekoraciju<\/a><\/h3>\n\n\n<div class=\"wp-block-group postmetaline is-nowrap is-layout-flex wp-container-core-group-is-layout-6c531013 wp-block-group-is-layout-flex\"><div class=\"wp-block-post-date\"><time datetime=\"2025-09-16T13:49:10+02:00\">16. rujna 2025<\/time><\/div>\n\n<\/div>\n\n\n<div class=\"wp-block-post-excerpt\"><p class=\"wp-block-post-excerpt__excerpt\">Raznobojne mini bo\u017ei\u0107ne zvijezde izvrstan su ukras i prekrasan pokloni za blagdane. Evo nekoliko stru\u010dnih savjeta o njezi i idejama za ukra\u0161avanje.<\/p><p class=\"wp-block-post-excerpt__more-text\"><a class=\"wp-block-post-excerpt__more-link\" href=\"https:\/\/starsforeurope.com\/hr\/blog\/mini-bozicne-zvijezde-ideje-za-darove-i-savjeti-za-njegu\/\">Pro\u010ditajte vi\u0161e<\/a><\/p><\/div>\n<\/li><li class=\"wp-block-post post-7391 blog type-blog status-publish has-post-thumbnail hentry blog_cat-pflege blog_main-njegu blog_main-opca-njega blog_main-vrijedi-znati blog_main-znanje\">\n<figure style=\"aspect-ratio:1;\" class=\"featuredimage wp-block-post-featured-image\"><a href=\"https:\/\/starsforeurope.com\/hr\/blog\/vase-bozicne-zvijezde-prezivjele-su-cijelu-godinu-evo-kako-da-ponovno-cvatu\/\" target=\"_self\"  ><img loading=\"lazy\" decoding=\"async\" width=\"875\" height=\"1050\" src=\"https:\/\/starsforeurope.com\/hr\/wp-content\/uploads\/sites\/21\/2024\/10\/2019-weihnachtsstern-2000-weihnachts-wunderland-38.jpg\" class=\"attachment-post-thumbnail size-post-thumbnail wp-post-image\" alt=\"Va\u0161e bo\u017ei\u0107ne zvijezde pre\u017eivjele su cijelu godinu? Evo kako da ponovno cvatu\" style=\"width:100%;height:100%;object-fit:cover;\" srcset=\"https:\/\/starsforeurope.com\/hr\/wp-content\/uploads\/sites\/21\/2024\/10\/2019-weihnachtsstern-2000-weihnachts-wunderland-38.jpg 875w, https:\/\/starsforeurope.com\/hr\/wp-content\/uploads\/sites\/21\/2024\/10\/2019-weihnachtsstern-2000-weihnachts-wunderland-38-250x300.jpg 250w, https:\/\/starsforeurope.com\/hr\/wp-content\/uploads\/sites\/21\/2024\/10\/2019-weihnachtsstern-2000-weihnachts-wunderland-38-853x1024.jpg 853w, https:\/\/starsforeurope.com\/hr\/wp-content\/uploads\/sites\/21\/2024\/10\/2019-weihnachtsstern-2000-weihnachts-wunderland-38-768x922.jpg 768w, https:\/\/starsforeurope.com\/hr\/wp-content\/uploads\/sites\/21\/2024\/10\/2019-weihnachtsstern-2000-weihnachts-wunderland-38-563x675.jpg 563w\" sizes=\"auto, (max-width: 875px) 100vw, 875px\" \/><\/a><\/figure>\n\n<h3 class=\"wp-block-post-title\"><a href=\"https:\/\/starsforeurope.com\/hr\/blog\/vase-bozicne-zvijezde-prezivjele-su-cijelu-godinu-evo-kako-da-ponovno-cvatu\/\" target=\"_self\" >Va\u0161e bo\u017ei\u0107ne zvijezde pre\u017eivjele su cijelu godinu? Evo kako da ponovno cvatu<\/a><\/h3>\n\n\n<div class=\"wp-block-group postmetaline is-nowrap is-layout-flex wp-container-core-group-is-layout-6c531013 wp-block-group-is-layout-flex\"><div class=\"wp-block-post-date\"><time datetime=\"2024-10-18T15:36:41+02:00\">18. listopada 2024<\/time><\/div>\n\n<\/div>\n\n\n<div class=\"wp-block-post-excerpt\"><p class=\"wp-block-post-excerpt__excerpt\">Savjeti i trikovi da bi vase bo\u017ei\u0107ne zvijezde ponovno cvale: pravilno preljetite, presadite i pripremite se za sljede\u0107e cvjetanje.<\/p><p class=\"wp-block-post-excerpt__more-text\"><a class=\"wp-block-post-excerpt__more-link\" href=\"https:\/\/starsforeurope.com\/hr\/blog\/vase-bozicne-zvijezde-prezivjele-su-cijelu-godinu-evo-kako-da-ponovno-cvatu\/\">Pro\u010ditajte vi\u0161e<\/a><\/p><\/div>\n<\/li><li class=\"wp-block-post post-7163 blog type-blog status-publish has-post-thumbnail hentry blog_cat-pflege blog_main-vijesti blog_main-vrijedi-znati blog_main-znanje\">\n<figure style=\"aspect-ratio:1;\" class=\"featuredimage wp-block-post-featured-image\"><a href=\"https:\/\/starsforeurope.com\/hr\/blog\/savjeti-za-kupnju-bozicnih-zvijezda\/\" target=\"_self\"  ><img loading=\"lazy\" decoding=\"async\" width=\"1050\" height=\"875\" src=\"https:\/\/starsforeurope.com\/hr\/wp-content\/uploads\/sites\/21\/2023\/10\/2021-poinsettia-01000-boho-green-living-01-1.jpg\" class=\"attachment-post-thumbnail size-post-thumbnail wp-post-image\" alt=\"Savjeti za kupnju bo\u017ei\u0107nih zvijezda\" style=\"width:100%;height:100%;object-fit:cover;\" srcset=\"https:\/\/starsforeurope.com\/hr\/wp-content\/uploads\/sites\/21\/2023\/10\/2021-poinsettia-01000-boho-green-living-01-1.jpg 1050w, https:\/\/starsforeurope.com\/hr\/wp-content\/uploads\/sites\/21\/2023\/10\/2021-poinsettia-01000-boho-green-living-01-1-300x250.jpg 300w, https:\/\/starsforeurope.com\/hr\/wp-content\/uploads\/sites\/21\/2023\/10\/2021-poinsettia-01000-boho-green-living-01-1-1024x853.jpg 1024w, https:\/\/starsforeurope.com\/hr\/wp-content\/uploads\/sites\/21\/2023\/10\/2021-poinsettia-01000-boho-green-living-01-1-768x640.jpg 768w, https:\/\/starsforeurope.com\/hr\/wp-content\/uploads\/sites\/21\/2023\/10\/2021-poinsettia-01000-boho-green-living-01-1-810x675.jpg 810w\" sizes=\"auto, (max-width: 1050px) 100vw, 1050px\" \/><\/a><\/figure>\n\n<h3 class=\"wp-block-post-title\"><a href=\"https:\/\/starsforeurope.com\/hr\/blog\/savjeti-za-kupnju-bozicnih-zvijezda\/\" target=\"_self\" >Savjeti za kupnju bo\u017ei\u0107nih zvijezda<\/a><\/h3>\n\n\n<div class=\"wp-block-group postmetaline is-nowrap is-layout-flex wp-container-core-group-is-layout-6c531013 wp-block-group-is-layout-flex\"><div class=\"wp-block-post-date\"><time datetime=\"2023-11-02T03:37:27+01:00\">02. studenoga 2023<\/time><\/div>\n\n<\/div>\n\n\n<div class=\"wp-block-post-excerpt\"><p class=\"wp-block-post-excerpt__excerpt\">Saznajte kako kupiti zdravu bo\u017ei\u0107nu zvijezdu koja dugo ostaje lijepa. Tajna je u li\u0161\u0107u, cvije\u0107u, opskrbi vodom i uvjetima u trgovini i tijekom transporta. \ud83d\ude03<\/p><p class=\"wp-block-post-excerpt__more-text\"><a class=\"wp-block-post-excerpt__more-link\" href=\"https:\/\/starsforeurope.com\/hr\/blog\/savjeti-za-kupnju-bozicnih-zvijezda\/\">Pro\u010ditajte vi\u0161e<\/a><\/p><\/div>\n<\/li><\/ul>\n\n\n\n<\/div>\n\n\n\n<div style=\"height:3rem\" aria-hidden=\"true\" class=\"wp-block-spacer\"><\/div>\n<\/main>","protected":false},"excerpt":{"rendered":"<p>Koliko zapravo znate o najpopularnijoj biljci na svijetu, bo\u017ei\u0107noj zvijezdi? Istra\u017eite njihovu fascinantnu povijest, podrijetlo, upotrebu i niz sorti.<\/p>\n","protected":false},"author":1,"featured_media":4353,"parent":0,"menu_order":0,"comment_status":"closed","ping_status":"closed","template":"two-column-blog-single","meta":{"_acf_changed":false,"footnotes":""},"class_list":["post-26","page","type-page","status-publish","has-post-thumbnail","hentry"],"acf":[],"_links":{"self":[{"href":"https:\/\/starsforeurope.com\/hr\/wp-json\/wp\/v2\/pages\/26","targetHints":{"allow":["GET"]}}],"collection":[{"href":"https:\/\/starsforeurope.com\/hr\/wp-json\/wp\/v2\/pages"}],"about":[{"href":"https:\/\/starsforeurope.com\/hr\/wp-json\/wp\/v2\/types\/page"}],"author":[{"embeddable":true,"href":"https:\/\/starsforeurope.com\/hr\/wp-json\/wp\/v2\/users\/1"}],"replies":[{"embeddable":true,"href":"https:\/\/starsforeurope.com\/hr\/wp-json\/wp\/v2\/comments?post=26"}],"version-history":[{"count":44,"href":"https:\/\/starsforeurope.com\/hr\/wp-json\/wp\/v2\/pages\/26\/revisions"}],"predecessor-version":[{"id":7520,"href":"https:\/\/starsforeurope.com\/hr\/wp-json\/wp\/v2\/pages\/26\/revisions\/7520"}],"wp:featuredmedia":[{"embeddable":true,"href":"https:\/\/starsforeurope.com\/hr\/wp-json\/wp\/v2\/media\/4353"}],"wp:attachment":[{"href":"https:\/\/starsforeurope.com\/hr\/wp-json\/wp\/v2\/media?parent=26"}],"curies":[{"name":"wp","href":"https:\/\/api.w.org\/{rel}","templated":true}]}}