{"id":22,"date":"2021-11-17T18:56:04","date_gmt":"2021-11-17T17:56:04","guid":{"rendered":"https:\/\/weihnachtsstern.kinsta.cloud\/hr\/?page_id=22"},"modified":"2025-07-22T14:32:12","modified_gmt":"2025-07-22T12:32:12","slug":"dekoracija","status":"publish","type":"page","link":"https:\/\/starsforeurope.com\/hr\/dekoracija\/","title":{"rendered":"Beskrajne cvjetne dekoracije: ukrasite svoj prostor bo\u017ei\u0107nim zvijezdama"},"content":{"rendered":"<h2 class=\"wp-block-heading\">Inspirirajte se savjetima i idejama za dekoraciju s bo\u017ei\u0107nim zvijezdama<\/h2>\n\n\n\n<div class=\"wp-block-group postimage-half wide-content is-layout-flow wp-block-group-is-layout-flow\" style=\"margin-top:var(--wp--preset--spacing--50)\">\n<div style=\"height:3rem\" aria-hidden=\"true\" class=\"wp-block-spacer\"><\/div>\n\n\n\n<div class=\"wp-block-query is-layout-flow wp-block-query-is-layout-flow\"><ul class=\"columns-2 wp-block-post-template is-layout-grid wp-container-core-post-template-is-layout-37ef2942 wp-block-post-template-is-layout-grid\"><li class=\"wp-block-post post-7713 blog type-blog status-publish has-post-thumbnail hentry blog_main-adventske-dekoracije blog_main-dekoracija blog_main-dekoracija-stola\">\n<figure style=\"aspect-ratio:1;\" class=\"featuredimage wp-block-post-featured-image\"><a href=\"https:\/\/starsforeurope.com\/hr\/blog\/neka-vas-obuzme-duh-bozica-24-dekorativne-ideje-s-mini-bozicnim-zvijezdama\/\" target=\"_self\"  ><img loading=\"lazy\" decoding=\"async\" width=\"875\" height=\"1050\" src=\"https:\/\/starsforeurope.com\/hr\/wp-content\/uploads\/sites\/21\/2025\/09\/2019-poinsettia-4000-christmas-miniatures-05.jpg\" class=\"attachment-post-thumbnail size-post-thumbnail wp-post-image\" alt=\"Neka vas obuzme duh Bo\u017ei\u0107a: 24 dekorativne ideje s mini bo\u017ei\u0107nim zvijezdama\" style=\"width:100%;height:100%;object-fit:cover;\" srcset=\"https:\/\/starsforeurope.com\/hr\/wp-content\/uploads\/sites\/21\/2025\/09\/2019-poinsettia-4000-christmas-miniatures-05.jpg 875w, https:\/\/starsforeurope.com\/hr\/wp-content\/uploads\/sites\/21\/2025\/09\/2019-poinsettia-4000-christmas-miniatures-05-250x300.jpg 250w, https:\/\/starsforeurope.com\/hr\/wp-content\/uploads\/sites\/21\/2025\/09\/2019-poinsettia-4000-christmas-miniatures-05-853x1024.jpg 853w, https:\/\/starsforeurope.com\/hr\/wp-content\/uploads\/sites\/21\/2025\/09\/2019-poinsettia-4000-christmas-miniatures-05-768x922.jpg 768w\" sizes=\"auto, (max-width: 875px) 100vw, 875px\" \/><\/a><\/figure>\n\n<h3 class=\"wp-block-post-title\"><a href=\"https:\/\/starsforeurope.com\/hr\/blog\/neka-vas-obuzme-duh-bozica-24-dekorativne-ideje-s-mini-bozicnim-zvijezdama\/\" target=\"_self\" >Neka vas obuzme duh Bo\u017ei\u0107a: 24 dekorativne ideje s mini bo\u017ei\u0107nim zvijezdama<\/a><\/h3>\n\n\n<div class=\"wp-block-group postmetaline is-nowrap is-layout-flex wp-container-core-group-is-layout-6c531013 wp-block-group-is-layout-flex\"><div class=\"wp-block-post-date\"><time datetime=\"2025-09-17T10:44:24+02:00\">17. rujna 2025<\/time><\/div>\n\n<\/div>\n\n\n<div class=\"wp-block-post-excerpt\"><p class=\"wp-block-post-excerpt__excerpt\">Stvorite blagdansku atmosferu u svom domu s mini bo\u017ei\u0107nim zvijezdama. Otkrijte 24 kreativne ideje za ukra\u0161avanje adventskog vijenca, sve\u010dane ukrase za stol i jo\u0161 mnogo toga. Inspirirajte se!<\/p><p class=\"wp-block-post-excerpt__more-text\"><a class=\"wp-block-post-excerpt__more-link\" href=\"https:\/\/starsforeurope.com\/hr\/blog\/neka-vas-obuzme-duh-bozica-24-dekorativne-ideje-s-mini-bozicnim-zvijezdama\/\">Pro\u010ditajte vi\u0161e<\/a><\/p><\/div>\n<\/li><li class=\"wp-block-post post-7743 blog type-blog status-publish has-post-thumbnail hentry blog_main-dekoracija blog_main-uradi-sam-upcycling blog_main-vrijedi-znati blog_main-znanje\">\n<figure style=\"aspect-ratio:1;\" class=\"featuredimage wp-block-post-featured-image\"><a href=\"https:\/\/starsforeurope.com\/hr\/blog\/mini-bozicne-zvijezde-ideje-za-darove-i-savjeti-za-njegu\/\" target=\"_self\"  ><img loading=\"lazy\" decoding=\"async\" width=\"875\" height=\"1050\" src=\"https:\/\/starsforeurope.com\/hr\/wp-content\/uploads\/sites\/21\/2025\/09\/2022-poinsettia-03000-varieties-06.jpg\" class=\"attachment-post-thumbnail size-post-thumbnail wp-post-image\" alt=\"Mini bo\u017ei\u0107ne zvijezde \u2013 najbolji savjeti za njegu i dekoraciju\" style=\"width:100%;height:100%;object-fit:cover;\" srcset=\"https:\/\/starsforeurope.com\/hr\/wp-content\/uploads\/sites\/21\/2025\/09\/2022-poinsettia-03000-varieties-06.jpg 875w, https:\/\/starsforeurope.com\/hr\/wp-content\/uploads\/sites\/21\/2025\/09\/2022-poinsettia-03000-varieties-06-250x300.jpg 250w, https:\/\/starsforeurope.com\/hr\/wp-content\/uploads\/sites\/21\/2025\/09\/2022-poinsettia-03000-varieties-06-853x1024.jpg 853w, https:\/\/starsforeurope.com\/hr\/wp-content\/uploads\/sites\/21\/2025\/09\/2022-poinsettia-03000-varieties-06-768x922.jpg 768w\" sizes=\"auto, (max-width: 875px) 100vw, 875px\" \/><\/a><\/figure>\n\n<h3 class=\"wp-block-post-title\"><a href=\"https:\/\/starsforeurope.com\/hr\/blog\/mini-bozicne-zvijezde-ideje-za-darove-i-savjeti-za-njegu\/\" target=\"_self\" >Mini bo\u017ei\u0107ne zvijezde \u2013 najbolji savjeti za njegu i dekoraciju<\/a><\/h3>\n\n\n<div class=\"wp-block-group postmetaline is-nowrap is-layout-flex wp-container-core-group-is-layout-6c531013 wp-block-group-is-layout-flex\"><div class=\"wp-block-post-date\"><time datetime=\"2025-09-16T13:49:10+02:00\">16. rujna 2025<\/time><\/div>\n\n<\/div>\n\n\n<div class=\"wp-block-post-excerpt\"><p class=\"wp-block-post-excerpt__excerpt\">Raznobojne mini bo\u017ei\u0107ne zvijezde izvrstan su ukras i prekrasan pokloni za blagdane. Evo nekoliko stru\u010dnih savjeta o njezi i idejama za ukra\u0161avanje.<\/p><p class=\"wp-block-post-excerpt__more-text\"><a class=\"wp-block-post-excerpt__more-link\" href=\"https:\/\/starsforeurope.com\/hr\/blog\/mini-bozicne-zvijezde-ideje-za-darove-i-savjeti-za-njegu\/\">Pro\u010ditajte vi\u0161e<\/a><\/p><\/div>\n<\/li><li class=\"wp-block-post post-7708 blog type-blog status-publish has-post-thumbnail hentry blog_main-dekoracija blog_main-uradi-sam-upcycling\">\n<figure style=\"aspect-ratio:1;\" class=\"featuredimage wp-block-post-featured-image\"><a href=\"https:\/\/starsforeurope.com\/hr\/blog\/bozicna-izrada-s-djecom-bozicno-selo-od-kartona-za-pica\/\" target=\"_self\"  ><img loading=\"lazy\" decoding=\"async\" width=\"875\" height=\"1050\" src=\"https:\/\/starsforeurope.com\/hr\/wp-content\/uploads\/sites\/21\/2025\/08\/2025_Poinsettia_02170_DIY_Upcycled_Carton_Winter_Village_05.jpg\" class=\"attachment-post-thumbnail size-post-thumbnail wp-post-image\" alt=\"Bo\u017ei\u0107na izrada s djecom: Bo\u017ei\u0107no selo od kartona za pi\u0107a\" style=\"width:100%;height:100%;object-fit:cover;\" srcset=\"https:\/\/starsforeurope.com\/hr\/wp-content\/uploads\/sites\/21\/2025\/08\/2025_Poinsettia_02170_DIY_Upcycled_Carton_Winter_Village_05.jpg 875w, https:\/\/starsforeurope.com\/hr\/wp-content\/uploads\/sites\/21\/2025\/08\/2025_Poinsettia_02170_DIY_Upcycled_Carton_Winter_Village_05-250x300.jpg 250w, https:\/\/starsforeurope.com\/hr\/wp-content\/uploads\/sites\/21\/2025\/08\/2025_Poinsettia_02170_DIY_Upcycled_Carton_Winter_Village_05-853x1024.jpg 853w, https:\/\/starsforeurope.com\/hr\/wp-content\/uploads\/sites\/21\/2025\/08\/2025_Poinsettia_02170_DIY_Upcycled_Carton_Winter_Village_05-768x922.jpg 768w\" sizes=\"auto, (max-width: 875px) 100vw, 875px\" \/><\/a><\/figure>\n\n<h3 class=\"wp-block-post-title\"><a href=\"https:\/\/starsforeurope.com\/hr\/blog\/bozicna-izrada-s-djecom-bozicno-selo-od-kartona-za-pica\/\" target=\"_self\" >Bo\u017ei\u0107na izrada s djecom: Bo\u017ei\u0107no selo od kartona za pi\u0107a<\/a><\/h3>\n\n\n<div class=\"wp-block-group postmetaline is-nowrap is-layout-flex wp-container-core-group-is-layout-6c531013 wp-block-group-is-layout-flex\"><div class=\"wp-block-post-date\"><time datetime=\"2025-09-15T15:14:03+02:00\">15. rujna 2025<\/time><\/div>\n\n<\/div>\n\n\n<div class=\"wp-block-post-excerpt\"><p class=\"wp-block-post-excerpt__excerpt\">Zabava s izradom za sve uzraste: Izradite bo\u017ei\u0107no selo s mini bo\u017ei\u0107nim zvijezdama &#8211; sada s video uputama korak po korak.<\/p><p class=\"wp-block-post-excerpt__more-text\"><a class=\"wp-block-post-excerpt__more-link\" href=\"https:\/\/starsforeurope.com\/hr\/blog\/bozicna-izrada-s-djecom-bozicno-selo-od-kartona-za-pica\/\">Pro\u010ditajte vi\u0161e<\/a><\/p><\/div>\n<\/li><li class=\"wp-block-post post-7199 blog type-blog status-publish has-post-thumbnail hentry blog_cat-adventsdekoration blog_cat-tischdekoration blog_cat-hochzeitsdeko blog_cat-geschenkideen blog_cat-dekorationsideen blog_cat-winterdeko blog_main-dekoracija blog_main-rezano-cvijece\">\n<figure style=\"aspect-ratio:1;\" class=\"featuredimage wp-block-post-featured-image\"><a href=\"https:\/\/starsforeurope.com\/hr\/blog\/koristenje-bozicnih-zvijezda-kao-svjeze-cvijece-ideje-za-ukrasavanje-preferencije-tehnika-rezanja-i-povijest\/\" target=\"_self\"  ><img loading=\"lazy\" decoding=\"async\" width=\"875\" height=\"1050\" src=\"https:\/\/starsforeurope.com\/hr\/wp-content\/uploads\/sites\/21\/2023\/10\/2021-poinsettia-05000-christma.jpg\" class=\"attachment-post-thumbnail size-post-thumbnail wp-post-image\" alt=\"Kori\u0161tenje bo\u017ei\u0107nih zvijezda kao svje\u017eeg cvije\u0107a: ideje za ukra\u0161avanje, preferencije, tehnika rezanja i povijest\" style=\"width:100%;height:100%;object-fit:cover;\" srcset=\"https:\/\/starsforeurope.com\/hr\/wp-content\/uploads\/sites\/21\/2023\/10\/2021-poinsettia-05000-christma.jpg 875w, https:\/\/starsforeurope.com\/hr\/wp-content\/uploads\/sites\/21\/2023\/10\/2021-poinsettia-05000-christma-250x300.jpg 250w, https:\/\/starsforeurope.com\/hr\/wp-content\/uploads\/sites\/21\/2023\/10\/2021-poinsettia-05000-christma-853x1024.jpg 853w, https:\/\/starsforeurope.com\/hr\/wp-content\/uploads\/sites\/21\/2023\/10\/2021-poinsettia-05000-christma-768x922.jpg 768w, https:\/\/starsforeurope.com\/hr\/wp-content\/uploads\/sites\/21\/2023\/10\/2021-poinsettia-05000-christma-563x675.jpg 563w\" sizes=\"auto, (max-width: 875px) 100vw, 875px\" \/><\/a><\/figure>\n\n<h3 class=\"wp-block-post-title\"><a href=\"https:\/\/starsforeurope.com\/hr\/blog\/koristenje-bozicnih-zvijezda-kao-svjeze-cvijece-ideje-za-ukrasavanje-preferencije-tehnika-rezanja-i-povijest\/\" target=\"_self\" >Kori\u0161tenje bo\u017ei\u0107nih zvijezda kao svje\u017eeg cvije\u0107a: ideje za ukra\u0161avanje, preferencije, tehnika rezanja i povijest<\/a><\/h3>\n\n\n<div class=\"wp-block-group postmetaline is-nowrap is-layout-flex wp-container-core-group-is-layout-6c531013 wp-block-group-is-layout-flex\"><div class=\"wp-block-post-date\"><time datetime=\"2023-11-17T05:46:22+01:00\">17. studenoga 2023<\/time><\/div>\n\n<\/div>\n\n\n<div class=\"wp-block-post-excerpt\"><p class=\"wp-block-post-excerpt__excerpt\">Znate li da Bo\u017ei\u0107ne zvijezde mogu izdr\u017eati u vodi kao rezano cvije\u0107e i do dva tjedna; kao i ru\u017ee. U\u017eivajte u dekoraciji va\u0161eg doma<\/p><p class=\"wp-block-post-excerpt__more-text\"><a class=\"wp-block-post-excerpt__more-link\" href=\"https:\/\/starsforeurope.com\/hr\/blog\/koristenje-bozicnih-zvijezda-kao-svjeze-cvijece-ideje-za-ukrasavanje-preferencije-tehnika-rezanja-i-povijest\/\">Pro\u010ditajte vi\u0161e<\/a><\/p><\/div>\n<\/li><\/ul>\n\n<nav class=\"wp-block-query-pagination is-content-justification-center is-layout-flex wp-container-core-query-pagination-is-layout-a89b3969 wp-block-query-pagination-is-layout-flex\" aria-label=\"Numeriranje stranica\">\n\n\n<div class=\"wp-block-query-pagination-numbers has-medium-font-size\"><span aria-current=\"page\" class=\"page-numbers current\">1<\/span>\n<a class=\"page-numbers\" href=\"?query-0-page=2\">2<\/a><\/div>\n\n<a href=\"\/hr\/wp-json\/wp\/v2\/pages\/22?query-0-page=2\" class=\"wp-block-query-pagination-next\">\u22b3<\/a>\n<\/nav>\n\n<\/div>\n\n\n\n<div style=\"height:3rem\" aria-hidden=\"true\" class=\"wp-block-spacer\"><\/div>\n<\/div>","protected":false},"excerpt":{"rendered":"<p>Ovdje \u0107ete prona\u0107i obilje inspirativnih ideja za dekoraciju i DIY projekte za va\u0161 dom za Bo\u017ei\u0107. Poinsettie, ili bo\u017ei\u0107ne zvijezde kako ih zovemo, \u0107e vas iznenaditi velikim izborom oblika i boja koji odgovaraju svim ukusima i prostorima, bilo da se radi o rustikalnom, udobnom boho stilu, urbanoj d\u017eungli i mnogim drugima.<\/p>\n","protected":false},"author":1,"featured_media":4352,"parent":0,"menu_order":0,"comment_status":"closed","ping_status":"closed","template":"two-column-blog-single","meta":{"_acf_changed":false,"footnotes":""},"class_list":["post-22","page","type-page","status-publish","has-post-thumbnail","hentry"],"acf":[],"_links":{"self":[{"href":"https:\/\/starsforeurope.com\/hr\/wp-json\/wp\/v2\/pages\/22","targetHints":{"allow":["GET"]}}],"collection":[{"href":"https:\/\/starsforeurope.com\/hr\/wp-json\/wp\/v2\/pages"}],"about":[{"href":"https:\/\/starsforeurope.com\/hr\/wp-json\/wp\/v2\/types\/page"}],"author":[{"embeddable":true,"href":"https:\/\/starsforeurope.com\/hr\/wp-json\/wp\/v2\/users\/1"}],"replies":[{"embeddable":true,"href":"https:\/\/starsforeurope.com\/hr\/wp-json\/wp\/v2\/comments?post=22"}],"version-history":[{"count":52,"href":"https:\/\/starsforeurope.com\/hr\/wp-json\/wp\/v2\/pages\/22\/revisions"}],"predecessor-version":[{"id":7522,"href":"https:\/\/starsforeurope.com\/hr\/wp-json\/wp\/v2\/pages\/22\/revisions\/7522"}],"wp:featuredmedia":[{"embeddable":true,"href":"https:\/\/starsforeurope.com\/hr\/wp-json\/wp\/v2\/media\/4352"}],"wp:attachment":[{"href":"https:\/\/starsforeurope.com\/hr\/wp-json\/wp\/v2\/media?parent=22"}],"curies":[{"name":"wp","href":"https:\/\/api.w.org\/{rel}","templated":true}]}}