{"id":7992,"date":"2025-07-14T16:27:39","date_gmt":"2025-07-14T14:27:39","guid":{"rendered":"https:\/\/starsforeurope.com\/fr\/?page_id=7992"},"modified":"2025-07-21T23:43:24","modified_gmt":"2025-07-21T21:43:24","slug":"decorations-de-mariage-pr","status":"publish","type":"page","link":"https:\/\/starsforeurope.com\/fr\/communiques-de-presse\/decoration-pr\/decorations-de-mariage-pr\/","title":{"rendered":"Mariages \u00e9l\u00e9gants avec des poinsettias"},"content":{"rendered":"<main class=\"wp-block-group postimage-half wide-content is-layout-flow wp-block-group-is-layout-flow\" style=\"margin-top:var(--wp--preset--spacing--50)\">\n<div style=\"height:3rem\" aria-hidden=\"true\" class=\"wp-block-spacer\"><\/div>\n\n\n\n<div class=\"wp-block-query is-layout-flow wp-block-query-is-layout-flow\"><ul class=\"columns-2 wp-block-post-template is-layout-grid wp-container-core-post-template-is-layout-37ef2942 wp-block-post-template-is-layout-grid\"><li class=\"wp-block-post post-4880 press type-press status-publish has-post-thumbnail hentry press_main-communiques-de-presse press_main-decoration press_main-decorations-de-mariage press_main-decorations-de-table\">\n<figure style=\"aspect-ratio:1;\" class=\"featuredimage wp-block-post-featured-image\"><a href=\"https:\/\/starsforeurope.com\/fr\/press\/les-poinsettias-seduisent-les-jeunes-et-les-moins-jeunes-ces-plantes-saisonnieres-exotiques-seduisent-autant-pour-des-bouquets-de-mariage-originales-que-pour-la-deco-de-noel-traditionnelle\/\" target=\"_self\"  ><img loading=\"lazy\" decoding=\"async\" width=\"875\" height=\"1050\" src=\"https:\/\/starsforeurope.com\/fr\/wp-content\/uploads\/sites\/13\/2022\/08\/2021-poinsettia-01000-boho-green-livin.jpg\" class=\"attachment-post-thumbnail size-post-thumbnail wp-post-image\" alt=\"Les poinsettias s\u00e9duisent les jeunes et les moins jeunes. Ces plantes saisonni\u00e8res exotiques s\u00e9duisent autant pour des bouquets de mariage originales que pour la d\u00e9co de No\u00ebl traditionnelle\" style=\"width:100%;height:100%;object-fit:cover;\" srcset=\"https:\/\/starsforeurope.com\/fr\/wp-content\/uploads\/sites\/13\/2022\/08\/2021-poinsettia-01000-boho-green-livin.jpg 875w, https:\/\/starsforeurope.com\/fr\/wp-content\/uploads\/sites\/13\/2022\/08\/2021-poinsettia-01000-boho-green-livin-250x300.jpg 250w, https:\/\/starsforeurope.com\/fr\/wp-content\/uploads\/sites\/13\/2022\/08\/2021-poinsettia-01000-boho-green-livin-853x1024.jpg 853w, https:\/\/starsforeurope.com\/fr\/wp-content\/uploads\/sites\/13\/2022\/08\/2021-poinsettia-01000-boho-green-livin-768x922.jpg 768w, https:\/\/starsforeurope.com\/fr\/wp-content\/uploads\/sites\/13\/2022\/08\/2021-poinsettia-01000-boho-green-livin-563x675.jpg 563w\" sizes=\"auto, (max-width: 875px) 100vw, 875px\" \/><\/a><\/figure>\n\n<h3 class=\"wp-block-post-title\"><a href=\"https:\/\/starsforeurope.com\/fr\/press\/les-poinsettias-seduisent-les-jeunes-et-les-moins-jeunes-ces-plantes-saisonnieres-exotiques-seduisent-autant-pour-des-bouquets-de-mariage-originales-que-pour-la-deco-de-noel-traditionnelle\/\" target=\"_self\" >Les poinsettias s\u00e9duisent les jeunes et les moins jeunes. Ces plantes saisonni\u00e8res exotiques s\u00e9duisent autant pour des bouquets de mariage originales que pour la d\u00e9co de No\u00ebl traditionnelle<\/a><\/h3>\n\n\n<div class=\"wp-block-group postmetaline is-nowrap is-layout-flex wp-container-core-group-is-layout-6c531013 wp-block-group-is-layout-flex\"><div class=\"wp-block-post-date\"><time datetime=\"2021-09-29T10:33:26+02:00\">29. septembre 2021<\/time><\/div>\n\n<\/div>\n\n\n<div class=\"wp-block-post-excerpt\"><p class=\"wp-block-post-excerpt__excerpt\">Associ\u00e9 depuis longtemps \u00e0 la tradition de No\u00ebl, et privil\u00e9gi\u00e9s par un groupe de consommateurs plus \u00e2g\u00e9s, les poinsettias attirent d\u00e9sormais l&rsquo;attention de nouveaux consommateurs, plus ax\u00e9s sur la mode et qui veulent \u00ab pimper \u00bb leur int\u00e9rieur. Ceux pour qui No\u00ebl est une tradition sacr\u00e9e impliquant une longue pr\u00e9paration de l&rsquo;Avent et des pr\u00e9parations<\/p><p class=\"wp-block-post-excerpt__more-text\"><a class=\"wp-block-post-excerpt__more-link\" href=\"https:\/\/starsforeurope.com\/fr\/press\/les-poinsettias-seduisent-les-jeunes-et-les-moins-jeunes-ces-plantes-saisonnieres-exotiques-seduisent-autant-pour-des-bouquets-de-mariage-originales-que-pour-la-deco-de-noel-traditionnelle\/\">Lire la suite<\/a><\/p><\/div>\n<\/li><li class=\"wp-block-post post-5720 press type-press status-publish has-post-thumbnail hentry press_cat-wedding-decoration press_main-communiques-de-presse press_main-decoration press_main-decorations-de-mariage\">\n<figure style=\"aspect-ratio:1;\" class=\"featuredimage wp-block-post-featured-image\"><a href=\"https:\/\/starsforeurope.com\/fr\/press\/elegant-romantique-et-colore-le-poinsettia-sublime-vos-receptions\/\" target=\"_self\"  ><img loading=\"lazy\" decoding=\"async\" width=\"875\" height=\"1050\" src=\"https:\/\/starsforeurope.com\/fr\/wp-content\/uploads\/sites\/13\/2022\/09\/2020_poinsettia_03000_Christmas_Blush_21-3.jpg\" class=\"attachment-post-thumbnail size-post-thumbnail wp-post-image\" alt=\"\u00c9l\u00e9gant, romantique et color\u00e9: le poinsettia sublime vos r\u00e9ceptions\" style=\"width:100%;height:100%;object-fit:cover;\" srcset=\"https:\/\/starsforeurope.com\/fr\/wp-content\/uploads\/sites\/13\/2022\/09\/2020_poinsettia_03000_Christmas_Blush_21-3.jpg 875w, https:\/\/starsforeurope.com\/fr\/wp-content\/uploads\/sites\/13\/2022\/09\/2020_poinsettia_03000_Christmas_Blush_21-3-250x300.jpg 250w, https:\/\/starsforeurope.com\/fr\/wp-content\/uploads\/sites\/13\/2022\/09\/2020_poinsettia_03000_Christmas_Blush_21-3-853x1024.jpg 853w, https:\/\/starsforeurope.com\/fr\/wp-content\/uploads\/sites\/13\/2022\/09\/2020_poinsettia_03000_Christmas_Blush_21-3-768x922.jpg 768w, https:\/\/starsforeurope.com\/fr\/wp-content\/uploads\/sites\/13\/2022\/09\/2020_poinsettia_03000_Christmas_Blush_21-3-563x675.jpg 563w\" sizes=\"auto, (max-width: 875px) 100vw, 875px\" \/><\/a><\/figure>\n\n<h3 class=\"wp-block-post-title\"><a href=\"https:\/\/starsforeurope.com\/fr\/press\/elegant-romantique-et-colore-le-poinsettia-sublime-vos-receptions\/\" target=\"_self\" >\u00c9l\u00e9gant, romantique et color\u00e9: le poinsettia sublime vos r\u00e9ceptions<\/a><\/h3>\n\n\n<div class=\"wp-block-group postmetaline is-nowrap is-layout-flex wp-container-core-group-is-layout-6c531013 wp-block-group-is-layout-flex\"><div class=\"wp-block-post-date\"><time datetime=\"2019-10-07T15:10:34+02:00\">07. octobre 2019<\/time><\/div>\n\n<\/div>\n\n\n<div class=\"wp-block-post-excerpt\"><p class=\"wp-block-post-excerpt__excerpt\">Attendez-vous \u00e0 voir des bouquets de mari\u00e9e et des accessoires pour cheveux avec cette fleur d&rsquo;hiver.<\/p><p class=\"wp-block-post-excerpt__more-text\"><a class=\"wp-block-post-excerpt__more-link\" href=\"https:\/\/starsforeurope.com\/fr\/press\/elegant-romantique-et-colore-le-poinsettia-sublime-vos-receptions\/\">Lire la suite<\/a><\/p><\/div>\n<\/li><\/ul>\n\n\n\n<\/div>\n\n\n\n<div style=\"height:3rem\" aria-hidden=\"true\" class=\"wp-block-spacer\"><\/div>\n<\/main>","protected":false},"excerpt":{"rendered":"<p>C\u00e9l\u00e9brez votre journ\u00e9e sp\u00e9ciale avec la beaut\u00e9 intemporelle des poinsettias, parfaits pour cr\u00e9er des accents de mariage m\u00e9morables et festifs.<\/p>\n","protected":false},"author":40,"featured_media":4366,"parent":7948,"menu_order":0,"comment_status":"closed","ping_status":"closed","template":"two-column-blog-single","meta":{"_acf_changed":false,"footnotes":""},"class_list":["post-7992","page","type-page","status-publish","has-post-thumbnail","hentry"],"acf":[],"_links":{"self":[{"href":"https:\/\/starsforeurope.com\/fr\/wp-json\/wp\/v2\/pages\/7992","targetHints":{"allow":["GET"]}}],"collection":[{"href":"https:\/\/starsforeurope.com\/fr\/wp-json\/wp\/v2\/pages"}],"about":[{"href":"https:\/\/starsforeurope.com\/fr\/wp-json\/wp\/v2\/types\/page"}],"author":[{"embeddable":true,"href":"https:\/\/starsforeurope.com\/fr\/wp-json\/wp\/v2\/users\/40"}],"replies":[{"embeddable":true,"href":"https:\/\/starsforeurope.com\/fr\/wp-json\/wp\/v2\/comments?post=7992"}],"version-history":[{"count":2,"href":"https:\/\/starsforeurope.com\/fr\/wp-json\/wp\/v2\/pages\/7992\/revisions"}],"predecessor-version":[{"id":7994,"href":"https:\/\/starsforeurope.com\/fr\/wp-json\/wp\/v2\/pages\/7992\/revisions\/7994"}],"up":[{"embeddable":true,"href":"https:\/\/starsforeurope.com\/fr\/wp-json\/wp\/v2\/pages\/7948"}],"wp:featuredmedia":[{"embeddable":true,"href":"https:\/\/starsforeurope.com\/fr\/wp-json\/wp\/v2\/media\/4366"}],"wp:attachment":[{"href":"https:\/\/starsforeurope.com\/fr\/wp-json\/wp\/v2\/media?parent=7992"}],"curies":[{"name":"wp","href":"https:\/\/api.w.org\/{rel}","templated":true}]}}