{"id":7989,"date":"2025-07-14T16:23:39","date_gmt":"2025-07-14T14:23:39","guid":{"rendered":"https:\/\/starsforeurope.com\/fr\/?page_id=7989"},"modified":"2025-07-21T23:43:24","modified_gmt":"2025-07-21T21:43:24","slug":"decorations-dhiver-pr","status":"publish","type":"page","link":"https:\/\/starsforeurope.com\/fr\/communiques-de-presse\/decoration-pr\/decorations-dhiver-pr\/","title":{"rendered":"D\u00e9corations d&rsquo;hiver avec des poinsettias"},"content":{"rendered":"<main class=\"wp-block-group postimage-half wide-content is-layout-flow wp-block-group-is-layout-flow\" style=\"margin-top:var(--wp--preset--spacing--50)\">\n<div style=\"height:3rem\" aria-hidden=\"true\" class=\"wp-block-spacer\"><\/div>\n\n\n\n<div class=\"wp-block-query is-layout-flow wp-block-query-is-layout-flow\"><ul class=\"columns-2 wp-block-post-template is-layout-grid wp-container-core-post-template-is-layout-37ef2942 wp-block-post-template-is-layout-grid\"><li class=\"wp-block-post post-8174 press type-press status-publish has-post-thumbnail hentry press_cat-winter-decor press_cat-diy press_main-communiques-de-presse press_main-decoration press_main-decorations-dhiver press_main-diy-upcycling\">\n<figure style=\"aspect-ratio:1;\" class=\"featuredimage wp-block-post-featured-image\"><a href=\"https:\/\/starsforeurope.com\/fr\/press\/des-etoiles-partout-les-poinsettias-sont-les-compagnons-de-choix-pour-les-decorations-dinterieur-tout-au-long-de-lhiver\/\" target=\"_self\"  ><img loading=\"lazy\" decoding=\"async\" width=\"875\" height=\"1050\" src=\"https:\/\/starsforeurope.com\/fr\/wp-content\/uploads\/sites\/13\/2025\/07\/2025_Poinsettia_01000_Nordic_Winter_Charm_47.jpg\" class=\"attachment-post-thumbnail size-post-thumbnail wp-post-image\" alt=\"Des \u00e9toiles partout! Les poinsettias sont les compagnons de choix pour les d\u00e9corations d\u2019int\u00e9rieur tout au long de l\u2019hiver\" style=\"width:100%;height:100%;object-fit:cover;\" srcset=\"https:\/\/starsforeurope.com\/fr\/wp-content\/uploads\/sites\/13\/2025\/07\/2025_Poinsettia_01000_Nordic_Winter_Charm_47.jpg 875w, https:\/\/starsforeurope.com\/fr\/wp-content\/uploads\/sites\/13\/2025\/07\/2025_Poinsettia_01000_Nordic_Winter_Charm_47-250x300.jpg 250w, https:\/\/starsforeurope.com\/fr\/wp-content\/uploads\/sites\/13\/2025\/07\/2025_Poinsettia_01000_Nordic_Winter_Charm_47-853x1024.jpg 853w, https:\/\/starsforeurope.com\/fr\/wp-content\/uploads\/sites\/13\/2025\/07\/2025_Poinsettia_01000_Nordic_Winter_Charm_47-768x922.jpg 768w\" sizes=\"auto, (max-width: 875px) 100vw, 875px\" \/><\/a><\/figure>\n\n<h3 class=\"wp-block-post-title\"><a href=\"https:\/\/starsforeurope.com\/fr\/press\/des-etoiles-partout-les-poinsettias-sont-les-compagnons-de-choix-pour-les-decorations-dinterieur-tout-au-long-de-lhiver\/\" target=\"_self\" >Des \u00e9toiles partout! Les poinsettias sont les compagnons de choix pour les d\u00e9corations d\u2019int\u00e9rieur tout au long de l\u2019hiver<\/a><\/h3>\n\n\n<div class=\"wp-block-group postmetaline is-nowrap is-layout-flex wp-container-core-group-is-layout-6c531013 wp-block-group-is-layout-flex\"><div class=\"wp-block-post-date\"><time datetime=\"2025-07-22T09:00:00+02:00\">22. juillet 2025<\/time><\/div>\n\n<\/div>\n\n\n<div class=\"wp-block-post-excerpt\"><p class=\"wp-block-post-excerpt__excerpt\">Les poinsettias ajoutent une touche de magie hivernale \u00e0 n&rsquo;importe quelle pi\u00e8ce. Ils s&rsquo;int\u00e8grent parfaitement \u00e0 tous les styles et sont parfaits pour les projets cr\u00e9atifs. Pour en savoir plus, c\u2019est ici.<\/p><p class=\"wp-block-post-excerpt__more-text\"><a class=\"wp-block-post-excerpt__more-link\" href=\"https:\/\/starsforeurope.com\/fr\/press\/des-etoiles-partout-les-poinsettias-sont-les-compagnons-de-choix-pour-les-decorations-dinterieur-tout-au-long-de-lhiver\/\">Lire la suite<\/a><\/p><\/div>\n<\/li><li class=\"wp-block-post post-5799 press type-press status-publish has-post-thumbnail hentry press_cat-advent-decoration press_cat-diy press_main-communiques-de-presse press_main-decoration press_main-decorations-dhiver press_main-diy-upcycling\">\n<figure style=\"aspect-ratio:1;\" class=\"featuredimage wp-block-post-featured-image\"><a href=\"https:\/\/starsforeurope.com\/fr\/press\/le-coup-denvoi-de-la-periode-des-fetes-des-idees-de-calendrier-de-lavent-avec-des-poinsettias\/\" target=\"_self\"  ><img loading=\"lazy\" decoding=\"async\" width=\"875\" height=\"1050\" src=\"https:\/\/starsforeurope.com\/fr\/wp-content\/uploads\/sites\/13\/2022\/09\/2018_poinsettia_0100_Christmas_Tales_27.jpg\" class=\"attachment-post-thumbnail size-post-thumbnail wp-post-image\" alt=\"Le coup d&rsquo;envoi de la p\u00e9riode des f\u00eates. Des id\u00e9es de calendrier de l&rsquo;Avent avec des poinsettias\" style=\"width:100%;height:100%;object-fit:cover;\" srcset=\"https:\/\/starsforeurope.com\/fr\/wp-content\/uploads\/sites\/13\/2022\/09\/2018_poinsettia_0100_Christmas_Tales_27.jpg 875w, https:\/\/starsforeurope.com\/fr\/wp-content\/uploads\/sites\/13\/2022\/09\/2018_poinsettia_0100_Christmas_Tales_27-250x300.jpg 250w, https:\/\/starsforeurope.com\/fr\/wp-content\/uploads\/sites\/13\/2022\/09\/2018_poinsettia_0100_Christmas_Tales_27-853x1024.jpg 853w, https:\/\/starsforeurope.com\/fr\/wp-content\/uploads\/sites\/13\/2022\/09\/2018_poinsettia_0100_Christmas_Tales_27-768x922.jpg 768w, https:\/\/starsforeurope.com\/fr\/wp-content\/uploads\/sites\/13\/2022\/09\/2018_poinsettia_0100_Christmas_Tales_27-563x675.jpg 563w\" sizes=\"auto, (max-width: 875px) 100vw, 875px\" \/><\/a><\/figure>\n\n<h3 class=\"wp-block-post-title\"><a href=\"https:\/\/starsforeurope.com\/fr\/press\/le-coup-denvoi-de-la-periode-des-fetes-des-idees-de-calendrier-de-lavent-avec-des-poinsettias\/\" target=\"_self\" >Le coup d&rsquo;envoi de la p\u00e9riode des f\u00eates. Des id\u00e9es de calendrier de l&rsquo;Avent avec des poinsettias<\/a><\/h3>\n\n\n<div class=\"wp-block-group postmetaline is-nowrap is-layout-flex wp-container-core-group-is-layout-6c531013 wp-block-group-is-layout-flex\"><div class=\"wp-block-post-date\"><time datetime=\"2018-11-07T11:19:26+01:00\">07. novembre 2018<\/time><\/div>\n\n<\/div>\n\n\n<div class=\"wp-block-post-excerpt\"><p class=\"wp-block-post-excerpt__excerpt\">Un calendrier de l&rsquo;Avent fait maison est un moment fort de la saison des f\u00eates. Nous vous pr\u00e9sentons trois calendriers de l&rsquo;Avent d\u00e9coratifs faits maison avec des poinsettias.<\/p><p class=\"wp-block-post-excerpt__more-text\"><a class=\"wp-block-post-excerpt__more-link\" href=\"https:\/\/starsforeurope.com\/fr\/press\/le-coup-denvoi-de-la-periode-des-fetes-des-idees-de-calendrier-de-lavent-avec-des-poinsettias\/\">Lire la suite<\/a><\/p><\/div>\n<\/li><\/ul>\n\n\n\n<\/div>\n\n\n\n<div style=\"height:3rem\" aria-hidden=\"true\" class=\"wp-block-spacer\"><\/div>\n<\/main>","protected":false},"excerpt":{"rendered":"<p>Apportez un charme douillet \u00e0 votre d\u00e9cor hivernal avec des poinsettias vibrants, parfaits pour \u00e9gayer les journ\u00e9es froides et les nuits festives.<\/p>\n","protected":false},"author":40,"featured_media":4366,"parent":7948,"menu_order":0,"comment_status":"closed","ping_status":"closed","template":"two-column-press","meta":{"_acf_changed":false,"footnotes":""},"class_list":["post-7989","page","type-page","status-publish","has-post-thumbnail","hentry"],"acf":[],"_links":{"self":[{"href":"https:\/\/starsforeurope.com\/fr\/wp-json\/wp\/v2\/pages\/7989","targetHints":{"allow":["GET"]}}],"collection":[{"href":"https:\/\/starsforeurope.com\/fr\/wp-json\/wp\/v2\/pages"}],"about":[{"href":"https:\/\/starsforeurope.com\/fr\/wp-json\/wp\/v2\/types\/page"}],"author":[{"embeddable":true,"href":"https:\/\/starsforeurope.com\/fr\/wp-json\/wp\/v2\/users\/40"}],"replies":[{"embeddable":true,"href":"https:\/\/starsforeurope.com\/fr\/wp-json\/wp\/v2\/comments?post=7989"}],"version-history":[{"count":2,"href":"https:\/\/starsforeurope.com\/fr\/wp-json\/wp\/v2\/pages\/7989\/revisions"}],"predecessor-version":[{"id":7991,"href":"https:\/\/starsforeurope.com\/fr\/wp-json\/wp\/v2\/pages\/7989\/revisions\/7991"}],"up":[{"embeddable":true,"href":"https:\/\/starsforeurope.com\/fr\/wp-json\/wp\/v2\/pages\/7948"}],"wp:featuredmedia":[{"embeddable":true,"href":"https:\/\/starsforeurope.com\/fr\/wp-json\/wp\/v2\/media\/4366"}],"wp:attachment":[{"href":"https:\/\/starsforeurope.com\/fr\/wp-json\/wp\/v2\/media?parent=7989"}],"curies":[{"name":"wp","href":"https:\/\/api.w.org\/{rel}","templated":true}]}}