{"id":7983,"date":"2025-07-14T15:47:56","date_gmt":"2025-07-14T13:47:56","guid":{"rendered":"https:\/\/starsforeurope.com\/fr\/?page_id=7983"},"modified":"2025-07-21T23:43:24","modified_gmt":"2025-07-21T21:43:24","slug":"idees-de-cadeaux-pr","status":"publish","type":"page","link":"https:\/\/starsforeurope.com\/fr\/communiques-de-presse\/decoration-pr\/idees-de-cadeaux-pr\/","title":{"rendered":"Id\u00e9es de cadeaux pour les poinsettias"},"content":{"rendered":"<main class=\"wp-block-group postimage-half wide-content is-layout-flow wp-block-group-is-layout-flow\" style=\"margin-top:var(--wp--preset--spacing--50)\">\n<div style=\"height:3rem\" aria-hidden=\"true\" class=\"wp-block-spacer\"><\/div>\n\n\n\n<div class=\"wp-block-query is-layout-flow wp-block-query-is-layout-flow\"><ul class=\"columns-2 wp-block-post-template is-layout-grid wp-container-core-post-template-is-layout-37ef2942 wp-block-post-template-is-layout-grid\"><li class=\"wp-block-post post-8200 press type-press status-publish has-post-thumbnail hentry press_cat-gift-ideas press_main-communiques-de-presse press_main-idees-de-cadeaux\">\n<figure style=\"aspect-ratio:1;\" class=\"featuredimage wp-block-post-featured-image\"><a href=\"https:\/\/starsforeurope.com\/fr\/press\/offrez-de-la-joie-et-de-la-couleur-avec-les-poinsettias\/\" target=\"_self\"  ><img loading=\"lazy\" decoding=\"async\" width=\"875\" height=\"1050\" src=\"https:\/\/starsforeurope.com\/fr\/wp-content\/uploads\/sites\/13\/2025\/07\/2025_Poinsettia_03000_Traditional_Christmas_Spirit_12.jpg\" class=\"attachment-post-thumbnail size-post-thumbnail wp-post-image\" alt=\"Offrez de la joie et de la couleur avec les poinsettias\" style=\"width:100%;height:100%;object-fit:cover;\" srcset=\"https:\/\/starsforeurope.com\/fr\/wp-content\/uploads\/sites\/13\/2025\/07\/2025_Poinsettia_03000_Traditional_Christmas_Spirit_12.jpg 875w, https:\/\/starsforeurope.com\/fr\/wp-content\/uploads\/sites\/13\/2025\/07\/2025_Poinsettia_03000_Traditional_Christmas_Spirit_12-250x300.jpg 250w, https:\/\/starsforeurope.com\/fr\/wp-content\/uploads\/sites\/13\/2025\/07\/2025_Poinsettia_03000_Traditional_Christmas_Spirit_12-853x1024.jpg 853w, https:\/\/starsforeurope.com\/fr\/wp-content\/uploads\/sites\/13\/2025\/07\/2025_Poinsettia_03000_Traditional_Christmas_Spirit_12-768x922.jpg 768w\" sizes=\"auto, (max-width: 875px) 100vw, 875px\" \/><\/a><\/figure>\n\n<h3 class=\"wp-block-post-title\"><a href=\"https:\/\/starsforeurope.com\/fr\/press\/offrez-de-la-joie-et-de-la-couleur-avec-les-poinsettias\/\" target=\"_self\" >Offrez de la joie et de la couleur avec les poinsettias<\/a><\/h3>\n\n\n<div class=\"wp-block-group postmetaline is-nowrap is-layout-flex wp-container-core-group-is-layout-6c531013 wp-block-group-is-layout-flex\"><div class=\"wp-block-post-date\"><time datetime=\"2025-07-22T13:00:00+02:00\">22. juillet 2025<\/time><\/div>\n\n<\/div>\n\n\n<div class=\"wp-block-post-excerpt\"><p class=\"wp-block-post-excerpt__excerpt\">Bien emball\u00e9 ou au coeur d&rsquo;un arrangement cr\u00e9atif, un poinsettia est un cadeau unique et personnel. Laissez-vous inspirer !<\/p><p class=\"wp-block-post-excerpt__more-text\"><a class=\"wp-block-post-excerpt__more-link\" href=\"https:\/\/starsforeurope.com\/fr\/press\/offrez-de-la-joie-et-de-la-couleur-avec-les-poinsettias\/\">Lire la suite<\/a><\/p><\/div>\n<\/li><li class=\"wp-block-post post-5592 press type-press status-publish has-post-thumbnail hentry press_cat-winter-decor press_cat-table-decoration press_cat-diy press_main-communiques-de-presse press_main-decoration press_main-diy-upcycling press_main-idees-de-cadeaux\">\n<figure style=\"aspect-ratio:1;\" class=\"featuredimage wp-block-post-featured-image\"><a href=\"https:\/\/starsforeurope.com\/fr\/press\/idees-de-cadeaux-avec-des-poinsettias\/\" target=\"_self\"  ><img loading=\"lazy\" decoding=\"async\" width=\"875\" height=\"1050\" src=\"https:\/\/starsforeurope.com\/fr\/wp-content\/uploads\/sites\/13\/2024\/08\/2024_Poinsettia_03000_Country_Chic_in_Blue_08.jpg\" class=\"attachment-post-thumbnail size-post-thumbnail wp-post-image\" alt=\"Id\u00e9es de cadeaux avec des poinsettias\" style=\"width:100%;height:100%;object-fit:cover;\" srcset=\"https:\/\/starsforeurope.com\/fr\/wp-content\/uploads\/sites\/13\/2024\/08\/2024_Poinsettia_03000_Country_Chic_in_Blue_08.jpg 875w, https:\/\/starsforeurope.com\/fr\/wp-content\/uploads\/sites\/13\/2024\/08\/2024_Poinsettia_03000_Country_Chic_in_Blue_08-250x300.jpg 250w, https:\/\/starsforeurope.com\/fr\/wp-content\/uploads\/sites\/13\/2024\/08\/2024_Poinsettia_03000_Country_Chic_in_Blue_08-853x1024.jpg 853w, https:\/\/starsforeurope.com\/fr\/wp-content\/uploads\/sites\/13\/2024\/08\/2024_Poinsettia_03000_Country_Chic_in_Blue_08-768x922.jpg 768w, https:\/\/starsforeurope.com\/fr\/wp-content\/uploads\/sites\/13\/2024\/08\/2024_Poinsettia_03000_Country_Chic_in_Blue_08-563x675.jpg 563w\" sizes=\"auto, (max-width: 875px) 100vw, 875px\" \/><\/a><\/figure>\n\n<h3 class=\"wp-block-post-title\"><a href=\"https:\/\/starsforeurope.com\/fr\/press\/idees-de-cadeaux-avec-des-poinsettias\/\" target=\"_self\" >Id\u00e9es de cadeaux avec des poinsettias<\/a><\/h3>\n\n\n<div class=\"wp-block-group postmetaline is-nowrap is-layout-flex wp-container-core-group-is-layout-6c531013 wp-block-group-is-layout-flex\"><div class=\"wp-block-post-date\"><time datetime=\"2024-11-07T07:00:36+01:00\">07. novembre 2024<\/time><\/div>\n\n<\/div>\n\n\n<div class=\"wp-block-post-excerpt\"><p class=\"wp-block-post-excerpt__excerpt\">Une composition faite maison avec des poinsettias exprime amour et reconnaissance. Laissez-vous inspirer par nos id\u00e9es cadeaux<\/p><p class=\"wp-block-post-excerpt__more-text\"><a class=\"wp-block-post-excerpt__more-link\" href=\"https:\/\/starsforeurope.com\/fr\/press\/idees-de-cadeaux-avec-des-poinsettias\/\">Lire la suite<\/a><\/p><\/div>\n<\/li><li class=\"wp-block-post post-7242 press type-press status-publish has-post-thumbnail hentry press_cat-decoration-tips press_cat-advent-decoration press_cat-table-decoration press_cat-christmas-tree-decorations press_cat-diy press_main-communiques-de-presse press_main-decoration press_main-diy-upcycling press_main-idees-de-cadeaux\">\n<figure style=\"aspect-ratio:1;\" class=\"featuredimage wp-block-post-featured-image\"><a href=\"https:\/\/starsforeurope.com\/fr\/press\/pendant-lhiver-offrir-un-poinsettia-comme-objet-decoratif\/\" target=\"_self\"  ><img loading=\"lazy\" decoding=\"async\" width=\"875\" height=\"1050\" src=\"https:\/\/starsforeurope.com\/fr\/wp-content\/uploads\/sites\/13\/2023\/07\/2023_poinsettia_01000_Jewels_of_Nature_15.jpg\" class=\"attachment-post-thumbnail size-post-thumbnail wp-post-image\" alt=\"Pendant l\u2019hiver, offrir un poinsettia comme objet d\u00e9coratif\" style=\"width:100%;height:100%;object-fit:cover;\" srcset=\"https:\/\/starsforeurope.com\/fr\/wp-content\/uploads\/sites\/13\/2023\/07\/2023_poinsettia_01000_Jewels_of_Nature_15.jpg 875w, https:\/\/starsforeurope.com\/fr\/wp-content\/uploads\/sites\/13\/2023\/07\/2023_poinsettia_01000_Jewels_of_Nature_15-250x300.jpg 250w, https:\/\/starsforeurope.com\/fr\/wp-content\/uploads\/sites\/13\/2023\/07\/2023_poinsettia_01000_Jewels_of_Nature_15-853x1024.jpg 853w, https:\/\/starsforeurope.com\/fr\/wp-content\/uploads\/sites\/13\/2023\/07\/2023_poinsettia_01000_Jewels_of_Nature_15-768x922.jpg 768w, https:\/\/starsforeurope.com\/fr\/wp-content\/uploads\/sites\/13\/2023\/07\/2023_poinsettia_01000_Jewels_of_Nature_15-563x675.jpg 563w\" sizes=\"auto, (max-width: 875px) 100vw, 875px\" \/><\/a><\/figure>\n\n<h3 class=\"wp-block-post-title\"><a href=\"https:\/\/starsforeurope.com\/fr\/press\/pendant-lhiver-offrir-un-poinsettia-comme-objet-decoratif\/\" target=\"_self\" >Pendant l\u2019hiver, offrir un poinsettia comme objet d\u00e9coratif<\/a><\/h3>\n\n\n<div class=\"wp-block-group postmetaline is-nowrap is-layout-flex wp-container-core-group-is-layout-6c531013 wp-block-group-is-layout-flex\"><div class=\"wp-block-post-date\"><time datetime=\"2023-12-04T07:56:52+01:00\">04. d\u00e9cembre 2023<\/time><\/div>\n\n<\/div>\n\n\n<div class=\"wp-block-post-excerpt\"><p class=\"wp-block-post-excerpt__excerpt\">Laissez-vous inspirer par les id\u00e9es de cadeaux avec des poinsettias et des mat\u00e9riaux naturels<\/p><p class=\"wp-block-post-excerpt__more-text\"><a class=\"wp-block-post-excerpt__more-link\" href=\"https:\/\/starsforeurope.com\/fr\/press\/pendant-lhiver-offrir-un-poinsettia-comme-objet-decoratif\/\">Lire la suite<\/a><\/p><\/div>\n<\/li><li class=\"wp-block-post post-7234 press type-press status-publish has-post-thumbnail hentry press_cat-decoration-tips press_cat-christmas-tree-decorations press_cat-diy press_cat-gift-ideas press_main-communiques-de-presse press_main-decoration press_main-decorations-du-sapin-de-noel press_main-idees-de-cadeaux\">\n<figure style=\"aspect-ratio:1;\" class=\"featuredimage wp-block-post-featured-image\"><a href=\"https:\/\/starsforeurope.com\/fr\/press\/comment-les-poinsettias-participent-a-la-magie-de-noel\/\" target=\"_self\"  ><img loading=\"lazy\" decoding=\"async\" width=\"875\" height=\"1050\" src=\"https:\/\/starsforeurope.com\/fr\/wp-content\/uploads\/sites\/13\/2023\/07\/2023_poinsettia_02000_Cottagecore_Charm_37.jpg\" class=\"attachment-post-thumbnail size-post-thumbnail wp-post-image\" alt=\"Comment les poinsettias participent \u00e0 la magie de No\u00ebl\" style=\"width:100%;height:100%;object-fit:cover;\" srcset=\"https:\/\/starsforeurope.com\/fr\/wp-content\/uploads\/sites\/13\/2023\/07\/2023_poinsettia_02000_Cottagecore_Charm_37.jpg 875w, https:\/\/starsforeurope.com\/fr\/wp-content\/uploads\/sites\/13\/2023\/07\/2023_poinsettia_02000_Cottagecore_Charm_37-250x300.jpg 250w, https:\/\/starsforeurope.com\/fr\/wp-content\/uploads\/sites\/13\/2023\/07\/2023_poinsettia_02000_Cottagecore_Charm_37-853x1024.jpg 853w, https:\/\/starsforeurope.com\/fr\/wp-content\/uploads\/sites\/13\/2023\/07\/2023_poinsettia_02000_Cottagecore_Charm_37-768x922.jpg 768w, https:\/\/starsforeurope.com\/fr\/wp-content\/uploads\/sites\/13\/2023\/07\/2023_poinsettia_02000_Cottagecore_Charm_37-563x675.jpg 563w\" sizes=\"auto, (max-width: 875px) 100vw, 875px\" \/><\/a><\/figure>\n\n<h3 class=\"wp-block-post-title\"><a href=\"https:\/\/starsforeurope.com\/fr\/press\/comment-les-poinsettias-participent-a-la-magie-de-noel\/\" target=\"_self\" >Comment les poinsettias participent \u00e0 la magie de No\u00ebl<\/a><\/h3>\n\n\n<div class=\"wp-block-group postmetaline is-nowrap is-layout-flex wp-container-core-group-is-layout-6c531013 wp-block-group-is-layout-flex\"><div class=\"wp-block-post-date\"><time datetime=\"2023-10-02T07:34:42+02:00\">02. octobre 2023<\/time><\/div>\n\n<\/div>\n\n\n<div class=\"wp-block-post-excerpt\"><p class=\"wp-block-post-excerpt__excerpt\">Les poinsettias sont le cadre id\u00e9al pour passer des journ\u00e9es agr\u00e9ables en famille<\/p><p class=\"wp-block-post-excerpt__more-text\"><a class=\"wp-block-post-excerpt__more-link\" href=\"https:\/\/starsforeurope.com\/fr\/press\/comment-les-poinsettias-participent-a-la-magie-de-noel\/\">Lire la suite<\/a><\/p><\/div>\n<\/li><\/ul>\n\n<nav class=\"wp-block-query-pagination is-content-justification-center is-layout-flex wp-container-core-query-pagination-is-layout-a89b3969 wp-block-query-pagination-is-layout-flex\" aria-label=\"Pagination\">\n\n\n<div class=\"wp-block-query-pagination-numbers has-medium-font-size\"><span aria-current=\"page\" class=\"page-numbers current\">1<\/span>\n<a class=\"page-numbers\" href=\"?query-0-page=2\">2<\/a><\/div>\n\n<a href=\"\/fr\/wp-json\/wp\/v2\/pages\/7983?query-0-page=2\" class=\"wp-block-query-pagination-next\">\u22b3<\/a>\n<\/nav>\n\n<\/div>\n\n\n\n<div style=\"height:3rem\" aria-hidden=\"true\" class=\"wp-block-spacer\"><\/div>\n<\/main>","protected":false},"excerpt":{"rendered":"<p>Trouvez les cadeaux parfaits inspir\u00e9s des poinsettias pour \u00e9gayer vos f\u00eates de fin d&rsquo;ann\u00e9e avec style et bonne humeur.<\/p>\n","protected":false},"author":40,"featured_media":4366,"parent":7948,"menu_order":0,"comment_status":"closed","ping_status":"closed","template":"two-column-press","meta":{"_acf_changed":false,"footnotes":""},"class_list":["post-7983","page","type-page","status-publish","has-post-thumbnail","hentry"],"acf":[],"_links":{"self":[{"href":"https:\/\/starsforeurope.com\/fr\/wp-json\/wp\/v2\/pages\/7983","targetHints":{"allow":["GET"]}}],"collection":[{"href":"https:\/\/starsforeurope.com\/fr\/wp-json\/wp\/v2\/pages"}],"about":[{"href":"https:\/\/starsforeurope.com\/fr\/wp-json\/wp\/v2\/types\/page"}],"author":[{"embeddable":true,"href":"https:\/\/starsforeurope.com\/fr\/wp-json\/wp\/v2\/users\/40"}],"replies":[{"embeddable":true,"href":"https:\/\/starsforeurope.com\/fr\/wp-json\/wp\/v2\/comments?post=7983"}],"version-history":[{"count":2,"href":"https:\/\/starsforeurope.com\/fr\/wp-json\/wp\/v2\/pages\/7983\/revisions"}],"predecessor-version":[{"id":7985,"href":"https:\/\/starsforeurope.com\/fr\/wp-json\/wp\/v2\/pages\/7983\/revisions\/7985"}],"up":[{"embeddable":true,"href":"https:\/\/starsforeurope.com\/fr\/wp-json\/wp\/v2\/pages\/7948"}],"wp:featuredmedia":[{"embeddable":true,"href":"https:\/\/starsforeurope.com\/fr\/wp-json\/wp\/v2\/media\/4366"}],"wp:attachment":[{"href":"https:\/\/starsforeurope.com\/fr\/wp-json\/wp\/v2\/media?parent=7983"}],"curies":[{"name":"wp","href":"https:\/\/api.w.org\/{rel}","templated":true}]}}