{"id":7980,"date":"2025-07-14T15:37:58","date_gmt":"2025-07-14T13:37:58","guid":{"rendered":"https:\/\/starsforeurope.com\/fr\/?page_id=7980"},"modified":"2025-07-21T23:43:24","modified_gmt":"2025-07-21T21:43:24","slug":"diy-upcycling-pr","status":"publish","type":"page","link":"https:\/\/starsforeurope.com\/fr\/communiques-de-presse\/decoration-pr\/diy-upcycling-pr\/","title":{"rendered":"Projets cr\u00e9atifs de bricolage et de recyclage de poinsettias"},"content":{"rendered":"<main class=\"wp-block-group postimage-half wide-content is-layout-flow wp-block-group-is-layout-flow\" style=\"margin-top:var(--wp--preset--spacing--50)\">\n<div style=\"height:3rem\" aria-hidden=\"true\" class=\"wp-block-spacer\"><\/div>\n\n\n\n<div class=\"wp-block-query is-layout-flow wp-block-query-is-layout-flow\"><ul class=\"columns-2 wp-block-post-template is-layout-grid wp-container-core-post-template-is-layout-37ef2942 wp-block-post-template-is-layout-grid\"><li class=\"wp-block-post post-8192 press type-press status-publish has-post-thumbnail hentry press_cat-decoration-tips press_cat-table-decoration press_cat-diy press_main-communiques-de-presse press_main-decoration press_main-decorations-de-table press_main-diy-upcycling\">\n<figure style=\"aspect-ratio:1;\" class=\"featuredimage wp-block-post-featured-image\"><a href=\"https:\/\/starsforeurope.com\/fr\/press\/le-diner-parfait-decorations-de-table-avec-des-poinsettias\/\" target=\"_self\"  ><img loading=\"lazy\" decoding=\"async\" width=\"875\" height=\"1050\" src=\"https:\/\/starsforeurope.com\/fr\/wp-content\/uploads\/sites\/13\/2025\/07\/2025_Poinsettia_01000_Nordic_Winter_Charm_08-1.jpg\" class=\"attachment-post-thumbnail size-post-thumbnail wp-post-image\" alt=\"Le d\u00eener parfait. D\u00e9corations de table avec des poinsettias\" style=\"width:100%;height:100%;object-fit:cover;\" srcset=\"https:\/\/starsforeurope.com\/fr\/wp-content\/uploads\/sites\/13\/2025\/07\/2025_Poinsettia_01000_Nordic_Winter_Charm_08-1.jpg 875w, https:\/\/starsforeurope.com\/fr\/wp-content\/uploads\/sites\/13\/2025\/07\/2025_Poinsettia_01000_Nordic_Winter_Charm_08-1-250x300.jpg 250w, https:\/\/starsforeurope.com\/fr\/wp-content\/uploads\/sites\/13\/2025\/07\/2025_Poinsettia_01000_Nordic_Winter_Charm_08-1-853x1024.jpg 853w, https:\/\/starsforeurope.com\/fr\/wp-content\/uploads\/sites\/13\/2025\/07\/2025_Poinsettia_01000_Nordic_Winter_Charm_08-1-768x922.jpg 768w\" sizes=\"auto, (max-width: 875px) 100vw, 875px\" \/><\/a><\/figure>\n\n<h3 class=\"wp-block-post-title\"><a href=\"https:\/\/starsforeurope.com\/fr\/press\/le-diner-parfait-decorations-de-table-avec-des-poinsettias\/\" target=\"_self\" >Le d\u00eener parfait. D\u00e9corations de table avec des poinsettias<\/a><\/h3>\n\n\n<div class=\"wp-block-group postmetaline is-nowrap is-layout-flex wp-container-core-group-is-layout-6c531013 wp-block-group-is-layout-flex\"><div class=\"wp-block-post-date\"><time datetime=\"2025-07-22T11:00:00+02:00\">22. juillet 2025<\/time><\/div>\n\n<\/div>\n\n\n<div class=\"wp-block-post-excerpt\"><p class=\"wp-block-post-excerpt__excerpt\">Durables, ludiques ou \u00e9l\u00e9gants, les poinsettias transforment les d\u00e9corations de table et attirent le regard. D\u00e9couvrez nos nouvelles id\u00e9es pour votre table de No\u00ebl.<\/p><p class=\"wp-block-post-excerpt__more-text\"><a class=\"wp-block-post-excerpt__more-link\" href=\"https:\/\/starsforeurope.com\/fr\/press\/le-diner-parfait-decorations-de-table-avec-des-poinsettias\/\">Lire la suite<\/a><\/p><\/div>\n<\/li><li class=\"wp-block-post post-8174 press type-press status-publish has-post-thumbnail hentry press_cat-winter-decor press_cat-diy press_main-communiques-de-presse press_main-decoration press_main-decorations-dhiver press_main-diy-upcycling\">\n<figure style=\"aspect-ratio:1;\" class=\"featuredimage wp-block-post-featured-image\"><a href=\"https:\/\/starsforeurope.com\/fr\/press\/des-etoiles-partout-les-poinsettias-sont-les-compagnons-de-choix-pour-les-decorations-dinterieur-tout-au-long-de-lhiver\/\" target=\"_self\"  ><img loading=\"lazy\" decoding=\"async\" width=\"875\" height=\"1050\" src=\"https:\/\/starsforeurope.com\/fr\/wp-content\/uploads\/sites\/13\/2025\/07\/2025_Poinsettia_01000_Nordic_Winter_Charm_47.jpg\" class=\"attachment-post-thumbnail size-post-thumbnail wp-post-image\" alt=\"Des \u00e9toiles partout! Les poinsettias sont les compagnons de choix pour les d\u00e9corations d\u2019int\u00e9rieur tout au long de l\u2019hiver\" style=\"width:100%;height:100%;object-fit:cover;\" srcset=\"https:\/\/starsforeurope.com\/fr\/wp-content\/uploads\/sites\/13\/2025\/07\/2025_Poinsettia_01000_Nordic_Winter_Charm_47.jpg 875w, https:\/\/starsforeurope.com\/fr\/wp-content\/uploads\/sites\/13\/2025\/07\/2025_Poinsettia_01000_Nordic_Winter_Charm_47-250x300.jpg 250w, https:\/\/starsforeurope.com\/fr\/wp-content\/uploads\/sites\/13\/2025\/07\/2025_Poinsettia_01000_Nordic_Winter_Charm_47-853x1024.jpg 853w, https:\/\/starsforeurope.com\/fr\/wp-content\/uploads\/sites\/13\/2025\/07\/2025_Poinsettia_01000_Nordic_Winter_Charm_47-768x922.jpg 768w\" sizes=\"auto, (max-width: 875px) 100vw, 875px\" \/><\/a><\/figure>\n\n<h3 class=\"wp-block-post-title\"><a href=\"https:\/\/starsforeurope.com\/fr\/press\/des-etoiles-partout-les-poinsettias-sont-les-compagnons-de-choix-pour-les-decorations-dinterieur-tout-au-long-de-lhiver\/\" target=\"_self\" >Des \u00e9toiles partout! Les poinsettias sont les compagnons de choix pour les d\u00e9corations d\u2019int\u00e9rieur tout au long de l\u2019hiver<\/a><\/h3>\n\n\n<div class=\"wp-block-group postmetaline is-nowrap is-layout-flex wp-container-core-group-is-layout-6c531013 wp-block-group-is-layout-flex\"><div class=\"wp-block-post-date\"><time datetime=\"2025-07-22T09:00:00+02:00\">22. juillet 2025<\/time><\/div>\n\n<\/div>\n\n\n<div class=\"wp-block-post-excerpt\"><p class=\"wp-block-post-excerpt__excerpt\">Les poinsettias ajoutent une touche de magie hivernale \u00e0 n&rsquo;importe quelle pi\u00e8ce. Ils s&rsquo;int\u00e8grent parfaitement \u00e0 tous les styles et sont parfaits pour les projets cr\u00e9atifs. Pour en savoir plus, c\u2019est ici.<\/p><p class=\"wp-block-post-excerpt__more-text\"><a class=\"wp-block-post-excerpt__more-link\" href=\"https:\/\/starsforeurope.com\/fr\/press\/des-etoiles-partout-les-poinsettias-sont-les-compagnons-de-choix-pour-les-decorations-dinterieur-tout-au-long-de-lhiver\/\">Lire la suite<\/a><\/p><\/div>\n<\/li><li class=\"wp-block-post post-8295 press type-press status-publish has-post-thumbnail hentry press_cat-decoration-tips press_cat-table-decoration press_cat-diy press_main-communiques-de-presse press_main-decoration press_main-decorations-de-table press_main-diy-upcycling\">\n<figure style=\"aspect-ratio:1;\" class=\"featuredimage wp-block-post-featured-image\"><a href=\"https:\/\/starsforeurope.com\/fr\/press\/des-idees-pour-une-table-de-noel-conviviale-et-festive-grace-aux-poinsettias\/\" target=\"_self\"  ><img loading=\"lazy\" decoding=\"async\" width=\"875\" height=\"1050\" src=\"https:\/\/starsforeurope.com\/fr\/wp-content\/uploads\/sites\/13\/2023\/10\/2018_poinsettia_0120_Green_Living_Christmas_Nostalgy__01.jpg\" class=\"attachment-post-thumbnail size-post-thumbnail wp-post-image\" alt=\"Des id\u00e9es pour une table de No\u00ebl conviviale et festive gr\u00e2ce aux poinsettias\" style=\"width:100%;height:100%;object-fit:cover;\" srcset=\"https:\/\/starsforeurope.com\/fr\/wp-content\/uploads\/sites\/13\/2023\/10\/2018_poinsettia_0120_Green_Living_Christmas_Nostalgy__01.jpg 875w, https:\/\/starsforeurope.com\/fr\/wp-content\/uploads\/sites\/13\/2023\/10\/2018_poinsettia_0120_Green_Living_Christmas_Nostalgy__01-250x300.jpg 250w, https:\/\/starsforeurope.com\/fr\/wp-content\/uploads\/sites\/13\/2023\/10\/2018_poinsettia_0120_Green_Living_Christmas_Nostalgy__01-853x1024.jpg 853w, https:\/\/starsforeurope.com\/fr\/wp-content\/uploads\/sites\/13\/2023\/10\/2018_poinsettia_0120_Green_Living_Christmas_Nostalgy__01-768x922.jpg 768w, https:\/\/starsforeurope.com\/fr\/wp-content\/uploads\/sites\/13\/2023\/10\/2018_poinsettia_0120_Green_Living_Christmas_Nostalgy__01-563x675.jpg 563w\" sizes=\"auto, (max-width: 875px) 100vw, 875px\" \/><\/a><\/figure>\n\n<h3 class=\"wp-block-post-title\"><a href=\"https:\/\/starsforeurope.com\/fr\/press\/des-idees-pour-une-table-de-noel-conviviale-et-festive-grace-aux-poinsettias\/\" target=\"_self\" >Des id\u00e9es pour une table de No\u00ebl conviviale et festive gr\u00e2ce aux poinsettias<\/a><\/h3>\n\n\n<div class=\"wp-block-group postmetaline is-nowrap is-layout-flex wp-container-core-group-is-layout-6c531013 wp-block-group-is-layout-flex\"><div class=\"wp-block-post-date\"><time datetime=\"2024-11-29T08:00:00+01:00\">29. novembre 2024<\/time><\/div>\n\n<\/div>\n\n\n<div class=\"wp-block-post-excerpt\"><p class=\"wp-block-post-excerpt__excerpt\">Pour nombre d\u2019entre nous, les meilleurs moments des f\u00eates se passent en famille ou entre amis, autour d\u2019une table. Tandis que certains se donnent \u00e0 fond en cuisine, d&rsquo;autres cr\u00e9ent une ambiance magique en d\u00e9corant la table.<\/p><p class=\"wp-block-post-excerpt__more-text\"><a class=\"wp-block-post-excerpt__more-link\" href=\"https:\/\/starsforeurope.com\/fr\/press\/des-idees-pour-une-table-de-noel-conviviale-et-festive-grace-aux-poinsettias\/\">Lire la suite<\/a><\/p><\/div>\n<\/li><li class=\"wp-block-post post-5554 press type-press status-publish has-post-thumbnail hentry press_cat-winter-decor press_cat-table-decoration press_cat-christmas-tree-decorations press_cat-diy press_main-communiques-de-presse press_main-decoration press_main-decorations-de-table press_main-diy-upcycling\">\n<figure style=\"aspect-ratio:1;\" class=\"featuredimage wp-block-post-featured-image\"><a href=\"https:\/\/starsforeurope.com\/fr\/press\/decorations-de-table-de-fete-avec-des-poinsettias-des-tables-festives-et-florales-pour-tous-les-gouts\/\" target=\"_self\"  ><img loading=\"lazy\" decoding=\"async\" width=\"875\" height=\"1050\" src=\"https:\/\/starsforeurope.com\/fr\/wp-content\/uploads\/sites\/13\/2024\/08\/2024_Poinsettia_02000_Modern_Vintage_Fusion_03.jpg\" class=\"attachment-post-thumbnail size-post-thumbnail wp-post-image\" alt=\"D\u00e9corations de table de f\u00eate avec des poinsettias. Des tables festives et florales pour tous les go\u00fbts\" style=\"width:100%;height:100%;object-fit:cover;\" srcset=\"https:\/\/starsforeurope.com\/fr\/wp-content\/uploads\/sites\/13\/2024\/08\/2024_Poinsettia_02000_Modern_Vintage_Fusion_03.jpg 875w, https:\/\/starsforeurope.com\/fr\/wp-content\/uploads\/sites\/13\/2024\/08\/2024_Poinsettia_02000_Modern_Vintage_Fusion_03-250x300.jpg 250w, https:\/\/starsforeurope.com\/fr\/wp-content\/uploads\/sites\/13\/2024\/08\/2024_Poinsettia_02000_Modern_Vintage_Fusion_03-853x1024.jpg 853w, https:\/\/starsforeurope.com\/fr\/wp-content\/uploads\/sites\/13\/2024\/08\/2024_Poinsettia_02000_Modern_Vintage_Fusion_03-768x922.jpg 768w, https:\/\/starsforeurope.com\/fr\/wp-content\/uploads\/sites\/13\/2024\/08\/2024_Poinsettia_02000_Modern_Vintage_Fusion_03-563x675.jpg 563w\" sizes=\"auto, (max-width: 875px) 100vw, 875px\" \/><\/a><\/figure>\n\n<h3 class=\"wp-block-post-title\"><a href=\"https:\/\/starsforeurope.com\/fr\/press\/decorations-de-table-de-fete-avec-des-poinsettias-des-tables-festives-et-florales-pour-tous-les-gouts\/\" target=\"_self\" >D\u00e9corations de table de f\u00eate avec des poinsettias. Des tables festives et florales pour tous les go\u00fbts<\/a><\/h3>\n\n\n<div class=\"wp-block-group postmetaline is-nowrap is-layout-flex wp-container-core-group-is-layout-6c531013 wp-block-group-is-layout-flex\"><div class=\"wp-block-post-date\"><time datetime=\"2024-11-17T07:00:22+01:00\">17. novembre 2024<\/time><\/div>\n\n<\/div>\n\n\n<div class=\"wp-block-post-excerpt\"><p class=\"wp-block-post-excerpt__excerpt\">Utilisez des poinsettias pour une table de No\u00ebl \u00e9l\u00e9gante, un petit-d\u00e9jeuner de f\u00eate ou simplement pour le caf\u00e9. D\u00e9couvrez des id\u00e9es de d\u00e9corations de table pour chaque occasion<\/p><p class=\"wp-block-post-excerpt__more-text\"><a class=\"wp-block-post-excerpt__more-link\" href=\"https:\/\/starsforeurope.com\/fr\/press\/decorations-de-table-de-fete-avec-des-poinsettias-des-tables-festives-et-florales-pour-tous-les-gouts\/\">Lire la suite<\/a><\/p><\/div>\n<\/li><\/ul>\n\n<nav class=\"wp-block-query-pagination is-content-justification-center is-layout-flex wp-container-core-query-pagination-is-layout-a89b3969 wp-block-query-pagination-is-layout-flex\" aria-label=\"Pagination\">\n\n\n<div class=\"wp-block-query-pagination-numbers has-medium-font-size\"><span aria-current=\"page\" class=\"page-numbers current\">1<\/span>\n<a class=\"page-numbers\" href=\"?query-0-page=2\">2<\/a>\n<a class=\"page-numbers\" href=\"?query-0-page=3\">3<\/a>\n<span class=\"page-numbers dots\">\u2026<\/span>\n<a class=\"page-numbers\" href=\"?query-0-page=8\">8<\/a><\/div>\n\n<a href=\"\/fr\/wp-json\/wp\/v2\/pages\/7980?query-0-page=2\" class=\"wp-block-query-pagination-next\">\u22b3<\/a>\n<\/nav>\n\n<\/div>\n\n\n\n<div style=\"height:3rem\" aria-hidden=\"true\" class=\"wp-block-spacer\"><\/div>\n<\/main>","protected":false},"excerpt":{"rendered":"<p>Transformez vos poinsettias en d\u00e9corations uniques gr\u00e2ce \u00e0 des id\u00e9es de bricolage et de recyclage faciles et durables pour les f\u00eates.<\/p>\n","protected":false},"author":40,"featured_media":4366,"parent":7948,"menu_order":0,"comment_status":"closed","ping_status":"closed","template":"two-column-press","meta":{"_acf_changed":false,"footnotes":""},"class_list":["post-7980","page","type-page","status-publish","has-post-thumbnail","hentry"],"acf":[],"_links":{"self":[{"href":"https:\/\/starsforeurope.com\/fr\/wp-json\/wp\/v2\/pages\/7980","targetHints":{"allow":["GET"]}}],"collection":[{"href":"https:\/\/starsforeurope.com\/fr\/wp-json\/wp\/v2\/pages"}],"about":[{"href":"https:\/\/starsforeurope.com\/fr\/wp-json\/wp\/v2\/types\/page"}],"author":[{"embeddable":true,"href":"https:\/\/starsforeurope.com\/fr\/wp-json\/wp\/v2\/users\/40"}],"replies":[{"embeddable":true,"href":"https:\/\/starsforeurope.com\/fr\/wp-json\/wp\/v2\/comments?post=7980"}],"version-history":[{"count":2,"href":"https:\/\/starsforeurope.com\/fr\/wp-json\/wp\/v2\/pages\/7980\/revisions"}],"predecessor-version":[{"id":7982,"href":"https:\/\/starsforeurope.com\/fr\/wp-json\/wp\/v2\/pages\/7980\/revisions\/7982"}],"up":[{"embeddable":true,"href":"https:\/\/starsforeurope.com\/fr\/wp-json\/wp\/v2\/pages\/7948"}],"wp:featuredmedia":[{"embeddable":true,"href":"https:\/\/starsforeurope.com\/fr\/wp-json\/wp\/v2\/media\/4366"}],"wp:attachment":[{"href":"https:\/\/starsforeurope.com\/fr\/wp-json\/wp\/v2\/media?parent=7980"}],"curies":[{"name":"wp","href":"https:\/\/api.w.org\/{rel}","templated":true}]}}