{"id":7977,"date":"2025-07-14T15:36:07","date_gmt":"2025-07-14T13:36:07","guid":{"rendered":"https:\/\/starsforeurope.com\/fr\/?page_id=7977"},"modified":"2025-07-21T23:43:24","modified_gmt":"2025-07-21T21:43:24","slug":"fleurs-coupees-pr","status":"publish","type":"page","link":"https:\/\/starsforeurope.com\/fr\/communiques-de-presse\/decoration-pr\/fleurs-coupees-pr\/","title":{"rendered":"Les poinsettias comme fleurs coup\u00e9es"},"content":{"rendered":"<main class=\"wp-block-group postimage-half wide-content is-layout-flow wp-block-group-is-layout-flow\" style=\"margin-top:var(--wp--preset--spacing--50)\">\n<div style=\"height:3rem\" aria-hidden=\"true\" class=\"wp-block-spacer\"><\/div>\n\n\n\n<div class=\"wp-block-query is-layout-flow wp-block-query-is-layout-flow\"><ul class=\"columns-2 wp-block-post-template is-layout-grid wp-container-core-post-template-is-layout-37ef2942 wp-block-post-template-is-layout-grid\"><li class=\"wp-block-post post-4988 press type-press status-publish has-post-thumbnail hentry press_cat-diy press_cat-upcycling press_main-communiques-de-presse press_main-decoration press_main-decorations-de-lavent press_main-fleurs-coupees\">\n<figure style=\"aspect-ratio:1;\" class=\"featuredimage wp-block-post-featured-image\"><a href=\"https:\/\/starsforeurope.com\/fr\/press\/diy-decorations-de-lavent-avec-des-poinsettias-a-realiser-chez-soi\/\" target=\"_self\"  ><img loading=\"lazy\" decoding=\"async\" width=\"875\" height=\"1050\" src=\"https:\/\/starsforeurope.com\/fr\/wp-content\/uploads\/sites\/13\/2024\/08\/2024_Poinsettia_02000_Modern_Vintage_Fusion_02.jpg\" class=\"attachment-post-thumbnail size-post-thumbnail wp-post-image\" alt=\"DIY: d\u00e9corations de l&rsquo;Avent avec des poinsettias \u00e0 r\u00e9aliser chez soi\" style=\"width:100%;height:100%;object-fit:cover;\" srcset=\"https:\/\/starsforeurope.com\/fr\/wp-content\/uploads\/sites\/13\/2024\/08\/2024_Poinsettia_02000_Modern_Vintage_Fusion_02.jpg 875w, https:\/\/starsforeurope.com\/fr\/wp-content\/uploads\/sites\/13\/2024\/08\/2024_Poinsettia_02000_Modern_Vintage_Fusion_02-250x300.jpg 250w, https:\/\/starsforeurope.com\/fr\/wp-content\/uploads\/sites\/13\/2024\/08\/2024_Poinsettia_02000_Modern_Vintage_Fusion_02-853x1024.jpg 853w, https:\/\/starsforeurope.com\/fr\/wp-content\/uploads\/sites\/13\/2024\/08\/2024_Poinsettia_02000_Modern_Vintage_Fusion_02-768x922.jpg 768w, https:\/\/starsforeurope.com\/fr\/wp-content\/uploads\/sites\/13\/2024\/08\/2024_Poinsettia_02000_Modern_Vintage_Fusion_02-563x675.jpg 563w\" sizes=\"auto, (max-width: 875px) 100vw, 875px\" \/><\/a><\/figure>\n\n<h3 class=\"wp-block-post-title\"><a href=\"https:\/\/starsforeurope.com\/fr\/press\/diy-decorations-de-lavent-avec-des-poinsettias-a-realiser-chez-soi\/\" target=\"_self\" >DIY: d\u00e9corations de l&rsquo;Avent avec des poinsettias \u00e0 r\u00e9aliser chez soi<\/a><\/h3>\n\n\n<div class=\"wp-block-group postmetaline is-nowrap is-layout-flex wp-container-core-group-is-layout-6c531013 wp-block-group-is-layout-flex\"><div class=\"wp-block-post-date\"><time datetime=\"2024-11-28T07:00:17+01:00\">28. novembre 2024<\/time><\/div>\n\n<\/div>\n\n\n<div class=\"wp-block-post-excerpt\"><p class=\"wp-block-post-excerpt__excerpt\">Utilisez des poinsettias pour cr\u00e9er de magnifiques couronnes et calendriers de l&rsquo;Avent. D\u00e9couvrez nos DIY \u00e0 r\u00e9aliser chez vous<\/p><p class=\"wp-block-post-excerpt__more-text\"><a class=\"wp-block-post-excerpt__more-link\" href=\"https:\/\/starsforeurope.com\/fr\/press\/diy-decorations-de-lavent-avec-des-poinsettias-a-realiser-chez-soi\/\">Lire la suite<\/a><\/p><\/div>\n<\/li><li class=\"wp-block-post post-4956 press type-press status-publish has-post-thumbnail hentry press_cat-autumn-decor-houseplants press_cat-winter-decor press_cat-table-decoration press_main-communiques-de-presse press_main-decoration press_main-decorations-de-lavent press_main-fleurs-coupees\">\n<figure style=\"aspect-ratio:1;\" class=\"featuredimage wp-block-post-featured-image\"><a href=\"https:\/\/starsforeurope.com\/fr\/press\/un-noel-luxueux-avec-de-lor-et-des-poinsettias\/\" target=\"_self\"  ><img loading=\"lazy\" decoding=\"async\" width=\"875\" height=\"1050\" src=\"https:\/\/starsforeurope.com\/fr\/wp-content\/uploads\/sites\/13\/2024\/08\/2024_Poinsettia_01000_Golden_Elegance_01.jpg\" class=\"attachment-post-thumbnail size-post-thumbnail wp-post-image\" alt=\"Un No\u00ebl luxueux, avec de l\u2019or et des poinsettias\" style=\"width:100%;height:100%;object-fit:cover;\" srcset=\"https:\/\/starsforeurope.com\/fr\/wp-content\/uploads\/sites\/13\/2024\/08\/2024_Poinsettia_01000_Golden_Elegance_01.jpg 875w, https:\/\/starsforeurope.com\/fr\/wp-content\/uploads\/sites\/13\/2024\/08\/2024_Poinsettia_01000_Golden_Elegance_01-250x300.jpg 250w, https:\/\/starsforeurope.com\/fr\/wp-content\/uploads\/sites\/13\/2024\/08\/2024_Poinsettia_01000_Golden_Elegance_01-853x1024.jpg 853w, https:\/\/starsforeurope.com\/fr\/wp-content\/uploads\/sites\/13\/2024\/08\/2024_Poinsettia_01000_Golden_Elegance_01-768x922.jpg 768w, https:\/\/starsforeurope.com\/fr\/wp-content\/uploads\/sites\/13\/2024\/08\/2024_Poinsettia_01000_Golden_Elegance_01-563x675.jpg 563w\" sizes=\"auto, (max-width: 875px) 100vw, 875px\" \/><\/a><\/figure>\n\n<h3 class=\"wp-block-post-title\"><a href=\"https:\/\/starsforeurope.com\/fr\/press\/un-noel-luxueux-avec-de-lor-et-des-poinsettias\/\" target=\"_self\" >Un No\u00ebl luxueux, avec de l\u2019or et des poinsettias<\/a><\/h3>\n\n\n<div class=\"wp-block-group postmetaline is-nowrap is-layout-flex wp-container-core-group-is-layout-6c531013 wp-block-group-is-layout-flex\"><div class=\"wp-block-post-date\"><time datetime=\"2024-11-23T08:12:00+01:00\">23. novembre 2024<\/time><\/div>\n\n<\/div>\n\n\n<div class=\"wp-block-post-excerpt\"><p class=\"wp-block-post-excerpt__excerpt\">Vous r\u00eavez d&rsquo;un int\u00e9rieur somptueux pour les f\u00eates ? Alors associez des meubles et accessoires dor\u00e9s avec des poinsettias blancs ou abricot<\/p><p class=\"wp-block-post-excerpt__more-text\"><a class=\"wp-block-post-excerpt__more-link\" href=\"https:\/\/starsforeurope.com\/fr\/press\/un-noel-luxueux-avec-de-lor-et-des-poinsettias\/\">Lire la suite<\/a><\/p><\/div>\n<\/li><li class=\"wp-block-post post-4963 press type-press status-publish has-post-thumbnail hentry press_cat-decoration-tips press_cat-cut-flower press_main-communiques-de-presse press_main-decoration press_main-fleurs-coupees\">\n<figure style=\"aspect-ratio:1;\" class=\"featuredimage wp-block-post-featured-image\"><a href=\"https:\/\/starsforeurope.com\/fr\/press\/les-poinsettias-la-plante-parfaite-pour-les-amoureux-du-design-proposition-de-compositions-contemporaines-avec-des-poinsettias-coupes\/\" target=\"_self\"  ><img loading=\"lazy\" decoding=\"async\" width=\"875\" height=\"1050\" src=\"https:\/\/starsforeurope.com\/fr\/wp-content\/uploads\/sites\/13\/2022\/09\/2021-poinsettia-03000-frozen-christmas-decor-02.jpg\" class=\"attachment-post-thumbnail size-post-thumbnail wp-post-image\" alt=\"Les poinsettias, la plante parfaite pour les amoureux du design. Proposition de compositions contemporaines avec des poinsettias coup\u00e9s\" style=\"width:100%;height:100%;object-fit:cover;\" srcset=\"https:\/\/starsforeurope.com\/fr\/wp-content\/uploads\/sites\/13\/2022\/09\/2021-poinsettia-03000-frozen-christmas-decor-02.jpg 875w, https:\/\/starsforeurope.com\/fr\/wp-content\/uploads\/sites\/13\/2022\/09\/2021-poinsettia-03000-frozen-christmas-decor-02-250x300.jpg 250w, https:\/\/starsforeurope.com\/fr\/wp-content\/uploads\/sites\/13\/2022\/09\/2021-poinsettia-03000-frozen-christmas-decor-02-853x1024.jpg 853w, https:\/\/starsforeurope.com\/fr\/wp-content\/uploads\/sites\/13\/2022\/09\/2021-poinsettia-03000-frozen-christmas-decor-02-768x922.jpg 768w, https:\/\/starsforeurope.com\/fr\/wp-content\/uploads\/sites\/13\/2022\/09\/2021-poinsettia-03000-frozen-christmas-decor-02-563x675.jpg 563w\" sizes=\"auto, (max-width: 875px) 100vw, 875px\" \/><\/a><\/figure>\n\n<h3 class=\"wp-block-post-title\"><a href=\"https:\/\/starsforeurope.com\/fr\/press\/les-poinsettias-la-plante-parfaite-pour-les-amoureux-du-design-proposition-de-compositions-contemporaines-avec-des-poinsettias-coupes\/\" target=\"_self\" >Les poinsettias, la plante parfaite pour les amoureux du design. Proposition de compositions contemporaines avec des poinsettias coup\u00e9s<\/a><\/h3>\n\n\n<div class=\"wp-block-group postmetaline is-nowrap is-layout-flex wp-container-core-group-is-layout-6c531013 wp-block-group-is-layout-flex\"><div class=\"wp-block-post-date\"><time datetime=\"2021-09-14T08:45:29+02:00\">14. septembre 2021<\/time><\/div>\n\n<\/div>\n\n\n<div class=\"wp-block-post-excerpt\"><p class=\"wp-block-post-excerpt__excerpt\">Les poinsettias coup\u00e9s peuvent \u00eatre utilis\u00e9s pour cr\u00e9er des compositions sophistiqu\u00e9es et modernes. Nous pr\u00e9sentons des bouquets, des couronnes et des compositions florales<\/p><p class=\"wp-block-post-excerpt__more-text\"><a class=\"wp-block-post-excerpt__more-link\" href=\"https:\/\/starsforeurope.com\/fr\/press\/les-poinsettias-la-plante-parfaite-pour-les-amoureux-du-design-proposition-de-compositions-contemporaines-avec-des-poinsettias-coupes\/\">Lire la suite<\/a><\/p><\/div>\n<\/li><li class=\"wp-block-post post-4993 press type-press status-publish has-post-thumbnail hentry press_cat-decoration-tips press_cat-diy press_main-communiques-de-presse press_main-decoration press_main-diy-upcycling press_main-fleurs-coupees\">\n<figure style=\"aspect-ratio:1;\" class=\"featuredimage wp-block-post-featured-image\"><a href=\"https:\/\/starsforeurope.com\/fr\/press\/des-fetes-de-noel-aux-nuances-delicates-de-pastel-avec-les-etoiles-de-noel\/\" target=\"_self\"  ><img loading=\"lazy\" decoding=\"async\" width=\"875\" height=\"1050\" src=\"https:\/\/starsforeurope.com\/fr\/wp-content\/uploads\/sites\/13\/2022\/09\/2021-poinsettia-06000-candy-colour-christmas-06.jpg\" class=\"attachment-post-thumbnail size-post-thumbnail wp-post-image\" alt=\"Des f\u00eates de No\u00ebl aux nuances d\u00e9licates de pastel avec les Etoiles de No\u00ebl\" style=\"width:100%;height:100%;object-fit:cover;\" srcset=\"https:\/\/starsforeurope.com\/fr\/wp-content\/uploads\/sites\/13\/2022\/09\/2021-poinsettia-06000-candy-colour-christmas-06.jpg 875w, https:\/\/starsforeurope.com\/fr\/wp-content\/uploads\/sites\/13\/2022\/09\/2021-poinsettia-06000-candy-colour-christmas-06-250x300.jpg 250w, https:\/\/starsforeurope.com\/fr\/wp-content\/uploads\/sites\/13\/2022\/09\/2021-poinsettia-06000-candy-colour-christmas-06-853x1024.jpg 853w, https:\/\/starsforeurope.com\/fr\/wp-content\/uploads\/sites\/13\/2022\/09\/2021-poinsettia-06000-candy-colour-christmas-06-768x922.jpg 768w, https:\/\/starsforeurope.com\/fr\/wp-content\/uploads\/sites\/13\/2022\/09\/2021-poinsettia-06000-candy-colour-christmas-06-563x675.jpg 563w\" sizes=\"auto, (max-width: 875px) 100vw, 875px\" \/><\/a><\/figure>\n\n<h3 class=\"wp-block-post-title\"><a href=\"https:\/\/starsforeurope.com\/fr\/press\/des-fetes-de-noel-aux-nuances-delicates-de-pastel-avec-les-etoiles-de-noel\/\" target=\"_self\" >Des f\u00eates de No\u00ebl aux nuances d\u00e9licates de pastel avec les Etoiles de No\u00ebl<\/a><\/h3>\n\n\n<div class=\"wp-block-group postmetaline is-nowrap is-layout-flex wp-container-core-group-is-layout-6c531013 wp-block-group-is-layout-flex\"><div class=\"wp-block-post-date\"><time datetime=\"2021-09-13T12:10:37+02:00\">13. septembre 2021<\/time><\/div>\n\n<\/div>\n\n\n<div class=\"wp-block-post-excerpt\"><p class=\"wp-block-post-excerpt__excerpt\">Le pastel d\u00e9licat est partout en ce moment. Nous vous pr\u00e9sentons des id\u00e9es de tables de f\u00eate, de couronnes de l&rsquo;Avent et de compositions florales, o\u00f9 les poinsettias et les tons pastel cr\u00e9ent une atmosph\u00e8re moderne et d\u00e9tendue.<\/p><p class=\"wp-block-post-excerpt__more-text\"><a class=\"wp-block-post-excerpt__more-link\" href=\"https:\/\/starsforeurope.com\/fr\/press\/des-fetes-de-noel-aux-nuances-delicates-de-pastel-avec-les-etoiles-de-noel\/\">Lire la suite<\/a><\/p><\/div>\n<\/li><\/ul>\n\n<nav class=\"wp-block-query-pagination is-content-justification-center is-layout-flex wp-container-core-query-pagination-is-layout-a89b3969 wp-block-query-pagination-is-layout-flex\" aria-label=\"Pagination\">\n\n\n<div class=\"wp-block-query-pagination-numbers has-medium-font-size\"><span aria-current=\"page\" class=\"page-numbers current\">1<\/span>\n<a class=\"page-numbers\" href=\"?query-0-page=2\">2<\/a><\/div>\n\n<a href=\"\/fr\/wp-json\/wp\/v2\/pages\/7977?query-0-page=2\" class=\"wp-block-query-pagination-next\">\u22b3<\/a>\n<\/nav>\n\n<\/div>\n\n\n\n<div style=\"height:3rem\" aria-hidden=\"true\" class=\"wp-block-spacer\"><\/div>\n<\/main>","protected":false},"excerpt":{"rendered":"<p>\u00c9l\u00e9gants et durables, les poinsettias coup\u00e9s ajoutent une touche festive \u00e0 tout bouquet ou arrangement. D\u00e9couvrez des conseils de style et d&rsquo;entretien.<\/p>\n","protected":false},"author":40,"featured_media":4366,"parent":7948,"menu_order":0,"comment_status":"closed","ping_status":"closed","template":"two-column-press","meta":{"_acf_changed":false,"footnotes":""},"class_list":["post-7977","page","type-page","status-publish","has-post-thumbnail","hentry"],"acf":[],"_links":{"self":[{"href":"https:\/\/starsforeurope.com\/fr\/wp-json\/wp\/v2\/pages\/7977","targetHints":{"allow":["GET"]}}],"collection":[{"href":"https:\/\/starsforeurope.com\/fr\/wp-json\/wp\/v2\/pages"}],"about":[{"href":"https:\/\/starsforeurope.com\/fr\/wp-json\/wp\/v2\/types\/page"}],"author":[{"embeddable":true,"href":"https:\/\/starsforeurope.com\/fr\/wp-json\/wp\/v2\/users\/40"}],"replies":[{"embeddable":true,"href":"https:\/\/starsforeurope.com\/fr\/wp-json\/wp\/v2\/comments?post=7977"}],"version-history":[{"count":2,"href":"https:\/\/starsforeurope.com\/fr\/wp-json\/wp\/v2\/pages\/7977\/revisions"}],"predecessor-version":[{"id":7979,"href":"https:\/\/starsforeurope.com\/fr\/wp-json\/wp\/v2\/pages\/7977\/revisions\/7979"}],"up":[{"embeddable":true,"href":"https:\/\/starsforeurope.com\/fr\/wp-json\/wp\/v2\/pages\/7948"}],"wp:featuredmedia":[{"embeddable":true,"href":"https:\/\/starsforeurope.com\/fr\/wp-json\/wp\/v2\/media\/4366"}],"wp:attachment":[{"href":"https:\/\/starsforeurope.com\/fr\/wp-json\/wp\/v2\/media?parent=7977"}],"curies":[{"name":"wp","href":"https:\/\/api.w.org\/{rel}","templated":true}]}}