{"id":7969,"date":"2025-07-14T14:48:38","date_gmt":"2025-07-14T12:48:38","guid":{"rendered":"https:\/\/starsforeurope.com\/fr\/?page_id=7969"},"modified":"2025-07-21T23:43:24","modified_gmt":"2025-07-21T21:43:24","slug":"decorations-naturelles-dautomne-green-living-pr","status":"publish","type":"page","link":"https:\/\/starsforeurope.com\/fr\/communiques-de-presse\/decoration-pr\/decorations-naturelles-dautomne-green-living-pr\/","title":{"rendered":"Les poinsettias dans les d\u00e9cors d&rsquo;automne"},"content":{"rendered":"<main class=\"wp-block-group postimage-half wide-content is-layout-flow wp-block-group-is-layout-flow\" style=\"margin-top:var(--wp--preset--spacing--50)\">\n<div style=\"height:3rem\" aria-hidden=\"true\" class=\"wp-block-spacer\"><\/div>\n\n\n\n<div class=\"wp-block-query is-layout-flow wp-block-query-is-layout-flow\"><ul class=\"columns-2 wp-block-post-template is-layout-grid wp-container-core-post-template-is-layout-37ef2942 wp-block-post-template-is-layout-grid\"><li class=\"wp-block-post post-7236 press type-press status-publish has-post-thumbnail hentry press_cat-decoration-tips press_cat-autumn-decor-houseplants press_cat-table-decoration press_cat-gift-ideas press_main-communiques-de-presse press_main-decoration press_main-decorations-de-table press_main-decorations-naturelles-dautomne-green-living\">\n<figure style=\"aspect-ratio:1;\" class=\"featuredimage wp-block-post-featured-image\"><a href=\"https:\/\/starsforeurope.com\/fr\/press\/avec-leurs-couleurs-chaudes-les-poinsettias-egayent-le-gris-de-lautomne\/\" target=\"_self\"  ><img loading=\"lazy\" decoding=\"async\" width=\"875\" height=\"1050\" src=\"https:\/\/starsforeurope.com\/fr\/wp-content\/uploads\/sites\/13\/2023\/07\/2023_poinsettia_02000_Cottagecore_Charm_15.jpg\" class=\"attachment-post-thumbnail size-post-thumbnail wp-post-image\" alt=\"Avec leurs couleurs chaudes, les poinsettias \u00e9gayent le gris de l\u2019automne\" style=\"width:100%;height:100%;object-fit:cover;\" srcset=\"https:\/\/starsforeurope.com\/fr\/wp-content\/uploads\/sites\/13\/2023\/07\/2023_poinsettia_02000_Cottagecore_Charm_15.jpg 875w, https:\/\/starsforeurope.com\/fr\/wp-content\/uploads\/sites\/13\/2023\/07\/2023_poinsettia_02000_Cottagecore_Charm_15-250x300.jpg 250w, https:\/\/starsforeurope.com\/fr\/wp-content\/uploads\/sites\/13\/2023\/07\/2023_poinsettia_02000_Cottagecore_Charm_15-853x1024.jpg 853w, https:\/\/starsforeurope.com\/fr\/wp-content\/uploads\/sites\/13\/2023\/07\/2023_poinsettia_02000_Cottagecore_Charm_15-768x922.jpg 768w, https:\/\/starsforeurope.com\/fr\/wp-content\/uploads\/sites\/13\/2023\/07\/2023_poinsettia_02000_Cottagecore_Charm_15-563x675.jpg 563w\" sizes=\"auto, (max-width: 875px) 100vw, 875px\" \/><\/a><\/figure>\n\n<h3 class=\"wp-block-post-title\"><a href=\"https:\/\/starsforeurope.com\/fr\/press\/avec-leurs-couleurs-chaudes-les-poinsettias-egayent-le-gris-de-lautomne\/\" target=\"_self\" >Avec leurs couleurs chaudes, les poinsettias \u00e9gayent le gris de l\u2019automne<\/a><\/h3>\n\n\n<div class=\"wp-block-group postmetaline is-nowrap is-layout-flex wp-container-core-group-is-layout-6c531013 wp-block-group-is-layout-flex\"><div class=\"wp-block-post-date\"><time datetime=\"2023-08-22T08:03:51+02:00\">22. ao\u00fbt 2023<\/time><\/div>\n\n<\/div>\n\n\n<div class=\"wp-block-post-excerpt\"><p class=\"wp-block-post-excerpt__excerpt\">D\u00e9couvrez les poinsettias aux couleurs chaudes comme le saumon, la cannelle ou l&rsquo;abricot comme d\u00e9coration d&rsquo;Halloween<\/p><p class=\"wp-block-post-excerpt__more-text\"><a class=\"wp-block-post-excerpt__more-link\" href=\"https:\/\/starsforeurope.com\/fr\/press\/avec-leurs-couleurs-chaudes-les-poinsettias-egayent-le-gris-de-lautomne\/\">Lire la suite<\/a><\/p><\/div>\n<\/li><li class=\"wp-block-post post-4999 press type-press status-publish has-post-thumbnail hentry press_cat-autumn-decor-houseplants press_main-communiques-de-presse press_main-connaissance press_main-decoration press_main-decorations-naturelles-dautomne-green-living press_main-variete\">\n<figure style=\"aspect-ratio:1;\" class=\"featuredimage wp-block-post-featured-image\"><a href=\"https:\/\/starsforeurope.com\/fr\/press\/de-la-couleur-pour-combattre-le-blues-automnal-les-poinsettias-arrivent-chez-vos-fleuristes-des-octobre\/\" target=\"_self\"  ><img loading=\"lazy\" decoding=\"async\" width=\"875\" height=\"1050\" src=\"https:\/\/starsforeurope.com\/fr\/wp-content\/uploads\/sites\/13\/2022\/08\/2021-poinsettia-01000-boho-green-living-02.jpg\" class=\"attachment-post-thumbnail size-post-thumbnail wp-post-image\" alt=\"De la couleur pour combattre le blues automnal. Les poinsettias arrivent chez vos fleuristes d\u00e8s octobre\" style=\"width:100%;height:100%;object-fit:cover;\" srcset=\"https:\/\/starsforeurope.com\/fr\/wp-content\/uploads\/sites\/13\/2022\/08\/2021-poinsettia-01000-boho-green-living-02.jpg 875w, https:\/\/starsforeurope.com\/fr\/wp-content\/uploads\/sites\/13\/2022\/08\/2021-poinsettia-01000-boho-green-living-02-250x300.jpg 250w, https:\/\/starsforeurope.com\/fr\/wp-content\/uploads\/sites\/13\/2022\/08\/2021-poinsettia-01000-boho-green-living-02-853x1024.jpg 853w, https:\/\/starsforeurope.com\/fr\/wp-content\/uploads\/sites\/13\/2022\/08\/2021-poinsettia-01000-boho-green-living-02-768x922.jpg 768w, https:\/\/starsforeurope.com\/fr\/wp-content\/uploads\/sites\/13\/2022\/08\/2021-poinsettia-01000-boho-green-living-02-563x675.jpg 563w\" sizes=\"auto, (max-width: 875px) 100vw, 875px\" \/><\/a><\/figure>\n\n<h3 class=\"wp-block-post-title\"><a href=\"https:\/\/starsforeurope.com\/fr\/press\/de-la-couleur-pour-combattre-le-blues-automnal-les-poinsettias-arrivent-chez-vos-fleuristes-des-octobre\/\" target=\"_self\" >De la couleur pour combattre le blues automnal. Les poinsettias arrivent chez vos fleuristes d\u00e8s octobre<\/a><\/h3>\n\n\n<div class=\"wp-block-group postmetaline is-nowrap is-layout-flex wp-container-core-group-is-layout-6c531013 wp-block-group-is-layout-flex\"><div class=\"wp-block-post-date\"><time datetime=\"2021-09-18T12:46:39+02:00\">18. septembre 2021<\/time><\/div>\n\n<\/div>\n\n\n<div class=\"wp-block-post-excerpt\"><p class=\"wp-block-post-excerpt__excerpt\">Avec leurs bract\u00e9es color\u00e9es, les poinsettias transforment les pi\u00e8ces en havres de bonheur. Les effets exacts varient en fonction de la teinte. Nous examinons l&rsquo;effet des diff\u00e9rentes couleurs.<\/p><p class=\"wp-block-post-excerpt__more-text\"><a class=\"wp-block-post-excerpt__more-link\" href=\"https:\/\/starsforeurope.com\/fr\/press\/de-la-couleur-pour-combattre-le-blues-automnal-les-poinsettias-arrivent-chez-vos-fleuristes-des-octobre\/\">Lire la suite<\/a><\/p><\/div>\n<\/li><li class=\"wp-block-post post-5724 press type-press status-publish has-post-thumbnail hentry press_cat-autumn-decor-houseplants press_main-communiques-de-presse press_main-decoration press_main-decorations-naturelles-dautomne-green-living\">\n<figure style=\"aspect-ratio:1;\" class=\"featuredimage wp-block-post-featured-image\"><a href=\"https:\/\/starsforeurope.com\/fr\/press\/une-plante-de-noel-mais-pas-seulement-un-automne-magique-avec-des-poinsettias\/\" target=\"_self\"  ><img loading=\"lazy\" decoding=\"async\" width=\"875\" height=\"1050\" src=\"https:\/\/starsforeurope.com\/fr\/wp-content\/uploads\/sites\/13\/2022\/09\/2019_poinsettia_02000_christmas_wonderland_37.jpg\" class=\"attachment-post-thumbnail size-post-thumbnail wp-post-image\" alt=\"Une plante de No\u00ebl, mais pas seulement. Un automne magique avec des poinsettias\" style=\"width:100%;height:100%;object-fit:cover;\" srcset=\"https:\/\/starsforeurope.com\/fr\/wp-content\/uploads\/sites\/13\/2022\/09\/2019_poinsettia_02000_christmas_wonderland_37.jpg 875w, https:\/\/starsforeurope.com\/fr\/wp-content\/uploads\/sites\/13\/2022\/09\/2019_poinsettia_02000_christmas_wonderland_37-250x300.jpg 250w, https:\/\/starsforeurope.com\/fr\/wp-content\/uploads\/sites\/13\/2022\/09\/2019_poinsettia_02000_christmas_wonderland_37-853x1024.jpg 853w, https:\/\/starsforeurope.com\/fr\/wp-content\/uploads\/sites\/13\/2022\/09\/2019_poinsettia_02000_christmas_wonderland_37-768x922.jpg 768w, https:\/\/starsforeurope.com\/fr\/wp-content\/uploads\/sites\/13\/2022\/09\/2019_poinsettia_02000_christmas_wonderland_37-563x675.jpg 563w\" sizes=\"auto, (max-width: 875px) 100vw, 875px\" \/><\/a><\/figure>\n\n<h3 class=\"wp-block-post-title\"><a href=\"https:\/\/starsforeurope.com\/fr\/press\/une-plante-de-noel-mais-pas-seulement-un-automne-magique-avec-des-poinsettias\/\" target=\"_self\" >Une plante de No\u00ebl, mais pas seulement. Un automne magique avec des poinsettias<\/a><\/h3>\n\n\n<div class=\"wp-block-group postmetaline is-nowrap is-layout-flex wp-container-core-group-is-layout-6c531013 wp-block-group-is-layout-flex\"><div class=\"wp-block-post-date\"><time datetime=\"2019-09-13T15:15:36+02:00\">13. septembre 2019<\/time><\/div>\n\n<\/div>\n\n\n<div class=\"wp-block-post-excerpt\"><p class=\"wp-block-post-excerpt__excerpt\">Les poinsettias constituent une belle d\u00e9coration pour l&rsquo;automne. Dans des tons saumon, jaune, ros\u00e9 ou abricot, les \u00ab\u00a0\u00e9toiles d&rsquo;automne\u00a0\u00bb d\u00e9gagent chaleur et confort.<\/p><p class=\"wp-block-post-excerpt__more-text\"><a class=\"wp-block-post-excerpt__more-link\" href=\"https:\/\/starsforeurope.com\/fr\/press\/une-plante-de-noel-mais-pas-seulement-un-automne-magique-avec-des-poinsettias\/\">Lire la suite<\/a><\/p><\/div>\n<\/li><\/ul>\n\n\n\n<\/div>\n\n\n\n<div style=\"height:3rem\" aria-hidden=\"true\" class=\"wp-block-spacer\"><\/div>\n<\/main>","protected":false},"excerpt":{"rendered":"<p>Audacieux, chaleureux et inattendu &#8211; d\u00e9couvrez comment les poinsettias apportent une touche saisonni\u00e8re aux tendances de la d\u00e9coration d&rsquo;automne avec des couleurs riches et des arrangements cr\u00e9atifs.<\/p>\n","protected":false},"author":40,"featured_media":4366,"parent":7948,"menu_order":0,"comment_status":"closed","ping_status":"closed","template":"two-column-press","meta":{"_acf_changed":false,"footnotes":""},"class_list":["post-7969","page","type-page","status-publish","has-post-thumbnail","hentry"],"acf":[],"_links":{"self":[{"href":"https:\/\/starsforeurope.com\/fr\/wp-json\/wp\/v2\/pages\/7969","targetHints":{"allow":["GET"]}}],"collection":[{"href":"https:\/\/starsforeurope.com\/fr\/wp-json\/wp\/v2\/pages"}],"about":[{"href":"https:\/\/starsforeurope.com\/fr\/wp-json\/wp\/v2\/types\/page"}],"author":[{"embeddable":true,"href":"https:\/\/starsforeurope.com\/fr\/wp-json\/wp\/v2\/users\/40"}],"replies":[{"embeddable":true,"href":"https:\/\/starsforeurope.com\/fr\/wp-json\/wp\/v2\/comments?post=7969"}],"version-history":[{"count":2,"href":"https:\/\/starsforeurope.com\/fr\/wp-json\/wp\/v2\/pages\/7969\/revisions"}],"predecessor-version":[{"id":7971,"href":"https:\/\/starsforeurope.com\/fr\/wp-json\/wp\/v2\/pages\/7969\/revisions\/7971"}],"up":[{"embeddable":true,"href":"https:\/\/starsforeurope.com\/fr\/wp-json\/wp\/v2\/pages\/7948"}],"wp:featuredmedia":[{"embeddable":true,"href":"https:\/\/starsforeurope.com\/fr\/wp-json\/wp\/v2\/media\/4366"}],"wp:attachment":[{"href":"https:\/\/starsforeurope.com\/fr\/wp-json\/wp\/v2\/media?parent=7969"}],"curies":[{"name":"wp","href":"https:\/\/api.w.org\/{rel}","templated":true}]}}