{"id":7963,"date":"2025-07-14T11:53:54","date_gmt":"2025-07-14T09:53:54","guid":{"rendered":"https:\/\/starsforeurope.com\/fr\/?page_id=7963"},"modified":"2025-07-21T23:43:24","modified_gmt":"2025-07-21T21:43:24","slug":"bon-a-savoir-pr","status":"publish","type":"page","link":"https:\/\/starsforeurope.com\/fr\/communiques-de-presse\/connaissance-pr\/bon-a-savoir-pr\/","title":{"rendered":"Tout ce que vous devez savoir sur les Poinsettias"},"content":{"rendered":"<main class=\"wp-block-group postimage-half wide-content is-layout-flow wp-block-group-is-layout-flow\" style=\"margin-top:var(--wp--preset--spacing--50)\">\n<div style=\"height:3rem\" aria-hidden=\"true\" class=\"wp-block-spacer\"><\/div>\n\n\n\n<div class=\"wp-block-query is-layout-flow wp-block-query-is-layout-flow\"><ul class=\"columns-2 wp-block-post-template is-layout-grid wp-container-core-post-template-is-layout-37ef2942 wp-block-post-template-is-layout-grid\"><li class=\"wp-block-post post-7117 press type-press status-publish has-post-thumbnail hentry press_cat-christmas-tree-decorations press_cat-diy press_main-bon-a-savoir press_main-communiques-de-presse press_main-connaissance\">\n<figure style=\"aspect-ratio:1;\" class=\"featuredimage wp-block-post-featured-image\"><a href=\"https:\/\/starsforeurope.com\/fr\/press\/comment-creer-des-presentoirs-de-noel-pour-ameliorer-les-ventes\/\" target=\"_self\"  ><img loading=\"lazy\" decoding=\"async\" width=\"875\" height=\"1050\" src=\"https:\/\/starsforeurope.com\/fr\/wp-content\/uploads\/sites\/13\/2022\/08\/2020-poinsettia-03000-christmas-blush-.jpg\" class=\"attachment-post-thumbnail size-post-thumbnail wp-post-image\" alt=\"Comment cr\u00e9er des pr\u00e9sentoirs de No\u00ebl pour am\u00e9liorer  les ventes\" style=\"width:100%;height:100%;object-fit:cover;\" srcset=\"https:\/\/starsforeurope.com\/fr\/wp-content\/uploads\/sites\/13\/2022\/08\/2020-poinsettia-03000-christmas-blush-.jpg 875w, https:\/\/starsforeurope.com\/fr\/wp-content\/uploads\/sites\/13\/2022\/08\/2020-poinsettia-03000-christmas-blush--250x300.jpg 250w, https:\/\/starsforeurope.com\/fr\/wp-content\/uploads\/sites\/13\/2022\/08\/2020-poinsettia-03000-christmas-blush--853x1024.jpg 853w, https:\/\/starsforeurope.com\/fr\/wp-content\/uploads\/sites\/13\/2022\/08\/2020-poinsettia-03000-christmas-blush--768x922.jpg 768w, https:\/\/starsforeurope.com\/fr\/wp-content\/uploads\/sites\/13\/2022\/08\/2020-poinsettia-03000-christmas-blush--563x675.jpg 563w\" sizes=\"auto, (max-width: 875px) 100vw, 875px\" \/><\/a><\/figure>\n\n<h3 class=\"wp-block-post-title\"><a href=\"https:\/\/starsforeurope.com\/fr\/press\/comment-creer-des-presentoirs-de-noel-pour-ameliorer-les-ventes\/\" target=\"_self\" >Comment cr\u00e9er des pr\u00e9sentoirs de No\u00ebl pour am\u00e9liorer  les ventes<\/a><\/h3>\n\n\n<div class=\"wp-block-group postmetaline is-nowrap is-layout-flex wp-container-core-group-is-layout-6c531013 wp-block-group-is-layout-flex\"><div class=\"wp-block-post-date\"><time datetime=\"2022-10-17T21:57:22+02:00\">17. octobre 2022<\/time><\/div>\n\n<\/div>\n\n\n<div class=\"wp-block-post-excerpt\"><p class=\"wp-block-post-excerpt__excerpt\">Conseils aux fleuristes et aux jardineries pour cr\u00e9er des pr\u00e9sentoirs inspirants en magasin.<\/p><p class=\"wp-block-post-excerpt__more-text\"><a class=\"wp-block-post-excerpt__more-link\" href=\"https:\/\/starsforeurope.com\/fr\/press\/comment-creer-des-presentoirs-de-noel-pour-ameliorer-les-ventes\/\">Lire la suite<\/a><\/p><\/div>\n<\/li><li class=\"wp-block-post post-5033 press type-press status-publish has-post-thumbnail hentry press_cat-decoration-tips press_cat-diy press_cat-history press_main-bon-a-savoir press_main-communiques-de-presse press_main-connaissance press_main-decoration press_main-diy-upcycling\">\n<figure style=\"aspect-ratio:1;\" class=\"featuredimage wp-block-post-featured-image\"><a href=\"https:\/\/starsforeurope.com\/fr\/press\/une-ambiance-mid-century-dans-votre-interieur-les-poinsettias-sont-le-trait-dunion-entre-tradition-et-modernite\/\" target=\"_self\"  ><img loading=\"lazy\" decoding=\"async\" width=\"875\" height=\"1050\" src=\"https:\/\/starsforeurope.com\/fr\/wp-content\/uploads\/sites\/13\/2022\/08\/2022-poinsettia-05000-mid-century-cheer-08.jpg\" class=\"attachment-post-thumbnail size-post-thumbnail wp-post-image\" alt=\"Une ambiance \u201cMid-Century\u201d dans votre int\u00e9rieur Les poinsettias sont le trait d\u2019union entre tradition et modernit\u00e9\" style=\"width:100%;height:100%;object-fit:cover;\" srcset=\"https:\/\/starsforeurope.com\/fr\/wp-content\/uploads\/sites\/13\/2022\/08\/2022-poinsettia-05000-mid-century-cheer-08.jpg 875w, https:\/\/starsforeurope.com\/fr\/wp-content\/uploads\/sites\/13\/2022\/08\/2022-poinsettia-05000-mid-century-cheer-08-250x300.jpg 250w, https:\/\/starsforeurope.com\/fr\/wp-content\/uploads\/sites\/13\/2022\/08\/2022-poinsettia-05000-mid-century-cheer-08-853x1024.jpg 853w, https:\/\/starsforeurope.com\/fr\/wp-content\/uploads\/sites\/13\/2022\/08\/2022-poinsettia-05000-mid-century-cheer-08-768x922.jpg 768w, https:\/\/starsforeurope.com\/fr\/wp-content\/uploads\/sites\/13\/2022\/08\/2022-poinsettia-05000-mid-century-cheer-08-563x675.jpg 563w\" sizes=\"auto, (max-width: 875px) 100vw, 875px\" \/><\/a><\/figure>\n\n<h3 class=\"wp-block-post-title\"><a href=\"https:\/\/starsforeurope.com\/fr\/press\/une-ambiance-mid-century-dans-votre-interieur-les-poinsettias-sont-le-trait-dunion-entre-tradition-et-modernite\/\" target=\"_self\" >Une ambiance \u201cMid-Century\u201d dans votre int\u00e9rieur Les poinsettias sont le trait d\u2019union entre tradition et modernit\u00e9<\/a><\/h3>\n\n\n<div class=\"wp-block-group postmetaline is-nowrap is-layout-flex wp-container-core-group-is-layout-6c531013 wp-block-group-is-layout-flex\"><div class=\"wp-block-post-date\"><time datetime=\"2022-10-01T10:22:39+02:00\">01. octobre 2022<\/time><\/div>\n\n<\/div>\n\n\n<div class=\"wp-block-post-excerpt\"><p class=\"wp-block-post-excerpt__excerpt\">Les poinsettias s&rsquo;adaptent \u00e0 tout type de d\u00e9coration int\u00e9rieure. Nous vous expliquons pourquoi.<\/p><p class=\"wp-block-post-excerpt__more-text\"><a class=\"wp-block-post-excerpt__more-link\" href=\"https:\/\/starsforeurope.com\/fr\/press\/une-ambiance-mid-century-dans-votre-interieur-les-poinsettias-sont-le-trait-dunion-entre-tradition-et-modernite\/\">Lire la suite<\/a><\/p><\/div>\n<\/li><li class=\"wp-block-post post-5024 press type-press status-publish has-post-thumbnail hentry press_cat-care press_main-bon-a-savoir press_main-communiques-de-presse press_main-connaissance\">\n<figure style=\"aspect-ratio:1;\" class=\"featuredimage wp-block-post-featured-image\"><a href=\"https:\/\/starsforeurope.com\/fr\/press\/six-astuces-de-professionnels-pour-bien-arroser-les-poinsettias\/\" target=\"_self\"  ><img loading=\"lazy\" decoding=\"async\" width=\"875\" height=\"1050\" src=\"https:\/\/starsforeurope.com\/fr\/wp-content\/uploads\/sites\/13\/2022\/08\/2022-poinsettia-07000-how-to-water-01.jpg\" class=\"attachment-post-thumbnail size-post-thumbnail wp-post-image\" alt=\"Six astuces de professionnels pour bien arroser les poinsettias\" style=\"width:100%;height:100%;object-fit:cover;\" srcset=\"https:\/\/starsforeurope.com\/fr\/wp-content\/uploads\/sites\/13\/2022\/08\/2022-poinsettia-07000-how-to-water-01.jpg 875w, https:\/\/starsforeurope.com\/fr\/wp-content\/uploads\/sites\/13\/2022\/08\/2022-poinsettia-07000-how-to-water-01-250x300.jpg 250w, https:\/\/starsforeurope.com\/fr\/wp-content\/uploads\/sites\/13\/2022\/08\/2022-poinsettia-07000-how-to-water-01-853x1024.jpg 853w, https:\/\/starsforeurope.com\/fr\/wp-content\/uploads\/sites\/13\/2022\/08\/2022-poinsettia-07000-how-to-water-01-768x922.jpg 768w, https:\/\/starsforeurope.com\/fr\/wp-content\/uploads\/sites\/13\/2022\/08\/2022-poinsettia-07000-how-to-water-01-563x675.jpg 563w\" sizes=\"auto, (max-width: 875px) 100vw, 875px\" \/><\/a><\/figure>\n\n<h3 class=\"wp-block-post-title\"><a href=\"https:\/\/starsforeurope.com\/fr\/press\/six-astuces-de-professionnels-pour-bien-arroser-les-poinsettias\/\" target=\"_self\" >Six astuces de professionnels pour bien arroser les poinsettias<\/a><\/h3>\n\n\n<div class=\"wp-block-group postmetaline is-nowrap is-layout-flex wp-container-core-group-is-layout-6c531013 wp-block-group-is-layout-flex\"><div class=\"wp-block-post-date\"><time datetime=\"2022-08-17T09:36:03+02:00\">17. ao\u00fbt 2022<\/time><\/div>\n\n<\/div>\n\n\n<div class=\"wp-block-post-excerpt\"><p class=\"wp-block-post-excerpt__excerpt\">D\u00e9couvrez ce qui compte vraiment lorsque vous arrosez des poinsettias et comment un verre \u00e0 champagne peut vous aider.<\/p><p class=\"wp-block-post-excerpt__more-text\"><a class=\"wp-block-post-excerpt__more-link\" href=\"https:\/\/starsforeurope.com\/fr\/press\/six-astuces-de-professionnels-pour-bien-arroser-les-poinsettias\/\">Lire la suite<\/a><\/p><\/div>\n<\/li><li class=\"wp-block-post post-4936 press type-press status-publish has-post-thumbnail hentry press_cat-history press_main-bon-a-savoir press_main-communiques-de-presse press_main-connaissance\">\n<figure style=\"aspect-ratio:1;\" class=\"featuredimage wp-block-post-featured-image\"><a href=\"https:\/\/starsforeurope.com\/fr\/press\/star-des-fetes-de-fin-dannee-les-origines-de-letoile-de-noel-comment-une-ancienne-fleur-azteque-est-devenue-lune-des-plantes-les-plus-populaires\/\" target=\"_self\"  ><img loading=\"lazy\" decoding=\"async\" width=\"875\" height=\"1050\" src=\"https:\/\/starsforeurope.com\/fr\/wp-content\/uploads\/sites\/13\/2022\/09\/2020-poinsettia-05100-christmas-romance-10.jpg\" class=\"attachment-post-thumbnail size-post-thumbnail wp-post-image\" alt=\"Star des f\u00eates de fin d\u2019ann\u00e9e, les origines de l\u2019Etoile de No\u00ebl. Comment une ancienne fleur azt\u00e8que est devenue l\u2019une des plantes les plus populaires\" style=\"width:100%;height:100%;object-fit:cover;\" srcset=\"https:\/\/starsforeurope.com\/fr\/wp-content\/uploads\/sites\/13\/2022\/09\/2020-poinsettia-05100-christmas-romance-10.jpg 875w, https:\/\/starsforeurope.com\/fr\/wp-content\/uploads\/sites\/13\/2022\/09\/2020-poinsettia-05100-christmas-romance-10-250x300.jpg 250w, https:\/\/starsforeurope.com\/fr\/wp-content\/uploads\/sites\/13\/2022\/09\/2020-poinsettia-05100-christmas-romance-10-853x1024.jpg 853w, https:\/\/starsforeurope.com\/fr\/wp-content\/uploads\/sites\/13\/2022\/09\/2020-poinsettia-05100-christmas-romance-10-768x922.jpg 768w, https:\/\/starsforeurope.com\/fr\/wp-content\/uploads\/sites\/13\/2022\/09\/2020-poinsettia-05100-christmas-romance-10-563x675.jpg 563w\" sizes=\"auto, (max-width: 875px) 100vw, 875px\" \/><\/a><\/figure>\n\n<h3 class=\"wp-block-post-title\"><a href=\"https:\/\/starsforeurope.com\/fr\/press\/star-des-fetes-de-fin-dannee-les-origines-de-letoile-de-noel-comment-une-ancienne-fleur-azteque-est-devenue-lune-des-plantes-les-plus-populaires\/\" target=\"_self\" >Star des f\u00eates de fin d\u2019ann\u00e9e, les origines de l\u2019Etoile de No\u00ebl. Comment une ancienne fleur azt\u00e8que est devenue l\u2019une des plantes les plus populaires<\/a><\/h3>\n\n\n<div class=\"wp-block-group postmetaline is-nowrap is-layout-flex wp-container-core-group-is-layout-6c531013 wp-block-group-is-layout-flex\"><div class=\"wp-block-post-date\"><time datetime=\"2021-10-01T14:07:48+02:00\">01. octobre 2021<\/time><\/div>\n\n<\/div>\n\n\n<div class=\"wp-block-post-excerpt\"><p class=\"wp-block-post-excerpt__excerpt\">Les poinsettias sont devenus les fleurs de f\u00eate par excellence dans toute l&rsquo;Europe, mais leurs racines se trouvent de l&rsquo;autre c\u00f4t\u00e9 de l\u2019Atlantique, dans les royaumes azt\u00e8ques d&rsquo;Am\u00e9rique centrale et latine, o\u00f9 ils \u00e9taient tr\u00e8s pris\u00e9s par les rois Netzahualcoyotl et Montezuma. Connu au Chili et au P\u00e9rou sous le nom de \u00ab\u00a0couronne des Andes\u00a0\u00bb,<\/p><p class=\"wp-block-post-excerpt__more-text\"><a class=\"wp-block-post-excerpt__more-link\" href=\"https:\/\/starsforeurope.com\/fr\/press\/star-des-fetes-de-fin-dannee-les-origines-de-letoile-de-noel-comment-une-ancienne-fleur-azteque-est-devenue-lune-des-plantes-les-plus-populaires\/\">Lire la suite<\/a><\/p><\/div>\n<\/li><\/ul>\n\n<nav class=\"wp-block-query-pagination is-content-justification-center is-layout-flex wp-container-core-query-pagination-is-layout-a89b3969 wp-block-query-pagination-is-layout-flex\" aria-label=\"Pagination\">\n\n\n<div class=\"wp-block-query-pagination-numbers has-medium-font-size\"><span aria-current=\"page\" class=\"page-numbers current\">1<\/span>\n<a class=\"page-numbers\" href=\"?query-0-page=2\">2<\/a>\n<a class=\"page-numbers\" href=\"?query-0-page=3\">3<\/a><\/div>\n\n<a href=\"\/fr\/wp-json\/wp\/v2\/pages\/7963?query-0-page=2\" class=\"wp-block-query-pagination-next\">\u22b3<\/a>\n<\/nav>\n\n<\/div>\n\n\n\n<div style=\"height:3rem\" aria-hidden=\"true\" class=\"wp-block-spacer\"><\/div>\n<\/main>","protected":false},"excerpt":{"rendered":"<p>Obtenez des faits et des conseils essentiels sur les poinsettias &#8211; des principes d&rsquo;entretien aux anecdotes int\u00e9ressantes &#8211; pour vous aider \u00e0 profiter de ces plantes festives tout au long de l&rsquo;ann\u00e9e.<\/p>\n","protected":false},"author":40,"featured_media":4366,"parent":7954,"menu_order":0,"comment_status":"closed","ping_status":"closed","template":"two-column-press","meta":{"_acf_changed":false,"footnotes":""},"class_list":["post-7963","page","type-page","status-publish","has-post-thumbnail","hentry"],"acf":[],"_links":{"self":[{"href":"https:\/\/starsforeurope.com\/fr\/wp-json\/wp\/v2\/pages\/7963","targetHints":{"allow":["GET"]}}],"collection":[{"href":"https:\/\/starsforeurope.com\/fr\/wp-json\/wp\/v2\/pages"}],"about":[{"href":"https:\/\/starsforeurope.com\/fr\/wp-json\/wp\/v2\/types\/page"}],"author":[{"embeddable":true,"href":"https:\/\/starsforeurope.com\/fr\/wp-json\/wp\/v2\/users\/40"}],"replies":[{"embeddable":true,"href":"https:\/\/starsforeurope.com\/fr\/wp-json\/wp\/v2\/comments?post=7963"}],"version-history":[{"count":2,"href":"https:\/\/starsforeurope.com\/fr\/wp-json\/wp\/v2\/pages\/7963\/revisions"}],"predecessor-version":[{"id":7965,"href":"https:\/\/starsforeurope.com\/fr\/wp-json\/wp\/v2\/pages\/7963\/revisions\/7965"}],"up":[{"embeddable":true,"href":"https:\/\/starsforeurope.com\/fr\/wp-json\/wp\/v2\/pages\/7954"}],"wp:featuredmedia":[{"embeddable":true,"href":"https:\/\/starsforeurope.com\/fr\/wp-json\/wp\/v2\/media\/4366"}],"wp:attachment":[{"href":"https:\/\/starsforeurope.com\/fr\/wp-json\/wp\/v2\/media?parent=7963"}],"curies":[{"name":"wp","href":"https:\/\/api.w.org\/{rel}","templated":true}]}}