{"id":7960,"date":"2025-07-14T11:51:16","date_gmt":"2025-07-14T09:51:16","guid":{"rendered":"https:\/\/starsforeurope.com\/fr\/?page_id=7960"},"modified":"2025-07-21T23:43:24","modified_gmt":"2025-07-21T21:43:24","slug":"variete-pr","status":"publish","type":"page","link":"https:\/\/starsforeurope.com\/fr\/communiques-de-presse\/connaissance-pr\/variete-pr\/","title":{"rendered":"Vari\u00e9t\u00e9s de Poinsettia"},"content":{"rendered":"<main class=\"wp-block-group postimage-half wide-content is-layout-flow wp-block-group-is-layout-flow\" style=\"margin-top:var(--wp--preset--spacing--50)\">\n<div style=\"height:3rem\" aria-hidden=\"true\" class=\"wp-block-spacer\"><\/div>\n\n\n\n<div class=\"wp-block-query is-layout-flow wp-block-query-is-layout-flow\"><ul class=\"columns-2 wp-block-post-template is-layout-grid wp-container-core-post-template-is-layout-37ef2942 wp-block-post-template-is-layout-grid\"><li class=\"wp-block-post post-8167 press type-press status-publish has-post-thumbnail hentry press_cat-decoration-tips press_main-communiques-de-presse press_main-debut-de-saison press_main-variete\">\n<figure style=\"aspect-ratio:1;\" class=\"featuredimage wp-block-post-featured-image\"><a href=\"https:\/\/starsforeurope.com\/fr\/press\/celebrez-noel-avec-des-etoiles-a-la-maisonheader\/\" target=\"_self\"  ><img loading=\"lazy\" decoding=\"async\" width=\"768\" height=\"640\" src=\"https:\/\/starsforeurope.com\/fr\/wp-content\/uploads\/sites\/13\/2023\/11\/2023_poinsettia_04000_Contemporary_-768x640-1.jpg\" class=\"attachment-post-thumbnail size-post-thumbnail wp-post-image\" alt=\"C\u00e9l\u00e9brez No\u00ebl avec des \u00e9toiles \u00e0 la maisonheader\" style=\"width:100%;height:100%;object-fit:cover;\" srcset=\"https:\/\/starsforeurope.com\/fr\/wp-content\/uploads\/sites\/13\/2023\/11\/2023_poinsettia_04000_Contemporary_-768x640-1.jpg 768w, https:\/\/starsforeurope.com\/fr\/wp-content\/uploads\/sites\/13\/2023\/11\/2023_poinsettia_04000_Contemporary_-768x640-1-300x250.jpg 300w\" sizes=\"auto, (max-width: 768px) 100vw, 768px\" \/><\/a><\/figure>\n\n<h3 class=\"wp-block-post-title\"><a href=\"https:\/\/starsforeurope.com\/fr\/press\/celebrez-noel-avec-des-etoiles-a-la-maisonheader\/\" target=\"_self\" >C\u00e9l\u00e9brez No\u00ebl avec des \u00e9toiles \u00e0 la maisonheader<\/a><\/h3>\n\n\n<div class=\"wp-block-group postmetaline is-nowrap is-layout-flex wp-container-core-group-is-layout-6c531013 wp-block-group-is-layout-flex\"><div class=\"wp-block-post-date\"><time datetime=\"2025-09-07T07:08:00+02:00\">07. septembre 2025<\/time><\/div>\n\n<\/div>\n\n\n<div class=\"wp-block-post-excerpt\"><p class=\"wp-block-post-excerpt__excerpt\">Cette saison, l\u2019\u00e9toile de No\u00ebl (Poinsettia) brille dans tous les styles : du festif traditionnel au plus moderne et audacieux.<\/p><p class=\"wp-block-post-excerpt__more-text\"><a class=\"wp-block-post-excerpt__more-link\" href=\"https:\/\/starsforeurope.com\/fr\/press\/celebrez-noel-avec-des-etoiles-a-la-maisonheader\/\">Lire la suite<\/a><\/p><\/div>\n<\/li><li class=\"wp-block-post post-4999 press type-press status-publish has-post-thumbnail hentry press_cat-autumn-decor-houseplants press_main-communiques-de-presse press_main-connaissance press_main-decoration press_main-decorations-naturelles-dautomne-green-living press_main-variete\">\n<figure style=\"aspect-ratio:1;\" class=\"featuredimage wp-block-post-featured-image\"><a href=\"https:\/\/starsforeurope.com\/fr\/press\/de-la-couleur-pour-combattre-le-blues-automnal-les-poinsettias-arrivent-chez-vos-fleuristes-des-octobre\/\" target=\"_self\"  ><img loading=\"lazy\" decoding=\"async\" width=\"875\" height=\"1050\" src=\"https:\/\/starsforeurope.com\/fr\/wp-content\/uploads\/sites\/13\/2022\/08\/2021-poinsettia-01000-boho-green-living-02.jpg\" class=\"attachment-post-thumbnail size-post-thumbnail wp-post-image\" alt=\"De la couleur pour combattre le blues automnal. Les poinsettias arrivent chez vos fleuristes d\u00e8s octobre\" style=\"width:100%;height:100%;object-fit:cover;\" srcset=\"https:\/\/starsforeurope.com\/fr\/wp-content\/uploads\/sites\/13\/2022\/08\/2021-poinsettia-01000-boho-green-living-02.jpg 875w, https:\/\/starsforeurope.com\/fr\/wp-content\/uploads\/sites\/13\/2022\/08\/2021-poinsettia-01000-boho-green-living-02-250x300.jpg 250w, https:\/\/starsforeurope.com\/fr\/wp-content\/uploads\/sites\/13\/2022\/08\/2021-poinsettia-01000-boho-green-living-02-853x1024.jpg 853w, https:\/\/starsforeurope.com\/fr\/wp-content\/uploads\/sites\/13\/2022\/08\/2021-poinsettia-01000-boho-green-living-02-768x922.jpg 768w, https:\/\/starsforeurope.com\/fr\/wp-content\/uploads\/sites\/13\/2022\/08\/2021-poinsettia-01000-boho-green-living-02-563x675.jpg 563w\" sizes=\"auto, (max-width: 875px) 100vw, 875px\" \/><\/a><\/figure>\n\n<h3 class=\"wp-block-post-title\"><a href=\"https:\/\/starsforeurope.com\/fr\/press\/de-la-couleur-pour-combattre-le-blues-automnal-les-poinsettias-arrivent-chez-vos-fleuristes-des-octobre\/\" target=\"_self\" >De la couleur pour combattre le blues automnal. Les poinsettias arrivent chez vos fleuristes d\u00e8s octobre<\/a><\/h3>\n\n\n<div class=\"wp-block-group postmetaline is-nowrap is-layout-flex wp-container-core-group-is-layout-6c531013 wp-block-group-is-layout-flex\"><div class=\"wp-block-post-date\"><time datetime=\"2021-09-18T12:46:39+02:00\">18. septembre 2021<\/time><\/div>\n\n<\/div>\n\n\n<div class=\"wp-block-post-excerpt\"><p class=\"wp-block-post-excerpt__excerpt\">Avec leurs bract\u00e9es color\u00e9es, les poinsettias transforment les pi\u00e8ces en havres de bonheur. Les effets exacts varient en fonction de la teinte. Nous examinons l&rsquo;effet des diff\u00e9rentes couleurs.<\/p><p class=\"wp-block-post-excerpt__more-text\"><a class=\"wp-block-post-excerpt__more-link\" href=\"https:\/\/starsforeurope.com\/fr\/press\/de-la-couleur-pour-combattre-le-blues-automnal-les-poinsettias-arrivent-chez-vos-fleuristes-des-octobre\/\">Lire la suite<\/a><\/p><\/div>\n<\/li><li class=\"wp-block-post post-5658 press type-press status-publish has-post-thumbnail hentry press_cat-variety press_main-communiques-de-presse press_main-connaissance press_main-variete\">\n<figure style=\"aspect-ratio:1;\" class=\"featuredimage wp-block-post-featured-image\"><a href=\"https:\/\/starsforeurope.com\/fr\/press\/conserver-simplement-sa-beaute-naturelle\/\" target=\"_self\"  ><img loading=\"lazy\" decoding=\"async\" width=\"875\" height=\"1050\" src=\"https:\/\/starsforeurope.com\/fr\/wp-content\/uploads\/sites\/13\/2022\/09\/2019_poinsettia_02000_christmas_wonderland_40-1.jpg\" class=\"attachment-post-thumbnail size-post-thumbnail wp-post-image\" alt=\"Conserver simplement sa beaut\u00e9 naturelle\" style=\"width:100%;height:100%;object-fit:cover;\" srcset=\"https:\/\/starsforeurope.com\/fr\/wp-content\/uploads\/sites\/13\/2022\/09\/2019_poinsettia_02000_christmas_wonderland_40-1.jpg 875w, https:\/\/starsforeurope.com\/fr\/wp-content\/uploads\/sites\/13\/2022\/09\/2019_poinsettia_02000_christmas_wonderland_40-1-250x300.jpg 250w, https:\/\/starsforeurope.com\/fr\/wp-content\/uploads\/sites\/13\/2022\/09\/2019_poinsettia_02000_christmas_wonderland_40-1-853x1024.jpg 853w, https:\/\/starsforeurope.com\/fr\/wp-content\/uploads\/sites\/13\/2022\/09\/2019_poinsettia_02000_christmas_wonderland_40-1-768x922.jpg 768w, https:\/\/starsforeurope.com\/fr\/wp-content\/uploads\/sites\/13\/2022\/09\/2019_poinsettia_02000_christmas_wonderland_40-1-563x675.jpg 563w\" sizes=\"auto, (max-width: 875px) 100vw, 875px\" \/><\/a><\/figure>\n\n<h3 class=\"wp-block-post-title\"><a href=\"https:\/\/starsforeurope.com\/fr\/press\/conserver-simplement-sa-beaute-naturelle\/\" target=\"_self\" >Conserver simplement sa beaut\u00e9 naturelle<\/a><\/h3>\n\n\n<div class=\"wp-block-group postmetaline is-nowrap is-layout-flex wp-container-core-group-is-layout-6c531013 wp-block-group-is-layout-flex\"><div class=\"wp-block-post-date\"><time datetime=\"2019-12-04T11:29:22+01:00\">04. d\u00e9cembre 2019<\/time><\/div>\n\n<\/div>\n\n\n<div class=\"wp-block-post-excerpt\"><p class=\"wp-block-post-excerpt__excerpt\">Les vari\u00e9t\u00e9s modernes de poinsettias sont extr\u00eamement vari\u00e9es. Pr\u00e9parez-vous \u00e0 \u00eatre surpris.<\/p><p class=\"wp-block-post-excerpt__more-text\"><a class=\"wp-block-post-excerpt__more-link\" href=\"https:\/\/starsforeurope.com\/fr\/press\/conserver-simplement-sa-beaute-naturelle\/\">Lire la suite<\/a><\/p><\/div>\n<\/li><li class=\"wp-block-post post-5750 press type-press status-publish has-post-thumbnail hentry press_cat-variety press_main-communiques-de-presse press_main-connaissance press_main-variete\">\n<figure style=\"aspect-ratio:1;\" class=\"featuredimage wp-block-post-featured-image\"><a href=\"https:\/\/starsforeurope.com\/fr\/press\/la-diversite-des-poinsettias-une-plante-dinterieur-populaire-aux-couleurs-tailles-et-formes-variees\/\" target=\"_self\"  ><img loading=\"lazy\" decoding=\"async\" width=\"875\" height=\"1050\" src=\"https:\/\/starsforeurope.com\/fr\/wp-content\/uploads\/sites\/13\/2022\/09\/2018_poinsettia_0300_Varieties_01-1.jpg\" class=\"attachment-post-thumbnail size-post-thumbnail wp-post-image\" alt=\"La diversit\u00e9 des poinsettias. Une plante d&rsquo;int\u00e9rieur populaire aux couleurs, tailles et formes vari\u00e9es\" style=\"width:100%;height:100%;object-fit:cover;\" srcset=\"https:\/\/starsforeurope.com\/fr\/wp-content\/uploads\/sites\/13\/2022\/09\/2018_poinsettia_0300_Varieties_01-1.jpg 875w, https:\/\/starsforeurope.com\/fr\/wp-content\/uploads\/sites\/13\/2022\/09\/2018_poinsettia_0300_Varieties_01-1-250x300.jpg 250w, https:\/\/starsforeurope.com\/fr\/wp-content\/uploads\/sites\/13\/2022\/09\/2018_poinsettia_0300_Varieties_01-1-853x1024.jpg 853w, https:\/\/starsforeurope.com\/fr\/wp-content\/uploads\/sites\/13\/2022\/09\/2018_poinsettia_0300_Varieties_01-1-768x922.jpg 768w, https:\/\/starsforeurope.com\/fr\/wp-content\/uploads\/sites\/13\/2022\/09\/2018_poinsettia_0300_Varieties_01-1-563x675.jpg 563w\" sizes=\"auto, (max-width: 875px) 100vw, 875px\" \/><\/a><\/figure>\n\n<h3 class=\"wp-block-post-title\"><a href=\"https:\/\/starsforeurope.com\/fr\/press\/la-diversite-des-poinsettias-une-plante-dinterieur-populaire-aux-couleurs-tailles-et-formes-variees\/\" target=\"_self\" >La diversit\u00e9 des poinsettias. Une plante d&rsquo;int\u00e9rieur populaire aux couleurs, tailles et formes vari\u00e9es<\/a><\/h3>\n\n\n<div class=\"wp-block-group postmetaline is-nowrap is-layout-flex wp-container-core-group-is-layout-6c531013 wp-block-group-is-layout-flex\"><div class=\"wp-block-post-date\"><time datetime=\"2018-08-15T08:32:12+02:00\">15. ao\u00fbt 2018<\/time><\/div>\n\n<\/div>\n\n\n<div class=\"wp-block-post-excerpt\"><p class=\"wp-block-post-excerpt__excerpt\">Les poinsettias sont les fleurs parfaites pour les d\u00e9corations de table de f\u00eate. Cr\u00e9ez de magnifiques tables de f\u00eate avec des poinsettias sous forme de fleurs coup\u00e9es ou de plantes en pot.<\/p><p class=\"wp-block-post-excerpt__more-text\"><a class=\"wp-block-post-excerpt__more-link\" href=\"https:\/\/starsforeurope.com\/fr\/press\/la-diversite-des-poinsettias-une-plante-dinterieur-populaire-aux-couleurs-tailles-et-formes-variees\/\">Lire la suite<\/a><\/p><\/div>\n<\/li><\/ul>\n\n\n\n<\/div>\n\n\n\n<div style=\"height:3rem\" aria-hidden=\"true\" class=\"wp-block-spacer\"><\/div>\n<\/main>","protected":false},"excerpt":{"rendered":"<p>Des rouges traditionnels aux roses et blancs \u00e9clatants, d\u00e9couvrez les nombreuses vari\u00e9t\u00e9s de poinsettias et ce qui rend chacune d&rsquo;entre elles sp\u00e9ciale.<\/p>\n","protected":false},"author":40,"featured_media":4366,"parent":7954,"menu_order":0,"comment_status":"closed","ping_status":"closed","template":"two-column-press","meta":{"_acf_changed":false,"footnotes":""},"class_list":["post-7960","page","type-page","status-publish","has-post-thumbnail","hentry"],"acf":[],"_links":{"self":[{"href":"https:\/\/starsforeurope.com\/fr\/wp-json\/wp\/v2\/pages\/7960","targetHints":{"allow":["GET"]}}],"collection":[{"href":"https:\/\/starsforeurope.com\/fr\/wp-json\/wp\/v2\/pages"}],"about":[{"href":"https:\/\/starsforeurope.com\/fr\/wp-json\/wp\/v2\/types\/page"}],"author":[{"embeddable":true,"href":"https:\/\/starsforeurope.com\/fr\/wp-json\/wp\/v2\/users\/40"}],"replies":[{"embeddable":true,"href":"https:\/\/starsforeurope.com\/fr\/wp-json\/wp\/v2\/comments?post=7960"}],"version-history":[{"count":2,"href":"https:\/\/starsforeurope.com\/fr\/wp-json\/wp\/v2\/pages\/7960\/revisions"}],"predecessor-version":[{"id":7962,"href":"https:\/\/starsforeurope.com\/fr\/wp-json\/wp\/v2\/pages\/7960\/revisions\/7962"}],"up":[{"embeddable":true,"href":"https:\/\/starsforeurope.com\/fr\/wp-json\/wp\/v2\/pages\/7954"}],"wp:featuredmedia":[{"embeddable":true,"href":"https:\/\/starsforeurope.com\/fr\/wp-json\/wp\/v2\/media\/4366"}],"wp:attachment":[{"href":"https:\/\/starsforeurope.com\/fr\/wp-json\/wp\/v2\/media?parent=7960"}],"curies":[{"name":"wp","href":"https:\/\/api.w.org\/{rel}","templated":true}]}}