{"id":7957,"date":"2025-07-14T11:49:05","date_gmt":"2025-07-14T09:49:05","guid":{"rendered":"https:\/\/starsforeurope.com\/fr\/?page_id=7957"},"modified":"2025-07-21T23:43:24","modified_gmt":"2025-07-21T21:43:24","slug":"debut-de-saison-pr","status":"publish","type":"page","link":"https:\/\/starsforeurope.com\/fr\/communiques-de-presse\/connaissance-pr\/debut-de-saison-pr\/","title":{"rendered":"Lancez la saison avec les Poinsettias"},"content":{"rendered":"<main class=\"wp-block-group postimage-half wide-content is-layout-flow wp-block-group-is-layout-flow\" style=\"margin-top:var(--wp--preset--spacing--50)\">\n<div style=\"height:3rem\" aria-hidden=\"true\" class=\"wp-block-spacer\"><\/div>\n\n\n\n<div class=\"wp-block-query is-layout-flow wp-block-query-is-layout-flow\"><ul class=\"columns-2 wp-block-post-template is-layout-grid wp-container-core-post-template-is-layout-37ef2942 wp-block-post-template-is-layout-grid\"><li class=\"wp-block-post post-8167 press type-press status-publish has-post-thumbnail hentry press_cat-decoration-tips press_main-communiques-de-presse press_main-debut-de-saison press_main-variete\">\n<figure style=\"aspect-ratio:1;\" class=\"featuredimage wp-block-post-featured-image\"><a href=\"https:\/\/starsforeurope.com\/fr\/press\/celebrez-noel-avec-des-etoiles-a-la-maisonheader\/\" target=\"_self\"  ><img loading=\"lazy\" decoding=\"async\" width=\"768\" height=\"640\" src=\"https:\/\/starsforeurope.com\/fr\/wp-content\/uploads\/sites\/13\/2023\/11\/2023_poinsettia_04000_Contemporary_-768x640-1.jpg\" class=\"attachment-post-thumbnail size-post-thumbnail wp-post-image\" alt=\"C\u00e9l\u00e9brez No\u00ebl avec des \u00e9toiles \u00e0 la maisonheader\" style=\"width:100%;height:100%;object-fit:cover;\" srcset=\"https:\/\/starsforeurope.com\/fr\/wp-content\/uploads\/sites\/13\/2023\/11\/2023_poinsettia_04000_Contemporary_-768x640-1.jpg 768w, https:\/\/starsforeurope.com\/fr\/wp-content\/uploads\/sites\/13\/2023\/11\/2023_poinsettia_04000_Contemporary_-768x640-1-300x250.jpg 300w\" sizes=\"auto, (max-width: 768px) 100vw, 768px\" \/><\/a><\/figure>\n\n<h3 class=\"wp-block-post-title\"><a href=\"https:\/\/starsforeurope.com\/fr\/press\/celebrez-noel-avec-des-etoiles-a-la-maisonheader\/\" target=\"_self\" >C\u00e9l\u00e9brez No\u00ebl avec des \u00e9toiles \u00e0 la maisonheader<\/a><\/h3>\n\n\n<div class=\"wp-block-group postmetaline is-nowrap is-layout-flex wp-container-core-group-is-layout-6c531013 wp-block-group-is-layout-flex\"><div class=\"wp-block-post-date\"><time datetime=\"2025-09-07T07:08:00+02:00\">07. septembre 2025<\/time><\/div>\n\n<\/div>\n\n\n<div class=\"wp-block-post-excerpt\"><p class=\"wp-block-post-excerpt__excerpt\">Cette saison, l\u2019\u00e9toile de No\u00ebl (Poinsettia) brille dans tous les styles : du festif traditionnel au plus moderne et audacieux.<\/p><p class=\"wp-block-post-excerpt__more-text\"><a class=\"wp-block-post-excerpt__more-link\" href=\"https:\/\/starsforeurope.com\/fr\/press\/celebrez-noel-avec-des-etoiles-a-la-maisonheader\/\">Lire la suite<\/a><\/p><\/div>\n<\/li><li class=\"wp-block-post post-5897 press type-press status-publish has-post-thumbnail hentry press_cat-care press_cat-interesting-facts press_main-communiques-de-presse press_main-connaissance press_main-debut-de-saison\">\n<figure style=\"aspect-ratio:1;\" class=\"featuredimage wp-block-post-featured-image\"><a href=\"https:\/\/starsforeurope.com\/fr\/press\/de-sublimes-etoiles-sans-efforts\/\" target=\"_self\"  ><img loading=\"lazy\" decoding=\"async\" width=\"875\" height=\"1050\" src=\"https:\/\/starsforeurope.com\/fr\/wp-content\/uploads\/sites\/13\/2022\/09\/2017_Weihnachtsstern_People_22.jpg\" class=\"attachment-post-thumbnail size-post-thumbnail wp-post-image\" alt=\"De sublimes \u00e9toiles sans efforts\" style=\"width:100%;height:100%;object-fit:cover;\" srcset=\"https:\/\/starsforeurope.com\/fr\/wp-content\/uploads\/sites\/13\/2022\/09\/2017_Weihnachtsstern_People_22.jpg 875w, https:\/\/starsforeurope.com\/fr\/wp-content\/uploads\/sites\/13\/2022\/09\/2017_Weihnachtsstern_People_22-250x300.jpg 250w, https:\/\/starsforeurope.com\/fr\/wp-content\/uploads\/sites\/13\/2022\/09\/2017_Weihnachtsstern_People_22-853x1024.jpg 853w, https:\/\/starsforeurope.com\/fr\/wp-content\/uploads\/sites\/13\/2022\/09\/2017_Weihnachtsstern_People_22-768x922.jpg 768w, https:\/\/starsforeurope.com\/fr\/wp-content\/uploads\/sites\/13\/2022\/09\/2017_Weihnachtsstern_People_22-563x675.jpg 563w\" sizes=\"auto, (max-width: 875px) 100vw, 875px\" \/><\/a><\/figure>\n\n<h3 class=\"wp-block-post-title\"><a href=\"https:\/\/starsforeurope.com\/fr\/press\/de-sublimes-etoiles-sans-efforts\/\" target=\"_self\" >De sublimes \u00e9toiles sans efforts<\/a><\/h3>\n\n\n<div class=\"wp-block-group postmetaline is-nowrap is-layout-flex wp-container-core-group-is-layout-6c531013 wp-block-group-is-layout-flex\"><div class=\"wp-block-post-date\"><time datetime=\"2007-07-02T14:23:03+02:00\">02. juillet 2007<\/time><\/div>\n\n<\/div>\n\n\n<div class=\"wp-block-post-excerpt\"><p class=\"wp-block-post-excerpt__excerpt\">Le poinsettia est un symbole puissant des f\u00eates de fin d&rsquo;ann\u00e9e et un cadeau qui peut \u00eatre utilis\u00e9 pour exprimer des sentiments sinc\u00e8res de mani\u00e8re simple.<\/p><p class=\"wp-block-post-excerpt__more-text\"><a class=\"wp-block-post-excerpt__more-link\" href=\"https:\/\/starsforeurope.com\/fr\/press\/de-sublimes-etoiles-sans-efforts\/\">Lire la suite<\/a><\/p><\/div>\n<\/li><\/ul>\n\n\n\n<\/div>\n\n\n\n<div style=\"height:3rem\" aria-hidden=\"true\" class=\"wp-block-spacer\"><\/div>\n<\/main>","protected":false},"excerpt":{"rendered":"<p>C\u00e9l\u00e9brez l&rsquo;arriv\u00e9e de la saison avec les poinsettias.<\/p>\n","protected":false},"author":40,"featured_media":4366,"parent":7954,"menu_order":0,"comment_status":"closed","ping_status":"closed","template":"two-column-press","meta":{"_acf_changed":false,"footnotes":""},"class_list":["post-7957","page","type-page","status-publish","has-post-thumbnail","hentry"],"acf":[],"_links":{"self":[{"href":"https:\/\/starsforeurope.com\/fr\/wp-json\/wp\/v2\/pages\/7957","targetHints":{"allow":["GET"]}}],"collection":[{"href":"https:\/\/starsforeurope.com\/fr\/wp-json\/wp\/v2\/pages"}],"about":[{"href":"https:\/\/starsforeurope.com\/fr\/wp-json\/wp\/v2\/types\/page"}],"author":[{"embeddable":true,"href":"https:\/\/starsforeurope.com\/fr\/wp-json\/wp\/v2\/users\/40"}],"replies":[{"embeddable":true,"href":"https:\/\/starsforeurope.com\/fr\/wp-json\/wp\/v2\/comments?post=7957"}],"version-history":[{"count":2,"href":"https:\/\/starsforeurope.com\/fr\/wp-json\/wp\/v2\/pages\/7957\/revisions"}],"predecessor-version":[{"id":7959,"href":"https:\/\/starsforeurope.com\/fr\/wp-json\/wp\/v2\/pages\/7957\/revisions\/7959"}],"up":[{"embeddable":true,"href":"https:\/\/starsforeurope.com\/fr\/wp-json\/wp\/v2\/pages\/7954"}],"wp:featuredmedia":[{"embeddable":true,"href":"https:\/\/starsforeurope.com\/fr\/wp-json\/wp\/v2\/media\/4366"}],"wp:attachment":[{"href":"https:\/\/starsforeurope.com\/fr\/wp-json\/wp\/v2\/media?parent=7957"}],"curies":[{"name":"wp","href":"https:\/\/api.w.org\/{rel}","templated":true}]}}