{"id":7933,"date":"2025-07-10T14:47:16","date_gmt":"2025-07-10T12:47:16","guid":{"rendered":"https:\/\/starsforeurope.com\/fr\/?page_id=7933"},"modified":"2025-07-21T23:43:24","modified_gmt":"2025-07-21T21:43:24","slug":"decorations-naturelles-dautomne-green-living","status":"publish","type":"page","link":"https:\/\/starsforeurope.com\/fr\/decoration\/decorations-naturelles-dautomne-green-living\/","title":{"rendered":"D\u00e9coration d&rsquo;automne avec des poinsettias"},"content":{"rendered":"<div class=\"wp-block-group postimage-half wide-content is-layout-flow wp-block-group-is-layout-flow\" style=\"margin-top:var(--wp--preset--spacing--50)\">\n<div style=\"height:3rem\" aria-hidden=\"true\" class=\"wp-block-spacer\"><\/div>\n\n\n\n<div class=\"wp-block-query is-layout-flow wp-block-query-is-layout-flow\"><ul class=\"columns-2 wp-block-post-template is-layout-grid wp-container-core-post-template-is-layout-37ef2942 wp-block-post-template-is-layout-grid\"><li class=\"wp-block-post post-7418 blog type-blog status-publish has-post-thumbnail hentry blog_cat-decoration-tips blog_cat-autumn-decor-houseplants blog_main-decoration blog_main-decorations-naturelles-dautomne-green-living\">\n<figure style=\"aspect-ratio:1;\" class=\"featuredimage wp-block-post-featured-image\"><a href=\"https:\/\/starsforeurope.com\/fr\/blog\/comment-les-poinsettias-egayent-lautomne\/\" target=\"_self\"  ><img loading=\"lazy\" decoding=\"async\" width=\"875\" height=\"1050\" src=\"https:\/\/starsforeurope.com\/fr\/wp-content\/uploads\/sites\/13\/2023\/10\/2023-poinsettia-02000-cottagecore-charm-12.jpg\" class=\"attachment-post-thumbnail size-post-thumbnail wp-post-image\" alt=\"Les poinsettias comme d\u00e9coration d&rsquo;automne\" style=\"width:100%;height:100%;object-fit:cover;\" srcset=\"https:\/\/starsforeurope.com\/fr\/wp-content\/uploads\/sites\/13\/2023\/10\/2023-poinsettia-02000-cottagecore-charm-12.jpg 875w, https:\/\/starsforeurope.com\/fr\/wp-content\/uploads\/sites\/13\/2023\/10\/2023-poinsettia-02000-cottagecore-charm-12-250x300.jpg 250w, https:\/\/starsforeurope.com\/fr\/wp-content\/uploads\/sites\/13\/2023\/10\/2023-poinsettia-02000-cottagecore-charm-12-853x1024.jpg 853w, https:\/\/starsforeurope.com\/fr\/wp-content\/uploads\/sites\/13\/2023\/10\/2023-poinsettia-02000-cottagecore-charm-12-768x922.jpg 768w, https:\/\/starsforeurope.com\/fr\/wp-content\/uploads\/sites\/13\/2023\/10\/2023-poinsettia-02000-cottagecore-charm-12-563x675.jpg 563w\" sizes=\"auto, (max-width: 875px) 100vw, 875px\" \/><\/a><\/figure>\n\n<h3 class=\"wp-block-post-title\"><a href=\"https:\/\/starsforeurope.com\/fr\/blog\/comment-les-poinsettias-egayent-lautomne\/\" target=\"_self\" >Les poinsettias comme d\u00e9coration d&rsquo;automne<\/a><\/h3>\n\n\n<div class=\"wp-block-group postmetaline is-nowrap is-layout-flex wp-container-core-group-is-layout-6c531013 wp-block-group-is-layout-flex\"><div class=\"wp-block-post-date\"><time datetime=\"2023-11-05T01:15:36+01:00\">05. novembre 2023<\/time><\/div>\n\n<\/div>\n\n\n<div class=\"wp-block-post-excerpt\"><p class=\"wp-block-post-excerpt__excerpt\">Cet automne, tombez sous le charme des poinsettias ! Ils sont bien plus que de simples symboles de No\u00ebl<\/p><p class=\"wp-block-post-excerpt__more-text\"><a class=\"wp-block-post-excerpt__more-link\" href=\"https:\/\/starsforeurope.com\/fr\/blog\/comment-les-poinsettias-egayent-lautomne\/\">Lire la suite<\/a><\/p><\/div>\n<\/li><li class=\"wp-block-post post-6852 blog type-blog status-publish has-post-thumbnail hentry blog_cat-christmas-tree-decorations blog_cat-diy blog_cat-history blog_cat-variety blog_main-decoration blog_main-decorations-naturelles-dautomne-green-living blog_main-diy-upcycling\">\n<figure style=\"aspect-ratio:1;\" class=\"featuredimage wp-block-post-featured-image\"><a href=\"https:\/\/starsforeurope.com\/fr\/blog\/ils-ont-parle-de-nous-en-2021-dans-la-presse-ecrite\/\" target=\"_self\"  ><img loading=\"lazy\" decoding=\"async\" width=\"875\" height=\"1050\" src=\"https:\/\/starsforeurope.com\/fr\/wp-content\/uploads\/sites\/13\/2022\/08\/2021-poinsettia-01000-boho-green-living-08.jpg\" class=\"attachment-post-thumbnail size-post-thumbnail wp-post-image\" alt=\"ILS ONT PARLE DE NOUS EN 2021 DANS LA PRESSE \u00c9CRITE !\" style=\"width:100%;height:100%;object-fit:cover;\" srcset=\"https:\/\/starsforeurope.com\/fr\/wp-content\/uploads\/sites\/13\/2022\/08\/2021-poinsettia-01000-boho-green-living-08.jpg 875w, https:\/\/starsforeurope.com\/fr\/wp-content\/uploads\/sites\/13\/2022\/08\/2021-poinsettia-01000-boho-green-living-08-250x300.jpg 250w, https:\/\/starsforeurope.com\/fr\/wp-content\/uploads\/sites\/13\/2022\/08\/2021-poinsettia-01000-boho-green-living-08-853x1024.jpg 853w, https:\/\/starsforeurope.com\/fr\/wp-content\/uploads\/sites\/13\/2022\/08\/2021-poinsettia-01000-boho-green-living-08-768x922.jpg 768w, https:\/\/starsforeurope.com\/fr\/wp-content\/uploads\/sites\/13\/2022\/08\/2021-poinsettia-01000-boho-green-living-08-563x675.jpg 563w\" sizes=\"auto, (max-width: 875px) 100vw, 875px\" \/><\/a><\/figure>\n\n<h3 class=\"wp-block-post-title\"><a href=\"https:\/\/starsforeurope.com\/fr\/blog\/ils-ont-parle-de-nous-en-2021-dans-la-presse-ecrite\/\" target=\"_self\" >ILS ONT PARLE DE NOUS EN 2021 DANS LA PRESSE \u00c9CRITE !<\/a><\/h3>\n\n\n<div class=\"wp-block-group postmetaline is-nowrap is-layout-flex wp-container-core-group-is-layout-6c531013 wp-block-group-is-layout-flex\"><div class=\"wp-block-post-date\"><time datetime=\"2022-01-14T13:48:40+01:00\">14. janvier 2022<\/time><\/div>\n\n<\/div>\n\n\n<div class=\"wp-block-post-excerpt\"><p class=\"wp-block-post-excerpt__excerpt\">&nbsp; Nous retrouvons les poinsettias uniquement entre fin septembre et d\u00e9but f\u00e9vrier en jardineries ainsi que chez les fleuristes et producteurs et c\u2019est sur cette p\u00e9riode que les m\u00e9dias mettent en avant cette belle plante ! La fin d\u2019ann\u00e9e 2021 a \u00e9t\u00e9 rythm\u00e9e par plusieurs retomb\u00e9es presse dans les magazines sp\u00e9cialis\u00e9s. De nombreux articles ont<\/p><p class=\"wp-block-post-excerpt__more-text\"><a class=\"wp-block-post-excerpt__more-link\" href=\"https:\/\/starsforeurope.com\/fr\/blog\/ils-ont-parle-de-nous-en-2021-dans-la-presse-ecrite\/\">Lire la suite<\/a><\/p><\/div>\n<\/li><\/ul>\n\n\n\n<\/div>\n\n\n\n<div style=\"height:3rem\" aria-hidden=\"true\" class=\"wp-block-spacer\"><\/div>\n<\/div>","protected":false},"excerpt":{"rendered":"<p>Apportez des couleurs chaudes et saisonni\u00e8res dans votre maison avec les poinsettias. D\u00e9couvrez des fa\u00e7ons cr\u00e9atives de les utiliser dans des compositions douillettes d&rsquo;inspiration automnale.<\/p>\n","protected":false},"author":40,"featured_media":4352,"parent":22,"menu_order":0,"comment_status":"closed","ping_status":"closed","template":"two-column-blog-single","meta":{"_acf_changed":false,"footnotes":""},"class_list":["post-7933","page","type-page","status-publish","has-post-thumbnail","hentry"],"acf":[],"_links":{"self":[{"href":"https:\/\/starsforeurope.com\/fr\/wp-json\/wp\/v2\/pages\/7933","targetHints":{"allow":["GET"]}}],"collection":[{"href":"https:\/\/starsforeurope.com\/fr\/wp-json\/wp\/v2\/pages"}],"about":[{"href":"https:\/\/starsforeurope.com\/fr\/wp-json\/wp\/v2\/types\/page"}],"author":[{"embeddable":true,"href":"https:\/\/starsforeurope.com\/fr\/wp-json\/wp\/v2\/users\/40"}],"replies":[{"embeddable":true,"href":"https:\/\/starsforeurope.com\/fr\/wp-json\/wp\/v2\/comments?post=7933"}],"version-history":[{"count":2,"href":"https:\/\/starsforeurope.com\/fr\/wp-json\/wp\/v2\/pages\/7933\/revisions"}],"predecessor-version":[{"id":7935,"href":"https:\/\/starsforeurope.com\/fr\/wp-json\/wp\/v2\/pages\/7933\/revisions\/7935"}],"up":[{"embeddable":true,"href":"https:\/\/starsforeurope.com\/fr\/wp-json\/wp\/v2\/pages\/22"}],"wp:featuredmedia":[{"embeddable":true,"href":"https:\/\/starsforeurope.com\/fr\/wp-json\/wp\/v2\/media\/4352"}],"wp:attachment":[{"href":"https:\/\/starsforeurope.com\/fr\/wp-json\/wp\/v2\/media?parent=7933"}],"curies":[{"name":"wp","href":"https:\/\/api.w.org\/{rel}","templated":true}]}}