{"id":7930,"date":"2025-07-10T14:35:29","date_gmt":"2025-07-10T12:35:29","guid":{"rendered":"https:\/\/starsforeurope.com\/fr\/?page_id=7930"},"modified":"2025-07-21T23:43:24","modified_gmt":"2025-07-21T21:43:24","slug":"idees-de-cadeaux","status":"publish","type":"page","link":"https:\/\/starsforeurope.com\/fr\/decoration\/idees-de-cadeaux\/","title":{"rendered":"Id\u00e9es de cadeaux pour les poinsettias"},"content":{"rendered":"<div class=\"wp-block-group postimage-half wide-content is-layout-flow wp-block-group-is-layout-flow\" style=\"margin-top:var(--wp--preset--spacing--50)\">\n<div style=\"height:3rem\" aria-hidden=\"true\" class=\"wp-block-spacer\"><\/div>\n\n\n\n<div class=\"wp-block-query is-layout-flow wp-block-query-is-layout-flow\">\n\n\n\n<div class=\"wp-block-query-no-results\">\n\n<p><\/p>\n\n<\/div><\/div>\n\n\n\n<div style=\"height:3rem\" aria-hidden=\"true\" class=\"wp-block-spacer\"><\/div>\n<\/div>","protected":false},"excerpt":{"rendered":"<p>\u00c9clatant, festif et attentionn\u00e9 &#8211; trouvez le cadeau de poinsettia id\u00e9al pour la saison.<\/p>\n","protected":false},"author":40,"featured_media":4352,"parent":22,"menu_order":0,"comment_status":"closed","ping_status":"closed","template":"two-column-blog-single","meta":{"_acf_changed":false,"footnotes":""},"class_list":["post-7930","page","type-page","status-publish","has-post-thumbnail","hentry"],"acf":[],"_links":{"self":[{"href":"https:\/\/starsforeurope.com\/fr\/wp-json\/wp\/v2\/pages\/7930","targetHints":{"allow":["GET"]}}],"collection":[{"href":"https:\/\/starsforeurope.com\/fr\/wp-json\/wp\/v2\/pages"}],"about":[{"href":"https:\/\/starsforeurope.com\/fr\/wp-json\/wp\/v2\/types\/page"}],"author":[{"embeddable":true,"href":"https:\/\/starsforeurope.com\/fr\/wp-json\/wp\/v2\/users\/40"}],"replies":[{"embeddable":true,"href":"https:\/\/starsforeurope.com\/fr\/wp-json\/wp\/v2\/comments?post=7930"}],"version-history":[{"count":2,"href":"https:\/\/starsforeurope.com\/fr\/wp-json\/wp\/v2\/pages\/7930\/revisions"}],"predecessor-version":[{"id":7932,"href":"https:\/\/starsforeurope.com\/fr\/wp-json\/wp\/v2\/pages\/7930\/revisions\/7932"}],"up":[{"embeddable":true,"href":"https:\/\/starsforeurope.com\/fr\/wp-json\/wp\/v2\/pages\/22"}],"wp:featuredmedia":[{"embeddable":true,"href":"https:\/\/starsforeurope.com\/fr\/wp-json\/wp\/v2\/media\/4352"}],"wp:attachment":[{"href":"https:\/\/starsforeurope.com\/fr\/wp-json\/wp\/v2\/media?parent=7930"}],"curies":[{"name":"wp","href":"https:\/\/api.w.org\/{rel}","templated":true}]}}