{"id":7927,"date":"2025-07-10T14:31:23","date_gmt":"2025-07-10T12:31:23","guid":{"rendered":"https:\/\/starsforeurope.com\/fr\/?page_id=7927"},"modified":"2025-07-21T23:43:24","modified_gmt":"2025-07-21T21:43:24","slug":"diy-upcycling","status":"publish","type":"page","link":"https:\/\/starsforeurope.com\/fr\/decoration\/diy-upcycling\/","title":{"rendered":"Bricolage et recyclage avec des poinsettias"},"content":{"rendered":"<div class=\"wp-block-group postimage-half wide-content is-layout-flow wp-block-group-is-layout-flow\" style=\"margin-top:var(--wp--preset--spacing--50)\">\n<div style=\"height:3rem\" aria-hidden=\"true\" class=\"wp-block-spacer\"><\/div>\n\n\n\n<div class=\"wp-block-query is-layout-flow wp-block-query-is-layout-flow\"><ul class=\"columns-2 wp-block-post-template is-layout-grid wp-container-core-post-template-is-layout-37ef2942 wp-block-post-template-is-layout-grid\"><li class=\"wp-block-post post-7376 blog type-blog status-publish has-post-thumbnail hentry blog_cat-decoration-tips blog_cat-diy blog_cat-gift-ideas blog_main-a-savoir blog_main-connaissance blog_main-decoration blog_main-diy-upcycling\">\n<figure style=\"aspect-ratio:1;\" class=\"featuredimage wp-block-post-featured-image\"><a href=\"https:\/\/starsforeurope.com\/fr\/blog\/diy-comment-fabriquer-un-cadeau-a-partir-de-mini-poinsettias\/\" target=\"_self\"  ><img loading=\"lazy\" decoding=\"async\" width=\"1050\" height=\"875\" src=\"https:\/\/starsforeurope.com\/fr\/wp-content\/uploads\/sites\/13\/2023\/10\/2022_poinsettia_03000_varieties_05.jpg\" class=\"attachment-post-thumbnail size-post-thumbnail wp-post-image\" alt=\"Mini poinsettias : id\u00e9es de cadeaux et conseils d&rsquo;entretien\" style=\"width:100%;height:100%;object-fit:cover;\" srcset=\"https:\/\/starsforeurope.com\/fr\/wp-content\/uploads\/sites\/13\/2023\/10\/2022_poinsettia_03000_varieties_05.jpg 1050w, https:\/\/starsforeurope.com\/fr\/wp-content\/uploads\/sites\/13\/2023\/10\/2022_poinsettia_03000_varieties_05-300x250.jpg 300w, https:\/\/starsforeurope.com\/fr\/wp-content\/uploads\/sites\/13\/2023\/10\/2022_poinsettia_03000_varieties_05-1024x853.jpg 1024w, https:\/\/starsforeurope.com\/fr\/wp-content\/uploads\/sites\/13\/2023\/10\/2022_poinsettia_03000_varieties_05-768x640.jpg 768w, https:\/\/starsforeurope.com\/fr\/wp-content\/uploads\/sites\/13\/2023\/10\/2022_poinsettia_03000_varieties_05-810x675.jpg 810w\" sizes=\"auto, (max-width: 1050px) 100vw, 1050px\" \/><\/a><\/figure>\n\n<h3 class=\"wp-block-post-title\"><a href=\"https:\/\/starsforeurope.com\/fr\/blog\/diy-comment-fabriquer-un-cadeau-a-partir-de-mini-poinsettias\/\" target=\"_self\" >Mini poinsettias : id\u00e9es de cadeaux et conseils d&rsquo;entretien<\/a><\/h3>\n\n\n<div class=\"wp-block-group postmetaline is-nowrap is-layout-flex wp-container-core-group-is-layout-6c531013 wp-block-group-is-layout-flex\"><div class=\"wp-block-post-date\"><time datetime=\"2023-11-11T05:40:02+01:00\">11. novembre 2023<\/time><\/div>\n\n<\/div>\n\n\n<div class=\"wp-block-post-excerpt\"><p class=\"wp-block-post-excerpt__excerpt\">Les mini poinsettias color\u00e9s sont des cadeaux tr\u00e8s originaux pour les f\u00eates de fin d&rsquo;ann\u00e9e. Cliquez sur cet article pour d\u00e9couvrir de belles id\u00e9es de cadeaux, des plus simples aux plus ambitieuses.<\/p><p class=\"wp-block-post-excerpt__more-text\"><a class=\"wp-block-post-excerpt__more-link\" href=\"https:\/\/starsforeurope.com\/fr\/blog\/diy-comment-fabriquer-un-cadeau-a-partir-de-mini-poinsettias\/\">Lire la suite<\/a><\/p><\/div>\n<\/li><li class=\"wp-block-post post-7372 blog type-blog status-publish has-post-thumbnail hentry blog_cat-decoration-tips blog_cat-diy blog_main-decoration blog_main-decorations-de-lavent blog_main-diy-upcycling\">\n<figure style=\"aspect-ratio:1;\" class=\"featuredimage wp-block-post-featured-image\"><a href=\"https:\/\/starsforeurope.com\/fr\/blog\/idee-de-diy-pour-les-poinsettias-parfait-pour-les-debutants\/\" target=\"_self\"  ><img loading=\"lazy\" decoding=\"async\" width=\"1050\" height=\"875\" src=\"https:\/\/starsforeurope.com\/fr\/wp-content\/uploads\/sites\/13\/2023\/10\/asset-3-2.jpg\" class=\"attachment-post-thumbnail size-post-thumbnail wp-post-image\" alt=\"Id\u00e9e de DIY pour les poinsettias : parfait pour les d\u00e9butants\" style=\"width:100%;height:100%;object-fit:cover;\" srcset=\"https:\/\/starsforeurope.com\/fr\/wp-content\/uploads\/sites\/13\/2023\/10\/asset-3-2.jpg 1050w, https:\/\/starsforeurope.com\/fr\/wp-content\/uploads\/sites\/13\/2023\/10\/asset-3-2-300x250.jpg 300w, https:\/\/starsforeurope.com\/fr\/wp-content\/uploads\/sites\/13\/2023\/10\/asset-3-2-1024x853.jpg 1024w, https:\/\/starsforeurope.com\/fr\/wp-content\/uploads\/sites\/13\/2023\/10\/asset-3-2-768x640.jpg 768w, https:\/\/starsforeurope.com\/fr\/wp-content\/uploads\/sites\/13\/2023\/10\/asset-3-2-810x675.jpg 810w\" sizes=\"auto, (max-width: 1050px) 100vw, 1050px\" \/><\/a><\/figure>\n\n<h3 class=\"wp-block-post-title\"><a href=\"https:\/\/starsforeurope.com\/fr\/blog\/idee-de-diy-pour-les-poinsettias-parfait-pour-les-debutants\/\" target=\"_self\" >Id\u00e9e de DIY pour les poinsettias : parfait pour les d\u00e9butants<\/a><\/h3>\n\n\n<div class=\"wp-block-group postmetaline is-nowrap is-layout-flex wp-container-core-group-is-layout-6c531013 wp-block-group-is-layout-flex\"><div class=\"wp-block-post-date\"><time datetime=\"2023-11-10T01:23:45+01:00\">10. novembre 2023<\/time><\/div>\n\n<\/div>\n\n\n<div class=\"wp-block-post-excerpt\"><p class=\"wp-block-post-excerpt__excerpt\">M\u00eame si vous n\u2019\u00eates pas un bricoleur n\u00e9, vous pouvez cr\u00e9er ces d\u00e9corations artisanales magnifiques autour du poinsettia \ud83e\udd73<\/p><p class=\"wp-block-post-excerpt__more-text\"><a class=\"wp-block-post-excerpt__more-link\" href=\"https:\/\/starsforeurope.com\/fr\/blog\/idee-de-diy-pour-les-poinsettias-parfait-pour-les-debutants\/\">Lire la suite<\/a><\/p><\/div>\n<\/li><li class=\"wp-block-post post-7438 blog type-blog status-publish has-post-thumbnail hentry blog_cat-decoration-tips blog_cat-advent-decoration blog_main-decoration blog_main-decorations-de-lavent blog_main-diy-upcycling\">\n<figure style=\"aspect-ratio:1;\" class=\"featuredimage wp-block-post-featured-image\"><a href=\"https:\/\/starsforeurope.com\/fr\/blog\/six-idees-speciales-de-couronnes-de-lavent-diy-avec-des-poinsettias\/\" target=\"_self\"  ><img loading=\"lazy\" decoding=\"async\" width=\"875\" height=\"1050\" src=\"https:\/\/starsforeurope.com\/fr\/wp-content\/uploads\/sites\/13\/2023\/10\/2023_poinsettia_01000_Jewels_of_Nature_12.jpg\" class=\"attachment-post-thumbnail size-post-thumbnail wp-post-image\" alt=\"Couronnes de l&rsquo;Avent \u00e0 faire soi-m\u00eame avec des poinsettias\" style=\"width:100%;height:100%;object-fit:cover;\" srcset=\"https:\/\/starsforeurope.com\/fr\/wp-content\/uploads\/sites\/13\/2023\/10\/2023_poinsettia_01000_Jewels_of_Nature_12.jpg 875w, https:\/\/starsforeurope.com\/fr\/wp-content\/uploads\/sites\/13\/2023\/10\/2023_poinsettia_01000_Jewels_of_Nature_12-250x300.jpg 250w, https:\/\/starsforeurope.com\/fr\/wp-content\/uploads\/sites\/13\/2023\/10\/2023_poinsettia_01000_Jewels_of_Nature_12-853x1024.jpg 853w, https:\/\/starsforeurope.com\/fr\/wp-content\/uploads\/sites\/13\/2023\/10\/2023_poinsettia_01000_Jewels_of_Nature_12-768x922.jpg 768w, https:\/\/starsforeurope.com\/fr\/wp-content\/uploads\/sites\/13\/2023\/10\/2023_poinsettia_01000_Jewels_of_Nature_12-563x675.jpg 563w\" sizes=\"auto, (max-width: 875px) 100vw, 875px\" \/><\/a><\/figure>\n\n<h3 class=\"wp-block-post-title\"><a href=\"https:\/\/starsforeurope.com\/fr\/blog\/six-idees-speciales-de-couronnes-de-lavent-diy-avec-des-poinsettias\/\" target=\"_self\" >Couronnes de l&rsquo;Avent \u00e0 faire soi-m\u00eame avec des poinsettias<\/a><\/h3>\n\n\n<div class=\"wp-block-group postmetaline is-nowrap is-layout-flex wp-container-core-group-is-layout-6c531013 wp-block-group-is-layout-flex\"><div class=\"wp-block-post-date\"><time datetime=\"2023-11-09T01:23:04+01:00\">09. novembre 2023<\/time><\/div>\n\n<\/div>\n\n\n<div class=\"wp-block-post-excerpt\"><p class=\"wp-block-post-excerpt__excerpt\">Ces Couronnes de l&rsquo;Avent DIY orn\u00e9es de poinsettias sont \u00e0 la fois remarquables et simples \u00e0 cr\u00e9er. Laissez-vous inspirer par nos id\u00e9es. No\u00ebl approche !<\/p><p class=\"wp-block-post-excerpt__more-text\"><a class=\"wp-block-post-excerpt__more-link\" href=\"https:\/\/starsforeurope.com\/fr\/blog\/six-idees-speciales-de-couronnes-de-lavent-diy-avec-des-poinsettias\/\">Lire la suite<\/a><\/p><\/div>\n<\/li><li class=\"wp-block-post post-6852 blog type-blog status-publish has-post-thumbnail hentry blog_cat-christmas-tree-decorations blog_cat-diy blog_cat-history blog_cat-variety blog_main-decoration blog_main-decorations-naturelles-dautomne-green-living blog_main-diy-upcycling\">\n<figure style=\"aspect-ratio:1;\" class=\"featuredimage wp-block-post-featured-image\"><a href=\"https:\/\/starsforeurope.com\/fr\/blog\/ils-ont-parle-de-nous-en-2021-dans-la-presse-ecrite\/\" target=\"_self\"  ><img loading=\"lazy\" decoding=\"async\" width=\"875\" height=\"1050\" src=\"https:\/\/starsforeurope.com\/fr\/wp-content\/uploads\/sites\/13\/2022\/08\/2021-poinsettia-01000-boho-green-living-08.jpg\" class=\"attachment-post-thumbnail size-post-thumbnail wp-post-image\" alt=\"ILS ONT PARLE DE NOUS EN 2021 DANS LA PRESSE \u00c9CRITE !\" style=\"width:100%;height:100%;object-fit:cover;\" srcset=\"https:\/\/starsforeurope.com\/fr\/wp-content\/uploads\/sites\/13\/2022\/08\/2021-poinsettia-01000-boho-green-living-08.jpg 875w, https:\/\/starsforeurope.com\/fr\/wp-content\/uploads\/sites\/13\/2022\/08\/2021-poinsettia-01000-boho-green-living-08-250x300.jpg 250w, https:\/\/starsforeurope.com\/fr\/wp-content\/uploads\/sites\/13\/2022\/08\/2021-poinsettia-01000-boho-green-living-08-853x1024.jpg 853w, https:\/\/starsforeurope.com\/fr\/wp-content\/uploads\/sites\/13\/2022\/08\/2021-poinsettia-01000-boho-green-living-08-768x922.jpg 768w, https:\/\/starsforeurope.com\/fr\/wp-content\/uploads\/sites\/13\/2022\/08\/2021-poinsettia-01000-boho-green-living-08-563x675.jpg 563w\" sizes=\"auto, (max-width: 875px) 100vw, 875px\" \/><\/a><\/figure>\n\n<h3 class=\"wp-block-post-title\"><a href=\"https:\/\/starsforeurope.com\/fr\/blog\/ils-ont-parle-de-nous-en-2021-dans-la-presse-ecrite\/\" target=\"_self\" >ILS ONT PARLE DE NOUS EN 2021 DANS LA PRESSE \u00c9CRITE !<\/a><\/h3>\n\n\n<div class=\"wp-block-group postmetaline is-nowrap is-layout-flex wp-container-core-group-is-layout-6c531013 wp-block-group-is-layout-flex\"><div class=\"wp-block-post-date\"><time datetime=\"2022-01-14T13:48:40+01:00\">14. janvier 2022<\/time><\/div>\n\n<\/div>\n\n\n<div class=\"wp-block-post-excerpt\"><p class=\"wp-block-post-excerpt__excerpt\">&nbsp; Nous retrouvons les poinsettias uniquement entre fin septembre et d\u00e9but f\u00e9vrier en jardineries ainsi que chez les fleuristes et producteurs et c\u2019est sur cette p\u00e9riode que les m\u00e9dias mettent en avant cette belle plante ! La fin d\u2019ann\u00e9e 2021 a \u00e9t\u00e9 rythm\u00e9e par plusieurs retomb\u00e9es presse dans les magazines sp\u00e9cialis\u00e9s. De nombreux articles ont<\/p><p class=\"wp-block-post-excerpt__more-text\"><a class=\"wp-block-post-excerpt__more-link\" href=\"https:\/\/starsforeurope.com\/fr\/blog\/ils-ont-parle-de-nous-en-2021-dans-la-presse-ecrite\/\">Lire la suite<\/a><\/p><\/div>\n<\/li><\/ul>\n\n<nav class=\"wp-block-query-pagination is-content-justification-center is-layout-flex wp-container-core-query-pagination-is-layout-a89b3969 wp-block-query-pagination-is-layout-flex\" aria-label=\"Pagination\">\n\n\n<div class=\"wp-block-query-pagination-numbers has-medium-font-size\"><span aria-current=\"page\" class=\"page-numbers current\">1<\/span>\n<a class=\"page-numbers\" href=\"?query-0-page=2\">2<\/a><\/div>\n\n<a href=\"\/fr\/wp-json\/wp\/v2\/pages\/7927?query-0-page=2\" class=\"wp-block-query-pagination-next\">\u22b3<\/a>\n<\/nav>\n\n<\/div>\n\n\n\n<div style=\"height:3rem\" aria-hidden=\"true\" class=\"wp-block-spacer\"><\/div>\n<\/div>","protected":false},"excerpt":{"rendered":"<p>Faites preuve de cr\u00e9ativit\u00e9 avec des projets amusants et festifs utilisant des poinsettias &#8211; parfaits pour l&rsquo;artisanat de vacances et la d\u00e9coration \u00e9cologique !<\/p>\n","protected":false},"author":40,"featured_media":4352,"parent":22,"menu_order":0,"comment_status":"closed","ping_status":"closed","template":"two-column-blog-single","meta":{"_acf_changed":false,"footnotes":""},"class_list":["post-7927","page","type-page","status-publish","has-post-thumbnail","hentry"],"acf":[],"_links":{"self":[{"href":"https:\/\/starsforeurope.com\/fr\/wp-json\/wp\/v2\/pages\/7927","targetHints":{"allow":["GET"]}}],"collection":[{"href":"https:\/\/starsforeurope.com\/fr\/wp-json\/wp\/v2\/pages"}],"about":[{"href":"https:\/\/starsforeurope.com\/fr\/wp-json\/wp\/v2\/types\/page"}],"author":[{"embeddable":true,"href":"https:\/\/starsforeurope.com\/fr\/wp-json\/wp\/v2\/users\/40"}],"replies":[{"embeddable":true,"href":"https:\/\/starsforeurope.com\/fr\/wp-json\/wp\/v2\/comments?post=7927"}],"version-history":[{"count":2,"href":"https:\/\/starsforeurope.com\/fr\/wp-json\/wp\/v2\/pages\/7927\/revisions"}],"predecessor-version":[{"id":7929,"href":"https:\/\/starsforeurope.com\/fr\/wp-json\/wp\/v2\/pages\/7927\/revisions\/7929"}],"up":[{"embeddable":true,"href":"https:\/\/starsforeurope.com\/fr\/wp-json\/wp\/v2\/pages\/22"}],"wp:featuredmedia":[{"embeddable":true,"href":"https:\/\/starsforeurope.com\/fr\/wp-json\/wp\/v2\/media\/4352"}],"wp:attachment":[{"href":"https:\/\/starsforeurope.com\/fr\/wp-json\/wp\/v2\/media?parent=7927"}],"curies":[{"name":"wp","href":"https:\/\/api.w.org\/{rel}","templated":true}]}}