{"id":7924,"date":"2025-07-10T14:26:54","date_gmt":"2025-07-10T12:26:54","guid":{"rendered":"https:\/\/starsforeurope.com\/fr\/?page_id=7924"},"modified":"2025-07-21T23:43:24","modified_gmt":"2025-07-21T21:43:24","slug":"decorations-de-lavent","status":"publish","type":"page","link":"https:\/\/starsforeurope.com\/fr\/decoration\/decorations-de-lavent\/","title":{"rendered":"Les poinsettias dans la d\u00e9coration de l&rsquo;Avent"},"content":{"rendered":"<div class=\"wp-block-group postimage-half wide-content is-layout-flow wp-block-group-is-layout-flow\" style=\"margin-top:var(--wp--preset--spacing--50)\">\n<div style=\"height:3rem\" aria-hidden=\"true\" class=\"wp-block-spacer\"><\/div>\n\n\n\n<div class=\"wp-block-query is-layout-flow wp-block-query-is-layout-flow\"><ul class=\"columns-2 wp-block-post-template is-layout-grid wp-container-core-post-template-is-layout-37ef2942 wp-block-post-template-is-layout-grid\"><li class=\"wp-block-post post-7372 blog type-blog status-publish has-post-thumbnail hentry blog_cat-decoration-tips blog_cat-diy blog_main-decoration blog_main-decorations-de-lavent blog_main-diy-upcycling\">\n<figure style=\"aspect-ratio:1;\" class=\"featuredimage wp-block-post-featured-image\"><a href=\"https:\/\/starsforeurope.com\/fr\/blog\/idee-de-diy-pour-les-poinsettias-parfait-pour-les-debutants\/\" target=\"_self\"  ><img loading=\"lazy\" decoding=\"async\" width=\"1050\" height=\"875\" src=\"https:\/\/starsforeurope.com\/fr\/wp-content\/uploads\/sites\/13\/2023\/10\/asset-3-2.jpg\" class=\"attachment-post-thumbnail size-post-thumbnail wp-post-image\" alt=\"Id\u00e9e de DIY pour les poinsettias : parfait pour les d\u00e9butants\" style=\"width:100%;height:100%;object-fit:cover;\" srcset=\"https:\/\/starsforeurope.com\/fr\/wp-content\/uploads\/sites\/13\/2023\/10\/asset-3-2.jpg 1050w, https:\/\/starsforeurope.com\/fr\/wp-content\/uploads\/sites\/13\/2023\/10\/asset-3-2-300x250.jpg 300w, https:\/\/starsforeurope.com\/fr\/wp-content\/uploads\/sites\/13\/2023\/10\/asset-3-2-1024x853.jpg 1024w, https:\/\/starsforeurope.com\/fr\/wp-content\/uploads\/sites\/13\/2023\/10\/asset-3-2-768x640.jpg 768w, https:\/\/starsforeurope.com\/fr\/wp-content\/uploads\/sites\/13\/2023\/10\/asset-3-2-810x675.jpg 810w\" sizes=\"auto, (max-width: 1050px) 100vw, 1050px\" \/><\/a><\/figure>\n\n<h3 class=\"wp-block-post-title\"><a href=\"https:\/\/starsforeurope.com\/fr\/blog\/idee-de-diy-pour-les-poinsettias-parfait-pour-les-debutants\/\" target=\"_self\" >Id\u00e9e de DIY pour les poinsettias : parfait pour les d\u00e9butants<\/a><\/h3>\n\n\n<div class=\"wp-block-group postmetaline is-nowrap is-layout-flex wp-container-core-group-is-layout-6c531013 wp-block-group-is-layout-flex\"><div class=\"wp-block-post-date\"><time datetime=\"2023-11-10T01:23:45+01:00\">10. novembre 2023<\/time><\/div>\n\n<\/div>\n\n\n<div class=\"wp-block-post-excerpt\"><p class=\"wp-block-post-excerpt__excerpt\">M\u00eame si vous n\u2019\u00eates pas un bricoleur n\u00e9, vous pouvez cr\u00e9er ces d\u00e9corations artisanales magnifiques autour du poinsettia \ud83e\udd73<\/p><p class=\"wp-block-post-excerpt__more-text\"><a class=\"wp-block-post-excerpt__more-link\" href=\"https:\/\/starsforeurope.com\/fr\/blog\/idee-de-diy-pour-les-poinsettias-parfait-pour-les-debutants\/\">Lire la suite<\/a><\/p><\/div>\n<\/li><li class=\"wp-block-post post-7438 blog type-blog status-publish has-post-thumbnail hentry blog_cat-decoration-tips blog_cat-advent-decoration blog_main-decoration blog_main-decorations-de-lavent blog_main-diy-upcycling\">\n<figure style=\"aspect-ratio:1;\" class=\"featuredimage wp-block-post-featured-image\"><a href=\"https:\/\/starsforeurope.com\/fr\/blog\/six-idees-speciales-de-couronnes-de-lavent-diy-avec-des-poinsettias\/\" target=\"_self\"  ><img loading=\"lazy\" decoding=\"async\" width=\"875\" height=\"1050\" src=\"https:\/\/starsforeurope.com\/fr\/wp-content\/uploads\/sites\/13\/2023\/10\/2023_poinsettia_01000_Jewels_of_Nature_12.jpg\" class=\"attachment-post-thumbnail size-post-thumbnail wp-post-image\" alt=\"Couronnes de l&rsquo;Avent \u00e0 faire soi-m\u00eame avec des poinsettias\" style=\"width:100%;height:100%;object-fit:cover;\" srcset=\"https:\/\/starsforeurope.com\/fr\/wp-content\/uploads\/sites\/13\/2023\/10\/2023_poinsettia_01000_Jewels_of_Nature_12.jpg 875w, https:\/\/starsforeurope.com\/fr\/wp-content\/uploads\/sites\/13\/2023\/10\/2023_poinsettia_01000_Jewels_of_Nature_12-250x300.jpg 250w, https:\/\/starsforeurope.com\/fr\/wp-content\/uploads\/sites\/13\/2023\/10\/2023_poinsettia_01000_Jewels_of_Nature_12-853x1024.jpg 853w, https:\/\/starsforeurope.com\/fr\/wp-content\/uploads\/sites\/13\/2023\/10\/2023_poinsettia_01000_Jewels_of_Nature_12-768x922.jpg 768w, https:\/\/starsforeurope.com\/fr\/wp-content\/uploads\/sites\/13\/2023\/10\/2023_poinsettia_01000_Jewels_of_Nature_12-563x675.jpg 563w\" sizes=\"auto, (max-width: 875px) 100vw, 875px\" \/><\/a><\/figure>\n\n<h3 class=\"wp-block-post-title\"><a href=\"https:\/\/starsforeurope.com\/fr\/blog\/six-idees-speciales-de-couronnes-de-lavent-diy-avec-des-poinsettias\/\" target=\"_self\" >Couronnes de l&rsquo;Avent \u00e0 faire soi-m\u00eame avec des poinsettias<\/a><\/h3>\n\n\n<div class=\"wp-block-group postmetaline is-nowrap is-layout-flex wp-container-core-group-is-layout-6c531013 wp-block-group-is-layout-flex\"><div class=\"wp-block-post-date\"><time datetime=\"2023-11-09T01:23:04+01:00\">09. novembre 2023<\/time><\/div>\n\n<\/div>\n\n\n<div class=\"wp-block-post-excerpt\"><p class=\"wp-block-post-excerpt__excerpt\">Ces Couronnes de l&rsquo;Avent DIY orn\u00e9es de poinsettias sont \u00e0 la fois remarquables et simples \u00e0 cr\u00e9er. Laissez-vous inspirer par nos id\u00e9es. No\u00ebl approche !<\/p><p class=\"wp-block-post-excerpt__more-text\"><a class=\"wp-block-post-excerpt__more-link\" href=\"https:\/\/starsforeurope.com\/fr\/blog\/six-idees-speciales-de-couronnes-de-lavent-diy-avec-des-poinsettias\/\">Lire la suite<\/a><\/p><\/div>\n<\/li><li class=\"wp-block-post post-1692 blog type-blog status-publish has-post-thumbnail hentry blog_cat-advent-decoration blog_main-decoration blog_main-decorations-de-lavent\">\n<figure style=\"aspect-ratio:1;\" class=\"featuredimage wp-block-post-featured-image\"><a href=\"https:\/\/starsforeurope.com\/fr\/blog\/10-raisons-pour-lesquelles-les-poinsettias-rendent-lavent-plus-beau\/\" target=\"_self\"  ><img loading=\"lazy\" decoding=\"async\" width=\"875\" height=\"1050\" src=\"https:\/\/starsforeurope.com\/fr\/wp-content\/uploads\/sites\/13\/2022\/08\/asset-1-1.jpg\" class=\"attachment-post-thumbnail size-post-thumbnail wp-post-image\" alt=\"10 raisons pour lesquelles les poinsettias rendent l&rsquo;Avent plus beau\" style=\"width:100%;height:100%;object-fit:cover;\" srcset=\"https:\/\/starsforeurope.com\/fr\/wp-content\/uploads\/sites\/13\/2022\/08\/asset-1-1.jpg 875w, https:\/\/starsforeurope.com\/fr\/wp-content\/uploads\/sites\/13\/2022\/08\/asset-1-1-250x300.jpg 250w, https:\/\/starsforeurope.com\/fr\/wp-content\/uploads\/sites\/13\/2022\/08\/asset-1-1-853x1024.jpg 853w, https:\/\/starsforeurope.com\/fr\/wp-content\/uploads\/sites\/13\/2022\/08\/asset-1-1-768x922.jpg 768w, https:\/\/starsforeurope.com\/fr\/wp-content\/uploads\/sites\/13\/2022\/08\/asset-1-1-563x675.jpg 563w\" sizes=\"auto, (max-width: 875px) 100vw, 875px\" \/><\/a><\/figure>\n\n<h3 class=\"wp-block-post-title\"><a href=\"https:\/\/starsforeurope.com\/fr\/blog\/10-raisons-pour-lesquelles-les-poinsettias-rendent-lavent-plus-beau\/\" target=\"_self\" >10 raisons pour lesquelles les poinsettias rendent l&rsquo;Avent plus beau<\/a><\/h3>\n\n\n<div class=\"wp-block-group postmetaline is-nowrap is-layout-flex wp-container-core-group-is-layout-6c531013 wp-block-group-is-layout-flex\"><div class=\"wp-block-post-date\"><time datetime=\"2022-11-23T08:00:55+01:00\">23. novembre 2022<\/time><\/div>\n\n<\/div>\n\n\n<div class=\"wp-block-post-excerpt\"><p class=\"wp-block-post-excerpt__excerpt\">Conseils de d\u00e9coration pour l&rsquo;Avent : les poinsettias font ressortir votre cr\u00e9ativit\u00e9. Les experts de Stars for Europe vous montrent comment!<\/p><p class=\"wp-block-post-excerpt__more-text\"><a class=\"wp-block-post-excerpt__more-link\" href=\"https:\/\/starsforeurope.com\/fr\/blog\/10-raisons-pour-lesquelles-les-poinsettias-rendent-lavent-plus-beau\/\">Lire la suite<\/a><\/p><\/div>\n<\/li><li class=\"wp-block-post post-6871 blog type-blog status-publish has-post-thumbnail hentry blog_cat-decoration-tips blog_cat-autumn-decor-houseplants blog_cat-history blog_cat-variety blog_main-decoration blog_main-decorations-de-lavent blog_main-decorations-de-table\">\n<figure style=\"aspect-ratio:1;\" class=\"featuredimage wp-block-post-featured-image\"><a href=\"https:\/\/starsforeurope.com\/fr\/blog\/couleurs-tendances-pour-les-fetes-de-fin-dannee\/\" target=\"_self\"  ><img loading=\"lazy\" decoding=\"async\" width=\"875\" height=\"1050\" src=\"https:\/\/starsforeurope.com\/fr\/wp-content\/uploads\/sites\/13\/2022\/08\/2021-poinsettia-05000-christmas-wonderland-17.jpg\" class=\"attachment-post-thumbnail size-post-thumbnail wp-post-image\" alt=\"Couleurs Tendances Pour Les F\u00eates De Fin D\u2019ann\u00e9e\" style=\"width:100%;height:100%;object-fit:cover;\" srcset=\"https:\/\/starsforeurope.com\/fr\/wp-content\/uploads\/sites\/13\/2022\/08\/2021-poinsettia-05000-christmas-wonderland-17.jpg 875w, https:\/\/starsforeurope.com\/fr\/wp-content\/uploads\/sites\/13\/2022\/08\/2021-poinsettia-05000-christmas-wonderland-17-250x300.jpg 250w, https:\/\/starsforeurope.com\/fr\/wp-content\/uploads\/sites\/13\/2022\/08\/2021-poinsettia-05000-christmas-wonderland-17-853x1024.jpg 853w, https:\/\/starsforeurope.com\/fr\/wp-content\/uploads\/sites\/13\/2022\/08\/2021-poinsettia-05000-christmas-wonderland-17-768x922.jpg 768w, https:\/\/starsforeurope.com\/fr\/wp-content\/uploads\/sites\/13\/2022\/08\/2021-poinsettia-05000-christmas-wonderland-17-563x675.jpg 563w\" sizes=\"auto, (max-width: 875px) 100vw, 875px\" \/><\/a><\/figure>\n\n<h3 class=\"wp-block-post-title\"><a href=\"https:\/\/starsforeurope.com\/fr\/blog\/couleurs-tendances-pour-les-fetes-de-fin-dannee\/\" target=\"_self\" >Couleurs Tendances Pour Les F\u00eates De Fin D\u2019ann\u00e9e<\/a><\/h3>\n\n\n<div class=\"wp-block-group postmetaline is-nowrap is-layout-flex wp-container-core-group-is-layout-6c531013 wp-block-group-is-layout-flex\"><div class=\"wp-block-post-date\"><time datetime=\"2021-12-17T14:45:34+01:00\">17. d\u00e9cembre 2021<\/time><\/div>\n\n<\/div>\n\n\n<div class=\"wp-block-post-excerpt\"><p class=\"wp-block-post-excerpt__excerpt\">Pour cr\u00e9er le d\u00e9cor hivernal souhait\u00e9, le poinsettia est la plante \u00e0 privil\u00e9gier qui garantit que chacun se sente dans l\u2019ambiance de No\u00ebl. La d\u00e9co d\u2019int\u00e9rieur est pass\u00e9e \u00e0 la vitesse sup\u00e9rieure cette saison, avec une tendance \u00e0 utiliser des couleurs audacieuses qui se d\u00e9marquent. Les d\u00e9cos contemporaines permettent de laisser libre cours \u00e0 sa<\/p><p class=\"wp-block-post-excerpt__more-text\"><a class=\"wp-block-post-excerpt__more-link\" href=\"https:\/\/starsforeurope.com\/fr\/blog\/couleurs-tendances-pour-les-fetes-de-fin-dannee\/\">Lire la suite<\/a><\/p><\/div>\n<\/li><\/ul>\n\n\n\n<\/div>\n\n\n\n<div style=\"height:3rem\" aria-hidden=\"true\" class=\"wp-block-spacer\"><\/div>\n<\/div>","protected":false},"excerpt":{"rendered":"<p>D\u00e9couvrez des fa\u00e7ons \u00e9l\u00e9gantes et significatives d&rsquo;incorporer cette plante classique dans vos couronnes de l&rsquo;Avent, vos centres de table et vos d\u00e9corations de vacances.<\/p>\n","protected":false},"author":40,"featured_media":4352,"parent":22,"menu_order":0,"comment_status":"closed","ping_status":"closed","template":"two-column-blog-single","meta":{"_acf_changed":false,"footnotes":""},"class_list":["post-7924","page","type-page","status-publish","has-post-thumbnail","hentry"],"acf":[],"_links":{"self":[{"href":"https:\/\/starsforeurope.com\/fr\/wp-json\/wp\/v2\/pages\/7924","targetHints":{"allow":["GET"]}}],"collection":[{"href":"https:\/\/starsforeurope.com\/fr\/wp-json\/wp\/v2\/pages"}],"about":[{"href":"https:\/\/starsforeurope.com\/fr\/wp-json\/wp\/v2\/types\/page"}],"author":[{"embeddable":true,"href":"https:\/\/starsforeurope.com\/fr\/wp-json\/wp\/v2\/users\/40"}],"replies":[{"embeddable":true,"href":"https:\/\/starsforeurope.com\/fr\/wp-json\/wp\/v2\/comments?post=7924"}],"version-history":[{"count":2,"href":"https:\/\/starsforeurope.com\/fr\/wp-json\/wp\/v2\/pages\/7924\/revisions"}],"predecessor-version":[{"id":7926,"href":"https:\/\/starsforeurope.com\/fr\/wp-json\/wp\/v2\/pages\/7924\/revisions\/7926"}],"up":[{"embeddable":true,"href":"https:\/\/starsforeurope.com\/fr\/wp-json\/wp\/v2\/pages\/22"}],"wp:featuredmedia":[{"embeddable":true,"href":"https:\/\/starsforeurope.com\/fr\/wp-json\/wp\/v2\/media\/4352"}],"wp:attachment":[{"href":"https:\/\/starsforeurope.com\/fr\/wp-json\/wp\/v2\/media?parent=7924"}],"curies":[{"name":"wp","href":"https:\/\/api.w.org\/{rel}","templated":true}]}}