{"id":7918,"date":"2025-07-10T12:55:38","date_gmt":"2025-07-10T10:55:38","guid":{"rendered":"https:\/\/starsforeurope.com\/fr\/?page_id=7918"},"modified":"2025-07-21T23:43:24","modified_gmt":"2025-07-21T21:43:24","slug":"soin-de-base","status":"publish","type":"page","link":"https:\/\/starsforeurope.com\/fr\/entretien\/soin-de-base\/","title":{"rendered":"Les bases de l&rsquo;entretien des poinsettias"},"content":{"rendered":"<div class=\"wp-block-group postimage-half wide-content is-layout-flow wp-block-group-is-layout-flow\" style=\"margin-top:var(--wp--preset--spacing--50)\">\n<div style=\"height:3rem\" aria-hidden=\"true\" class=\"wp-block-spacer\"><\/div>\n\n\n\n<div class=\"wp-block-query is-layout-flow wp-block-query-is-layout-flow\"><ul class=\"columns-2 wp-block-post-template is-layout-grid wp-container-core-post-template-is-layout-37ef2942 wp-block-post-template-is-layout-grid\"><li class=\"wp-block-post post-7736 blog type-blog status-publish has-post-thumbnail hentry blog_main-emplacement blog_main-entretien blog_main-soin-de-base\">\n<figure style=\"aspect-ratio:1;\" class=\"featuredimage wp-block-post-featured-image\"><a href=\"https:\/\/starsforeurope.com\/fr\/blog\/peut-on-placer-un-poinsettia-contre-une-fenetre-tout-ce-que-vous-devez-savoir\/\" target=\"_self\"  ><img loading=\"lazy\" decoding=\"async\" width=\"875\" height=\"1050\" src=\"https:\/\/starsforeurope.com\/fr\/wp-content\/uploads\/sites\/13\/2024\/10\/2024-poinsettia-04000-cosy-cottage-charm-13.jpg\" class=\"attachment-post-thumbnail size-post-thumbnail wp-post-image\" alt=\"Peut-on placer un poinsettia contre une fen\u00eatre ? Tout ce que vous devez savoir\" style=\"width:100%;height:100%;object-fit:cover;\" srcset=\"https:\/\/starsforeurope.com\/fr\/wp-content\/uploads\/sites\/13\/2024\/10\/2024-poinsettia-04000-cosy-cottage-charm-13.jpg 875w, https:\/\/starsforeurope.com\/fr\/wp-content\/uploads\/sites\/13\/2024\/10\/2024-poinsettia-04000-cosy-cottage-charm-13-250x300.jpg 250w, https:\/\/starsforeurope.com\/fr\/wp-content\/uploads\/sites\/13\/2024\/10\/2024-poinsettia-04000-cosy-cottage-charm-13-853x1024.jpg 853w, https:\/\/starsforeurope.com\/fr\/wp-content\/uploads\/sites\/13\/2024\/10\/2024-poinsettia-04000-cosy-cottage-charm-13-768x922.jpg 768w, https:\/\/starsforeurope.com\/fr\/wp-content\/uploads\/sites\/13\/2024\/10\/2024-poinsettia-04000-cosy-cottage-charm-13-563x675.jpg 563w\" sizes=\"auto, (max-width: 875px) 100vw, 875px\" \/><\/a><\/figure>\n\n<h3 class=\"wp-block-post-title\"><a href=\"https:\/\/starsforeurope.com\/fr\/blog\/peut-on-placer-un-poinsettia-contre-une-fenetre-tout-ce-que-vous-devez-savoir\/\" target=\"_self\" >Peut-on placer un poinsettia contre une fen\u00eatre ? Tout ce que vous devez savoir<\/a><\/h3>\n\n\n<div class=\"wp-block-group postmetaline is-nowrap is-layout-flex wp-container-core-group-is-layout-6c531013 wp-block-group-is-layout-flex\"><div class=\"wp-block-post-date\"><time datetime=\"2024-11-19T14:54:05+01:00\">19. novembre 2024<\/time><\/div>\n\n<\/div>\n\n\n<div class=\"wp-block-post-excerpt\"><p class=\"wp-block-post-excerpt__excerpt\">Comment entretenir votre poinsettia plac\u00e9 sur une fen\u00eatre et le mettre en valeur : des conseils sur l&#8217;emplacement, la temp\u00e9rature et les d\u00e9corations de No\u00ebl.<\/p><p class=\"wp-block-post-excerpt__more-text\"><a class=\"wp-block-post-excerpt__more-link\" href=\"https:\/\/starsforeurope.com\/fr\/blog\/peut-on-placer-un-poinsettia-contre-une-fenetre-tout-ce-que-vous-devez-savoir\/\">Lire la suite<\/a><\/p><\/div>\n<\/li><li class=\"wp-block-post post-7716 blog type-blog status-publish has-post-thumbnail hentry blog_main-emplacement blog_main-entretien blog_main-soin-de-base\">\n<figure style=\"aspect-ratio:1;\" class=\"featuredimage wp-block-post-featured-image\"><a href=\"https:\/\/starsforeurope.com\/fr\/blog\/lemplacement-parfait-pour-votre-poinsettia\/\" target=\"_self\"  ><img loading=\"lazy\" decoding=\"async\" width=\"1050\" height=\"875\" src=\"https:\/\/starsforeurope.com\/fr\/wp-content\/uploads\/sites\/13\/2022\/08\/2021-poinsettia-04000-autumnal-glow-08.jpg\" class=\"attachment-post-thumbnail size-post-thumbnail wp-post-image\" alt=\"V\u00e9rifier le bon emplacement pour un poinsettia : les 3 facteurs qui comptent vraiment\" style=\"width:100%;height:100%;object-fit:cover;\" srcset=\"https:\/\/starsforeurope.com\/fr\/wp-content\/uploads\/sites\/13\/2022\/08\/2021-poinsettia-04000-autumnal-glow-08.jpg 1050w, https:\/\/starsforeurope.com\/fr\/wp-content\/uploads\/sites\/13\/2022\/08\/2021-poinsettia-04000-autumnal-glow-08-300x250.jpg 300w, https:\/\/starsforeurope.com\/fr\/wp-content\/uploads\/sites\/13\/2022\/08\/2021-poinsettia-04000-autumnal-glow-08-1024x853.jpg 1024w, https:\/\/starsforeurope.com\/fr\/wp-content\/uploads\/sites\/13\/2022\/08\/2021-poinsettia-04000-autumnal-glow-08-768x640.jpg 768w, https:\/\/starsforeurope.com\/fr\/wp-content\/uploads\/sites\/13\/2022\/08\/2021-poinsettia-04000-autumnal-glow-08-810x675.jpg 810w\" sizes=\"auto, (max-width: 1050px) 100vw, 1050px\" \/><\/a><\/figure>\n\n<h3 class=\"wp-block-post-title\"><a href=\"https:\/\/starsforeurope.com\/fr\/blog\/lemplacement-parfait-pour-votre-poinsettia\/\" target=\"_self\" >V\u00e9rifier le bon emplacement pour un poinsettia : les 3 facteurs qui comptent vraiment<\/a><\/h3>\n\n\n<div class=\"wp-block-group postmetaline is-nowrap is-layout-flex wp-container-core-group-is-layout-6c531013 wp-block-group-is-layout-flex\"><div class=\"wp-block-post-date\"><time datetime=\"2024-11-18T10:33:05+01:00\">18. novembre 2024<\/time><\/div>\n\n<\/div>\n\n\n<div class=\"wp-block-post-excerpt\"><p class=\"wp-block-post-excerpt__excerpt\">Trouvez l&#8217;emplacement id\u00e9al pour votre poinsettia ! Suivez ces conseils sur la lumi\u00e8re, la temp\u00e9rature et les courants d&rsquo;air pour vous assurez que votre plante reste belle et en bonne sant\u00e9 plus longtemps.<\/p><p class=\"wp-block-post-excerpt__more-text\"><a class=\"wp-block-post-excerpt__more-link\" href=\"https:\/\/starsforeurope.com\/fr\/blog\/lemplacement-parfait-pour-votre-poinsettia\/\">Lire la suite<\/a><\/p><\/div>\n<\/li><li class=\"wp-block-post post-3970 blog type-blog status-publish has-post-thumbnail hentry blog_cat-care blog_main-entretien blog_main-soin-de-base\">\n<figure style=\"aspect-ratio:1;\" class=\"featuredimage wp-block-post-featured-image\"><a href=\"https:\/\/starsforeurope.com\/fr\/blog\/cinq-bonnes-habitudes-pour-des-poinsettias-sublimes\/\" target=\"_self\"  ><img loading=\"lazy\" decoding=\"async\" width=\"875\" height=\"1050\" src=\"https:\/\/starsforeurope.com\/fr\/wp-content\/uploads\/sites\/13\/2022\/08\/2020-poinsett.jpg\" class=\"attachment-post-thumbnail size-post-thumbnail wp-post-image\" alt=\"Cinq bonnes habitudes pour des poinsettias sublim\u00e9s\" style=\"width:100%;height:100%;object-fit:cover;\" srcset=\"https:\/\/starsforeurope.com\/fr\/wp-content\/uploads\/sites\/13\/2022\/08\/2020-poinsett.jpg 875w, https:\/\/starsforeurope.com\/fr\/wp-content\/uploads\/sites\/13\/2022\/08\/2020-poinsett-250x300.jpg 250w, https:\/\/starsforeurope.com\/fr\/wp-content\/uploads\/sites\/13\/2022\/08\/2020-poinsett-853x1024.jpg 853w, https:\/\/starsforeurope.com\/fr\/wp-content\/uploads\/sites\/13\/2022\/08\/2020-poinsett-768x922.jpg 768w, https:\/\/starsforeurope.com\/fr\/wp-content\/uploads\/sites\/13\/2022\/08\/2020-poinsett-563x675.jpg 563w\" sizes=\"auto, (max-width: 875px) 100vw, 875px\" \/><\/a><\/figure>\n\n<h3 class=\"wp-block-post-title\"><a href=\"https:\/\/starsforeurope.com\/fr\/blog\/cinq-bonnes-habitudes-pour-des-poinsettias-sublimes\/\" target=\"_self\" >Cinq bonnes habitudes pour des poinsettias sublim\u00e9s<\/a><\/h3>\n\n\n<div class=\"wp-block-group postmetaline is-nowrap is-layout-flex wp-container-core-group-is-layout-6c531013 wp-block-group-is-layout-flex\"><div class=\"wp-block-post-date\"><time datetime=\"2022-10-04T08:00:06+02:00\">04. octobre 2022<\/time><\/div>\n\n<\/div>\n\n\n<div class=\"wp-block-post-excerpt\"><p class=\"wp-block-post-excerpt__excerpt\">Vous \u00eates convaincu que certains ont de la chance avec les poinsettias, alors que d&rsquo;autres n&rsquo;en ont pas ? C&rsquo;est faux ! Voici cinq bonnes habitudes qui feront toute la diff\u00e9rence!<\/p><p class=\"wp-block-post-excerpt__more-text\"><a class=\"wp-block-post-excerpt__more-link\" href=\"https:\/\/starsforeurope.com\/fr\/blog\/cinq-bonnes-habitudes-pour-des-poinsettias-sublimes\/\">Lire la suite<\/a><\/p><\/div>\n<\/li><li class=\"wp-block-post post-6948 blog type-blog status-publish has-post-thumbnail hentry blog_cat-care blog_cat-history blog_cat-variety blog_main-a-savoir blog_main-connaissance blog_main-entretien blog_main-soin-de-base blog_main-variete\">\n<figure style=\"aspect-ratio:1;\" class=\"featuredimage wp-block-post-featured-image\"><a href=\"https:\/\/starsforeurope.com\/fr\/blog\/le-saviez-vous-5-faits-sur-les-poinsettias\/\" target=\"_self\"  ><img loading=\"lazy\" decoding=\"async\" width=\"1050\" height=\"875\" src=\"https:\/\/starsforeurope.com\/fr\/wp-content\/uploads\/sites\/13\/2022\/08\/2021-poinsettia-01000-boho-green-living-01.jpg\" class=\"attachment-post-thumbnail size-post-thumbnail wp-post-image\" alt=\"LE SAVIEZ-VOUS ? 5 Faits Sur Les Poinsettias\" style=\"width:100%;height:100%;object-fit:cover;\" srcset=\"https:\/\/starsforeurope.com\/fr\/wp-content\/uploads\/sites\/13\/2022\/08\/2021-poinsettia-01000-boho-green-living-01.jpg 1050w, https:\/\/starsforeurope.com\/fr\/wp-content\/uploads\/sites\/13\/2022\/08\/2021-poinsettia-01000-boho-green-living-01-300x250.jpg 300w, https:\/\/starsforeurope.com\/fr\/wp-content\/uploads\/sites\/13\/2022\/08\/2021-poinsettia-01000-boho-green-living-01-1024x853.jpg 1024w, https:\/\/starsforeurope.com\/fr\/wp-content\/uploads\/sites\/13\/2022\/08\/2021-poinsettia-01000-boho-green-living-01-768x640.jpg 768w, https:\/\/starsforeurope.com\/fr\/wp-content\/uploads\/sites\/13\/2022\/08\/2021-poinsettia-01000-boho-green-living-01-810x675.jpg 810w\" sizes=\"auto, (max-width: 1050px) 100vw, 1050px\" \/><\/a><\/figure>\n\n<h3 class=\"wp-block-post-title\"><a href=\"https:\/\/starsforeurope.com\/fr\/blog\/le-saviez-vous-5-faits-sur-les-poinsettias\/\" target=\"_self\" >LE SAVIEZ-VOUS ? 5 Faits Sur Les Poinsettias<\/a><\/h3>\n\n\n<div class=\"wp-block-group postmetaline is-nowrap is-layout-flex wp-container-core-group-is-layout-6c531013 wp-block-group-is-layout-flex\"><div class=\"wp-block-post-date\"><time datetime=\"2021-12-17T07:30:08+01:00\">17. d\u00e9cembre 2021<\/time><\/div>\n\n<\/div>\n\n\n<div class=\"wp-block-post-excerpt\"><p class=\"wp-block-post-excerpt__excerpt\">1 \u2013 Des Couleurs \u00c9tonnantes Les poinsettias sont souvent pr\u00e9sent\u00e9s comme \u00ab classiques de No\u00ebl \u00bb. Ceci est toujours vrai aujourd\u2019hui. Il n\u2019est pas surprenant que les poinsettias rouges traditionnels soient en t\u00eate des ventes. Pourtant ils existent \u00e9galement dans une multitude de nuances, des roses \u00e9clatants aux cr\u00e8mes neutres, en passant par les jaunes<\/p><p class=\"wp-block-post-excerpt__more-text\"><a class=\"wp-block-post-excerpt__more-link\" href=\"https:\/\/starsforeurope.com\/fr\/blog\/le-saviez-vous-5-faits-sur-les-poinsettias\/\">Lire la suite<\/a><\/p><\/div>\n<\/li><\/ul>\n\n\n\n<\/div>\n\n\n\n<div style=\"height:3rem\" aria-hidden=\"true\" class=\"wp-block-spacer\"><\/div>\n<\/div>","protected":false},"excerpt":{"rendered":"<p>Gardez vos poinsettias \u00e9clatants et sains gr\u00e2ce \u00e0 des conseils d&rsquo;entretien simples. <\/p>\n","protected":false},"author":40,"featured_media":4350,"parent":20,"menu_order":0,"comment_status":"closed","ping_status":"closed","template":"two-column-blog-single","meta":{"_acf_changed":false,"footnotes":""},"class_list":["post-7918","page","type-page","status-publish","has-post-thumbnail","hentry"],"acf":[],"_links":{"self":[{"href":"https:\/\/starsforeurope.com\/fr\/wp-json\/wp\/v2\/pages\/7918","targetHints":{"allow":["GET"]}}],"collection":[{"href":"https:\/\/starsforeurope.com\/fr\/wp-json\/wp\/v2\/pages"}],"about":[{"href":"https:\/\/starsforeurope.com\/fr\/wp-json\/wp\/v2\/types\/page"}],"author":[{"embeddable":true,"href":"https:\/\/starsforeurope.com\/fr\/wp-json\/wp\/v2\/users\/40"}],"replies":[{"embeddable":true,"href":"https:\/\/starsforeurope.com\/fr\/wp-json\/wp\/v2\/comments?post=7918"}],"version-history":[{"count":2,"href":"https:\/\/starsforeurope.com\/fr\/wp-json\/wp\/v2\/pages\/7918\/revisions"}],"predecessor-version":[{"id":7920,"href":"https:\/\/starsforeurope.com\/fr\/wp-json\/wp\/v2\/pages\/7918\/revisions\/7920"}],"up":[{"embeddable":true,"href":"https:\/\/starsforeurope.com\/fr\/wp-json\/wp\/v2\/pages\/20"}],"wp:featuredmedia":[{"embeddable":true,"href":"https:\/\/starsforeurope.com\/fr\/wp-json\/wp\/v2\/media\/4350"}],"wp:attachment":[{"href":"https:\/\/starsforeurope.com\/fr\/wp-json\/wp\/v2\/media?parent=7918"}],"curies":[{"name":"wp","href":"https:\/\/api.w.org\/{rel}","templated":true}]}}