{"id":5,"date":"2021-11-17T18:26:06","date_gmt":"2021-11-17T18:26:06","guid":{"rendered":"https:\/\/weihnachtsstern.kinsta.cloud\/fr\/?page_id=5"},"modified":"2025-07-10T12:27:42","modified_gmt":"2025-07-10T10:27:42","slug":"home","status":"publish","type":"page","link":"https:\/\/starsforeurope.com\/fr\/","title":{"rendered":"De l\u2019inspiration et des informations sur le poinsettia"},"content":{"rendered":"","protected":false},"excerpt":{"rendered":"<p>Les poinsettias apportent couleur et joie dans la maison en automne et en hiver. Vous trouverez ici tout ce dont vous avez besoin pour cr\u00e9er de magnifiques d\u00e9corations de l&rsquo;Avent et de No\u00ebl.<\/p>\n","protected":false},"author":1,"featured_media":4349,"parent":0,"menu_order":0,"comment_status":"closed","ping_status":"closed","template":"two-column-blog-single","meta":{"_acf_changed":false,"footnotes":""},"class_list":["post-5","page","type-page","status-publish","has-post-thumbnail","hentry"],"acf":[],"_links":{"self":[{"href":"https:\/\/starsforeurope.com\/fr\/wp-json\/wp\/v2\/pages\/5","targetHints":{"allow":["GET"]}}],"collection":[{"href":"https:\/\/starsforeurope.com\/fr\/wp-json\/wp\/v2\/pages"}],"about":[{"href":"https:\/\/starsforeurope.com\/fr\/wp-json\/wp\/v2\/types\/page"}],"author":[{"embeddable":true,"href":"https:\/\/starsforeurope.com\/fr\/wp-json\/wp\/v2\/users\/1"}],"replies":[{"embeddable":true,"href":"https:\/\/starsforeurope.com\/fr\/wp-json\/wp\/v2\/comments?post=5"}],"version-history":[{"count":46,"href":"https:\/\/starsforeurope.com\/fr\/wp-json\/wp\/v2\/pages\/5\/revisions"}],"predecessor-version":[{"id":7908,"href":"https:\/\/starsforeurope.com\/fr\/wp-json\/wp\/v2\/pages\/5\/revisions\/7908"}],"wp:featuredmedia":[{"embeddable":true,"href":"https:\/\/starsforeurope.com\/fr\/wp-json\/wp\/v2\/media\/4349"}],"wp:attachment":[{"href":"https:\/\/starsforeurope.com\/fr\/wp-json\/wp\/v2\/media?parent=5"}],"curies":[{"name":"wp","href":"https:\/\/api.w.org\/{rel}","templated":true}]}}