{"id":487,"date":"2021-12-17T12:27:34","date_gmt":"2021-12-17T12:27:34","guid":{"rendered":"https:\/\/weihnachtsstern.kinsta.cloud\/fr\/?page_id=487"},"modified":"2025-10-17T14:10:25","modified_gmt":"2025-10-17T12:10:25","slug":"mentions-legales","status":"publish","type":"page","link":"https:\/\/starsforeurope.com\/fr\/mentions-legales\/","title":{"rendered":"Mentions l\u00e9gales"},"content":{"rendered":"<div class=\"wp-block-columns is-layout-flex wp-container-core-columns-is-layout-28f84493 wp-block-columns-is-layout-flex\">\n<div class=\"wp-block-column is-layout-flow wp-block-column-is-layout-flow\">\n<h2 class=\"wp-block-heading\">Politique de confidentialit\u00e9<\/h2>\n\n\n\n<p>Responsable au sens du paragraphe 6 de la loi allemande \u00ab Teledienstgesetz \u00bb ou de la loi \u00ab Mediendienste Staatsvertrag \u00bb :<\/p>\n\n\n\n<p>Stars for Europe GbR\n<br>c\/o Zentralverband Gartenbau\n<br>Bornheimerstra\u00dfe 37\n<br>53111 Bonn,\n<br>Germany\n<br>Directeur g\u00e9n\u00e9ral : Leendert Hoogendoorn \/ Gestion du projet europ\u00e9en : Dr Susanne Lux<\/p>\n\n\n\n<p>T\u00e9l\u00e9phone : + 49 2644 981333\n<br>E-mail : susanne.lux(at)meclux.de<\/p>\n\n\n\n<p>N\u00b0 TVA : DE815617238\n<br>Identifiant fiscal : 206\/5802\/0875<\/p>\n\n\n\n<h2 class=\"wp-block-heading\">Avertissement<\/h2>\n\n\n\n<p>Cependant, les positions et opinions exprim\u00e9es appartiennent aux auteurs et ne refl\u00e8tent pas n\u00e9cessairement celles de l\u2019Union europ\u00e9enne ou de l\u2019Agence ex\u00e9cutive europ\u00e9enne pour la recherche (REA). Ni l\u2019Union europ\u00e9enne ni l\u2019autorit\u00e9 charg\u00e9e de l\u2019octroi ne sauraient en \u00eatre tenues pour responsables.<\/p>\n<\/div>\n<\/div>\n\n\n\n<div class=\"wp-block-columns is-layout-flex wp-container-core-columns-is-layout-28f84493 wp-block-columns-is-layout-flex\"><\/div>","protected":false},"excerpt":{"rendered":"<p>Politique de confidentialit\u00e9 Responsable au sens du paragraphe 6 de la loi allemande \u00ab Teledienstgesetz \u00bb ou de la loi \u00ab Mediendienste Staatsvertrag \u00bb : Stars for Europe GbR c\/o Zentralverband Gartenbau Bornheimerstra\u00dfe 37 53111 Bonn, Germany Directeur g\u00e9n\u00e9ral : Leendert Hoogendoorn \/ Gestion du projet europ\u00e9en : Dr Susanne Lux T\u00e9l\u00e9phone : + 49 [&hellip;]<\/p>\n","protected":false},"author":1,"featured_media":0,"parent":0,"menu_order":0,"comment_status":"closed","ping_status":"closed","template":"simple-post-no-header-image","meta":{"_acf_changed":false,"footnotes":""},"class_list":["post-487","page","type-page","status-publish","hentry"],"acf":[],"_links":{"self":[{"href":"https:\/\/starsforeurope.com\/fr\/wp-json\/wp\/v2\/pages\/487","targetHints":{"allow":["GET"]}}],"collection":[{"href":"https:\/\/starsforeurope.com\/fr\/wp-json\/wp\/v2\/pages"}],"about":[{"href":"https:\/\/starsforeurope.com\/fr\/wp-json\/wp\/v2\/types\/page"}],"author":[{"embeddable":true,"href":"https:\/\/starsforeurope.com\/fr\/wp-json\/wp\/v2\/users\/1"}],"replies":[{"embeddable":true,"href":"https:\/\/starsforeurope.com\/fr\/wp-json\/wp\/v2\/comments?post=487"}],"version-history":[{"count":18,"href":"https:\/\/starsforeurope.com\/fr\/wp-json\/wp\/v2\/pages\/487\/revisions"}],"predecessor-version":[{"id":8298,"href":"https:\/\/starsforeurope.com\/fr\/wp-json\/wp\/v2\/pages\/487\/revisions\/8298"}],"wp:attachment":[{"href":"https:\/\/starsforeurope.com\/fr\/wp-json\/wp\/v2\/media?parent=487"}],"curies":[{"name":"wp","href":"https:\/\/api.w.org\/{rel}","templated":true}]}}