{"id":20,"date":"2021-11-17T18:55:48","date_gmt":"2021-11-17T18:55:48","guid":{"rendered":"https:\/\/weihnachtsstern.kinsta.cloud\/fr\/?page_id=20"},"modified":"2025-07-21T23:43:24","modified_gmt":"2025-07-21T21:43:24","slug":"entretien","status":"publish","type":"page","link":"https:\/\/starsforeurope.com\/fr\/entretien\/","title":{"rendered":"Apprenez comment prendre soin des poinsettias pour faire durer leur floraison"},"content":{"rendered":"<h2 class=\"wp-block-heading\">Retrouvez tout ce qu\u2019il faut savoir sur la culture des poinsettias<\/h2>\n\n\n\n<div class=\"wp-block-group postimage-half wide-content is-layout-flow wp-block-group-is-layout-flow\" style=\"margin-top:var(--wp--preset--spacing--50)\">\n<div style=\"height:3rem\" aria-hidden=\"true\" class=\"wp-block-spacer\"><\/div>\n\n\n\n<div class=\"wp-block-query is-layout-flow wp-block-query-is-layout-flow\"><ul class=\"columns-2 wp-block-post-template is-layout-grid wp-container-core-post-template-is-layout-37ef2942 wp-block-post-template-is-layout-grid\"><li class=\"wp-block-post post-7736 blog type-blog status-publish has-post-thumbnail hentry blog_main-emplacement blog_main-entretien blog_main-soin-de-base\">\n<figure style=\"aspect-ratio:1;\" class=\"featuredimage wp-block-post-featured-image\"><a href=\"https:\/\/starsforeurope.com\/fr\/blog\/peut-on-placer-un-poinsettia-contre-une-fenetre-tout-ce-que-vous-devez-savoir\/\" target=\"_self\"  ><img loading=\"lazy\" decoding=\"async\" width=\"875\" height=\"1050\" src=\"https:\/\/starsforeurope.com\/fr\/wp-content\/uploads\/sites\/13\/2024\/10\/2024-poinsettia-04000-cosy-cottage-charm-13.jpg\" class=\"attachment-post-thumbnail size-post-thumbnail wp-post-image\" alt=\"Peut-on placer un poinsettia contre une fen\u00eatre ? Tout ce que vous devez savoir\" style=\"width:100%;height:100%;object-fit:cover;\" srcset=\"https:\/\/starsforeurope.com\/fr\/wp-content\/uploads\/sites\/13\/2024\/10\/2024-poinsettia-04000-cosy-cottage-charm-13.jpg 875w, https:\/\/starsforeurope.com\/fr\/wp-content\/uploads\/sites\/13\/2024\/10\/2024-poinsettia-04000-cosy-cottage-charm-13-250x300.jpg 250w, https:\/\/starsforeurope.com\/fr\/wp-content\/uploads\/sites\/13\/2024\/10\/2024-poinsettia-04000-cosy-cottage-charm-13-853x1024.jpg 853w, https:\/\/starsforeurope.com\/fr\/wp-content\/uploads\/sites\/13\/2024\/10\/2024-poinsettia-04000-cosy-cottage-charm-13-768x922.jpg 768w, https:\/\/starsforeurope.com\/fr\/wp-content\/uploads\/sites\/13\/2024\/10\/2024-poinsettia-04000-cosy-cottage-charm-13-563x675.jpg 563w\" sizes=\"auto, (max-width: 875px) 100vw, 875px\" \/><\/a><\/figure>\n\n<h3 class=\"wp-block-post-title\"><a href=\"https:\/\/starsforeurope.com\/fr\/blog\/peut-on-placer-un-poinsettia-contre-une-fenetre-tout-ce-que-vous-devez-savoir\/\" target=\"_self\" >Peut-on placer un poinsettia contre une fen\u00eatre ? Tout ce que vous devez savoir<\/a><\/h3>\n\n\n<div class=\"wp-block-group postmetaline is-nowrap is-layout-flex wp-container-core-group-is-layout-6c531013 wp-block-group-is-layout-flex\"><div class=\"wp-block-post-date\"><time datetime=\"2024-11-19T14:54:05+01:00\">19. novembre 2024<\/time><\/div>\n\n<\/div>\n\n\n<div class=\"wp-block-post-excerpt\"><p class=\"wp-block-post-excerpt__excerpt\">Comment entretenir votre poinsettia plac\u00e9 sur une fen\u00eatre et le mettre en valeur : des conseils sur l&#8217;emplacement, la temp\u00e9rature et les d\u00e9corations de No\u00ebl.<\/p><p class=\"wp-block-post-excerpt__more-text\"><a class=\"wp-block-post-excerpt__more-link\" href=\"https:\/\/starsforeurope.com\/fr\/blog\/peut-on-placer-un-poinsettia-contre-une-fenetre-tout-ce-que-vous-devez-savoir\/\">Lire la suite<\/a><\/p><\/div>\n<\/li><li class=\"wp-block-post post-7697 blog type-blog status-publish has-post-thumbnail hentry blog_cat-care blog_main-entretien\">\n<figure style=\"aspect-ratio:1;\" class=\"featuredimage wp-block-post-featured-image\"><a href=\"https:\/\/starsforeurope.com\/fr\/blog\/voici-comment-prendre-soin-de-votre-poinsettia\/\" target=\"_self\"  ><img loading=\"lazy\" decoding=\"async\" width=\"875\" height=\"1050\" src=\"https:\/\/starsforeurope.com\/fr\/wp-content\/uploads\/sites\/13\/2023\/10\/2021-poinsettia-01000-boho-green-living-08-2.jpg\" class=\"attachment-post-thumbnail size-post-thumbnail wp-post-image\" alt=\"Entretien des poinsettias: succ\u00e8s garanti\" style=\"width:100%;height:100%;object-fit:cover;\" srcset=\"https:\/\/starsforeurope.com\/fr\/wp-content\/uploads\/sites\/13\/2023\/10\/2021-poinsettia-01000-boho-green-living-08-2.jpg 875w, https:\/\/starsforeurope.com\/fr\/wp-content\/uploads\/sites\/13\/2023\/10\/2021-poinsettia-01000-boho-green-living-08-2-250x300.jpg 250w, https:\/\/starsforeurope.com\/fr\/wp-content\/uploads\/sites\/13\/2023\/10\/2021-poinsettia-01000-boho-green-living-08-2-853x1024.jpg 853w, https:\/\/starsforeurope.com\/fr\/wp-content\/uploads\/sites\/13\/2023\/10\/2021-poinsettia-01000-boho-green-living-08-2-768x922.jpg 768w, https:\/\/starsforeurope.com\/fr\/wp-content\/uploads\/sites\/13\/2023\/10\/2021-poinsettia-01000-boho-green-living-08-2-563x675.jpg 563w\" sizes=\"auto, (max-width: 875px) 100vw, 875px\" \/><\/a><\/figure>\n\n<h3 class=\"wp-block-post-title\"><a href=\"https:\/\/starsforeurope.com\/fr\/blog\/voici-comment-prendre-soin-de-votre-poinsettia\/\" target=\"_self\" >Entretien des poinsettias: succ\u00e8s garanti<\/a><\/h3>\n\n\n<div class=\"wp-block-group postmetaline is-nowrap is-layout-flex wp-container-core-group-is-layout-6c531013 wp-block-group-is-layout-flex\"><div class=\"wp-block-post-date\"><time datetime=\"2024-11-18T11:49:46+01:00\">18. novembre 2024<\/time><\/div>\n\n<\/div>\n\n\n<div class=\"wp-block-post-excerpt\"><p class=\"wp-block-post-excerpt__excerpt\">Des soins d\u2019entretien simplifi\u00e9 : quelques conseils simples pour garder votre poinsettia en bonne sant\u00e9 et fleuri m\u00eame apr\u00e8s No\u00ebl. Prenez-en connaissance d\u00e8s maintenant!<\/p><p class=\"wp-block-post-excerpt__more-text\"><a class=\"wp-block-post-excerpt__more-link\" href=\"https:\/\/starsforeurope.com\/fr\/blog\/voici-comment-prendre-soin-de-votre-poinsettia\/\">Lire la suite<\/a><\/p><\/div>\n<\/li><li class=\"wp-block-post post-7716 blog type-blog status-publish has-post-thumbnail hentry blog_main-emplacement blog_main-entretien blog_main-soin-de-base\">\n<figure style=\"aspect-ratio:1;\" class=\"featuredimage wp-block-post-featured-image\"><a href=\"https:\/\/starsforeurope.com\/fr\/blog\/lemplacement-parfait-pour-votre-poinsettia\/\" target=\"_self\"  ><img loading=\"lazy\" decoding=\"async\" width=\"1050\" height=\"875\" src=\"https:\/\/starsforeurope.com\/fr\/wp-content\/uploads\/sites\/13\/2022\/08\/2021-poinsettia-04000-autumnal-glow-08.jpg\" class=\"attachment-post-thumbnail size-post-thumbnail wp-post-image\" alt=\"V\u00e9rifier le bon emplacement pour un poinsettia : les 3 facteurs qui comptent vraiment\" style=\"width:100%;height:100%;object-fit:cover;\" srcset=\"https:\/\/starsforeurope.com\/fr\/wp-content\/uploads\/sites\/13\/2022\/08\/2021-poinsettia-04000-autumnal-glow-08.jpg 1050w, https:\/\/starsforeurope.com\/fr\/wp-content\/uploads\/sites\/13\/2022\/08\/2021-poinsettia-04000-autumnal-glow-08-300x250.jpg 300w, https:\/\/starsforeurope.com\/fr\/wp-content\/uploads\/sites\/13\/2022\/08\/2021-poinsettia-04000-autumnal-glow-08-1024x853.jpg 1024w, https:\/\/starsforeurope.com\/fr\/wp-content\/uploads\/sites\/13\/2022\/08\/2021-poinsettia-04000-autumnal-glow-08-768x640.jpg 768w, https:\/\/starsforeurope.com\/fr\/wp-content\/uploads\/sites\/13\/2022\/08\/2021-poinsettia-04000-autumnal-glow-08-810x675.jpg 810w\" sizes=\"auto, (max-width: 1050px) 100vw, 1050px\" \/><\/a><\/figure>\n\n<h3 class=\"wp-block-post-title\"><a href=\"https:\/\/starsforeurope.com\/fr\/blog\/lemplacement-parfait-pour-votre-poinsettia\/\" target=\"_self\" >V\u00e9rifier le bon emplacement pour un poinsettia : les 3 facteurs qui comptent vraiment<\/a><\/h3>\n\n\n<div class=\"wp-block-group postmetaline is-nowrap is-layout-flex wp-container-core-group-is-layout-6c531013 wp-block-group-is-layout-flex\"><div class=\"wp-block-post-date\"><time datetime=\"2024-11-18T10:33:05+01:00\">18. novembre 2024<\/time><\/div>\n\n<\/div>\n\n\n<div class=\"wp-block-post-excerpt\"><p class=\"wp-block-post-excerpt__excerpt\">Trouvez l&#8217;emplacement id\u00e9al pour votre poinsettia ! Suivez ces conseils sur la lumi\u00e8re, la temp\u00e9rature et les courants d&rsquo;air pour vous assurez que votre plante reste belle et en bonne sant\u00e9 plus longtemps.<\/p><p class=\"wp-block-post-excerpt__more-text\"><a class=\"wp-block-post-excerpt__more-link\" href=\"https:\/\/starsforeurope.com\/fr\/blog\/lemplacement-parfait-pour-votre-poinsettia\/\">Lire la suite<\/a><\/p><\/div>\n<\/li><li class=\"wp-block-post post-7719 blog type-blog status-publish has-post-thumbnail hentry blog_cat-care blog_main-arrosage blog_main-entretien\">\n<figure style=\"aspect-ratio:1;\" class=\"featuredimage wp-block-post-featured-image\"><a href=\"https:\/\/starsforeurope.com\/fr\/blog\/le-guide-darrosage-ultime-pour-vos-poinsettias\/\" target=\"_self\"  ><img loading=\"lazy\" decoding=\"async\" width=\"853\" height=\"1024\" src=\"https:\/\/starsforeurope.com\/fr\/wp-content\/uploads\/sites\/13\/2024\/11\/2022_poinsettia_03000_varieties_03-853x1024-1.jpg\" class=\"attachment-post-thumbnail size-post-thumbnail wp-post-image\" alt=\"Arroser vos poinsettias : de quelle quantit\u00e9 d\u2019eau ont-ils r\u00e9ellement besoin?\" style=\"width:100%;height:100%;object-fit:cover;\" srcset=\"https:\/\/starsforeurope.com\/fr\/wp-content\/uploads\/sites\/13\/2024\/11\/2022_poinsettia_03000_varieties_03-853x1024-1.jpg 853w, https:\/\/starsforeurope.com\/fr\/wp-content\/uploads\/sites\/13\/2024\/11\/2022_poinsettia_03000_varieties_03-853x1024-1-250x300.jpg 250w, https:\/\/starsforeurope.com\/fr\/wp-content\/uploads\/sites\/13\/2024\/11\/2022_poinsettia_03000_varieties_03-853x1024-1-768x922.jpg 768w, https:\/\/starsforeurope.com\/fr\/wp-content\/uploads\/sites\/13\/2024\/11\/2022_poinsettia_03000_varieties_03-853x1024-1-562x675.jpg 562w\" sizes=\"auto, (max-width: 853px) 100vw, 853px\" \/><\/a><\/figure>\n\n<h3 class=\"wp-block-post-title\"><a href=\"https:\/\/starsforeurope.com\/fr\/blog\/le-guide-darrosage-ultime-pour-vos-poinsettias\/\" target=\"_self\" >Arroser vos poinsettias : de quelle quantit\u00e9 d\u2019eau ont-ils r\u00e9ellement besoin?<\/a><\/h3>\n\n\n<div class=\"wp-block-group postmetaline is-nowrap is-layout-flex wp-container-core-group-is-layout-6c531013 wp-block-group-is-layout-flex\"><div class=\"wp-block-post-date\"><time datetime=\"2024-11-18T10:22:21+01:00\">18. novembre 2024<\/time><\/div>\n\n<\/div>\n\n\n<div class=\"wp-block-post-excerpt\"><p class=\"wp-block-post-excerpt__excerpt\">Donner la bonne quantit\u00e9 d&rsquo;eau \u00e0 un poinsettia est un point essentiel pour le garder en bonne sant\u00e9. Voici quelques conseils simples pour l&rsquo;arroser et conserver sa belle couleur plus longtemps.<\/p><p class=\"wp-block-post-excerpt__more-text\"><a class=\"wp-block-post-excerpt__more-link\" href=\"https:\/\/starsforeurope.com\/fr\/blog\/le-guide-darrosage-ultime-pour-vos-poinsettias\/\">Lire la suite<\/a><\/p><\/div>\n<\/li><\/ul>\n\n<nav class=\"wp-block-query-pagination is-content-justification-center is-layout-flex wp-container-core-query-pagination-is-layout-a89b3969 wp-block-query-pagination-is-layout-flex\" aria-label=\"Pagination\">\n\n\n<div class=\"wp-block-query-pagination-numbers has-medium-font-size\"><span aria-current=\"page\" class=\"page-numbers current\">1<\/span>\n<a class=\"page-numbers\" href=\"?query-0-page=2\">2<\/a><\/div>\n\n<a href=\"\/fr\/wp-json\/wp\/v2\/pages\/20?query-0-page=2\" class=\"wp-block-query-pagination-next\">\u22b3<\/a>\n<\/nav>\n\n<\/div>\n\n\n\n<div style=\"height:3rem\" aria-hidden=\"true\" class=\"wp-block-spacer\"><\/div>\n<\/div>","protected":false},"excerpt":{"rendered":"<p>En suivant quelques \u00e9tapes simples, vous pouvez conserver les poinsettias plus longtemps que vous ne le pensez. Il suffit de suivre nos conseils d&rsquo;entretien pour obtenir des plantes \u00e9panouies.<\/p>\n","protected":false},"author":1,"featured_media":4350,"parent":0,"menu_order":0,"comment_status":"closed","ping_status":"closed","template":"two-column-blog-single","meta":{"_acf_changed":false,"footnotes":""},"class_list":["post-20","page","type-page","status-publish","has-post-thumbnail","hentry"],"acf":[],"_links":{"self":[{"href":"https:\/\/starsforeurope.com\/fr\/wp-json\/wp\/v2\/pages\/20","targetHints":{"allow":["GET"]}}],"collection":[{"href":"https:\/\/starsforeurope.com\/fr\/wp-json\/wp\/v2\/pages"}],"about":[{"href":"https:\/\/starsforeurope.com\/fr\/wp-json\/wp\/v2\/types\/page"}],"author":[{"embeddable":true,"href":"https:\/\/starsforeurope.com\/fr\/wp-json\/wp\/v2\/users\/1"}],"replies":[{"embeddable":true,"href":"https:\/\/starsforeurope.com\/fr\/wp-json\/wp\/v2\/comments?post=20"}],"version-history":[{"count":40,"href":"https:\/\/starsforeurope.com\/fr\/wp-json\/wp\/v2\/pages\/20\/revisions"}],"predecessor-version":[{"id":7897,"href":"https:\/\/starsforeurope.com\/fr\/wp-json\/wp\/v2\/pages\/20\/revisions\/7897"}],"wp:featuredmedia":[{"embeddable":true,"href":"https:\/\/starsforeurope.com\/fr\/wp-json\/wp\/v2\/media\/4350"}],"wp:attachment":[{"href":"https:\/\/starsforeurope.com\/fr\/wp-json\/wp\/v2\/media?parent=20"}],"curies":[{"name":"wp","href":"https:\/\/api.w.org\/{rel}","templated":true}]}}