{"id":15,"date":"2021-11-17T18:40:58","date_gmt":"2021-11-17T18:40:58","guid":{"rendered":"https:\/\/weihnachtsstern.kinsta.cloud\/fr\/?page_id=15"},"modified":"2025-11-06T12:11:39","modified_gmt":"2025-11-06T11:11:39","slug":"contact","status":"publish","type":"page","link":"https:\/\/starsforeurope.com\/fr\/contact\/","title":{"rendered":"Dans chaque pays, quelqu\u2019un se tient \u00e0 disposition pour vous aider."},"content":{"rendered":"<div class=\"wp-block-columns is-layout-flex wp-container-core-columns-is-layout-28f84493 wp-block-columns-is-layout-flex\">\n<div class=\"wp-block-column is-layout-flow wp-block-column-is-layout-flow\">\n<div class=\"wp-block-columns is-layout-flex wp-container-core-columns-is-layout-28f84493 wp-block-columns-is-layout-flex\">\n<div class=\"wp-block-column is-layout-flow wp-block-column-is-layout-flow\">\n<h2 style=\"text-align: center\">Trouver un interlocuteur dans votre pays<\/h2>\n<br>&nbsp;\n<br><p style=\"text-align: center\">Si vous souhaitez en savoir plus sur nos activit\u00e9s et financements sp\u00e9cifiques \u00e0 un pays,\n<br>veuillez cliquer sur le pays correspondant pour afficher les coordonn\u00e9es de votre contact.<\/p>\n<br><\/p>\n\n\n<div id=\"mapplic-id482\" data-mapdata=\"{&quot;mapwidth&quot;:&quot;1200&quot;,&quot;mapheight&quot;:&quot;620&quot;,&quot;height&quot;:&quot;600&quot;,&quot;minheight&quot;:&quot;450&quot;,&quot;maxheight&quot;:&quot;700&quot;,&quot;action&quot;:&quot;tooltip&quot;,&quot;fillcolor&quot;:&quot;#528F66&quot;,&quot;maxscale&quot;:&quot;4&quot;,&quot;zoommargin&quot;:&quot;200&quot;,&quot;fullscreen&quot;:false,&quot;hovertip&quot;:true,&quot;hovertipdesc&quot;:false,&quot;smartip&quot;:false,&quot;deeplinking&quot;:true,&quot;linknewtab&quot;:false,&quot;minimap&quot;:true,&quot;animations&quot;:false,&quot;zoom&quot;:true,&quot;zoombuttons&quot;:true,&quot;clearbutton&quot;:true,&quot;zoomoutclose&quot;:false,&quot;closezoomout&quot;:false,&quot;mousewheel&quot;:false,&quot;mapfill&quot;:true,&quot;sidebar&quot;:false,&quot;search&quot;:false,&quot;searchdescription&quot;:false,&quot;alphabetic&quot;:true,&quot;thumbholder&quot;:false,&quot;sidebartoggle&quot;:false,&quot;filtersopened&quot;:false,&quot;highlight&quot;:false,&quot;customcss&quot;:&quot;&quot;,&quot;levels&quot;:[{&quot;id&quot;:&quot;europe&quot;,&quot;title&quot;:&quot;Europe&quot;,&quot;map&quot;:&quot;\\\/wp-content\\\/plugins\\\/mapplic\\\/maps\\\/europe.svg&quot;,&quot;minimap&quot;:&quot;&quot;}],&quot;styles&quot;:[],&quot;categories&quot;:[],&quot;locations&quot;:[{&quot;id&quot;:&quot;se&quot;,&quot;title&quot;:&quot;Su\\u00e8de&quot;,&quot;description&quot;:&quot;LANTBRUKARNAS RIKSF\\u00d6RBUND&lt;br\\\/&gt;\\nFE 312, 838 73 Fr\\u00f6s\\u00f6n\\nSweden&lt;br\\\/&gt;\\nMalin Hides\\u00e4ter&lt;br\\\/&gt;\\n\\ud83d\\udcde+46 1018 433 99&lt;br\\\/&gt;\\n\\u2709&lt;a href=\\&quot;mailto:malin@blomsterframjandet.se\\&quot;&gt;malin@blomsterframjandet.se&lt;\\\/a&gt;&quot;,&quot;action&quot;:&quot;tooltip&quot;,&quot;pin&quot;:&quot;hidden&quot;,&quot;x&quot;:&quot;0.5539&quot;,&quot;y&quot;:&quot;0.3295&quot;,&quot;color&quot;:&quot;#528F66&quot;,&quot;level&quot;:&quot;europe&quot;},{&quot;id&quot;:&quot;no&quot;,&quot;title&quot;:&quot;Norv\\u00e8ge&quot;,&quot;description&quot;:&quot;Opplysningskontoret for blomster og planter&lt;br\\\/&gt;\\nSchweigaardsgt. 34 F 0191 Oslo, Norway&lt;br\\\/&gt;\\nSiv Iren S\\u00f8rensen-Moe&lt;br\\\/&gt;\\n\\ud83d\\udcde400 79 995&lt;br\\\/&gt;\\n\\u2709&lt;a href=\\&quot;mailto:obp@gartnerforbundet.no\\&quot;&gt;obp@gartnerforbundet.no&lt;\\\/a&gt;&quot;,&quot;action&quot;:&quot;tooltip&quot;,&quot;pin&quot;:&quot;hidden&quot;,&quot;x&quot;:&quot;0.5108&quot;,&quot;y&quot;:&quot;0.3745&quot;,&quot;color&quot;:&quot;#528F66&quot;,&quot;level&quot;:&quot;europe&quot;},{&quot;id&quot;:&quot;uk&quot;,&quot;title&quot;:&quot;Royaume-Uni&quot;,&quot;description&quot;:&quot;&lt;header&gt;&lt;strong&gt;Hornby George PR&lt;\\\/strong&gt;\\nKimberley Hornby\\n&lt;br \\\/&gt;\\u2709&lt;a href=\\&quot;mailto:kimberley@hornbygeorgepr.com\\&quot;&gt;kimberley@hornbygeorgepr.com&lt;\\\/a&gt;&lt;\\\/header&gt;&quot;,&quot;action&quot;:&quot;tooltip&quot;,&quot;pin&quot;:&quot;hidden&quot;,&quot;x&quot;:&quot;0.4454&quot;,&quot;y&quot;:&quot;0.5695&quot;,&quot;color&quot;:&quot;#528F66&quot;,&quot;level&quot;:&quot;europe&quot;},{&quot;id&quot;:&quot;de&quot;,&quot;title&quot;:&quot;Allemagne&quot;,&quot;description&quot;:&quot;Stars for Europe GbR&lt;br \\\/&gt;c\\\/o Zentralverband Gartenbau&lt;br \\\/&gt;Bornheimerstra\\u00dfe 37 &lt;br \\\/&gt;53111 Bonn&lt;br \\\/&gt;Germany&lt;br \\\/&gt;Stephanie Bauer&lt;br \\\/&gt;\\ud83d\\udcde0800 24 12 100&lt;\\\/p&gt;\\u2709 &lt;a href=\\&quot;mailto:presse@stars-for-europe.eu\\&quot;&gt;presse@stars-for-europe.eu&lt;\\\/a&gt;&lt;\\\/p&gt;&quot;,&quot;action&quot;:&quot;tooltip&quot;,&quot;pin&quot;:&quot;hidden&quot;,&quot;x&quot;:&quot;0.5186&quot;,&quot;y&quot;:&quot;0.6078&quot;,&quot;color&quot;:&quot;#528F66&quot;,&quot;level&quot;:&quot;europe&quot;},{&quot;id&quot;:&quot;at&quot;,&quot;title&quot;:&quot;Autriche&quot;,&quot;description&quot;:&quot;Presseb\\u00fcro Stars for Europe&lt;br \\\/&gt;\\n\\u00d6sterreichische Blumenwerbung\\nLaxenburger Stra\\u00dfe 367, 1230 Wien&lt;br \\\/&gt;\\nNada Bakajlic&lt;br \\\/&gt;\\n\\ud83d\\udcde 0043 1 615 12 98&lt;br \\\/&gt;\\n\\u2709 &lt;a href=\\&quot;mailto:office@blumenbuero.or.at\\&quot;&gt;office@blumenbuero.or.at&lt;\\\/a&gt;&quot;,&quot;action&quot;:&quot;tooltip&quot;,&quot;pin&quot;:&quot;hidden&quot;,&quot;x&quot;:&quot;0.5457&quot;,&quot;y&quot;:&quot;0.6886&quot;,&quot;color&quot;:&quot;#528F66&quot;,&quot;level&quot;:&quot;europe&quot;},{&quot;id&quot;:&quot;ch&quot;,&quot;title&quot;:&quot;Suisse&quot;,&quot;description&quot;:&quot;Boldt AG&lt;br\\\/&gt;\\nFreigutstrasse 27, 8008 Z\\u00fcrich\\nSuisse&lt;br\\\/&gt;\\nDebora Hofmann&lt;br\\\/&gt;\\n\\u2709&lt;a href=\\&quot;mailto:debora.hofmann@boldtpartners.com\\&quot;&gt;debora.hofmann@boldtpartners.com&lt;\\\/a&gt; &quot;,&quot;action&quot;:&quot;tooltip&quot;,&quot;pin&quot;:&quot;hidden&quot;,&quot;x&quot;:&quot;0.5051&quot;,&quot;y&quot;:&quot;0.7044&quot;,&quot;color&quot;:&quot;#528F66&quot;,&quot;level&quot;:&quot;europe&quot;},{&quot;id&quot;:&quot;fr&quot;,&quot;title&quot;:&quot;France&quot;,&quot;description&quot;:&quot;Comm&#039;on Agency SASU&lt;br \\\/&gt;Tiendweg 4E, 2671 SB Naaldwijk58, rue Denis Papin, 93500 Pantin&lt;br \\\/&gt;France&lt;br \\\/&gt;Julie Ledantec &lt;br \\\/&gt;\\ud83d\\udcde+33 (0)6 33 85 96 83&lt;br \\\/&gt;\\u2709&lt;a href=\\&quot;mailto:julie@commonagency.fr\\&quot;&gt;julie@commonagency.fr&lt;\\\/a&gt;&quot;,&quot;action&quot;:&quot;tooltip&quot;,&quot;pin&quot;:&quot;hidden&quot;,&quot;x&quot;:&quot;0.4669&quot;,&quot;y&quot;:&quot;0.7028&quot;,&quot;color&quot;:&quot;#528F66&quot;,&quot;level&quot;:&quot;europe&quot;},{&quot;id&quot;:&quot;ro&quot;,&quot;title&quot;:&quot;Roumanie&quot;,&quot;description&quot;:&quot;Deci Se Poate&lt;br\\\/&gt;\\nStrada Romulus 32, Bucure\\u0219ti 030563,\\nRomania&lt;br\\\/&gt;\\nLaura Iv\\u0103ncioiu&lt;br\\\/&gt;\\n\\ud83d\\udcde+40 0724 2322 42&lt;br\\\/&gt;\\n\\u2709&lt;a href=\\&quot;mailto:laura@decisepoate.ro\\&quot;&gt;laura@decisepoate.ro&lt;\\\/a&gt;&quot;,&quot;action&quot;:&quot;tooltip&quot;,&quot;pin&quot;:&quot;hidden&quot;,&quot;x&quot;:&quot;0.6127&quot;,&quot;y&quot;:&quot;0.7118&quot;,&quot;color&quot;:&quot;#528F66&quot;,&quot;level&quot;:&quot;europe&quot;},{&quot;id&quot;:&quot;es&quot;,&quot;title&quot;:&quot;Espagne&quot;,&quot;description&quot;:&quot;Floracom&lt;br \\\/&gt;\\nC\\\/ San Juan de Ribera, 46 \\\/ 46970 Alaquas, Valencia&lt;br \\\/&gt;\\nRafa Brines&lt;br \\\/&gt;\\n\\ud83d\\udcde\\u00a0+34 608 769 248&lt;br \\\/&gt;\\n\\u2709\\u00a0&lt;a href=\\&quot;mailto:rafa.brines@floracom.es\\&quot;&gt;rafa.brines@floracom.es&lt;\\\/a&gt;&lt;br \\\/&gt;\\nAletreo PR&lt;br \\\/&gt;\\nC\\\/ Espinosa, 8, Despacho 403, 46008 Valencia&lt;br \\\/&gt;\\nAntonio Monsalve&lt;br \\\/&gt;\\n\\ud83d\\udcde\\u00a0+34 656 266 846&lt;br \\\/&gt;\\n\\u2709\\u00a0&lt;a href=\\&quot;mailto:antonio@aletreo.com\\&quot;&gt;antonio@aletreo.com&lt;\\\/a&gt;\\n&lt;br \\\/&gt;&quot;,&quot;action&quot;:&quot;tooltip&quot;,&quot;pin&quot;:&quot;hidden&quot;,&quot;x&quot;:&quot;0.4307&quot;,&quot;y&quot;:&quot;0.8195&quot;,&quot;color&quot;:&quot;#528F66&quot;,&quot;level&quot;:&quot;europe&quot;},{&quot;id&quot;:&quot;dk&quot;,&quot;title&quot;:&quot;Danemark&quot;,&quot;description&quot;:&quot;Hillebro Nielsen&lt;br\\\/&gt;\\nAnna Marie&lt;br\\\/&gt;\\n\\u2709&lt;a href=\\&quot;am@hillebro.com\\&quot;&gt;am@hillebro.com&lt;\\\/a&gt;&quot;,&quot;action&quot;:&quot;tooltip&quot;,&quot;pin&quot;:&quot;hidden&quot;,&quot;x&quot;:&quot;0.5134&quot;,&quot;y&quot;:&quot;0.5228&quot;,&quot;color&quot;:&quot;#528F66&quot;,&quot;level&quot;:&quot;europe&quot;},{&quot;id&quot;:&quot;it&quot;,&quot;title&quot;:&quot;Italie&quot;,&quot;description&quot;:&quot;Ad Mirabilia&lt;br \\\/&gt;\\nVia Ariosto, 28, 20145 Milano&lt;br \\\/&gt;\\nChiara Carinelli&lt;br \\\/&gt;\\n\\ud83d\\udcde +39 02 4382 1948&lt;br \\\/&gt;\\n\\u2709 &lt;a href=\\&quot;mailto:carinelli@admirabilia.it\\&quot;&gt;carinelli@admirabilia.it&lt;\\\/a&gt;\\n&lt;br \\\/&gt;&quot;,&quot;action&quot;:&quot;tooltip&quot;,&quot;pin&quot;:&quot;hidden&quot;,&quot;x&quot;:&quot;0.5318&quot;,&quot;y&quot;:&quot;0.7701&quot;,&quot;color&quot;:&quot;#528F66&quot;,&quot;level&quot;:&quot;europe&quot;},{&quot;id&quot;:&quot;pl&quot;,&quot;title&quot;:&quot;Pologne&quot;,&quot;description&quot;:&quot;PiArt Agencja PR w Warszawie&lt;br \\\/&gt;\\nKamila \\u017bmijewska&lt;br \\\/&gt;\\nUl. Libijska 16 lok. 42, 03-977 Warszawa&lt;br \\\/&gt;\\n\\ud83d\\udcde +48 660 450 480&lt;br \\\/&gt;\\n\\u2709 &lt;a href=\\&quot;mailto:info@piart.pl\\&quot;&gt;info@piart.pl&lt;\\\/a&gt;\\n&lt;br \\\/&gt;&quot;,&quot;action&quot;:&quot;tooltip&quot;,&quot;pin&quot;:&quot;hidden&quot;,&quot;x&quot;:&quot;0.5787&quot;,&quot;y&quot;:&quot;0.5951&quot;,&quot;color&quot;:&quot;#528F66&quot;,&quot;level&quot;:&quot;europe&quot;},{&quot;id&quot;:&quot;nl&quot;,&quot;title&quot;:&quot;Pays-Bas&quot;,&quot;description&quot;:&quot;Concept Factory BV&lt;\\\/p&gt;\\nVeemarktkade 8, 5222 AE &#039;s-Hertogenbosch, Netherlands&lt;\\\/p&gt;\\n\\ud83d\\udcde+31 (0)73 303 0070&lt;\\\/p&gt;\\u2709 &lt;a href=\\&quot;mailto:info@conceptfactory.eu\\&quot;&gt;info@conceptfactory.eu&lt;\\\/a&gt;&lt;\\\/p&gt;&quot;,&quot;action&quot;:&quot;tooltip&quot;,&quot;pin&quot;:&quot;hidden&quot;,&quot;x&quot;:&quot;0.4893&quot;,&quot;y&quot;:&quot;0.5845&quot;,&quot;color&quot;:&quot;#528F66&quot;,&quot;level&quot;:&quot;europe&quot;},{&quot;id&quot;:&quot;cz&quot;,&quot;title&quot;:&quot;R\\u00e9publique tch\\u00e8que&quot;,&quot;description&quot;:&quot;Grayling Czech Republic&lt;br\\\/&gt;\\nPalack\\u00e9ho 1, 110 00 Praha 1&lt;br\\\/&gt;\\nPetra Sejpalov\\u00e1&lt;br\\\/&gt;\\n\\ud83d\\udcde+420 777 666 722&lt;br\\\/&gt;\\n\\u2709&lt;a href=\\&quot;mailto: petra.sejpalova@grayling.com\\&quot;&gt; petra.sejpalova@grayling.com&lt;\\\/a&gt;&quot;,&quot;action&quot;:&quot;tooltip&quot;,&quot;pin&quot;:&quot;hidden&quot;,&quot;x&quot;:&quot;0.5486&quot;,&quot;y&quot;:&quot;0.6414&quot;,&quot;color&quot;:&quot;#528F66&quot;,&quot;level&quot;:&quot;europe&quot;},{&quot;id&quot;:&quot;gr&quot;,&quot;title&quot;:&quot;Gr\\u00e8ce&quot;,&quot;description&quot;:&quot;Action PR Hellas&lt;br \\\/&gt;\\n\\u039e\\u03b5\\u03bd\\u03bf\\u03c6\\u03ce\\u03bd\\u03c4\\u03bf\\u03c2 15\\u0391, 10557, \\u0391\\u03b8\\u03ae\\u03bd\\u03b1&lt;br \\\/&gt;\\n\\u039c\\u03b1\\u03c1\\u03c4\\u03af\\u03bd\\u03b1 \\u039d\\u03b9\\u03ba\\u03bf\\u03bb\\u03ac\\u03bf\\u03c5&lt;br \\\/&gt;\\n\\ud83d\\udcde+30 210 72 40 160&lt;br \\\/&gt;\\n\\u2709 &lt;a href=\\&quot;mailto:martina.n@actionprgroup.com\\&quot;&gt;martina.n@actionprgroup.com&lt;\\\/a&gt;\\n&lt;br \\\/&gt; &quot;,&quot;action&quot;:&quot;tooltip&quot;,&quot;pin&quot;:&quot;hidden&quot;,&quot;x&quot;:&quot;0.5940&quot;,&quot;y&quot;:&quot;0.8275&quot;,&quot;color&quot;:&quot;#528F66&quot;,&quot;level&quot;:&quot;europe&quot;},{&quot;id&quot;:&quot;fi&quot;,&quot;title&quot;:&quot;Finlande&quot;,&quot;description&quot;:&quot;Kauppapuutarhaliitto ry&lt;br\\\/&gt;\\nVeljestentie 16, 00730 Helsinki,Finnland&lt;br\\\/&gt;\\nMinna Rantala&lt;br\\\/&gt;\\n\\ud83d\\udcde+35 8503 0905 58&lt;br\\\/&gt;\\n\\u2709&lt;a href=\\&quot;mailto:minna.rantala@kauppapuutarhaliitto.fi\\&quot;&gt;minna.rantala@kauppapuutarhaliitto.fi&lt;\\\/a&gt;&quot;,&quot;action&quot;:&quot;tooltip&quot;,&quot;pin&quot;:&quot;hidden&quot;,&quot;x&quot;:&quot;0.6305&quot;,&quot;y&quot;:&quot;0.2945&quot;,&quot;color&quot;:&quot;#528F66&quot;,&quot;level&quot;:&quot;europe&quot;},{&quot;id&quot;:&quot;sk&quot;,&quot;title&quot;:&quot;Slovaquie&quot;,&quot;description&quot;:&quot;Grayling Slovakia &lt;br\\\/&gt;\\nPalis\\u00e1dy 36, 811 06 Bratislava\\nSlovensko&lt;br\\\/&gt;\\nDasa Paulickova&lt;br\\\/&gt;\\n\\ud83d\\udcde+421 2 5920 1405 \\\/ +421 915 759 465\\n&lt;br\\\/&gt;\\n\\u2709&lt;a href=\\&quot;mailto: dasa.paulickova@grayling.com\\&quot;&gt; dasa.paulickova@grayling.com&lt;\\\/a&gt;&quot;,&quot;action&quot;:&quot;tooltip&quot;,&quot;pin&quot;:&quot;hidden&quot;,&quot;x&quot;:&quot;0.5754&quot;,&quot;y&quot;:&quot;0.6710&quot;,&quot;color&quot;:&quot;#528F66&quot;,&quot;level&quot;:&quot;europe&quot;},{&quot;id&quot;:&quot;hr&quot;,&quot;title&quot;:&quot;Croatie&quot;,&quot;description&quot;:&quot;Val grupa komunikacije \\\/ produkt.hr&lt;br \\\/&gt;Ul. Grada Vukovara 269D, 10 000 Zagreb&lt;br \\\/&gt;Zorana Klickovic&lt;br \\\/&gt;\\ud83d\\udcde+385 91 6400 895&lt;br \\\/&gt;\\u2709&lt;a href=\\&quot;mailto:zorana.klickovic@produkt.hr\\&quot;&gt;zorana.klickovic@produkt.hr&lt;\\\/a&gt;&lt;\\\/p&gt;&quot;,&quot;action&quot;:&quot;tooltip&quot;,&quot;pin&quot;:&quot;hidden&quot;,&quot;x&quot;:&quot;0.5610&quot;,&quot;y&quot;:&quot;0.7201&quot;,&quot;color&quot;:&quot;#528F66&quot;,&quot;level&quot;:&quot;europe&quot;},{&quot;id&quot;:&quot;hu&quot;,&quot;title&quot;:&quot;Hongrie&quot;,&quot;description&quot;:&quot;Red Lemon Media Group&lt;br\\\/&gt;\\nBudapest, \\u00dcr\\u00f6mi u. 43, 1023 \\nUngarn&lt;br\\\/&gt;Kov\\u00e1cs Tam\\u00e1s&lt;br\\\/&gt;\\n\\ud83d\\udcde+36 20 501 8387&lt;br\\\/&gt;\\n\\u2709&lt;a href=\\&quot;mailto: kovacs.tamas@redlemon.hu\\&quot;&gt; kovacs.tamas@redlemon.hu&lt;\\\/a&gt;&quot;,&quot;action&quot;:&quot;tooltip&quot;,&quot;pin&quot;:&quot;hidden&quot;,&quot;x&quot;:&quot;0.5749&quot;,&quot;y&quot;:&quot;0.6997&quot;,&quot;color&quot;:&quot;#528F66&quot;,&quot;level&quot;:&quot;europe&quot;},{&quot;id&quot;:&quot;si&quot;,&quot;title&quot;:&quot;Slov\\u00e9nie&quot;,&quot;description&quot;:&quot;Grayling&lt;br\\\/&gt;\\nAjdov\\u0161\\u010dina 4, 1000 Ljubljana&lt;br\\\/&gt;\\nKristina Bogataj&lt;br\\\/&gt;\\n\\ud83d\\udcde+386 (0)40 168 851&lt;br\\\/&gt;\\n\\u2709&lt;a href=\\&quot;mailto:kristina.bogataj@grayling.com\\&quot;&gt;kristina.bogataj@grayling.com&lt;\\\/a&gt; &quot;,&quot;action&quot;:&quot;tooltip&quot;,&quot;pin&quot;:&quot;hidden&quot;,&quot;x&quot;:&quot;0.5481&quot;,&quot;y&quot;:&quot;0.7108&quot;,&quot;color&quot;:&quot;#528F66&quot;,&quot;level&quot;:&quot;europe&quot;},{&quot;id&quot;:&quot;be&quot;,&quot;title&quot;:&quot;Belgique&quot;,&quot;description&quot;:&quot;Concept Factory BV&lt;\\\/p&gt;\\nVeemarktkade 8, 5222 AE &#039;s-Hertogenbosch, Netherlands&lt;\\\/p&gt;\\n\\ud83d\\udcde+31 (0)73 303 0070&lt;\\\/p&gt;\\u2709 &lt;a href=\\&quot;mailto:info@conceptfactory.eu\\&quot;&gt;info@conceptfactory.eu&lt;\\\/a&gt;&lt;\\\/p&gt;&quot;,&quot;action&quot;:&quot;tooltip&quot;,&quot;pin&quot;:&quot;hidden&quot;,&quot;x&quot;:&quot;0.4833&quot;,&quot;y&quot;:&quot;0.6228&quot;,&quot;color&quot;:&quot;#528F66&quot;,&quot;level&quot;:&quot;europe&quot;},{&quot;id&quot;:&quot;bg&quot;,&quot;title&quot;:&quot;Bulgarie&quot;,&quot;description&quot;:&quot;\\u0413\\u0440\\u0435\\u0439\\u043b\\u0438\\u043d\\u0433 \\u0411\\u044a\\u043b\\u0433\\u0430\\u0440\\u0438\\u044f&lt;br\\\/&gt;\\n\\u0443\\u043b. \\u041f\\u043e\\u0437\\u0438\\u0442\\u0430\\u043d\\u043e 9\\u0410, \\u0421\\u043e\\u0444\\u0438\\u044f, \\u0411\\u044a\\u043b\\u0433\\u0430\\u0440\\u0438\\u044f&lt;br\\\/&gt;\\n\\u042f\\u043d\\u0430 \\u041f\\u0435\\u0442\\u043a\\u043e\\u0432\\u0441\\u043a\\u0430&lt;br\\\/&gt;\\n\\ud83d\\udcde+359 888 770 181&lt;br\\\/&gt;\\n\\u2709&lt;a href=\\&quot;mailto:yana.petkovska@grayling.com\\&quot;&gt;yana.petkovska@grayling.com&lt;\\\/a&gt;&quot;,&quot;action&quot;:&quot;tooltip&quot;,&quot;pin&quot;:&quot;hidden&quot;,&quot;x&quot;:&quot;0.6165&quot;,&quot;y&quot;:&quot;0.7794&quot;,&quot;color&quot;:&quot;#528F66&quot;,&quot;level&quot;:&quot;europe&quot;}]}\"><\/div>\n<\/div>\n<\/div>\n<\/div>\n<\/div>\n\n\n\n<h2 class=\"wp-block-heading has-text-align-center\">Contacter l\u2019\u00e9quipe responsable<\/h2>\n\n\n\n<p class=\"has-text-align-center\">Pour contacter l\u2019\u00e9quipe de gestion du projet SfE, veuillez utiliser les coordonn\u00e9es suivantes.<\/p>\n\n\n\n<div class=\"wp-block-columns is-layout-flex wp-container-core-columns-is-layout-28f84493 wp-block-columns-is-layout-flex\">\n<div class=\"wp-block-column is-layout-flow wp-block-column-is-layout-flow\">\n<p><strong>Responsable de projet<\/strong>\n<br>Dr. Susanne Lux\n<br><i class=\"fa fa-phone\"><\/i> + 49 2644 981333\n<br><i class=\"fa fa-envelope\"><\/i> <a href=\"mailto:susanne.lux@meclux.de\">susanne.lux@meclux.de<\/a><\/p>\n<\/div>\n\n\n\n<div class=\"wp-block-column is-layout-flow wp-block-column-is-layout-flow\">\n<p><strong>Chef de projet<\/strong>\n<br>Dr. Rainer Kr\u00e4mer\n<br><i class=\"fa fa-envelope\"><\/i> <a href=\"mailto:rainer@greenmarketingeurope.eu\">rainer@greenmarketingeurope.eu<\/a><\/p>\n<\/div>\n\n\n\n<div class=\"wp-block-column is-layout-flow wp-block-column-is-layout-flow\">\n<p><strong>Responsable de la communication<\/strong> <br>Helena Ebrahimi<br><i class=\"fa fa-envelope\"><\/i> <a href=\"mailto:helena@greenmarketingeurope.eu\">helena@greenmarketingeurope.eu<\/a><\/p>\n<\/div>\n<\/div>\n\n\n\n<div class=\"wp-block-columns is-layout-flex wp-container-core-columns-is-layout-28f84493 wp-block-columns-is-layout-flex\">\n<div class=\"wp-block-column is-layout-flow wp-block-column-is-layout-flow\">\n<div class=\"wp-block-columns is-layout-flex wp-container-core-columns-is-layout-28f84493 wp-block-columns-is-layout-flex\">\n<div class=\"wp-block-column is-layout-flow wp-block-column-is-layout-flow\"><\/div>\n<\/div>\n\n\n\n<h2 class=\"wp-block-heading has-text-align-center\" id=\"contact\">Contactez le service de presse pour la France<\/h2>\n\n\n\n<div class=\"wp-block-columns is-layout-flex wp-container-core-columns-is-layout-28f84493 wp-block-columns-is-layout-flex\">\n<div class=\"wp-block-column is-layout-flow wp-block-column-is-layout-flow\"><\/div>\n<\/div>\n<\/div>\n<\/div>\n\n\n\n<div class=\"wp-block-columns is-layout-flex wp-container-core-columns-is-layout-28f84493 wp-block-columns-is-layout-flex\">\n<div class=\"wp-block-column is-layout-flow wp-block-column-is-layout-flow\">\n<p><strong>Comm&rsquo;on Agency SASU<\/strong>\n<br>58, rue Denis Papin, 93500 Pantin\n<br>France\n<br>\n<br>Julie Dardelet-Guerin\n<br><i class=\"fa fa-envelope\"><\/i> <a href=\"mailto:julie@commonagency.fr\">julie@commonagency.fr<\/a><\/p>\n<\/div>\n\n\n\n<div class=\"wp-block-column is-layout-flow wp-block-column-is-layout-flow\">\n<p><\/p>\n<\/div>\n\n\n\n<div class=\"wp-block-column is-layout-flow wp-block-column-is-layout-flow\">\n<p><\/p>\n<\/div>\n<\/div>\n\n\n\n<p><\/p>","protected":false},"excerpt":{"rendered":"<p>Pour toute question, id\u00e9e ou suggestion, veuillez nous contacter. Adressez-vous \u00e0 nos partenaires dans votre pays ou \u00e0 l\u2019\u00e9quipe responsable.<\/p>\n","protected":false},"author":1,"featured_media":4379,"parent":0,"menu_order":0,"comment_status":"closed","ping_status":"closed","template":"two-column-about","meta":{"_acf_changed":false,"footnotes":""},"class_list":["post-15","page","type-page","status-publish","has-post-thumbnail","hentry"],"acf":[],"_links":{"self":[{"href":"https:\/\/starsforeurope.com\/fr\/wp-json\/wp\/v2\/pages\/15","targetHints":{"allow":["GET"]}}],"collection":[{"href":"https:\/\/starsforeurope.com\/fr\/wp-json\/wp\/v2\/pages"}],"about":[{"href":"https:\/\/starsforeurope.com\/fr\/wp-json\/wp\/v2\/types\/page"}],"author":[{"embeddable":true,"href":"https:\/\/starsforeurope.com\/fr\/wp-json\/wp\/v2\/users\/1"}],"replies":[{"embeddable":true,"href":"https:\/\/starsforeurope.com\/fr\/wp-json\/wp\/v2\/comments?post=15"}],"version-history":[{"count":50,"href":"https:\/\/starsforeurope.com\/fr\/wp-json\/wp\/v2\/pages\/15\/revisions"}],"predecessor-version":[{"id":8302,"href":"https:\/\/starsforeurope.com\/fr\/wp-json\/wp\/v2\/pages\/15\/revisions\/8302"}],"wp:featuredmedia":[{"embeddable":true,"href":"https:\/\/starsforeurope.com\/fr\/wp-json\/wp\/v2\/media\/4379"}],"wp:attachment":[{"href":"https:\/\/starsforeurope.com\/fr\/wp-json\/wp\/v2\/media?parent=15"}],"curies":[{"name":"wp","href":"https:\/\/api.w.org\/{rel}","templated":true}]}}