{"id":7281,"date":"2025-08-25T13:04:31","date_gmt":"2025-08-25T10:04:31","guid":{"rendered":"https:\/\/starsforeurope.com\/fi\/?page_id=7281"},"modified":"2025-08-25T23:20:14","modified_gmt":"2025-08-25T20:20:14","slug":"poydan-koristeet-pr","status":"publish","type":"page","link":"https:\/\/starsforeurope.com\/fi\/koristelu-pr\/poydan-koristeet-pr\/","title":{"rendered":"Joulut\u00e4hti p\u00f6yd\u00e4n koristeet"},"content":{"rendered":"<main class=\"wp-block-group postimage-half wide-content is-layout-flow wp-block-group-is-layout-flow\" style=\"margin-top:var(--wp--preset--spacing--50)\">\n<div style=\"height:3rem\" aria-hidden=\"true\" class=\"wp-block-spacer\"><\/div>\n\n\n\n<div class=\"wp-block-query is-layout-flow wp-block-query-is-layout-flow\"><ul class=\"columns-2 wp-block-post-template is-layout-grid wp-container-core-post-template-is-layout-37ef2942 wp-block-post-template-is-layout-grid\"><li class=\"wp-block-post post-6836 press type-press status-publish has-post-thumbnail hentry press_cat-decoration-tips press_cat-cut-flower press_cat-table-decoration press_cat-autumn-decor-houseplants press_main-koristelu press_main-mediatiedotteet press_main-poydan-koristeet press_main-syyskoristeet-green-living\">\n<figure style=\"aspect-ratio:1;\" class=\"featuredimage wp-block-post-featured-image\"><a href=\"https:\/\/starsforeurope.com\/fi\/press\/tunnetko-jo-princettian-aloita-loppuvuoden-kukkasesonki-nyt\/\" target=\"_self\"  ><img loading=\"lazy\" decoding=\"async\" width=\"875\" height=\"1050\" src=\"https:\/\/starsforeurope.com\/fi\/wp-content\/uploads\/sites\/24\/2023\/06\/2023_poinsettia_02000_Cottagecore_Charm_15.jpg\" class=\"attachment-post-thumbnail size-post-thumbnail wp-post-image\" alt=\"Tunnetko jo princettian? Aloita loppuvuoden kukkasesonki nyt!\" style=\"width:100%;height:100%;object-fit:cover;\" srcset=\"https:\/\/starsforeurope.com\/fi\/wp-content\/uploads\/sites\/24\/2023\/06\/2023_poinsettia_02000_Cottagecore_Charm_15.jpg 875w, https:\/\/starsforeurope.com\/fi\/wp-content\/uploads\/sites\/24\/2023\/06\/2023_poinsettia_02000_Cottagecore_Charm_15-250x300.jpg 250w, https:\/\/starsforeurope.com\/fi\/wp-content\/uploads\/sites\/24\/2023\/06\/2023_poinsettia_02000_Cottagecore_Charm_15-853x1024.jpg 853w, https:\/\/starsforeurope.com\/fi\/wp-content\/uploads\/sites\/24\/2023\/06\/2023_poinsettia_02000_Cottagecore_Charm_15-768x922.jpg 768w, https:\/\/starsforeurope.com\/fi\/wp-content\/uploads\/sites\/24\/2023\/06\/2023_poinsettia_02000_Cottagecore_Charm_15-563x675.jpg 563w\" sizes=\"auto, (max-width: 875px) 100vw, 875px\" \/><\/a><\/figure>\n\n<h3 class=\"wp-block-post-title\"><a href=\"https:\/\/starsforeurope.com\/fi\/press\/tunnetko-jo-princettian-aloita-loppuvuoden-kukkasesonki-nyt\/\" target=\"_self\" >Tunnetko jo princettian? Aloita loppuvuoden kukkasesonki nyt!<\/a><\/h3>\n\n\n<div class=\"wp-block-group postmetaline is-nowrap is-layout-flex wp-container-core-group-is-layout-6c531013 wp-block-group-is-layout-flex\"><div class=\"wp-block-post-date\"><time datetime=\"2023-11-01T10:15:36+02:00\">01. marraskuun 2023<\/time><\/div>\n\n<\/div>\n\n\n<div class=\"wp-block-post-excerpt\"><p class=\"wp-block-post-excerpt__excerpt\">Joulut\u00e4hdet ovat loppuvuoden ehdottomia t\u00e4hti\u00e4, eiv\u00e4tk\u00e4 ainoastaan adventin ja joulun aikaan. Joulut\u00e4hden pikkusisko, princettia, on sesongissa jo loppusyksyn tunnelmointiin.<\/p><p class=\"wp-block-post-excerpt__more-text\"><a class=\"wp-block-post-excerpt__more-link\" href=\"https:\/\/starsforeurope.com\/fi\/press\/tunnetko-jo-princettian-aloita-loppuvuoden-kukkasesonki-nyt\/\">Lue lis\u00e4\u00e4<\/a><\/p><\/div>\n<\/li><li class=\"wp-block-post post-5621 press type-press status-publish has-post-thumbnail hentry press_cat-decoration-tips press_main-koristelu press_main-mediatiedotteet press_main-poydan-koristeet\">\n<figure style=\"aspect-ratio:1;\" class=\"featuredimage wp-block-post-featured-image\"><a href=\"https:\/\/starsforeurope.com\/fi\/press\/inspiroidu-joulutahden-luonnonlaheisista-tyyleista-joulutahti-loistaa-kaikenlaisissa-tyyleissa\/\" target=\"_self\"  ><img loading=\"lazy\" decoding=\"async\" width=\"875\" height=\"1050\" src=\"https:\/\/starsforeurope.com\/fi\/wp-content\/uploads\/sites\/24\/2022\/09\/2020_poinsettia_01000_Christmas_Green_Spirit_01.jpg\" class=\"attachment-post-thumbnail size-post-thumbnail wp-post-image\" alt=\"Inspiroidu joulut\u00e4hden luonnonl\u00e4heisist\u00e4 tyyleist\u00e4. Joulut\u00e4hti loistaa kaikenlaisissa tyyleiss\u00e4\" style=\"width:100%;height:100%;object-fit:cover;\" srcset=\"https:\/\/starsforeurope.com\/fi\/wp-content\/uploads\/sites\/24\/2022\/09\/2020_poinsettia_01000_Christmas_Green_Spirit_01.jpg 875w, https:\/\/starsforeurope.com\/fi\/wp-content\/uploads\/sites\/24\/2022\/09\/2020_poinsettia_01000_Christmas_Green_Spirit_01-250x300.jpg 250w, https:\/\/starsforeurope.com\/fi\/wp-content\/uploads\/sites\/24\/2022\/09\/2020_poinsettia_01000_Christmas_Green_Spirit_01-853x1024.jpg 853w, https:\/\/starsforeurope.com\/fi\/wp-content\/uploads\/sites\/24\/2022\/09\/2020_poinsettia_01000_Christmas_Green_Spirit_01-768x922.jpg 768w, https:\/\/starsforeurope.com\/fi\/wp-content\/uploads\/sites\/24\/2022\/09\/2020_poinsettia_01000_Christmas_Green_Spirit_01-563x675.jpg 563w\" sizes=\"auto, (max-width: 875px) 100vw, 875px\" \/><\/a><\/figure>\n\n<h3 class=\"wp-block-post-title\"><a href=\"https:\/\/starsforeurope.com\/fi\/press\/inspiroidu-joulutahden-luonnonlaheisista-tyyleista-joulutahti-loistaa-kaikenlaisissa-tyyleissa\/\" target=\"_self\" >Inspiroidu joulut\u00e4hden luonnonl\u00e4heisist\u00e4 tyyleist\u00e4. Joulut\u00e4hti loistaa kaikenlaisissa tyyleiss\u00e4<\/a><\/h3>\n\n\n<div class=\"wp-block-group postmetaline is-nowrap is-layout-flex wp-container-core-group-is-layout-6c531013 wp-block-group-is-layout-flex\"><div class=\"wp-block-post-date\"><time datetime=\"2020-08-14T10:11:32+03:00\">14. elokuun 2020<\/time><\/div>\n\n<\/div>\n\n\n<div class=\"wp-block-post-excerpt\"><p class=\"wp-block-post-excerpt__excerpt\">Luonto on trendi. Sisustussuunnittelussa luonnolliset tyylit, kuten vihre\u00e4 asuminen, jouluposkipuna tai maalaismaisema, tarjoavat joulut\u00e4htille loistavan mahdollisuuden. Katso itse<\/p><p class=\"wp-block-post-excerpt__more-text\"><a class=\"wp-block-post-excerpt__more-link\" href=\"https:\/\/starsforeurope.com\/fi\/press\/inspiroidu-joulutahden-luonnonlaheisista-tyyleista-joulutahti-loistaa-kaikenlaisissa-tyyleissa\/\">Lue lis\u00e4\u00e4<\/a><\/p><\/div>\n<\/li><li class=\"wp-block-post post-5861 press type-press status-publish has-post-thumbnail hentry press_cat-decoration-tips press_cat-table-decoration press_main-koristelu press_main-leikkokukat press_main-mediatiedotteet press_main-poydan-koristeet\">\n<figure style=\"aspect-ratio:1;\" class=\"featuredimage wp-block-post-featured-image\"><a href=\"https:\/\/starsforeurope.com\/fi\/press\/monipuolinen-illallisvieras-juhlalliset-kattausideat-joulutahdella\/\" target=\"_self\"  ><img loading=\"lazy\" decoding=\"async\" width=\"875\" height=\"1050\" src=\"https:\/\/starsforeurope.com\/fi\/wp-content\/uploads\/sites\/24\/2022\/09\/2018_poinsettia_0120_Green_Living_Christmas_Nosta.jpg\" class=\"attachment-post-thumbnail size-post-thumbnail wp-post-image\" alt=\"Monipuolinen illallisvieras. Juhlalliset kattausideat joulut\u00e4hdell\u00e4\" style=\"width:100%;height:100%;object-fit:cover;\" srcset=\"https:\/\/starsforeurope.com\/fi\/wp-content\/uploads\/sites\/24\/2022\/09\/2018_poinsettia_0120_Green_Living_Christmas_Nosta.jpg 875w, https:\/\/starsforeurope.com\/fi\/wp-content\/uploads\/sites\/24\/2022\/09\/2018_poinsettia_0120_Green_Living_Christmas_Nosta-250x300.jpg 250w, https:\/\/starsforeurope.com\/fi\/wp-content\/uploads\/sites\/24\/2022\/09\/2018_poinsettia_0120_Green_Living_Christmas_Nosta-853x1024.jpg 853w, https:\/\/starsforeurope.com\/fi\/wp-content\/uploads\/sites\/24\/2022\/09\/2018_poinsettia_0120_Green_Living_Christmas_Nosta-768x922.jpg 768w, https:\/\/starsforeurope.com\/fi\/wp-content\/uploads\/sites\/24\/2022\/09\/2018_poinsettia_0120_Green_Living_Christmas_Nosta-563x675.jpg 563w\" sizes=\"auto, (max-width: 875px) 100vw, 875px\" \/><\/a><\/figure>\n\n<h3 class=\"wp-block-post-title\"><a href=\"https:\/\/starsforeurope.com\/fi\/press\/monipuolinen-illallisvieras-juhlalliset-kattausideat-joulutahdella\/\" target=\"_self\" >Monipuolinen illallisvieras. Juhlalliset kattausideat joulut\u00e4hdell\u00e4<\/a><\/h3>\n\n\n<div class=\"wp-block-group postmetaline is-nowrap is-layout-flex wp-container-core-group-is-layout-6c531013 wp-block-group-is-layout-flex\"><div class=\"wp-block-post-date\"><time datetime=\"2018-11-17T13:34:57+02:00\">17. marraskuun 2018<\/time><\/div>\n\n<\/div>\n\n\n<div class=\"wp-block-post-excerpt\"><p class=\"wp-block-post-excerpt__excerpt\">Joulut\u00e4hti on t\u00e4ydellinen kukka juhlap\u00f6yd\u00e4n koristeluun. Tutustu erilaisiin juhlap\u00f6ytiin, joissa on joulut\u00e4hti\u00e4 leikkokukina tai ruukkukasveina<\/p><p class=\"wp-block-post-excerpt__more-text\"><a class=\"wp-block-post-excerpt__more-link\" href=\"https:\/\/starsforeurope.com\/fi\/press\/monipuolinen-illallisvieras-juhlalliset-kattausideat-joulutahdella\/\">Lue lis\u00e4\u00e4<\/a><\/p><\/div>\n<\/li><\/ul>\n\n\n\n<\/div>\n\n\n\n<div style=\"height:3rem\" aria-hidden=\"true\" class=\"wp-block-spacer\"><\/div>\n<\/main>","protected":false},"excerpt":{"rendered":"<p>Muunna ruokap\u00f6yt\u00e4si tyylikk\u00e4ill\u00e4 joulut\u00e4hti-koristeilla, jotka tuovat juhlallista l\u00e4mp\u00f6\u00e4 ja tyyli\u00e4 jokaiseen ateriaan.<\/p>\n","protected":false},"author":26,"featured_media":4366,"parent":7257,"menu_order":0,"comment_status":"closed","ping_status":"closed","template":"two-column-press","meta":{"_acf_changed":false,"footnotes":""},"class_list":["post-7281","page","type-page","status-publish","has-post-thumbnail","hentry"],"acf":[],"_links":{"self":[{"href":"https:\/\/starsforeurope.com\/fi\/wp-json\/wp\/v2\/pages\/7281","targetHints":{"allow":["GET"]}}],"collection":[{"href":"https:\/\/starsforeurope.com\/fi\/wp-json\/wp\/v2\/pages"}],"about":[{"href":"https:\/\/starsforeurope.com\/fi\/wp-json\/wp\/v2\/types\/page"}],"author":[{"embeddable":true,"href":"https:\/\/starsforeurope.com\/fi\/wp-json\/wp\/v2\/users\/26"}],"replies":[{"embeddable":true,"href":"https:\/\/starsforeurope.com\/fi\/wp-json\/wp\/v2\/comments?post=7281"}],"version-history":[{"count":2,"href":"https:\/\/starsforeurope.com\/fi\/wp-json\/wp\/v2\/pages\/7281\/revisions"}],"predecessor-version":[{"id":7288,"href":"https:\/\/starsforeurope.com\/fi\/wp-json\/wp\/v2\/pages\/7281\/revisions\/7288"}],"up":[{"embeddable":true,"href":"https:\/\/starsforeurope.com\/fi\/wp-json\/wp\/v2\/pages\/7257"}],"wp:featuredmedia":[{"embeddable":true,"href":"https:\/\/starsforeurope.com\/fi\/wp-json\/wp\/v2\/media\/4366"}],"wp:attachment":[{"href":"https:\/\/starsforeurope.com\/fi\/wp-json\/wp\/v2\/media?parent=7281"}],"curies":[{"name":"wp","href":"https:\/\/api.w.org\/{rel}","templated":true}]}}