{"id":7279,"date":"2025-08-25T12:20:05","date_gmt":"2025-08-25T09:20:05","guid":{"rendered":"https:\/\/starsforeurope.com\/fi\/?page_id=7279"},"modified":"2025-08-25T23:20:14","modified_gmt":"2025-08-25T20:20:14","slug":"lahjaideat-pr","status":"publish","type":"page","link":"https:\/\/starsforeurope.com\/fi\/koristelu-pr\/lahjaideat-pr\/","title":{"rendered":"Joulut\u00e4hti lahjaideat"},"content":{"rendered":"<main class=\"wp-block-group postimage-half wide-content is-layout-flow wp-block-group-is-layout-flow\" style=\"margin-top:var(--wp--preset--spacing--50)\">\n<div style=\"height:3rem\" aria-hidden=\"true\" class=\"wp-block-spacer\"><\/div>\n\n\n\n<div class=\"wp-block-query is-layout-flow wp-block-query-is-layout-flow\"><ul class=\"columns-2 wp-block-post-template is-layout-grid wp-container-core-post-template-is-layout-37ef2942 wp-block-post-template-is-layout-grid\"><li class=\"wp-block-post post-5694 press type-press status-publish has-post-thumbnail hentry press_cat-diy press_cat-gift-ideas press_main-diy-upcycling press_main-koristelu press_main-lahjaideat press_main-mediatiedotteet\">\n<figure style=\"aspect-ratio:1;\" class=\"featuredimage wp-block-post-featured-image\"><a href=\"https:\/\/starsforeurope.com\/fi\/press\/varikkaat-lahjat-jokaiseen-tilanteeseen-erityisemmat-joulutahtilahjat\/\" target=\"_self\"  ><img loading=\"lazy\" decoding=\"async\" width=\"875\" height=\"1050\" src=\"https:\/\/starsforeurope.com\/fi\/wp-content\/uploads\/sites\/24\/2022\/09\/2019_poinsettia_02000_christmas_wonderland_09.jpg\" class=\"attachment-post-thumbnail size-post-thumbnail wp-post-image\" alt=\"V\u00e4rikk\u00e4\u00e4t lahjat jokaiseen tilanteeseen.Erityisemm\u00e4t joulut\u00e4htilahjat\" style=\"width:100%;height:100%;object-fit:cover;\" srcset=\"https:\/\/starsforeurope.com\/fi\/wp-content\/uploads\/sites\/24\/2022\/09\/2019_poinsettia_02000_christmas_wonderland_09.jpg 875w, https:\/\/starsforeurope.com\/fi\/wp-content\/uploads\/sites\/24\/2022\/09\/2019_poinsettia_02000_christmas_wonderland_09-250x300.jpg 250w, https:\/\/starsforeurope.com\/fi\/wp-content\/uploads\/sites\/24\/2022\/09\/2019_poinsettia_02000_christmas_wonderland_09-853x1024.jpg 853w, https:\/\/starsforeurope.com\/fi\/wp-content\/uploads\/sites\/24\/2022\/09\/2019_poinsettia_02000_christmas_wonderland_09-768x922.jpg 768w, https:\/\/starsforeurope.com\/fi\/wp-content\/uploads\/sites\/24\/2022\/09\/2019_poinsettia_02000_christmas_wonderland_09-563x675.jpg 563w\" sizes=\"auto, (max-width: 875px) 100vw, 875px\" \/><\/a><\/figure>\n\n<h3 class=\"wp-block-post-title\"><a href=\"https:\/\/starsforeurope.com\/fi\/press\/varikkaat-lahjat-jokaiseen-tilanteeseen-erityisemmat-joulutahtilahjat\/\" target=\"_self\" >V\u00e4rikk\u00e4\u00e4t lahjat jokaiseen tilanteeseen.Erityisemm\u00e4t joulut\u00e4htilahjat<\/a><\/h3>\n\n\n<div class=\"wp-block-group postmetaline is-nowrap is-layout-flex wp-container-core-group-is-layout-6c531013 wp-block-group-is-layout-flex\"><div class=\"wp-block-post-date\"><time datetime=\"2019-11-25T14:21:36+02:00\">25. marraskuun 2019<\/time><\/div>\n\n<\/div>\n\n\n<div class=\"wp-block-post-excerpt\"><p class=\"wp-block-post-excerpt__excerpt\">Marras- ja joulukuussa joulut\u00e4hti on suosittu lahja. Luovuudella ja taidolla ruukkukasvista tulee ainutlaatuinen lahja. Esittelemme joitain DIY-ideoita<\/p><p class=\"wp-block-post-excerpt__more-text\"><a class=\"wp-block-post-excerpt__more-link\" href=\"https:\/\/starsforeurope.com\/fi\/press\/varikkaat-lahjat-jokaiseen-tilanteeseen-erityisemmat-joulutahtilahjat\/\">Lue lis\u00e4\u00e4<\/a><\/p><\/div>\n<\/li><li class=\"wp-block-post post-5769 press type-press status-publish has-post-thumbnail hentry press_cat-diy press_cat-gift-ideas press_main-diy-upcycling press_main-koristelu press_main-lahjaideat press_main-mediatiedotteet\">\n<figure style=\"aspect-ratio:1;\" class=\"featuredimage wp-block-post-featured-image\"><a href=\"https:\/\/starsforeurope.com\/fi\/press\/nopeat-lahjaideat-joulutahdista\/\" target=\"_self\"  ><img loading=\"lazy\" decoding=\"async\" width=\"875\" height=\"1050\" src=\"https:\/\/starsforeurope.com\/fi\/wp-content\/uploads\/sites\/24\/2022\/09\/2017_Weihnachtsstern_People_13.jpg\" class=\"attachment-post-thumbnail size-post-thumbnail wp-post-image\" alt=\"Nopeat lahjaideat joulut\u00e4hdist\u00e4\" style=\"width:100%;height:100%;object-fit:cover;\" srcset=\"https:\/\/starsforeurope.com\/fi\/wp-content\/uploads\/sites\/24\/2022\/09\/2017_Weihnachtsstern_People_13.jpg 875w, https:\/\/starsforeurope.com\/fi\/wp-content\/uploads\/sites\/24\/2022\/09\/2017_Weihnachtsstern_People_13-250x300.jpg 250w, https:\/\/starsforeurope.com\/fi\/wp-content\/uploads\/sites\/24\/2022\/09\/2017_Weihnachtsstern_People_13-853x1024.jpg 853w, https:\/\/starsforeurope.com\/fi\/wp-content\/uploads\/sites\/24\/2022\/09\/2017_Weihnachtsstern_People_13-768x922.jpg 768w, https:\/\/starsforeurope.com\/fi\/wp-content\/uploads\/sites\/24\/2022\/09\/2017_Weihnachtsstern_People_13-563x675.jpg 563w\" sizes=\"auto, (max-width: 875px) 100vw, 875px\" \/><\/a><\/figure>\n\n<h3 class=\"wp-block-post-title\"><a href=\"https:\/\/starsforeurope.com\/fi\/press\/nopeat-lahjaideat-joulutahdista\/\" target=\"_self\" >Nopeat lahjaideat joulut\u00e4hdist\u00e4<\/a><\/h3>\n\n\n<div class=\"wp-block-group postmetaline is-nowrap is-layout-flex wp-container-core-group-is-layout-6c531013 wp-block-group-is-layout-flex\"><div class=\"wp-block-post-date\"><time datetime=\"2017-12-14T10:10:29+02:00\">14. joulukuun 2017<\/time><\/div>\n\n<\/div>\n\n\n<div class=\"wp-block-post-excerpt\"><p class=\"wp-block-post-excerpt__excerpt\">Kauniissa pakkauksessa tai tee-se-itse ruukussa joulut\u00e4hti on loistava persoonallinen lahja. L\u00f6yd\u00e4 nopeat DIY-lahjat syd\u00e4mest\u00e4<\/p><p class=\"wp-block-post-excerpt__more-text\"><a class=\"wp-block-post-excerpt__more-link\" href=\"https:\/\/starsforeurope.com\/fi\/press\/nopeat-lahjaideat-joulutahdista\/\">Lue lis\u00e4\u00e4<\/a><\/p><\/div>\n<\/li><li class=\"wp-block-post post-5894 press type-press status-publish has-post-thumbnail hentry press_cat-diy press_cat-gift-ideas press_cat-variety press_main-diy-upcycling press_main-koristelu press_main-lahjaideat press_main-mediatiedotteet\">\n<figure style=\"aspect-ratio:1;\" class=\"featuredimage wp-block-post-featured-image\"><a href=\"https:\/\/starsforeurope.com\/fi\/press\/joulutahti-aina-ihana-lahja\/\" target=\"_self\"  ><img loading=\"lazy\" decoding=\"async\" width=\"875\" height=\"1050\" src=\"https:\/\/starsforeurope.com\/fi\/wp-content\/uploads\/sites\/24\/2022\/09\/2017_Weihnachtsstern_People_10.jpg\" class=\"attachment-post-thumbnail size-post-thumbnail wp-post-image\" alt=\"Joulut\u00e4hti: Aina ihana lahja\" style=\"width:100%;height:100%;object-fit:cover;\" srcset=\"https:\/\/starsforeurope.com\/fi\/wp-content\/uploads\/sites\/24\/2022\/09\/2017_Weihnachtsstern_People_10.jpg 875w, https:\/\/starsforeurope.com\/fi\/wp-content\/uploads\/sites\/24\/2022\/09\/2017_Weihnachtsstern_People_10-250x300.jpg 250w, https:\/\/starsforeurope.com\/fi\/wp-content\/uploads\/sites\/24\/2022\/09\/2017_Weihnachtsstern_People_10-853x1024.jpg 853w, https:\/\/starsforeurope.com\/fi\/wp-content\/uploads\/sites\/24\/2022\/09\/2017_Weihnachtsstern_People_10-768x922.jpg 768w, https:\/\/starsforeurope.com\/fi\/wp-content\/uploads\/sites\/24\/2022\/09\/2017_Weihnachtsstern_People_10-563x675.jpg 563w\" sizes=\"auto, (max-width: 875px) 100vw, 875px\" \/><\/a><\/figure>\n\n<h3 class=\"wp-block-post-title\"><a href=\"https:\/\/starsforeurope.com\/fi\/press\/joulutahti-aina-ihana-lahja\/\" target=\"_self\" >Joulut\u00e4hti: Aina ihana lahja<\/a><\/h3>\n\n\n<div class=\"wp-block-group postmetaline is-nowrap is-layout-flex wp-container-core-group-is-layout-6c531013 wp-block-group-is-layout-flex\"><div class=\"wp-block-post-date\"><time datetime=\"2017-07-02T14:16:55+03:00\">02. hein\u00e4kuun 2017<\/time><\/div>\n\n<\/div>\n\n\n<div class=\"wp-block-post-excerpt\"><p class=\"wp-block-post-excerpt__excerpt\">Aleksandriini on voimakas juhlakauden symboli ja ihanan yksinkertainen lahja, jolla voi ilmaista syd\u00e4melliset tunteet yksinkertaisella tavalla<\/p><p class=\"wp-block-post-excerpt__more-text\"><a class=\"wp-block-post-excerpt__more-link\" href=\"https:\/\/starsforeurope.com\/fi\/press\/joulutahti-aina-ihana-lahja\/\">Lue lis\u00e4\u00e4<\/a><\/p><\/div>\n<\/li><\/ul>\n\n\n\n<\/div>\n\n\n\n<div style=\"height:3rem\" aria-hidden=\"true\" class=\"wp-block-spacer\"><\/div>\n<\/main>","protected":false},"excerpt":{"rendered":"<p>L\u00f6yd\u00e4 t\u00e4ydelliset joulut\u00e4hti-inspiroituneet lahjat, jotka pirist\u00e4v\u00e4t joulusesonkia tyylill\u00e4 ja ilolla.<\/p>\n","protected":false},"author":26,"featured_media":4366,"parent":7257,"menu_order":0,"comment_status":"closed","ping_status":"closed","template":"two-column-press","meta":{"_acf_changed":false,"footnotes":""},"class_list":["post-7279","page","type-page","status-publish","has-post-thumbnail","hentry"],"acf":[],"_links":{"self":[{"href":"https:\/\/starsforeurope.com\/fi\/wp-json\/wp\/v2\/pages\/7279","targetHints":{"allow":["GET"]}}],"collection":[{"href":"https:\/\/starsforeurope.com\/fi\/wp-json\/wp\/v2\/pages"}],"about":[{"href":"https:\/\/starsforeurope.com\/fi\/wp-json\/wp\/v2\/types\/page"}],"author":[{"embeddable":true,"href":"https:\/\/starsforeurope.com\/fi\/wp-json\/wp\/v2\/users\/26"}],"replies":[{"embeddable":true,"href":"https:\/\/starsforeurope.com\/fi\/wp-json\/wp\/v2\/comments?post=7279"}],"version-history":[{"count":1,"href":"https:\/\/starsforeurope.com\/fi\/wp-json\/wp\/v2\/pages\/7279\/revisions"}],"predecessor-version":[{"id":7280,"href":"https:\/\/starsforeurope.com\/fi\/wp-json\/wp\/v2\/pages\/7279\/revisions\/7280"}],"up":[{"embeddable":true,"href":"https:\/\/starsforeurope.com\/fi\/wp-json\/wp\/v2\/pages\/7257"}],"wp:featuredmedia":[{"embeddable":true,"href":"https:\/\/starsforeurope.com\/fi\/wp-json\/wp\/v2\/media\/4366"}],"wp:attachment":[{"href":"https:\/\/starsforeurope.com\/fi\/wp-json\/wp\/v2\/media?parent=7279"}],"curies":[{"name":"wp","href":"https:\/\/api.w.org\/{rel}","templated":true}]}}