{"id":7277,"date":"2025-08-25T12:18:47","date_gmt":"2025-08-25T09:18:47","guid":{"rendered":"https:\/\/starsforeurope.com\/fi\/?page_id=7277"},"modified":"2025-08-25T23:20:14","modified_gmt":"2025-08-25T20:20:14","slug":"diy-upcycling-pr","status":"publish","type":"page","link":"https:\/\/starsforeurope.com\/fi\/koristelu-pr\/diy-upcycling-pr\/","title":{"rendered":"Luovat DIY &amp; Upcycling joulut\u00e4htiprojektit"},"content":{"rendered":"<main class=\"wp-block-group postimage-half wide-content is-layout-flow wp-block-group-is-layout-flow\" style=\"margin-top:var(--wp--preset--spacing--50)\">\n<div style=\"height:3rem\" aria-hidden=\"true\" class=\"wp-block-spacer\"><\/div>\n\n\n\n<div class=\"wp-block-query is-layout-flow wp-block-query-is-layout-flow\"><ul class=\"columns-2 wp-block-post-template is-layout-grid wp-container-core-post-template-is-layout-37ef2942 wp-block-post-template-is-layout-grid\"><li class=\"wp-block-post post-5694 press type-press status-publish has-post-thumbnail hentry press_cat-diy press_cat-gift-ideas press_main-diy-upcycling press_main-koristelu press_main-lahjaideat press_main-mediatiedotteet\">\n<figure style=\"aspect-ratio:1;\" class=\"featuredimage wp-block-post-featured-image\"><a href=\"https:\/\/starsforeurope.com\/fi\/press\/varikkaat-lahjat-jokaiseen-tilanteeseen-erityisemmat-joulutahtilahjat\/\" target=\"_self\"  ><img loading=\"lazy\" decoding=\"async\" width=\"875\" height=\"1050\" src=\"https:\/\/starsforeurope.com\/fi\/wp-content\/uploads\/sites\/24\/2022\/09\/2019_poinsettia_02000_christmas_wonderland_09.jpg\" class=\"attachment-post-thumbnail size-post-thumbnail wp-post-image\" alt=\"V\u00e4rikk\u00e4\u00e4t lahjat jokaiseen tilanteeseen.Erityisemm\u00e4t joulut\u00e4htilahjat\" style=\"width:100%;height:100%;object-fit:cover;\" srcset=\"https:\/\/starsforeurope.com\/fi\/wp-content\/uploads\/sites\/24\/2022\/09\/2019_poinsettia_02000_christmas_wonderland_09.jpg 875w, https:\/\/starsforeurope.com\/fi\/wp-content\/uploads\/sites\/24\/2022\/09\/2019_poinsettia_02000_christmas_wonderland_09-250x300.jpg 250w, https:\/\/starsforeurope.com\/fi\/wp-content\/uploads\/sites\/24\/2022\/09\/2019_poinsettia_02000_christmas_wonderland_09-853x1024.jpg 853w, https:\/\/starsforeurope.com\/fi\/wp-content\/uploads\/sites\/24\/2022\/09\/2019_poinsettia_02000_christmas_wonderland_09-768x922.jpg 768w, https:\/\/starsforeurope.com\/fi\/wp-content\/uploads\/sites\/24\/2022\/09\/2019_poinsettia_02000_christmas_wonderland_09-563x675.jpg 563w\" sizes=\"auto, (max-width: 875px) 100vw, 875px\" \/><\/a><\/figure>\n\n<h3 class=\"wp-block-post-title\"><a href=\"https:\/\/starsforeurope.com\/fi\/press\/varikkaat-lahjat-jokaiseen-tilanteeseen-erityisemmat-joulutahtilahjat\/\" target=\"_self\" >V\u00e4rikk\u00e4\u00e4t lahjat jokaiseen tilanteeseen.Erityisemm\u00e4t joulut\u00e4htilahjat<\/a><\/h3>\n\n\n<div class=\"wp-block-group postmetaline is-nowrap is-layout-flex wp-container-core-group-is-layout-6c531013 wp-block-group-is-layout-flex\"><div class=\"wp-block-post-date\"><time datetime=\"2019-11-25T14:21:36+02:00\">25. marraskuun 2019<\/time><\/div>\n\n<\/div>\n\n\n<div class=\"wp-block-post-excerpt\"><p class=\"wp-block-post-excerpt__excerpt\">Marras- ja joulukuussa joulut\u00e4hti on suosittu lahja. Luovuudella ja taidolla ruukkukasvista tulee ainutlaatuinen lahja. Esittelemme joitain DIY-ideoita<\/p><p class=\"wp-block-post-excerpt__more-text\"><a class=\"wp-block-post-excerpt__more-link\" href=\"https:\/\/starsforeurope.com\/fi\/press\/varikkaat-lahjat-jokaiseen-tilanteeseen-erityisemmat-joulutahtilahjat\/\">Lue lis\u00e4\u00e4<\/a><\/p><\/div>\n<\/li><li class=\"wp-block-post post-5967 press type-press status-publish has-post-thumbnail hentry press_cat-advent-decoration press_cat-diy press_cat-variety press_main-adventtikoristeet press_main-diy-upcycling press_main-koristelu press_main-mediatiedotteet\">\n<figure style=\"aspect-ratio:1;\" class=\"featuredimage wp-block-post-featured-image\"><a href=\"https:\/\/starsforeurope.com\/fi\/press\/varikkaiden-joulutahtien-aika-rakenna-joulun-ihmemaa-erilaisilla-joulutahdilla\/\" target=\"_self\"  ><img loading=\"lazy\" decoding=\"async\" width=\"1050\" height=\"875\" src=\"https:\/\/starsforeurope.com\/fi\/wp-content\/uploads\/sites\/24\/2022\/09\/2019_poinsettia_02000_christmas_wonderland_22.jpg\" class=\"attachment-post-thumbnail size-post-thumbnail wp-post-image\" alt=\"V\u00e4rikk\u00e4iden joulut\u00e4htien aika. Rakenna joulun ihmemaa erilaisilla joulut\u00e4hdill\u00e4\" style=\"width:100%;height:100%;object-fit:cover;\" srcset=\"https:\/\/starsforeurope.com\/fi\/wp-content\/uploads\/sites\/24\/2022\/09\/2019_poinsettia_02000_christmas_wonderland_22.jpg 1050w, https:\/\/starsforeurope.com\/fi\/wp-content\/uploads\/sites\/24\/2022\/09\/2019_poinsettia_02000_christmas_wonderland_22-300x250.jpg 300w, https:\/\/starsforeurope.com\/fi\/wp-content\/uploads\/sites\/24\/2022\/09\/2019_poinsettia_02000_christmas_wonderland_22-1024x853.jpg 1024w, https:\/\/starsforeurope.com\/fi\/wp-content\/uploads\/sites\/24\/2022\/09\/2019_poinsettia_02000_christmas_wonderland_22-768x640.jpg 768w, https:\/\/starsforeurope.com\/fi\/wp-content\/uploads\/sites\/24\/2022\/09\/2019_poinsettia_02000_christmas_wonderland_22-810x675.jpg 810w\" sizes=\"auto, (max-width: 1050px) 100vw, 1050px\" \/><\/a><\/figure>\n\n<h3 class=\"wp-block-post-title\"><a href=\"https:\/\/starsforeurope.com\/fi\/press\/varikkaiden-joulutahtien-aika-rakenna-joulun-ihmemaa-erilaisilla-joulutahdilla\/\" target=\"_self\" >V\u00e4rikk\u00e4iden joulut\u00e4htien aika. Rakenna joulun ihmemaa erilaisilla joulut\u00e4hdill\u00e4<\/a><\/h3>\n\n\n<div class=\"wp-block-group postmetaline is-nowrap is-layout-flex wp-container-core-group-is-layout-6c531013 wp-block-group-is-layout-flex\"><div class=\"wp-block-post-date\"><time datetime=\"2019-06-25T09:48:06+03:00\">25. kes\u00e4kuun 2019<\/time><\/div>\n\n<\/div>\n\n\n<div class=\"wp-block-post-excerpt\"><p class=\"wp-block-post-excerpt__excerpt\">Tutustu kuinka joulut\u00e4hti monimuotoisine v\u00e4reineen ja muotoineen muuttaa mink\u00e4 tahansa huoneen iloiseksi ja v\u00e4rikk\u00e4\u00e4ksi talven ihmemaaksi, joka kutsuu sinut tuntemaan olosi hyv\u00e4ksi ja juhlimaan<\/p><p class=\"wp-block-post-excerpt__more-text\"><a class=\"wp-block-post-excerpt__more-link\" href=\"https:\/\/starsforeurope.com\/fi\/press\/varikkaiden-joulutahtien-aika-rakenna-joulun-ihmemaa-erilaisilla-joulutahdilla\/\">Lue lis\u00e4\u00e4<\/a><\/p><\/div>\n<\/li><li class=\"wp-block-post post-5769 press type-press status-publish has-post-thumbnail hentry press_cat-diy press_cat-gift-ideas press_main-diy-upcycling press_main-koristelu press_main-lahjaideat press_main-mediatiedotteet\">\n<figure style=\"aspect-ratio:1;\" class=\"featuredimage wp-block-post-featured-image\"><a href=\"https:\/\/starsforeurope.com\/fi\/press\/nopeat-lahjaideat-joulutahdista\/\" target=\"_self\"  ><img loading=\"lazy\" decoding=\"async\" width=\"875\" height=\"1050\" src=\"https:\/\/starsforeurope.com\/fi\/wp-content\/uploads\/sites\/24\/2022\/09\/2017_Weihnachtsstern_People_13.jpg\" class=\"attachment-post-thumbnail size-post-thumbnail wp-post-image\" alt=\"Nopeat lahjaideat joulut\u00e4hdist\u00e4\" style=\"width:100%;height:100%;object-fit:cover;\" srcset=\"https:\/\/starsforeurope.com\/fi\/wp-content\/uploads\/sites\/24\/2022\/09\/2017_Weihnachtsstern_People_13.jpg 875w, https:\/\/starsforeurope.com\/fi\/wp-content\/uploads\/sites\/24\/2022\/09\/2017_Weihnachtsstern_People_13-250x300.jpg 250w, https:\/\/starsforeurope.com\/fi\/wp-content\/uploads\/sites\/24\/2022\/09\/2017_Weihnachtsstern_People_13-853x1024.jpg 853w, https:\/\/starsforeurope.com\/fi\/wp-content\/uploads\/sites\/24\/2022\/09\/2017_Weihnachtsstern_People_13-768x922.jpg 768w, https:\/\/starsforeurope.com\/fi\/wp-content\/uploads\/sites\/24\/2022\/09\/2017_Weihnachtsstern_People_13-563x675.jpg 563w\" sizes=\"auto, (max-width: 875px) 100vw, 875px\" \/><\/a><\/figure>\n\n<h3 class=\"wp-block-post-title\"><a href=\"https:\/\/starsforeurope.com\/fi\/press\/nopeat-lahjaideat-joulutahdista\/\" target=\"_self\" >Nopeat lahjaideat joulut\u00e4hdist\u00e4<\/a><\/h3>\n\n\n<div class=\"wp-block-group postmetaline is-nowrap is-layout-flex wp-container-core-group-is-layout-6c531013 wp-block-group-is-layout-flex\"><div class=\"wp-block-post-date\"><time datetime=\"2017-12-14T10:10:29+02:00\">14. joulukuun 2017<\/time><\/div>\n\n<\/div>\n\n\n<div class=\"wp-block-post-excerpt\"><p class=\"wp-block-post-excerpt__excerpt\">Kauniissa pakkauksessa tai tee-se-itse ruukussa joulut\u00e4hti on loistava persoonallinen lahja. L\u00f6yd\u00e4 nopeat DIY-lahjat syd\u00e4mest\u00e4<\/p><p class=\"wp-block-post-excerpt__more-text\"><a class=\"wp-block-post-excerpt__more-link\" href=\"https:\/\/starsforeurope.com\/fi\/press\/nopeat-lahjaideat-joulutahdista\/\">Lue lis\u00e4\u00e4<\/a><\/p><\/div>\n<\/li><li class=\"wp-block-post post-5847 press type-press status-publish has-post-thumbnail hentry press_cat-diy press_cat-upcycling press_main-diy-upcycling press_main-koristelu press_main-mediatiedotteet\">\n<figure style=\"aspect-ratio:1;\" class=\"featuredimage wp-block-post-featured-image\"><a href=\"https:\/\/starsforeurope.com\/fi\/press\/luovia-kierratysideoita-joulutahtikoristeluihin\/\" target=\"_self\"  ><img loading=\"lazy\" decoding=\"async\" width=\"875\" height=\"1050\" src=\"https:\/\/starsforeurope.com\/fi\/wp-content\/uploads\/sites\/24\/2022\/09\/2017_Weihnachtsstern_Aufhaengung_01.jpg\" class=\"attachment-post-thumbnail size-post-thumbnail wp-post-image\" alt=\"Luovia kierr\u00e4tysideoita joulut\u00e4htikoristeluihin\" style=\"width:100%;height:100%;object-fit:cover;\" srcset=\"https:\/\/starsforeurope.com\/fi\/wp-content\/uploads\/sites\/24\/2022\/09\/2017_Weihnachtsstern_Aufhaengung_01.jpg 875w, https:\/\/starsforeurope.com\/fi\/wp-content\/uploads\/sites\/24\/2022\/09\/2017_Weihnachtsstern_Aufhaengung_01-250x300.jpg 250w, https:\/\/starsforeurope.com\/fi\/wp-content\/uploads\/sites\/24\/2022\/09\/2017_Weihnachtsstern_Aufhaengung_01-853x1024.jpg 853w, https:\/\/starsforeurope.com\/fi\/wp-content\/uploads\/sites\/24\/2022\/09\/2017_Weihnachtsstern_Aufhaengung_01-768x922.jpg 768w, https:\/\/starsforeurope.com\/fi\/wp-content\/uploads\/sites\/24\/2022\/09\/2017_Weihnachtsstern_Aufhaengung_01-563x675.jpg 563w\" sizes=\"auto, (max-width: 875px) 100vw, 875px\" \/><\/a><\/figure>\n\n<h3 class=\"wp-block-post-title\"><a href=\"https:\/\/starsforeurope.com\/fi\/press\/luovia-kierratysideoita-joulutahtikoristeluihin\/\" target=\"_self\" >Luovia kierr\u00e4tysideoita joulut\u00e4htikoristeluihin<\/a><\/h3>\n\n\n<div class=\"wp-block-group postmetaline is-nowrap is-layout-flex wp-container-core-group-is-layout-6c531013 wp-block-group-is-layout-flex\"><div class=\"wp-block-post-date\"><time datetime=\"2017-11-16T13:50:42+02:00\">16. marraskuun 2017<\/time><\/div>\n\n<\/div>\n\n\n<div class=\"wp-block-post-excerpt\"><p class=\"wp-block-post-excerpt__excerpt\">Kierr\u00e4tys on trendi. Joulut\u00e4hdet tekev\u00e4t muovipulloista, t\u00f6lkeist\u00e4, CD-koteloista ja k\u00e4yt\u00f6st\u00e4 poistetuista astioista houkuttelevia joulukoristeita. Tutustu DIY-ideoihimme<\/p><p class=\"wp-block-post-excerpt__more-text\"><a class=\"wp-block-post-excerpt__more-link\" href=\"https:\/\/starsforeurope.com\/fi\/press\/luovia-kierratysideoita-joulutahtikoristeluihin\/\">Lue lis\u00e4\u00e4<\/a><\/p><\/div>\n<\/li><\/ul>\n\n<nav class=\"wp-block-query-pagination is-content-justification-center is-layout-flex wp-container-core-query-pagination-is-layout-a89b3969 wp-block-query-pagination-is-layout-flex\" aria-label=\"Sivutus\">\n\n\n<div class=\"wp-block-query-pagination-numbers has-medium-font-size\"><span aria-current=\"page\" class=\"page-numbers current\">1<\/span>\n<a class=\"page-numbers\" href=\"?query-0-page=2\">2<\/a><\/div>\n\n<a href=\"\/fi\/wp-json\/wp\/v2\/pages\/7277?query-0-page=2\" class=\"wp-block-query-pagination-next\">\u22b3<\/a>\n<\/nav>\n\n<\/div>\n\n\n\n<div style=\"height:3rem\" aria-hidden=\"true\" class=\"wp-block-spacer\"><\/div>\n<\/main>","protected":false},"excerpt":{"rendered":"<p>Tee joulut\u00e4hdist\u00e4 ainutlaatuisia koristeita helppojen ja kest\u00e4vien DIY- ja upcycling-ideoiden avulla.<\/p>\n","protected":false},"author":26,"featured_media":4366,"parent":7257,"menu_order":0,"comment_status":"closed","ping_status":"closed","template":"two-column-press","meta":{"_acf_changed":false,"footnotes":""},"class_list":["post-7277","page","type-page","status-publish","has-post-thumbnail","hentry"],"acf":[],"_links":{"self":[{"href":"https:\/\/starsforeurope.com\/fi\/wp-json\/wp\/v2\/pages\/7277","targetHints":{"allow":["GET"]}}],"collection":[{"href":"https:\/\/starsforeurope.com\/fi\/wp-json\/wp\/v2\/pages"}],"about":[{"href":"https:\/\/starsforeurope.com\/fi\/wp-json\/wp\/v2\/types\/page"}],"author":[{"embeddable":true,"href":"https:\/\/starsforeurope.com\/fi\/wp-json\/wp\/v2\/users\/26"}],"replies":[{"embeddable":true,"href":"https:\/\/starsforeurope.com\/fi\/wp-json\/wp\/v2\/comments?post=7277"}],"version-history":[{"count":1,"href":"https:\/\/starsforeurope.com\/fi\/wp-json\/wp\/v2\/pages\/7277\/revisions"}],"predecessor-version":[{"id":7278,"href":"https:\/\/starsforeurope.com\/fi\/wp-json\/wp\/v2\/pages\/7277\/revisions\/7278"}],"up":[{"embeddable":true,"href":"https:\/\/starsforeurope.com\/fi\/wp-json\/wp\/v2\/pages\/7257"}],"wp:featuredmedia":[{"embeddable":true,"href":"https:\/\/starsforeurope.com\/fi\/wp-json\/wp\/v2\/media\/4366"}],"wp:attachment":[{"href":"https:\/\/starsforeurope.com\/fi\/wp-json\/wp\/v2\/media?parent=7277"}],"curies":[{"name":"wp","href":"https:\/\/api.w.org\/{rel}","templated":true}]}}