{"id":7273,"date":"2025-08-25T11:59:28","date_gmt":"2025-08-25T08:59:28","guid":{"rendered":"https:\/\/starsforeurope.com\/fi\/?page_id=7273"},"modified":"2025-08-25T23:20:14","modified_gmt":"2025-08-25T20:20:14","slug":"joulukuusenkoristeet-pr","status":"publish","type":"page","link":"https:\/\/starsforeurope.com\/fi\/koristelu-pr\/joulukuusenkoristeet-pr\/","title":{"rendered":"Joulut\u00e4hdet joulukuusen koristeluun"},"content":{"rendered":"<main class=\"wp-block-group postimage-half wide-content is-layout-flow wp-block-group-is-layout-flow\" style=\"margin-top:var(--wp--preset--spacing--50)\">\n<div style=\"height:3rem\" aria-hidden=\"true\" class=\"wp-block-spacer\"><\/div>\n\n\n\n<div class=\"wp-block-query is-layout-flow wp-block-query-is-layout-flow\"><ul class=\"columns-2 wp-block-post-template is-layout-grid wp-container-core-post-template-is-layout-37ef2942 wp-block-post-template-is-layout-grid\"><li class=\"wp-block-post post-5714 press type-press status-publish has-post-thumbnail hentry press_cat-advent-decoration press_cat-christmas-tree-decorations press_main-adventtikoristeet press_main-joulukuusenkoristeet press_main-koristelu press_main-mediatiedotteet\">\n<figure style=\"aspect-ratio:1;\" class=\"featuredimage wp-block-post-featured-image\"><a href=\"https:\/\/starsforeurope.com\/fi\/press\/joulun-aikaa-lapsuuden-muistot-heraavat-eloon-taianomaisia-hetkia-joulutahden-kanssa\/\" target=\"_self\"  ><img loading=\"lazy\" decoding=\"async\" width=\"875\" height=\"1050\" src=\"https:\/\/starsforeurope.com\/fi\/wp-content\/uploads\/sites\/24\/2022\/09\/2018_poinsettia_0100_Christmas_Tales_04.jpg\" class=\"attachment-post-thumbnail size-post-thumbnail wp-post-image\" alt=\"Joulun aikaa: Lapsuuden muistot her\u00e4\u00e4v\u00e4t eloon. Taianomaisia hetki\u00e4 joulut\u00e4hden kanssa\" style=\"width:100%;height:100%;object-fit:cover;\" srcset=\"https:\/\/starsforeurope.com\/fi\/wp-content\/uploads\/sites\/24\/2022\/09\/2018_poinsettia_0100_Christmas_Tales_04.jpg 875w, https:\/\/starsforeurope.com\/fi\/wp-content\/uploads\/sites\/24\/2022\/09\/2018_poinsettia_0100_Christmas_Tales_04-250x300.jpg 250w, https:\/\/starsforeurope.com\/fi\/wp-content\/uploads\/sites\/24\/2022\/09\/2018_poinsettia_0100_Christmas_Tales_04-853x1024.jpg 853w, https:\/\/starsforeurope.com\/fi\/wp-content\/uploads\/sites\/24\/2022\/09\/2018_poinsettia_0100_Christmas_Tales_04-768x922.jpg 768w, https:\/\/starsforeurope.com\/fi\/wp-content\/uploads\/sites\/24\/2022\/09\/2018_poinsettia_0100_Christmas_Tales_04-563x675.jpg 563w\" sizes=\"auto, (max-width: 875px) 100vw, 875px\" \/><\/a><\/figure>\n\n<h3 class=\"wp-block-post-title\"><a href=\"https:\/\/starsforeurope.com\/fi\/press\/joulun-aikaa-lapsuuden-muistot-heraavat-eloon-taianomaisia-hetkia-joulutahden-kanssa\/\" target=\"_self\" >Joulun aikaa: Lapsuuden muistot her\u00e4\u00e4v\u00e4t eloon. Taianomaisia hetki\u00e4 joulut\u00e4hden kanssa<\/a><\/h3>\n\n\n<div class=\"wp-block-group postmetaline is-nowrap is-layout-flex wp-container-core-group-is-layout-6c531013 wp-block-group-is-layout-flex\"><div class=\"wp-block-post-date\"><time datetime=\"2018-08-11T14:52:43+03:00\">11. elokuun 2018<\/time><\/div>\n\n<\/div>\n\n\n<div class=\"wp-block-post-excerpt\"><p class=\"wp-block-post-excerpt__excerpt\">Joulut\u00e4hteen lis\u00e4ksi muita t\u00e4rkeit\u00e4 joulun symboleja ovat joulukuusi, adventtikalenteri ja adventtiseppele. Yhdess\u00e4 ne luovat upean vaikutelman<\/p><p class=\"wp-block-post-excerpt__more-text\"><a class=\"wp-block-post-excerpt__more-link\" href=\"https:\/\/starsforeurope.com\/fi\/press\/joulun-aikaa-lapsuuden-muistot-heraavat-eloon-taianomaisia-hetkia-joulutahden-kanssa\/\">Lue lis\u00e4\u00e4<\/a><\/p><\/div>\n<\/li><\/ul>\n\n\n\n<\/div>\n\n\n\n<div style=\"height:3rem\" aria-hidden=\"true\" class=\"wp-block-spacer\"><\/div>\n<\/main>","protected":false},"excerpt":{"rendered":"<p>Her\u00e4t\u00e4 kuusesi henkiin joulut\u00e4htien eloisalla kauneudella. Ajaton kosketus l\u00e4mpim\u00e4\u00e4n, juhlavaan ilmeeseen.<\/p>\n","protected":false},"author":26,"featured_media":4366,"parent":7257,"menu_order":0,"comment_status":"closed","ping_status":"closed","template":"two-column-press","meta":{"_acf_changed":false,"footnotes":""},"class_list":["post-7273","page","type-page","status-publish","has-post-thumbnail","hentry"],"acf":[],"_links":{"self":[{"href":"https:\/\/starsforeurope.com\/fi\/wp-json\/wp\/v2\/pages\/7273","targetHints":{"allow":["GET"]}}],"collection":[{"href":"https:\/\/starsforeurope.com\/fi\/wp-json\/wp\/v2\/pages"}],"about":[{"href":"https:\/\/starsforeurope.com\/fi\/wp-json\/wp\/v2\/types\/page"}],"author":[{"embeddable":true,"href":"https:\/\/starsforeurope.com\/fi\/wp-json\/wp\/v2\/users\/26"}],"replies":[{"embeddable":true,"href":"https:\/\/starsforeurope.com\/fi\/wp-json\/wp\/v2\/comments?post=7273"}],"version-history":[{"count":1,"href":"https:\/\/starsforeurope.com\/fi\/wp-json\/wp\/v2\/pages\/7273\/revisions"}],"predecessor-version":[{"id":7274,"href":"https:\/\/starsforeurope.com\/fi\/wp-json\/wp\/v2\/pages\/7273\/revisions\/7274"}],"up":[{"embeddable":true,"href":"https:\/\/starsforeurope.com\/fi\/wp-json\/wp\/v2\/pages\/7257"}],"wp:featuredmedia":[{"embeddable":true,"href":"https:\/\/starsforeurope.com\/fi\/wp-json\/wp\/v2\/media\/4366"}],"wp:attachment":[{"href":"https:\/\/starsforeurope.com\/fi\/wp-json\/wp\/v2\/media?parent=7273"}],"curies":[{"name":"wp","href":"https:\/\/api.w.org\/{rel}","templated":true}]}}