{"id":7269,"date":"2025-08-25T11:43:55","date_gmt":"2025-08-25T08:43:55","guid":{"rendered":"https:\/\/starsforeurope.com\/fi\/?page_id=7269"},"modified":"2025-08-25T23:20:14","modified_gmt":"2025-08-25T20:20:14","slug":"adventtikoristeet-pr","status":"publish","type":"page","link":"https:\/\/starsforeurope.com\/fi\/koristelu-pr\/adventtikoristeet-pr\/","title":{"rendered":"Adventtikoristeet joulut\u00e4hteill\u00e4"},"content":{"rendered":"<main class=\"wp-block-group postimage-half wide-content is-layout-flow wp-block-group-is-layout-flow\" style=\"margin-top:var(--wp--preset--spacing--50)\">\n<div style=\"height:3rem\" aria-hidden=\"true\" class=\"wp-block-spacer\"><\/div>\n\n\n\n<div class=\"wp-block-query is-layout-flow wp-block-query-is-layout-flow\"><ul class=\"columns-2 wp-block-post-template is-layout-grid wp-container-core-post-template-is-layout-37ef2942 wp-block-post-template-is-layout-grid\"><li class=\"wp-block-post post-7331 press type-press status-publish has-post-thumbnail hentry press_cat-advent-decoration press_cat-winter-decor press_main-adventtikoristeet press_main-leikkokukat press_main-mediatiedotteet press_main-syyskoristeet-green-living\">\n<figure style=\"aspect-ratio:1;\" class=\"featuredimage wp-block-post-featured-image\"><a href=\"https:\/\/starsforeurope.com\/fi\/press\/ei-pelkkaa-punaista-4-yllattavaa-ideaa-joulutahdista\/\" target=\"_self\"  ><img loading=\"lazy\" decoding=\"async\" width=\"875\" height=\"1050\" src=\"https:\/\/starsforeurope.com\/fi\/wp-content\/uploads\/sites\/24\/2025\/12\/2025_Poinsettia_05000_Exotic_Glow_05.jpg\" class=\"attachment-post-thumbnail size-post-thumbnail wp-post-image\" alt=\"Ei pelkk\u00e4\u00e4 punaista \u2013 4 yll\u00e4tt\u00e4v\u00e4\u00e4 ideaa joulut\u00e4hdist\u00e4\" style=\"width:100%;height:100%;object-fit:cover;\" srcset=\"https:\/\/starsforeurope.com\/fi\/wp-content\/uploads\/sites\/24\/2025\/12\/2025_Poinsettia_05000_Exotic_Glow_05.jpg 875w, https:\/\/starsforeurope.com\/fi\/wp-content\/uploads\/sites\/24\/2025\/12\/2025_Poinsettia_05000_Exotic_Glow_05-250x300.jpg 250w, https:\/\/starsforeurope.com\/fi\/wp-content\/uploads\/sites\/24\/2025\/12\/2025_Poinsettia_05000_Exotic_Glow_05-853x1024.jpg 853w, https:\/\/starsforeurope.com\/fi\/wp-content\/uploads\/sites\/24\/2025\/12\/2025_Poinsettia_05000_Exotic_Glow_05-768x922.jpg 768w\" sizes=\"auto, (max-width: 875px) 100vw, 875px\" \/><\/a><\/figure>\n\n<h3 class=\"wp-block-post-title\"><a href=\"https:\/\/starsforeurope.com\/fi\/press\/ei-pelkkaa-punaista-4-yllattavaa-ideaa-joulutahdista\/\" target=\"_self\" >Ei pelkk\u00e4\u00e4 punaista \u2013 4 yll\u00e4tt\u00e4v\u00e4\u00e4 ideaa joulut\u00e4hdist\u00e4<\/a><\/h3>\n\n\n<div class=\"wp-block-group postmetaline is-nowrap is-layout-flex wp-container-core-group-is-layout-6c531013 wp-block-group-is-layout-flex\"><div class=\"wp-block-post-date\"><time datetime=\"2025-12-11T10:00:00+02:00\">11. joulukuun 2025<\/time><\/div>\n\n<\/div>\n\n\n<div class=\"wp-block-post-excerpt\"><p class=\"wp-block-post-excerpt__excerpt\">Joulut\u00e4hdest\u00e4 on moneen, eik\u00e4 sen tarvitse olla aina joulunpunaisena keskipisteen\u00e4 olohuoneessa.<\/p><p class=\"wp-block-post-excerpt__more-text\"><a class=\"wp-block-post-excerpt__more-link\" href=\"https:\/\/starsforeurope.com\/fi\/press\/ei-pelkkaa-punaista-4-yllattavaa-ideaa-joulutahdista\/\">Lue lis\u00e4\u00e4<\/a><\/p><\/div>\n<\/li><li class=\"wp-block-post post-5558 press type-press status-publish has-post-thumbnail hentry press_cat-advent-decoration press_cat-decoration-tips press_cat-cut-flower press_cat-winter-decor press_main-adventtikoristeet press_main-koristelu press_main-leikkokukat press_main-mediatiedotteet\">\n<figure style=\"aspect-ratio:1;\" class=\"featuredimage wp-block-post-featured-image\"><a href=\"https:\/\/starsforeurope.com\/fi\/press\/uuden-vuoden-kattaukseen-tahtia-ja-haivahdys-kultaa\/\" target=\"_self\"  ><img loading=\"lazy\" decoding=\"async\" width=\"875\" height=\"1050\" src=\"https:\/\/starsforeurope.com\/fi\/wp-content\/uploads\/sites\/24\/2024\/11\/2024_Poinsettia_01000_Golden_Elegance_01.jpg\" class=\"attachment-post-thumbnail size-post-thumbnail wp-post-image\" alt=\"Uuden vuoden kattaukseen t\u00e4hti\u00e4 ja h\u00e4iv\u00e4hdys kultaa\" style=\"width:100%;height:100%;object-fit:cover;\" srcset=\"https:\/\/starsforeurope.com\/fi\/wp-content\/uploads\/sites\/24\/2024\/11\/2024_Poinsettia_01000_Golden_Elegance_01.jpg 875w, https:\/\/starsforeurope.com\/fi\/wp-content\/uploads\/sites\/24\/2024\/11\/2024_Poinsettia_01000_Golden_Elegance_01-250x300.jpg 250w, https:\/\/starsforeurope.com\/fi\/wp-content\/uploads\/sites\/24\/2024\/11\/2024_Poinsettia_01000_Golden_Elegance_01-853x1024.jpg 853w, https:\/\/starsforeurope.com\/fi\/wp-content\/uploads\/sites\/24\/2024\/11\/2024_Poinsettia_01000_Golden_Elegance_01-768x922.jpg 768w, https:\/\/starsforeurope.com\/fi\/wp-content\/uploads\/sites\/24\/2024\/11\/2024_Poinsettia_01000_Golden_Elegance_01-563x675.jpg 563w\" sizes=\"auto, (max-width: 875px) 100vw, 875px\" \/><\/a><\/figure>\n\n<h3 class=\"wp-block-post-title\"><a href=\"https:\/\/starsforeurope.com\/fi\/press\/uuden-vuoden-kattaukseen-tahtia-ja-haivahdys-kultaa\/\" target=\"_self\" >Uuden vuoden kattaukseen t\u00e4hti\u00e4 ja h\u00e4iv\u00e4hdys kultaa<\/a><\/h3>\n\n\n<div class=\"wp-block-group postmetaline is-nowrap is-layout-flex wp-container-core-group-is-layout-6c531013 wp-block-group-is-layout-flex\"><div class=\"wp-block-post-date\"><time datetime=\"2024-11-13T10:44:20+02:00\">13. marraskuun 2024<\/time><\/div>\n\n<\/div>\n\n\n<div class=\"wp-block-post-excerpt\"><p class=\"wp-block-post-excerpt__excerpt\">Haluatko upeita joulut\u00e4hti\u00e4? Jos tied\u00e4t, mille joulut\u00e4hdet ovat herkki\u00e4, voit helposti v\u00e4ltt\u00e4\u00e4 ongelmat niiden hoidossa<\/p><p class=\"wp-block-post-excerpt__more-text\"><a class=\"wp-block-post-excerpt__more-link\" href=\"https:\/\/starsforeurope.com\/fi\/press\/uuden-vuoden-kattaukseen-tahtia-ja-haivahdys-kultaa\/\">Lue lis\u00e4\u00e4<\/a><\/p><\/div>\n<\/li><li class=\"wp-block-post post-5967 press type-press status-publish has-post-thumbnail hentry press_cat-advent-decoration press_cat-diy press_cat-variety press_main-adventtikoristeet press_main-diy-upcycling press_main-koristelu press_main-mediatiedotteet\">\n<figure style=\"aspect-ratio:1;\" class=\"featuredimage wp-block-post-featured-image\"><a href=\"https:\/\/starsforeurope.com\/fi\/press\/varikkaiden-joulutahtien-aika-rakenna-joulun-ihmemaa-erilaisilla-joulutahdilla\/\" target=\"_self\"  ><img loading=\"lazy\" decoding=\"async\" width=\"1050\" height=\"875\" src=\"https:\/\/starsforeurope.com\/fi\/wp-content\/uploads\/sites\/24\/2022\/09\/2019_poinsettia_02000_christmas_wonderland_22.jpg\" class=\"attachment-post-thumbnail size-post-thumbnail wp-post-image\" alt=\"V\u00e4rikk\u00e4iden joulut\u00e4htien aika. Rakenna joulun ihmemaa erilaisilla joulut\u00e4hdill\u00e4\" style=\"width:100%;height:100%;object-fit:cover;\" srcset=\"https:\/\/starsforeurope.com\/fi\/wp-content\/uploads\/sites\/24\/2022\/09\/2019_poinsettia_02000_christmas_wonderland_22.jpg 1050w, https:\/\/starsforeurope.com\/fi\/wp-content\/uploads\/sites\/24\/2022\/09\/2019_poinsettia_02000_christmas_wonderland_22-300x250.jpg 300w, https:\/\/starsforeurope.com\/fi\/wp-content\/uploads\/sites\/24\/2022\/09\/2019_poinsettia_02000_christmas_wonderland_22-1024x853.jpg 1024w, https:\/\/starsforeurope.com\/fi\/wp-content\/uploads\/sites\/24\/2022\/09\/2019_poinsettia_02000_christmas_wonderland_22-768x640.jpg 768w, https:\/\/starsforeurope.com\/fi\/wp-content\/uploads\/sites\/24\/2022\/09\/2019_poinsettia_02000_christmas_wonderland_22-810x675.jpg 810w\" sizes=\"auto, (max-width: 1050px) 100vw, 1050px\" \/><\/a><\/figure>\n\n<h3 class=\"wp-block-post-title\"><a href=\"https:\/\/starsforeurope.com\/fi\/press\/varikkaiden-joulutahtien-aika-rakenna-joulun-ihmemaa-erilaisilla-joulutahdilla\/\" target=\"_self\" >V\u00e4rikk\u00e4iden joulut\u00e4htien aika. Rakenna joulun ihmemaa erilaisilla joulut\u00e4hdill\u00e4<\/a><\/h3>\n\n\n<div class=\"wp-block-group postmetaline is-nowrap is-layout-flex wp-container-core-group-is-layout-6c531013 wp-block-group-is-layout-flex\"><div class=\"wp-block-post-date\"><time datetime=\"2019-06-25T09:48:06+03:00\">25. kes\u00e4kuun 2019<\/time><\/div>\n\n<\/div>\n\n\n<div class=\"wp-block-post-excerpt\"><p class=\"wp-block-post-excerpt__excerpt\">Tutustu kuinka joulut\u00e4hti monimuotoisine v\u00e4reineen ja muotoineen muuttaa mink\u00e4 tahansa huoneen iloiseksi ja v\u00e4rikk\u00e4\u00e4ksi talven ihmemaaksi, joka kutsuu sinut tuntemaan olosi hyv\u00e4ksi ja juhlimaan<\/p><p class=\"wp-block-post-excerpt__more-text\"><a class=\"wp-block-post-excerpt__more-link\" href=\"https:\/\/starsforeurope.com\/fi\/press\/varikkaiden-joulutahtien-aika-rakenna-joulun-ihmemaa-erilaisilla-joulutahdilla\/\">Lue lis\u00e4\u00e4<\/a><\/p><\/div>\n<\/li><li class=\"wp-block-post post-5714 press type-press status-publish has-post-thumbnail hentry press_cat-advent-decoration press_cat-christmas-tree-decorations press_main-adventtikoristeet press_main-joulukuusenkoristeet press_main-koristelu press_main-mediatiedotteet\">\n<figure style=\"aspect-ratio:1;\" class=\"featuredimage wp-block-post-featured-image\"><a href=\"https:\/\/starsforeurope.com\/fi\/press\/joulun-aikaa-lapsuuden-muistot-heraavat-eloon-taianomaisia-hetkia-joulutahden-kanssa\/\" target=\"_self\"  ><img loading=\"lazy\" decoding=\"async\" width=\"875\" height=\"1050\" src=\"https:\/\/starsforeurope.com\/fi\/wp-content\/uploads\/sites\/24\/2022\/09\/2018_poinsettia_0100_Christmas_Tales_04.jpg\" class=\"attachment-post-thumbnail size-post-thumbnail wp-post-image\" alt=\"Joulun aikaa: Lapsuuden muistot her\u00e4\u00e4v\u00e4t eloon. Taianomaisia hetki\u00e4 joulut\u00e4hden kanssa\" style=\"width:100%;height:100%;object-fit:cover;\" srcset=\"https:\/\/starsforeurope.com\/fi\/wp-content\/uploads\/sites\/24\/2022\/09\/2018_poinsettia_0100_Christmas_Tales_04.jpg 875w, https:\/\/starsforeurope.com\/fi\/wp-content\/uploads\/sites\/24\/2022\/09\/2018_poinsettia_0100_Christmas_Tales_04-250x300.jpg 250w, https:\/\/starsforeurope.com\/fi\/wp-content\/uploads\/sites\/24\/2022\/09\/2018_poinsettia_0100_Christmas_Tales_04-853x1024.jpg 853w, https:\/\/starsforeurope.com\/fi\/wp-content\/uploads\/sites\/24\/2022\/09\/2018_poinsettia_0100_Christmas_Tales_04-768x922.jpg 768w, https:\/\/starsforeurope.com\/fi\/wp-content\/uploads\/sites\/24\/2022\/09\/2018_poinsettia_0100_Christmas_Tales_04-563x675.jpg 563w\" sizes=\"auto, (max-width: 875px) 100vw, 875px\" \/><\/a><\/figure>\n\n<h3 class=\"wp-block-post-title\"><a href=\"https:\/\/starsforeurope.com\/fi\/press\/joulun-aikaa-lapsuuden-muistot-heraavat-eloon-taianomaisia-hetkia-joulutahden-kanssa\/\" target=\"_self\" >Joulun aikaa: Lapsuuden muistot her\u00e4\u00e4v\u00e4t eloon. Taianomaisia hetki\u00e4 joulut\u00e4hden kanssa<\/a><\/h3>\n\n\n<div class=\"wp-block-group postmetaline is-nowrap is-layout-flex wp-container-core-group-is-layout-6c531013 wp-block-group-is-layout-flex\"><div class=\"wp-block-post-date\"><time datetime=\"2018-08-11T14:52:43+03:00\">11. elokuun 2018<\/time><\/div>\n\n<\/div>\n\n\n<div class=\"wp-block-post-excerpt\"><p class=\"wp-block-post-excerpt__excerpt\">Joulut\u00e4hteen lis\u00e4ksi muita t\u00e4rkeit\u00e4 joulun symboleja ovat joulukuusi, adventtikalenteri ja adventtiseppele. Yhdess\u00e4 ne luovat upean vaikutelman<\/p><p class=\"wp-block-post-excerpt__more-text\"><a class=\"wp-block-post-excerpt__more-link\" href=\"https:\/\/starsforeurope.com\/fi\/press\/joulun-aikaa-lapsuuden-muistot-heraavat-eloon-taianomaisia-hetkia-joulutahden-kanssa\/\">Lue lis\u00e4\u00e4<\/a><\/p><\/div>\n<\/li><\/ul>\n\n\n\n<\/div>\n\n\n\n<div style=\"height:3rem\" aria-hidden=\"true\" class=\"wp-block-spacer\"><\/div>\n<\/main>","protected":false},"excerpt":{"rendered":"<p>Luo juhlava tunnelma joulut\u00e4htien avulla adventtikoristeluun. L\u00f6yd\u00e4 inspiraatiota seppeleisiin, keskipisteisiin ja kodikkaisiin kausiluonteisiin yksityiskohtiin.<\/p>\n","protected":false},"author":26,"featured_media":4366,"parent":7257,"menu_order":0,"comment_status":"closed","ping_status":"closed","template":"two-column-press","meta":{"_acf_changed":false,"footnotes":""},"class_list":["post-7269","page","type-page","status-publish","has-post-thumbnail","hentry"],"acf":[],"_links":{"self":[{"href":"https:\/\/starsforeurope.com\/fi\/wp-json\/wp\/v2\/pages\/7269","targetHints":{"allow":["GET"]}}],"collection":[{"href":"https:\/\/starsforeurope.com\/fi\/wp-json\/wp\/v2\/pages"}],"about":[{"href":"https:\/\/starsforeurope.com\/fi\/wp-json\/wp\/v2\/types\/page"}],"author":[{"embeddable":true,"href":"https:\/\/starsforeurope.com\/fi\/wp-json\/wp\/v2\/users\/26"}],"replies":[{"embeddable":true,"href":"https:\/\/starsforeurope.com\/fi\/wp-json\/wp\/v2\/comments?post=7269"}],"version-history":[{"count":1,"href":"https:\/\/starsforeurope.com\/fi\/wp-json\/wp\/v2\/pages\/7269\/revisions"}],"predecessor-version":[{"id":7270,"href":"https:\/\/starsforeurope.com\/fi\/wp-json\/wp\/v2\/pages\/7269\/revisions\/7270"}],"up":[{"embeddable":true,"href":"https:\/\/starsforeurope.com\/fi\/wp-json\/wp\/v2\/pages\/7257"}],"wp:featuredmedia":[{"embeddable":true,"href":"https:\/\/starsforeurope.com\/fi\/wp-json\/wp\/v2\/media\/4366"}],"wp:attachment":[{"href":"https:\/\/starsforeurope.com\/fi\/wp-json\/wp\/v2\/media?parent=7269"}],"curies":[{"name":"wp","href":"https:\/\/api.w.org\/{rel}","templated":true}]}}