{"id":7267,"date":"2025-08-25T11:11:59","date_gmt":"2025-08-25T08:11:59","guid":{"rendered":"https:\/\/starsforeurope.com\/fi\/?page_id=7267"},"modified":"2025-08-25T23:20:14","modified_gmt":"2025-08-25T20:20:14","slug":"tietamisen-arvoinen-pr","status":"publish","type":"page","link":"https:\/\/starsforeurope.com\/fi\/tieto-pr\/tietamisen-arvoinen-pr\/","title":{"rendered":"Kaikki mit\u00e4 sinun tarvitsee tiet\u00e4\u00e4 Poinsettioista"},"content":{"rendered":"<main class=\"wp-block-group postimage-half wide-content is-layout-flow wp-block-group-is-layout-flow\" style=\"margin-top:var(--wp--preset--spacing--50)\">\n<div style=\"height:3rem\" aria-hidden=\"true\" class=\"wp-block-spacer\"><\/div>\n\n\n\n<div class=\"wp-block-query is-layout-flow wp-block-query-is-layout-flow\"><ul class=\"columns-2 wp-block-post-template is-layout-grid wp-container-core-post-template-is-layout-37ef2942 wp-block-post-template-is-layout-grid\"><li class=\"wp-block-post post-4979 press type-press status-publish has-post-thumbnail hentry press_cat-diy press_cat-decoration-tips press_main-mediatiedotteet press_main-tietamisen-arvoinen press_main-tieto\">\n<figure style=\"aspect-ratio:1;\" class=\"featuredimage wp-block-post-featured-image\"><a href=\"https:\/\/starsforeurope.com\/fi\/press\/metsainen-joulu-joulutahdilla-juhlavia-koristeluideoita-joulutahdilla-ja-luonnonmateriaaleilla\/\" target=\"_self\"  ><img loading=\"lazy\" decoding=\"async\" width=\"875\" height=\"1050\" src=\"https:\/\/starsforeurope.com\/fi\/wp-content\/uploads\/sites\/24\/2022\/09\/2021-poinsettia-05000-christmas-woodla.jpg\" class=\"attachment-post-thumbnail size-post-thumbnail wp-post-image\" alt=\"Mets\u00e4inen joulu joulut\u00e4hdill\u00e4. Juhlavia koristeluideoita joulut\u00e4hdill\u00e4 ja luonnonmateriaaleilla\" style=\"width:100%;height:100%;object-fit:cover;\" srcset=\"https:\/\/starsforeurope.com\/fi\/wp-content\/uploads\/sites\/24\/2022\/09\/2021-poinsettia-05000-christmas-woodla.jpg 875w, https:\/\/starsforeurope.com\/fi\/wp-content\/uploads\/sites\/24\/2022\/09\/2021-poinsettia-05000-christmas-woodla-250x300.jpg 250w, https:\/\/starsforeurope.com\/fi\/wp-content\/uploads\/sites\/24\/2022\/09\/2021-poinsettia-05000-christmas-woodla-853x1024.jpg 853w, https:\/\/starsforeurope.com\/fi\/wp-content\/uploads\/sites\/24\/2022\/09\/2021-poinsettia-05000-christmas-woodla-768x922.jpg 768w, https:\/\/starsforeurope.com\/fi\/wp-content\/uploads\/sites\/24\/2022\/09\/2021-poinsettia-05000-christmas-woodla-563x675.jpg 563w\" sizes=\"auto, (max-width: 875px) 100vw, 875px\" \/><\/a><\/figure>\n\n<h3 class=\"wp-block-post-title\"><a href=\"https:\/\/starsforeurope.com\/fi\/press\/metsainen-joulu-joulutahdilla-juhlavia-koristeluideoita-joulutahdilla-ja-luonnonmateriaaleilla\/\" target=\"_self\" >Mets\u00e4inen joulu joulut\u00e4hdill\u00e4. Juhlavia koristeluideoita joulut\u00e4hdill\u00e4 ja luonnonmateriaaleilla<\/a><\/h3>\n\n\n<div class=\"wp-block-group postmetaline is-nowrap is-layout-flex wp-container-core-group-is-layout-6c531013 wp-block-group-is-layout-flex\"><div class=\"wp-block-post-date\"><time datetime=\"2021-09-20T09:58:00+03:00\">20. syyskuun 2021<\/time><\/div>\n\n<\/div>\n\n\n<div class=\"wp-block-post-excerpt\"><p class=\"wp-block-post-excerpt__excerpt\">Luonnollinen sisustus on trendikk\u00e4it\u00e4. Tutustu p\u00f6yt\u00e4koristeisiin, adventtiseppeleisiin ja huonekoristeisiin, joissa joulut\u00e4hti ja mets\u00e4n luonnonmateriaalit ovat avainroolissa<\/p><p class=\"wp-block-post-excerpt__more-text\"><a class=\"wp-block-post-excerpt__more-link\" href=\"https:\/\/starsforeurope.com\/fi\/press\/metsainen-joulu-joulutahdilla-juhlavia-koristeluideoita-joulutahdilla-ja-luonnonmateriaaleilla\/\">Lue lis\u00e4\u00e4<\/a><\/p><\/div>\n<\/li><li class=\"wp-block-post post-5663 press type-press status-publish has-post-thumbnail hentry press_cat-history press_cat-interesting-facts press_main-mediatiedotteet press_main-tietamisen-arvoinen press_main-tieto\">\n<figure style=\"aspect-ratio:1;\" class=\"featuredimage wp-block-post-featured-image\"><a href=\"https:\/\/starsforeurope.com\/fi\/press\/meksikon-legenda-kukoistaa-jouluna\/\" target=\"_self\"  ><img loading=\"lazy\" decoding=\"async\" width=\"875\" height=\"1050\" src=\"https:\/\/starsforeurope.com\/fi\/wp-content\/uploads\/sites\/24\/2022\/09\/2016_Weihnachtsstern_Mexican_Heritage_08.jpg\" class=\"attachment-post-thumbnail size-post-thumbnail wp-post-image\" alt=\"Meksikon legenda kukoistaa jouluna\" style=\"width:100%;height:100%;object-fit:cover;\" srcset=\"https:\/\/starsforeurope.com\/fi\/wp-content\/uploads\/sites\/24\/2022\/09\/2016_Weihnachtsstern_Mexican_Heritage_08.jpg 875w, https:\/\/starsforeurope.com\/fi\/wp-content\/uploads\/sites\/24\/2022\/09\/2016_Weihnachtsstern_Mexican_Heritage_08-250x300.jpg 250w, https:\/\/starsforeurope.com\/fi\/wp-content\/uploads\/sites\/24\/2022\/09\/2016_Weihnachtsstern_Mexican_Heritage_08-853x1024.jpg 853w, https:\/\/starsforeurope.com\/fi\/wp-content\/uploads\/sites\/24\/2022\/09\/2016_Weihnachtsstern_Mexican_Heritage_08-768x922.jpg 768w, https:\/\/starsforeurope.com\/fi\/wp-content\/uploads\/sites\/24\/2022\/09\/2016_Weihnachtsstern_Mexican_Heritage_08-563x675.jpg 563w\" sizes=\"auto, (max-width: 875px) 100vw, 875px\" \/><\/a><\/figure>\n\n<h3 class=\"wp-block-post-title\"><a href=\"https:\/\/starsforeurope.com\/fi\/press\/meksikon-legenda-kukoistaa-jouluna\/\" target=\"_self\" >Meksikon legenda kukoistaa jouluna<\/a><\/h3>\n\n\n<div class=\"wp-block-group postmetaline is-nowrap is-layout-flex wp-container-core-group-is-layout-6c531013 wp-block-group-is-layout-flex\"><div class=\"wp-block-post-date\"><time datetime=\"2019-12-04T11:33:25+02:00\">04. joulukuun 2019<\/time><\/div>\n\n<\/div>\n\n\n<div class=\"wp-block-post-excerpt\"><p class=\"wp-block-post-excerpt__excerpt\">Joulut\u00e4hti on kotoisin Meksikosta ja kasvaa siell\u00e4 jopa viisi metri\u00e4 korkeana pensaana. Opi mit\u00e4 kasvi merkitsi atsteekeille ja sit\u00e4 ymp\u00e4r\u00f6iviin legendoihin<\/p><p class=\"wp-block-post-excerpt__more-text\"><a class=\"wp-block-post-excerpt__more-link\" href=\"https:\/\/starsforeurope.com\/fi\/press\/meksikon-legenda-kukoistaa-jouluna\/\">Lue lis\u00e4\u00e4<\/a><\/p><\/div>\n<\/li><li class=\"wp-block-post post-5692 press type-press status-publish has-post-thumbnail hentry press_cat-care press_cat-interesting-facts press_main-hoito press_main-mediatiedotteet press_main-tietamisen-arvoinen press_main-tieto\">\n<figure style=\"aspect-ratio:1;\" class=\"featuredimage wp-block-post-featured-image\"><a href=\"https:\/\/starsforeurope.com\/fi\/press\/joulutahden-hoidon-abc-mita-lehdet-kertovat\/\" target=\"_self\"  ><img loading=\"lazy\" decoding=\"async\" width=\"875\" height=\"1050\" src=\"https:\/\/starsforeurope.com\/fi\/wp-content\/uploads\/sites\/24\/2022\/09\/2018_poinsettia_0300_Varieties_06.jpg\" class=\"attachment-post-thumbnail size-post-thumbnail wp-post-image\" alt=\"Joulut\u00e4hden hoidon ABC. Mit\u00e4 lehdet kertovat\" style=\"width:100%;height:100%;object-fit:cover;\" srcset=\"https:\/\/starsforeurope.com\/fi\/wp-content\/uploads\/sites\/24\/2022\/09\/2018_poinsettia_0300_Varieties_06.jpg 875w, https:\/\/starsforeurope.com\/fi\/wp-content\/uploads\/sites\/24\/2022\/09\/2018_poinsettia_0300_Varieties_06-250x300.jpg 250w, https:\/\/starsforeurope.com\/fi\/wp-content\/uploads\/sites\/24\/2022\/09\/2018_poinsettia_0300_Varieties_06-853x1024.jpg 853w, https:\/\/starsforeurope.com\/fi\/wp-content\/uploads\/sites\/24\/2022\/09\/2018_poinsettia_0300_Varieties_06-768x922.jpg 768w, https:\/\/starsforeurope.com\/fi\/wp-content\/uploads\/sites\/24\/2022\/09\/2018_poinsettia_0300_Varieties_06-563x675.jpg 563w\" sizes=\"auto, (max-width: 875px) 100vw, 875px\" \/><\/a><\/figure>\n\n<h3 class=\"wp-block-post-title\"><a href=\"https:\/\/starsforeurope.com\/fi\/press\/joulutahden-hoidon-abc-mita-lehdet-kertovat\/\" target=\"_self\" >Joulut\u00e4hden hoidon ABC. Mit\u00e4 lehdet kertovat<\/a><\/h3>\n\n\n<div class=\"wp-block-group postmetaline is-nowrap is-layout-flex wp-container-core-group-is-layout-6c531013 wp-block-group-is-layout-flex\"><div class=\"wp-block-post-date\"><time datetime=\"2018-07-04T14:00:05+03:00\">04. hein\u00e4kuun 2018<\/time><\/div>\n\n<\/div>\n\n\n<div class=\"wp-block-post-excerpt\"><p class=\"wp-block-post-excerpt__excerpt\">Voit kertoa paljon joulut\u00e4hdin tilasta sen lehdist\u00e4. Selit\u00e4mme, mit\u00e4 lehdet paljastavat joulut\u00e4hdest\u00e4 ja mit\u00e4 tehd\u00e4 sairaille kasveille<\/p><p class=\"wp-block-post-excerpt__more-text\"><a class=\"wp-block-post-excerpt__more-link\" href=\"https:\/\/starsforeurope.com\/fi\/press\/joulutahden-hoidon-abc-mita-lehdet-kertovat\/\">Lue lis\u00e4\u00e4<\/a><\/p><\/div>\n<\/li><li class=\"wp-block-post post-5881 press type-press status-publish has-post-thumbnail hentry press_cat-care press_cat-interesting-facts press_main-mediatiedotteet press_main-tietamisen-arvoinen press_main-tieto\">\n<figure style=\"aspect-ratio:1;\" class=\"featuredimage wp-block-post-featured-image\"><a href=\"https:\/\/starsforeurope.com\/fi\/press\/pikavinkit-joulutahden-ostoon\/\" target=\"_self\"  ><img loading=\"lazy\" decoding=\"async\" width=\"875\" height=\"1050\" src=\"https:\/\/starsforeurope.com\/fi\/wp-content\/uploads\/sites\/24\/2022\/09\/2017_Weihnachtsstern_People_19.jpg\" class=\"attachment-post-thumbnail size-post-thumbnail wp-post-image\" alt=\"Pikavinkit joulut\u00e4hden ostoon\" style=\"width:100%;height:100%;object-fit:cover;\" srcset=\"https:\/\/starsforeurope.com\/fi\/wp-content\/uploads\/sites\/24\/2022\/09\/2017_Weihnachtsstern_People_19.jpg 875w, https:\/\/starsforeurope.com\/fi\/wp-content\/uploads\/sites\/24\/2022\/09\/2017_Weihnachtsstern_People_19-250x300.jpg 250w, https:\/\/starsforeurope.com\/fi\/wp-content\/uploads\/sites\/24\/2022\/09\/2017_Weihnachtsstern_People_19-853x1024.jpg 853w, https:\/\/starsforeurope.com\/fi\/wp-content\/uploads\/sites\/24\/2022\/09\/2017_Weihnachtsstern_People_19-768x922.jpg 768w, https:\/\/starsforeurope.com\/fi\/wp-content\/uploads\/sites\/24\/2022\/09\/2017_Weihnachtsstern_People_19-563x675.jpg 563w\" sizes=\"auto, (max-width: 875px) 100vw, 875px\" \/><\/a><\/figure>\n\n<h3 class=\"wp-block-post-title\"><a href=\"https:\/\/starsforeurope.com\/fi\/press\/pikavinkit-joulutahden-ostoon\/\" target=\"_self\" >Pikavinkit joulut\u00e4hden ostoon<\/a><\/h3>\n\n\n<div class=\"wp-block-group postmetaline is-nowrap is-layout-flex wp-container-core-group-is-layout-6c531013 wp-block-group-is-layout-flex\"><div class=\"wp-block-post-date\"><time datetime=\"2017-11-14T14:06:10+02:00\">14. marraskuun 2017<\/time><\/div>\n\n<\/div>\n\n\n<div class=\"wp-block-post-excerpt\"><p class=\"wp-block-post-excerpt__excerpt\">Nautitko joulut\u00e4hdest\u00e4si pitk\u00e4\u00e4n, p\u00e4\u00e4tet\u00e4\u00e4n jo ostohetkell\u00e4. Kerromme sinulle, kuinka voit varmistaa, ett\u00e4 ostat parhaat joulut\u00e4hdet<\/p><p class=\"wp-block-post-excerpt__more-text\"><a class=\"wp-block-post-excerpt__more-link\" href=\"https:\/\/starsforeurope.com\/fi\/press\/pikavinkit-joulutahden-ostoon\/\">Lue lis\u00e4\u00e4<\/a><\/p><\/div>\n<\/li><\/ul>\n\n\n\n<\/div>\n\n\n\n<div style=\"height:3rem\" aria-hidden=\"true\" class=\"wp-block-spacer\"><\/div>\n<\/main>","protected":false},"excerpt":{"rendered":"<p>Saat olennaisia faktoja ja vinkkej\u00e4 joulut\u00e4hdist\u00e4 &#8211; hoidon perusteista mielenkiintoisiin nippelitietoihin &#8211; jotta voit nauttia n\u00e4ist\u00e4 juhlavista kasveista ymp\u00e4ri vuoden.<\/p>\n","protected":false},"author":26,"featured_media":4366,"parent":7261,"menu_order":0,"comment_status":"closed","ping_status":"closed","template":"two-column-press","meta":{"_acf_changed":false,"footnotes":""},"class_list":["post-7267","page","type-page","status-publish","has-post-thumbnail","hentry"],"acf":[],"_links":{"self":[{"href":"https:\/\/starsforeurope.com\/fi\/wp-json\/wp\/v2\/pages\/7267","targetHints":{"allow":["GET"]}}],"collection":[{"href":"https:\/\/starsforeurope.com\/fi\/wp-json\/wp\/v2\/pages"}],"about":[{"href":"https:\/\/starsforeurope.com\/fi\/wp-json\/wp\/v2\/types\/page"}],"author":[{"embeddable":true,"href":"https:\/\/starsforeurope.com\/fi\/wp-json\/wp\/v2\/users\/26"}],"replies":[{"embeddable":true,"href":"https:\/\/starsforeurope.com\/fi\/wp-json\/wp\/v2\/comments?post=7267"}],"version-history":[{"count":1,"href":"https:\/\/starsforeurope.com\/fi\/wp-json\/wp\/v2\/pages\/7267\/revisions"}],"predecessor-version":[{"id":7268,"href":"https:\/\/starsforeurope.com\/fi\/wp-json\/wp\/v2\/pages\/7267\/revisions\/7268"}],"up":[{"embeddable":true,"href":"https:\/\/starsforeurope.com\/fi\/wp-json\/wp\/v2\/pages\/7261"}],"wp:featuredmedia":[{"embeddable":true,"href":"https:\/\/starsforeurope.com\/fi\/wp-json\/wp\/v2\/media\/4366"}],"wp:attachment":[{"href":"https:\/\/starsforeurope.com\/fi\/wp-json\/wp\/v2\/media?parent=7267"}],"curies":[{"name":"wp","href":"https:\/\/api.w.org\/{rel}","templated":true}]}}