{"id":7265,"date":"2025-08-25T11:10:21","date_gmt":"2025-08-25T08:10:21","guid":{"rendered":"https:\/\/starsforeurope.com\/fi\/?page_id=7265"},"modified":"2025-08-25T23:20:14","modified_gmt":"2025-08-25T20:20:14","slug":"erilaisuus-pr","status":"publish","type":"page","link":"https:\/\/starsforeurope.com\/fi\/tieto-pr\/erilaisuus-pr\/","title":{"rendered":"Poinsettialajikkeet"},"content":{"rendered":"<main class=\"wp-block-group postimage-half wide-content is-layout-flow wp-block-group-is-layout-flow\" style=\"margin-top:var(--wp--preset--spacing--50)\">\n<div style=\"height:3rem\" aria-hidden=\"true\" class=\"wp-block-spacer\"><\/div>\n\n\n\n<div class=\"wp-block-query is-layout-flow wp-block-query-is-layout-flow\"><ul class=\"columns-2 wp-block-post-template is-layout-grid wp-container-core-post-template-is-layout-37ef2942 wp-block-post-template-is-layout-grid\"><li class=\"wp-block-post post-5658 press type-press status-publish has-post-thumbnail hentry press_cat-variety press_main-erilaisuus press_main-mediatiedotteet press_main-tieto\">\n<figure style=\"aspect-ratio:1;\" class=\"featuredimage wp-block-post-featured-image\"><a href=\"https:\/\/starsforeurope.com\/fi\/press\/joulutahden-monet-kasvot\/\" target=\"_self\"  ><img loading=\"lazy\" decoding=\"async\" width=\"875\" height=\"1050\" src=\"https:\/\/starsforeurope.com\/fi\/wp-content\/uploads\/sites\/24\/2022\/09\/2019_poinsettia_02000_christmas_wonderland_40-1.jpg\" class=\"attachment-post-thumbnail size-post-thumbnail wp-post-image\" alt=\"Joulut\u00e4hden monet kasvot\" style=\"width:100%;height:100%;object-fit:cover;\" srcset=\"https:\/\/starsforeurope.com\/fi\/wp-content\/uploads\/sites\/24\/2022\/09\/2019_poinsettia_02000_christmas_wonderland_40-1.jpg 875w, https:\/\/starsforeurope.com\/fi\/wp-content\/uploads\/sites\/24\/2022\/09\/2019_poinsettia_02000_christmas_wonderland_40-1-250x300.jpg 250w, https:\/\/starsforeurope.com\/fi\/wp-content\/uploads\/sites\/24\/2022\/09\/2019_poinsettia_02000_christmas_wonderland_40-1-853x1024.jpg 853w, https:\/\/starsforeurope.com\/fi\/wp-content\/uploads\/sites\/24\/2022\/09\/2019_poinsettia_02000_christmas_wonderland_40-1-768x922.jpg 768w, https:\/\/starsforeurope.com\/fi\/wp-content\/uploads\/sites\/24\/2022\/09\/2019_poinsettia_02000_christmas_wonderland_40-1-563x675.jpg 563w\" sizes=\"auto, (max-width: 875px) 100vw, 875px\" \/><\/a><\/figure>\n\n<h3 class=\"wp-block-post-title\"><a href=\"https:\/\/starsforeurope.com\/fi\/press\/joulutahden-monet-kasvot\/\" target=\"_self\" >Joulut\u00e4hden monet kasvot<\/a><\/h3>\n\n\n<div class=\"wp-block-group postmetaline is-nowrap is-layout-flex wp-container-core-group-is-layout-6c531013 wp-block-group-is-layout-flex\"><div class=\"wp-block-post-date\"><time datetime=\"2019-12-04T11:29:22+02:00\">04. joulukuun 2019<\/time><\/div>\n\n<\/div>\n\n\n<div class=\"wp-block-post-excerpt\"><p class=\"wp-block-post-excerpt__excerpt\">Nykyaikaiset joulut\u00e4htilajikkeet ovat eritt\u00e4in erilaisia. Ne eroavat toisistaan \u200b\u200bv\u00e4rin, kasvun, koon ja jopa lehtien muodon suhteen. Valmistaudu yll\u00e4ttym\u00e4\u00e4n<\/p><p class=\"wp-block-post-excerpt__more-text\"><a class=\"wp-block-post-excerpt__more-link\" href=\"https:\/\/starsforeurope.com\/fi\/press\/joulutahden-monet-kasvot\/\">Lue lis\u00e4\u00e4<\/a><\/p><\/div>\n<\/li><li class=\"wp-block-post post-5750 press type-press status-publish has-post-thumbnail hentry press_cat-variety press_main-erilaisuus press_main-mediatiedotteet press_main-tieto\">\n<figure style=\"aspect-ratio:1;\" class=\"featuredimage wp-block-post-featured-image\"><a href=\"https:\/\/starsforeurope.com\/fi\/press\/erilaisia-joulutahtia-joulutahdesta-joulun-suosikkikasvista-loytyy-paljon-erilaisia-muotoja-vareja-ja-kokoja\/\" target=\"_self\"  ><img loading=\"lazy\" decoding=\"async\" width=\"875\" height=\"1050\" src=\"https:\/\/starsforeurope.com\/fi\/wp-content\/uploads\/sites\/24\/2022\/09\/2018_poinsettia_0300_Varieties_01-1.jpg\" class=\"attachment-post-thumbnail size-post-thumbnail wp-post-image\" alt=\"Erilaisia joulut\u00e4hti\u00e4. Joulut\u00e4hdest\u00e4, joulun suosikkikasvista, l\u00f6ytyy paljon erilaisia muotoja, v\u00e4rej\u00e4 ja kokoja\" style=\"width:100%;height:100%;object-fit:cover;\" srcset=\"https:\/\/starsforeurope.com\/fi\/wp-content\/uploads\/sites\/24\/2022\/09\/2018_poinsettia_0300_Varieties_01-1.jpg 875w, https:\/\/starsforeurope.com\/fi\/wp-content\/uploads\/sites\/24\/2022\/09\/2018_poinsettia_0300_Varieties_01-1-250x300.jpg 250w, https:\/\/starsforeurope.com\/fi\/wp-content\/uploads\/sites\/24\/2022\/09\/2018_poinsettia_0300_Varieties_01-1-853x1024.jpg 853w, https:\/\/starsforeurope.com\/fi\/wp-content\/uploads\/sites\/24\/2022\/09\/2018_poinsettia_0300_Varieties_01-1-768x922.jpg 768w, https:\/\/starsforeurope.com\/fi\/wp-content\/uploads\/sites\/24\/2022\/09\/2018_poinsettia_0300_Varieties_01-1-563x675.jpg 563w\" sizes=\"auto, (max-width: 875px) 100vw, 875px\" \/><\/a><\/figure>\n\n<h3 class=\"wp-block-post-title\"><a href=\"https:\/\/starsforeurope.com\/fi\/press\/erilaisia-joulutahtia-joulutahdesta-joulun-suosikkikasvista-loytyy-paljon-erilaisia-muotoja-vareja-ja-kokoja\/\" target=\"_self\" >Erilaisia joulut\u00e4hti\u00e4. Joulut\u00e4hdest\u00e4, joulun suosikkikasvista, l\u00f6ytyy paljon erilaisia muotoja, v\u00e4rej\u00e4 ja kokoja<\/a><\/h3>\n\n\n<div class=\"wp-block-group postmetaline is-nowrap is-layout-flex wp-container-core-group-is-layout-6c531013 wp-block-group-is-layout-flex\"><div class=\"wp-block-post-date\"><time datetime=\"2018-08-15T08:32:12+03:00\">15. elokuun 2018<\/time><\/div>\n\n<\/div>\n\n\n<div class=\"wp-block-post-excerpt\"><p class=\"wp-block-post-excerpt__excerpt\">Joulut\u00e4hti on t\u00e4ydellinen kukka juhlap\u00f6yd\u00e4n koristeluun. Luo kauniita juhlap\u00f6yti\u00e4 joulut\u00e4htill\u00e4 leikkokukina tai ruukkukasveina<\/p><p class=\"wp-block-post-excerpt__more-text\"><a class=\"wp-block-post-excerpt__more-link\" href=\"https:\/\/starsforeurope.com\/fi\/press\/erilaisia-joulutahtia-joulutahdesta-joulun-suosikkikasvista-loytyy-paljon-erilaisia-muotoja-vareja-ja-kokoja\/\">Lue lis\u00e4\u00e4<\/a><\/p><\/div>\n<\/li><\/ul>\n\n\n\n<\/div>\n\n\n\n<div style=\"height:3rem\" aria-hidden=\"true\" class=\"wp-block-spacer\"><\/div>\n<\/main>","protected":false},"excerpt":{"rendered":"<p>Tutustu moniin joulut\u00e4hti-lajikkeisiin perinteisist\u00e4 punaisista v\u00e4rist\u00e4 elinvoimaisiin vaaleanpunaisiin ja valkoisiin, ja kerro, mik\u00e4 tekee jokaisesta niist\u00e4 erityisen.<\/p>\n","protected":false},"author":26,"featured_media":4366,"parent":7261,"menu_order":0,"comment_status":"closed","ping_status":"closed","template":"two-column-press","meta":{"_acf_changed":false,"footnotes":""},"class_list":["post-7265","page","type-page","status-publish","has-post-thumbnail","hentry"],"acf":[],"_links":{"self":[{"href":"https:\/\/starsforeurope.com\/fi\/wp-json\/wp\/v2\/pages\/7265","targetHints":{"allow":["GET"]}}],"collection":[{"href":"https:\/\/starsforeurope.com\/fi\/wp-json\/wp\/v2\/pages"}],"about":[{"href":"https:\/\/starsforeurope.com\/fi\/wp-json\/wp\/v2\/types\/page"}],"author":[{"embeddable":true,"href":"https:\/\/starsforeurope.com\/fi\/wp-json\/wp\/v2\/users\/26"}],"replies":[{"embeddable":true,"href":"https:\/\/starsforeurope.com\/fi\/wp-json\/wp\/v2\/comments?post=7265"}],"version-history":[{"count":1,"href":"https:\/\/starsforeurope.com\/fi\/wp-json\/wp\/v2\/pages\/7265\/revisions"}],"predecessor-version":[{"id":7266,"href":"https:\/\/starsforeurope.com\/fi\/wp-json\/wp\/v2\/pages\/7265\/revisions\/7266"}],"up":[{"embeddable":true,"href":"https:\/\/starsforeurope.com\/fi\/wp-json\/wp\/v2\/pages\/7261"}],"wp:featuredmedia":[{"embeddable":true,"href":"https:\/\/starsforeurope.com\/fi\/wp-json\/wp\/v2\/media\/4366"}],"wp:attachment":[{"href":"https:\/\/starsforeurope.com\/fi\/wp-json\/wp\/v2\/media?parent=7265"}],"curies":[{"name":"wp","href":"https:\/\/api.w.org\/{rel}","templated":true}]}}