{"id":7261,"date":"2025-08-25T11:04:02","date_gmt":"2025-08-25T08:04:02","guid":{"rendered":"https:\/\/starsforeurope.com\/fi\/?page_id=7261"},"modified":"2025-08-25T23:20:14","modified_gmt":"2025-08-25T20:20:14","slug":"tieto-pr","status":"publish","type":"page","link":"https:\/\/starsforeurope.com\/fi\/tieto-pr\/","title":{"rendered":"Tutustu kaikkeen, mit\u00e4 sinun tarvitsee tiet\u00e4\u00e4 t\u00e4st\u00e4 erityisest\u00e4 juhlakasvista."},"content":{"rendered":"<main class=\"wp-block-group postimage-half wide-content is-layout-flow wp-block-group-is-layout-flow\" style=\"margin-top:var(--wp--preset--spacing--50)\">\n<div style=\"height:3rem\" aria-hidden=\"true\" class=\"wp-block-spacer\"><\/div>\n\n\n\n<div class=\"wp-block-query is-layout-flow wp-block-query-is-layout-flow\"><ul class=\"columns-2 wp-block-post-template is-layout-grid wp-container-core-post-template-is-layout-37ef2942 wp-block-post-template-is-layout-grid\"><li class=\"wp-block-post post-4979 press type-press status-publish has-post-thumbnail hentry press_cat-diy press_cat-decoration-tips press_main-mediatiedotteet press_main-tietamisen-arvoinen press_main-tieto\">\n<figure style=\"aspect-ratio:1;\" class=\"featuredimage wp-block-post-featured-image\"><a href=\"https:\/\/starsforeurope.com\/fi\/press\/metsainen-joulu-joulutahdilla-juhlavia-koristeluideoita-joulutahdilla-ja-luonnonmateriaaleilla\/\" target=\"_self\"  ><img loading=\"lazy\" decoding=\"async\" width=\"875\" height=\"1050\" src=\"https:\/\/starsforeurope.com\/fi\/wp-content\/uploads\/sites\/24\/2022\/09\/2021-poinsettia-05000-christmas-woodla.jpg\" class=\"attachment-post-thumbnail size-post-thumbnail wp-post-image\" alt=\"Mets\u00e4inen joulu joulut\u00e4hdill\u00e4. Juhlavia koristeluideoita joulut\u00e4hdill\u00e4 ja luonnonmateriaaleilla\" style=\"width:100%;height:100%;object-fit:cover;\" srcset=\"https:\/\/starsforeurope.com\/fi\/wp-content\/uploads\/sites\/24\/2022\/09\/2021-poinsettia-05000-christmas-woodla.jpg 875w, https:\/\/starsforeurope.com\/fi\/wp-content\/uploads\/sites\/24\/2022\/09\/2021-poinsettia-05000-christmas-woodla-250x300.jpg 250w, https:\/\/starsforeurope.com\/fi\/wp-content\/uploads\/sites\/24\/2022\/09\/2021-poinsettia-05000-christmas-woodla-853x1024.jpg 853w, https:\/\/starsforeurope.com\/fi\/wp-content\/uploads\/sites\/24\/2022\/09\/2021-poinsettia-05000-christmas-woodla-768x922.jpg 768w, https:\/\/starsforeurope.com\/fi\/wp-content\/uploads\/sites\/24\/2022\/09\/2021-poinsettia-05000-christmas-woodla-563x675.jpg 563w\" sizes=\"auto, (max-width: 875px) 100vw, 875px\" \/><\/a><\/figure>\n\n<h3 class=\"wp-block-post-title\"><a href=\"https:\/\/starsforeurope.com\/fi\/press\/metsainen-joulu-joulutahdilla-juhlavia-koristeluideoita-joulutahdilla-ja-luonnonmateriaaleilla\/\" target=\"_self\" >Mets\u00e4inen joulu joulut\u00e4hdill\u00e4. Juhlavia koristeluideoita joulut\u00e4hdill\u00e4 ja luonnonmateriaaleilla<\/a><\/h3>\n\n\n<div class=\"wp-block-group postmetaline is-nowrap is-layout-flex wp-container-core-group-is-layout-6c531013 wp-block-group-is-layout-flex\"><div class=\"wp-block-post-date\"><time datetime=\"2021-09-20T09:58:00+03:00\">20. syyskuun 2021<\/time><\/div>\n\n<\/div>\n\n\n<div class=\"wp-block-post-excerpt\"><p class=\"wp-block-post-excerpt__excerpt\">Luonnollinen sisustus on trendikk\u00e4it\u00e4. Tutustu p\u00f6yt\u00e4koristeisiin, adventtiseppeleisiin ja huonekoristeisiin, joissa joulut\u00e4hti ja mets\u00e4n luonnonmateriaalit ovat avainroolissa<\/p><p class=\"wp-block-post-excerpt__more-text\"><a class=\"wp-block-post-excerpt__more-link\" href=\"https:\/\/starsforeurope.com\/fi\/press\/metsainen-joulu-joulutahdilla-juhlavia-koristeluideoita-joulutahdilla-ja-luonnonmateriaaleilla\/\">Lue lis\u00e4\u00e4<\/a><\/p><\/div>\n<\/li><li class=\"wp-block-post post-5663 press type-press status-publish has-post-thumbnail hentry press_cat-history press_cat-interesting-facts press_main-mediatiedotteet press_main-tietamisen-arvoinen press_main-tieto\">\n<figure style=\"aspect-ratio:1;\" class=\"featuredimage wp-block-post-featured-image\"><a href=\"https:\/\/starsforeurope.com\/fi\/press\/meksikon-legenda-kukoistaa-jouluna\/\" target=\"_self\"  ><img loading=\"lazy\" decoding=\"async\" width=\"875\" height=\"1050\" src=\"https:\/\/starsforeurope.com\/fi\/wp-content\/uploads\/sites\/24\/2022\/09\/2016_Weihnachtsstern_Mexican_Heritage_08.jpg\" class=\"attachment-post-thumbnail size-post-thumbnail wp-post-image\" alt=\"Meksikon legenda kukoistaa jouluna\" style=\"width:100%;height:100%;object-fit:cover;\" srcset=\"https:\/\/starsforeurope.com\/fi\/wp-content\/uploads\/sites\/24\/2022\/09\/2016_Weihnachtsstern_Mexican_Heritage_08.jpg 875w, https:\/\/starsforeurope.com\/fi\/wp-content\/uploads\/sites\/24\/2022\/09\/2016_Weihnachtsstern_Mexican_Heritage_08-250x300.jpg 250w, https:\/\/starsforeurope.com\/fi\/wp-content\/uploads\/sites\/24\/2022\/09\/2016_Weihnachtsstern_Mexican_Heritage_08-853x1024.jpg 853w, https:\/\/starsforeurope.com\/fi\/wp-content\/uploads\/sites\/24\/2022\/09\/2016_Weihnachtsstern_Mexican_Heritage_08-768x922.jpg 768w, https:\/\/starsforeurope.com\/fi\/wp-content\/uploads\/sites\/24\/2022\/09\/2016_Weihnachtsstern_Mexican_Heritage_08-563x675.jpg 563w\" sizes=\"auto, (max-width: 875px) 100vw, 875px\" \/><\/a><\/figure>\n\n<h3 class=\"wp-block-post-title\"><a href=\"https:\/\/starsforeurope.com\/fi\/press\/meksikon-legenda-kukoistaa-jouluna\/\" target=\"_self\" >Meksikon legenda kukoistaa jouluna<\/a><\/h3>\n\n\n<div class=\"wp-block-group postmetaline is-nowrap is-layout-flex wp-container-core-group-is-layout-6c531013 wp-block-group-is-layout-flex\"><div class=\"wp-block-post-date\"><time datetime=\"2019-12-04T11:33:25+02:00\">04. joulukuun 2019<\/time><\/div>\n\n<\/div>\n\n\n<div class=\"wp-block-post-excerpt\"><p class=\"wp-block-post-excerpt__excerpt\">Joulut\u00e4hti on kotoisin Meksikosta ja kasvaa siell\u00e4 jopa viisi metri\u00e4 korkeana pensaana. Opi mit\u00e4 kasvi merkitsi atsteekeille ja sit\u00e4 ymp\u00e4r\u00f6iviin legendoihin<\/p><p class=\"wp-block-post-excerpt__more-text\"><a class=\"wp-block-post-excerpt__more-link\" href=\"https:\/\/starsforeurope.com\/fi\/press\/meksikon-legenda-kukoistaa-jouluna\/\">Lue lis\u00e4\u00e4<\/a><\/p><\/div>\n<\/li><li class=\"wp-block-post post-5658 press type-press status-publish has-post-thumbnail hentry press_cat-variety press_main-erilaisuus press_main-mediatiedotteet press_main-tieto\">\n<figure style=\"aspect-ratio:1;\" class=\"featuredimage wp-block-post-featured-image\"><a href=\"https:\/\/starsforeurope.com\/fi\/press\/joulutahden-monet-kasvot\/\" target=\"_self\"  ><img loading=\"lazy\" decoding=\"async\" width=\"875\" height=\"1050\" src=\"https:\/\/starsforeurope.com\/fi\/wp-content\/uploads\/sites\/24\/2022\/09\/2019_poinsettia_02000_christmas_wonderland_40-1.jpg\" class=\"attachment-post-thumbnail size-post-thumbnail wp-post-image\" alt=\"Joulut\u00e4hden monet kasvot\" style=\"width:100%;height:100%;object-fit:cover;\" srcset=\"https:\/\/starsforeurope.com\/fi\/wp-content\/uploads\/sites\/24\/2022\/09\/2019_poinsettia_02000_christmas_wonderland_40-1.jpg 875w, https:\/\/starsforeurope.com\/fi\/wp-content\/uploads\/sites\/24\/2022\/09\/2019_poinsettia_02000_christmas_wonderland_40-1-250x300.jpg 250w, https:\/\/starsforeurope.com\/fi\/wp-content\/uploads\/sites\/24\/2022\/09\/2019_poinsettia_02000_christmas_wonderland_40-1-853x1024.jpg 853w, https:\/\/starsforeurope.com\/fi\/wp-content\/uploads\/sites\/24\/2022\/09\/2019_poinsettia_02000_christmas_wonderland_40-1-768x922.jpg 768w, https:\/\/starsforeurope.com\/fi\/wp-content\/uploads\/sites\/24\/2022\/09\/2019_poinsettia_02000_christmas_wonderland_40-1-563x675.jpg 563w\" sizes=\"auto, (max-width: 875px) 100vw, 875px\" \/><\/a><\/figure>\n\n<h3 class=\"wp-block-post-title\"><a href=\"https:\/\/starsforeurope.com\/fi\/press\/joulutahden-monet-kasvot\/\" target=\"_self\" >Joulut\u00e4hden monet kasvot<\/a><\/h3>\n\n\n<div class=\"wp-block-group postmetaline is-nowrap is-layout-flex wp-container-core-group-is-layout-6c531013 wp-block-group-is-layout-flex\"><div class=\"wp-block-post-date\"><time datetime=\"2019-12-04T11:29:22+02:00\">04. joulukuun 2019<\/time><\/div>\n\n<\/div>\n\n\n<div class=\"wp-block-post-excerpt\"><p class=\"wp-block-post-excerpt__excerpt\">Nykyaikaiset joulut\u00e4htilajikkeet ovat eritt\u00e4in erilaisia. Ne eroavat toisistaan \u200b\u200bv\u00e4rin, kasvun, koon ja jopa lehtien muodon suhteen. Valmistaudu yll\u00e4ttym\u00e4\u00e4n<\/p><p class=\"wp-block-post-excerpt__more-text\"><a class=\"wp-block-post-excerpt__more-link\" href=\"https:\/\/starsforeurope.com\/fi\/press\/joulutahden-monet-kasvot\/\">Lue lis\u00e4\u00e4<\/a><\/p><\/div>\n<\/li><li class=\"wp-block-post post-5750 press type-press status-publish has-post-thumbnail hentry press_cat-variety press_main-erilaisuus press_main-mediatiedotteet press_main-tieto\">\n<figure style=\"aspect-ratio:1;\" class=\"featuredimage wp-block-post-featured-image\"><a href=\"https:\/\/starsforeurope.com\/fi\/press\/erilaisia-joulutahtia-joulutahdesta-joulun-suosikkikasvista-loytyy-paljon-erilaisia-muotoja-vareja-ja-kokoja\/\" target=\"_self\"  ><img loading=\"lazy\" decoding=\"async\" width=\"875\" height=\"1050\" src=\"https:\/\/starsforeurope.com\/fi\/wp-content\/uploads\/sites\/24\/2022\/09\/2018_poinsettia_0300_Varieties_01-1.jpg\" class=\"attachment-post-thumbnail size-post-thumbnail wp-post-image\" alt=\"Erilaisia joulut\u00e4hti\u00e4. Joulut\u00e4hdest\u00e4, joulun suosikkikasvista, l\u00f6ytyy paljon erilaisia muotoja, v\u00e4rej\u00e4 ja kokoja\" style=\"width:100%;height:100%;object-fit:cover;\" srcset=\"https:\/\/starsforeurope.com\/fi\/wp-content\/uploads\/sites\/24\/2022\/09\/2018_poinsettia_0300_Varieties_01-1.jpg 875w, https:\/\/starsforeurope.com\/fi\/wp-content\/uploads\/sites\/24\/2022\/09\/2018_poinsettia_0300_Varieties_01-1-250x300.jpg 250w, https:\/\/starsforeurope.com\/fi\/wp-content\/uploads\/sites\/24\/2022\/09\/2018_poinsettia_0300_Varieties_01-1-853x1024.jpg 853w, https:\/\/starsforeurope.com\/fi\/wp-content\/uploads\/sites\/24\/2022\/09\/2018_poinsettia_0300_Varieties_01-1-768x922.jpg 768w, https:\/\/starsforeurope.com\/fi\/wp-content\/uploads\/sites\/24\/2022\/09\/2018_poinsettia_0300_Varieties_01-1-563x675.jpg 563w\" sizes=\"auto, (max-width: 875px) 100vw, 875px\" \/><\/a><\/figure>\n\n<h3 class=\"wp-block-post-title\"><a href=\"https:\/\/starsforeurope.com\/fi\/press\/erilaisia-joulutahtia-joulutahdesta-joulun-suosikkikasvista-loytyy-paljon-erilaisia-muotoja-vareja-ja-kokoja\/\" target=\"_self\" >Erilaisia joulut\u00e4hti\u00e4. Joulut\u00e4hdest\u00e4, joulun suosikkikasvista, l\u00f6ytyy paljon erilaisia muotoja, v\u00e4rej\u00e4 ja kokoja<\/a><\/h3>\n\n\n<div class=\"wp-block-group postmetaline is-nowrap is-layout-flex wp-container-core-group-is-layout-6c531013 wp-block-group-is-layout-flex\"><div class=\"wp-block-post-date\"><time datetime=\"2018-08-15T08:32:12+03:00\">15. elokuun 2018<\/time><\/div>\n\n<\/div>\n\n\n<div class=\"wp-block-post-excerpt\"><p class=\"wp-block-post-excerpt__excerpt\">Joulut\u00e4hti on t\u00e4ydellinen kukka juhlap\u00f6yd\u00e4n koristeluun. Luo kauniita juhlap\u00f6yti\u00e4 joulut\u00e4htill\u00e4 leikkokukina tai ruukkukasveina<\/p><p class=\"wp-block-post-excerpt__more-text\"><a class=\"wp-block-post-excerpt__more-link\" href=\"https:\/\/starsforeurope.com\/fi\/press\/erilaisia-joulutahtia-joulutahdesta-joulun-suosikkikasvista-loytyy-paljon-erilaisia-muotoja-vareja-ja-kokoja\/\">Lue lis\u00e4\u00e4<\/a><\/p><\/div>\n<\/li><\/ul>\n\n<nav class=\"wp-block-query-pagination is-content-justification-center is-layout-flex wp-container-core-query-pagination-is-layout-a89b3969 wp-block-query-pagination-is-layout-flex\" aria-label=\"Sivutus\">\n\n\n<div class=\"wp-block-query-pagination-numbers has-medium-font-size\"><span aria-current=\"page\" class=\"page-numbers current\">1<\/span>\n<a class=\"page-numbers\" href=\"?query-0-page=2\">2<\/a><\/div>\n\n<a href=\"\/fi\/wp-json\/wp\/v2\/pages\/7261?query-0-page=2\" class=\"wp-block-query-pagination-next\">\u22b3<\/a>\n<\/nav>\n\n<\/div>\n\n\n\n<div style=\"height:3rem\" aria-hidden=\"true\" class=\"wp-block-spacer\"><\/div>\n<\/main>","protected":false},"excerpt":{"rendered":"<p>Se on yksi maailman suosituimmista kasveista, mutta kuinka paljon tied\u00e4t joulut\u00e4hdest\u00e4? Ne saattavat yll\u00e4tt\u00e4\u00e4 sinut. Tutustu niiden kiehtovaan historiaan, alkuper\u00e4\u00e4n, k\u00e4ytt\u00f6tarkoituksiin ja lajikevalikoimaan.<\/p>\n","protected":false},"author":26,"featured_media":4366,"parent":0,"menu_order":0,"comment_status":"closed","ping_status":"closed","template":"two-column-press","meta":{"_acf_changed":false,"footnotes":""},"class_list":["post-7261","page","type-page","status-publish","has-post-thumbnail","hentry"],"acf":[],"_links":{"self":[{"href":"https:\/\/starsforeurope.com\/fi\/wp-json\/wp\/v2\/pages\/7261","targetHints":{"allow":["GET"]}}],"collection":[{"href":"https:\/\/starsforeurope.com\/fi\/wp-json\/wp\/v2\/pages"}],"about":[{"href":"https:\/\/starsforeurope.com\/fi\/wp-json\/wp\/v2\/types\/page"}],"author":[{"embeddable":true,"href":"https:\/\/starsforeurope.com\/fi\/wp-json\/wp\/v2\/users\/26"}],"replies":[{"embeddable":true,"href":"https:\/\/starsforeurope.com\/fi\/wp-json\/wp\/v2\/comments?post=7261"}],"version-history":[{"count":1,"href":"https:\/\/starsforeurope.com\/fi\/wp-json\/wp\/v2\/pages\/7261\/revisions"}],"predecessor-version":[{"id":7262,"href":"https:\/\/starsforeurope.com\/fi\/wp-json\/wp\/v2\/pages\/7261\/revisions\/7262"}],"wp:featuredmedia":[{"embeddable":true,"href":"https:\/\/starsforeurope.com\/fi\/wp-json\/wp\/v2\/media\/4366"}],"wp:attachment":[{"href":"https:\/\/starsforeurope.com\/fi\/wp-json\/wp\/v2\/media?parent=7261"}],"curies":[{"name":"wp","href":"https:\/\/api.w.org\/{rel}","templated":true}]}}