{"id":7,"date":"2023-08-01T18:38:03","date_gmt":"2023-08-01T15:38:03","guid":{"rendered":"https:\/\/starsforeurope.com\/fi\/?page_id=7"},"modified":"2025-09-22T13:42:03","modified_gmt":"2025-09-22T10:42:03","slug":"tiedotteet","status":"publish","type":"page","link":"https:\/\/starsforeurope.com\/fi\/","title":{"rendered":"Etsitk\u00f6 kukkaista sis\u00e4lt\u00f6\u00e4?"},"content":{"rendered":"<main class=\"wp-block-group postimage-half wide-content is-layout-flow wp-block-group-is-layout-flow\" style=\"margin-top:var(--wp--preset--spacing--50)\">\n<div style=\"height:3rem\" aria-hidden=\"true\" class=\"wp-block-spacer\"><\/div>\n\n\n\n<div class=\"wp-block-query is-layout-flow wp-block-query-is-layout-flow\"><ul class=\"columns-2 wp-block-post-template is-layout-grid wp-container-core-post-template-is-layout-37ef2942 wp-block-post-template-is-layout-grid\"><li class=\"wp-block-post post-7331 press type-press status-publish has-post-thumbnail hentry press_cat-advent-decoration press_cat-winter-decor press_main-adventtikoristeet press_main-leikkokukat press_main-mediatiedotteet press_main-syyskoristeet-green-living\">\n<figure style=\"aspect-ratio:1;\" class=\"featuredimage wp-block-post-featured-image\"><a href=\"https:\/\/starsforeurope.com\/fi\/press\/ei-pelkkaa-punaista-4-yllattavaa-ideaa-joulutahdista\/\" target=\"_self\"  ><img loading=\"lazy\" decoding=\"async\" width=\"875\" height=\"1050\" src=\"https:\/\/starsforeurope.com\/fi\/wp-content\/uploads\/sites\/24\/2025\/12\/2025_Poinsettia_05000_Exotic_Glow_05.jpg\" class=\"attachment-post-thumbnail size-post-thumbnail wp-post-image\" alt=\"Ei pelkk\u00e4\u00e4 punaista \u2013 4 yll\u00e4tt\u00e4v\u00e4\u00e4 ideaa joulut\u00e4hdist\u00e4\" style=\"width:100%;height:100%;object-fit:cover;\" srcset=\"https:\/\/starsforeurope.com\/fi\/wp-content\/uploads\/sites\/24\/2025\/12\/2025_Poinsettia_05000_Exotic_Glow_05.jpg 875w, https:\/\/starsforeurope.com\/fi\/wp-content\/uploads\/sites\/24\/2025\/12\/2025_Poinsettia_05000_Exotic_Glow_05-250x300.jpg 250w, https:\/\/starsforeurope.com\/fi\/wp-content\/uploads\/sites\/24\/2025\/12\/2025_Poinsettia_05000_Exotic_Glow_05-853x1024.jpg 853w, https:\/\/starsforeurope.com\/fi\/wp-content\/uploads\/sites\/24\/2025\/12\/2025_Poinsettia_05000_Exotic_Glow_05-768x922.jpg 768w\" sizes=\"auto, (max-width: 875px) 100vw, 875px\" \/><\/a><\/figure>\n\n<h3 class=\"wp-block-post-title\"><a href=\"https:\/\/starsforeurope.com\/fi\/press\/ei-pelkkaa-punaista-4-yllattavaa-ideaa-joulutahdista\/\" target=\"_self\" >Ei pelkk\u00e4\u00e4 punaista \u2013 4 yll\u00e4tt\u00e4v\u00e4\u00e4 ideaa joulut\u00e4hdist\u00e4<\/a><\/h3>\n\n\n<div class=\"wp-block-group postmetaline is-nowrap is-layout-flex wp-container-core-group-is-layout-6c531013 wp-block-group-is-layout-flex\"><div class=\"wp-block-post-date\"><time datetime=\"2025-12-11T10:00:00+02:00\">11. joulukuun 2025<\/time><\/div>\n\n<\/div>\n\n\n<div class=\"wp-block-post-excerpt\"><p class=\"wp-block-post-excerpt__excerpt\">Joulut\u00e4hdest\u00e4 on moneen, eik\u00e4 sen tarvitse olla aina joulunpunaisena keskipisteen\u00e4 olohuoneessa.<\/p><p class=\"wp-block-post-excerpt__more-text\"><a class=\"wp-block-post-excerpt__more-link\" href=\"https:\/\/starsforeurope.com\/fi\/press\/ei-pelkkaa-punaista-4-yllattavaa-ideaa-joulutahdista\/\">Lue lis\u00e4\u00e4<\/a><\/p><\/div>\n<\/li><li class=\"wp-block-post post-7328 press type-press status-publish has-post-thumbnail hentry press_cat-care press_main-hoito press_main-mediatiedotteet\">\n<figure style=\"aspect-ratio:1;\" class=\"featuredimage wp-block-post-featured-image\"><a href=\"https:\/\/starsforeurope.com\/fi\/press\/joulutahti-loistamaan-loppuvuodeksi-4-helppoa-askelta-kestavaan-kukintaan\/\" target=\"_self\"  ><img loading=\"lazy\" decoding=\"async\" width=\"875\" height=\"1050\" src=\"https:\/\/starsforeurope.com\/fi\/wp-content\/uploads\/sites\/24\/2025\/12\/2025_Poinsettia_03000_Traditional_Christmas_Spirit_46.jpg\" class=\"attachment-post-thumbnail size-post-thumbnail wp-post-image\" alt=\"Joulut\u00e4hti loistamaan loppuvuodeksi: 4 helppoa askelta kest\u00e4v\u00e4\u00e4n kukintaan.\" style=\"width:100%;height:100%;object-fit:cover;\" srcset=\"https:\/\/starsforeurope.com\/fi\/wp-content\/uploads\/sites\/24\/2025\/12\/2025_Poinsettia_03000_Traditional_Christmas_Spirit_46.jpg 875w, https:\/\/starsforeurope.com\/fi\/wp-content\/uploads\/sites\/24\/2025\/12\/2025_Poinsettia_03000_Traditional_Christmas_Spirit_46-250x300.jpg 250w, https:\/\/starsforeurope.com\/fi\/wp-content\/uploads\/sites\/24\/2025\/12\/2025_Poinsettia_03000_Traditional_Christmas_Spirit_46-853x1024.jpg 853w, https:\/\/starsforeurope.com\/fi\/wp-content\/uploads\/sites\/24\/2025\/12\/2025_Poinsettia_03000_Traditional_Christmas_Spirit_46-768x922.jpg 768w\" sizes=\"auto, (max-width: 875px) 100vw, 875px\" \/><\/a><\/figure>\n\n<h3 class=\"wp-block-post-title\"><a href=\"https:\/\/starsforeurope.com\/fi\/press\/joulutahti-loistamaan-loppuvuodeksi-4-helppoa-askelta-kestavaan-kukintaan\/\" target=\"_self\" >Joulut\u00e4hti loistamaan loppuvuodeksi: 4 helppoa askelta kest\u00e4v\u00e4\u00e4n kukintaan.<\/a><\/h3>\n\n\n<div class=\"wp-block-group postmetaline is-nowrap is-layout-flex wp-container-core-group-is-layout-6c531013 wp-block-group-is-layout-flex\"><div class=\"wp-block-post-date\"><time datetime=\"2025-12-10T08:00:00+02:00\">10. joulukuun 2025<\/time><\/div>\n\n<\/div>\n\n\n<div class=\"wp-block-post-excerpt\"><p class=\"wp-block-post-excerpt__excerpt\">T\u00e4\u00e4lt\u00e4 saat vinkkej\u00e4, joiden avulla joulukukat pysyv\u00e4t kauniina useita viikkoja.<\/p><p class=\"wp-block-post-excerpt__more-text\"><a class=\"wp-block-post-excerpt__more-link\" href=\"https:\/\/starsforeurope.com\/fi\/press\/joulutahti-loistamaan-loppuvuodeksi-4-helppoa-askelta-kestavaan-kukintaan\/\">Lue lis\u00e4\u00e4<\/a><\/p><\/div>\n<\/li><li class=\"wp-block-post post-5558 press type-press status-publish has-post-thumbnail hentry press_cat-advent-decoration press_cat-decoration-tips press_cat-cut-flower press_cat-winter-decor press_main-adventtikoristeet press_main-koristelu press_main-leikkokukat press_main-mediatiedotteet\">\n<figure style=\"aspect-ratio:1;\" class=\"featuredimage wp-block-post-featured-image\"><a href=\"https:\/\/starsforeurope.com\/fi\/press\/uuden-vuoden-kattaukseen-tahtia-ja-haivahdys-kultaa\/\" target=\"_self\"  ><img loading=\"lazy\" decoding=\"async\" width=\"875\" height=\"1050\" src=\"https:\/\/starsforeurope.com\/fi\/wp-content\/uploads\/sites\/24\/2024\/11\/2024_Poinsettia_01000_Golden_Elegance_01.jpg\" class=\"attachment-post-thumbnail size-post-thumbnail wp-post-image\" alt=\"Uuden vuoden kattaukseen t\u00e4hti\u00e4 ja h\u00e4iv\u00e4hdys kultaa\" style=\"width:100%;height:100%;object-fit:cover;\" srcset=\"https:\/\/starsforeurope.com\/fi\/wp-content\/uploads\/sites\/24\/2024\/11\/2024_Poinsettia_01000_Golden_Elegance_01.jpg 875w, https:\/\/starsforeurope.com\/fi\/wp-content\/uploads\/sites\/24\/2024\/11\/2024_Poinsettia_01000_Golden_Elegance_01-250x300.jpg 250w, https:\/\/starsforeurope.com\/fi\/wp-content\/uploads\/sites\/24\/2024\/11\/2024_Poinsettia_01000_Golden_Elegance_01-853x1024.jpg 853w, https:\/\/starsforeurope.com\/fi\/wp-content\/uploads\/sites\/24\/2024\/11\/2024_Poinsettia_01000_Golden_Elegance_01-768x922.jpg 768w, https:\/\/starsforeurope.com\/fi\/wp-content\/uploads\/sites\/24\/2024\/11\/2024_Poinsettia_01000_Golden_Elegance_01-563x675.jpg 563w\" sizes=\"auto, (max-width: 875px) 100vw, 875px\" \/><\/a><\/figure>\n\n<h3 class=\"wp-block-post-title\"><a href=\"https:\/\/starsforeurope.com\/fi\/press\/uuden-vuoden-kattaukseen-tahtia-ja-haivahdys-kultaa\/\" target=\"_self\" >Uuden vuoden kattaukseen t\u00e4hti\u00e4 ja h\u00e4iv\u00e4hdys kultaa<\/a><\/h3>\n\n\n<div class=\"wp-block-group postmetaline is-nowrap is-layout-flex wp-container-core-group-is-layout-6c531013 wp-block-group-is-layout-flex\"><div class=\"wp-block-post-date\"><time datetime=\"2024-11-13T10:44:20+02:00\">13. marraskuun 2024<\/time><\/div>\n\n<\/div>\n\n\n<div class=\"wp-block-post-excerpt\"><p class=\"wp-block-post-excerpt__excerpt\">Haluatko upeita joulut\u00e4hti\u00e4? Jos tied\u00e4t, mille joulut\u00e4hdet ovat herkki\u00e4, voit helposti v\u00e4ltt\u00e4\u00e4 ongelmat niiden hoidossa<\/p><p class=\"wp-block-post-excerpt__more-text\"><a class=\"wp-block-post-excerpt__more-link\" href=\"https:\/\/starsforeurope.com\/fi\/press\/uuden-vuoden-kattaukseen-tahtia-ja-haivahdys-kultaa\/\">Lue lis\u00e4\u00e4<\/a><\/p><\/div>\n<\/li><li class=\"wp-block-post post-5592 press type-press status-publish has-post-thumbnail hentry press_cat-care press_main-hoito press_main-mediatiedotteet\">\n<figure style=\"aspect-ratio:1;\" class=\"featuredimage wp-block-post-featured-image\"><a href=\"https:\/\/starsforeurope.com\/fi\/press\/valta-nelja-sudenkuoppaa-ja-nauti-joulutahdesta-koko-sesongin-ajan\/\" target=\"_self\"  ><img loading=\"lazy\" decoding=\"async\" width=\"875\" height=\"1050\" src=\"https:\/\/starsforeurope.com\/fi\/wp-content\/uploads\/sites\/24\/2024\/11\/2024_Poinsettia_04000_Cosy_Cottage_Charm_21.jpg\" class=\"attachment-post-thumbnail size-post-thumbnail wp-post-image\" alt=\"V\u00e4lt\u00e4 nelj\u00e4 sudenkuoppaa ja nauti joulut\u00e4hdest\u00e4 koko sesongin ajan!\" style=\"width:100%;height:100%;object-fit:cover;\" srcset=\"https:\/\/starsforeurope.com\/fi\/wp-content\/uploads\/sites\/24\/2024\/11\/2024_Poinsettia_04000_Cosy_Cottage_Charm_21.jpg 875w, https:\/\/starsforeurope.com\/fi\/wp-content\/uploads\/sites\/24\/2024\/11\/2024_Poinsettia_04000_Cosy_Cottage_Charm_21-250x300.jpg 250w, https:\/\/starsforeurope.com\/fi\/wp-content\/uploads\/sites\/24\/2024\/11\/2024_Poinsettia_04000_Cosy_Cottage_Charm_21-853x1024.jpg 853w, https:\/\/starsforeurope.com\/fi\/wp-content\/uploads\/sites\/24\/2024\/11\/2024_Poinsettia_04000_Cosy_Cottage_Charm_21-768x922.jpg 768w, https:\/\/starsforeurope.com\/fi\/wp-content\/uploads\/sites\/24\/2024\/11\/2024_Poinsettia_04000_Cosy_Cottage_Charm_21-563x675.jpg 563w\" sizes=\"auto, (max-width: 875px) 100vw, 875px\" \/><\/a><\/figure>\n\n<h3 class=\"wp-block-post-title\"><a href=\"https:\/\/starsforeurope.com\/fi\/press\/valta-nelja-sudenkuoppaa-ja-nauti-joulutahdesta-koko-sesongin-ajan\/\" target=\"_self\" >V\u00e4lt\u00e4 nelj\u00e4 sudenkuoppaa ja nauti joulut\u00e4hdest\u00e4 koko sesongin ajan!<\/a><\/h3>\n\n\n<div class=\"wp-block-group postmetaline is-nowrap is-layout-flex wp-container-core-group-is-layout-6c531013 wp-block-group-is-layout-flex\"><div class=\"wp-block-post-date\"><time datetime=\"2024-11-02T10:49:36+02:00\">02. marraskuun 2024<\/time><\/div>\n\n<\/div>\n\n\n<div class=\"wp-block-post-excerpt\"><p class=\"wp-block-post-excerpt__excerpt\">Haluatko upeita joulut\u00e4hti\u00e4? Jos tied\u00e4t, mille joulut\u00e4hdet ovat herkki\u00e4, voit helposti v\u00e4ltt\u00e4\u00e4 ongelmat niiden hoidossa<\/p><p class=\"wp-block-post-excerpt__more-text\"><a class=\"wp-block-post-excerpt__more-link\" href=\"https:\/\/starsforeurope.com\/fi\/press\/valta-nelja-sudenkuoppaa-ja-nauti-joulutahdesta-koko-sesongin-ajan\/\">Lue lis\u00e4\u00e4<\/a><\/p><\/div>\n<\/li><\/ul>\n\n<nav class=\"wp-block-query-pagination is-content-justification-center is-layout-flex wp-container-core-query-pagination-is-layout-a89b3969 wp-block-query-pagination-is-layout-flex\" aria-label=\"Sivutus\">\n\n\n<div class=\"wp-block-query-pagination-numbers has-medium-font-size\"><span aria-current=\"page\" class=\"page-numbers current\">1<\/span>\n<a class=\"page-numbers\" href=\"?query-0-page=2\">2<\/a>\n<a class=\"page-numbers\" href=\"?query-0-page=3\">3<\/a>\n<span class=\"page-numbers dots\">&hellip;<\/span>\n<a class=\"page-numbers\" href=\"?query-0-page=7\">7<\/a><\/div>\n\n<a href=\"\/fi\/wp-json\/wp\/v2\/pages\/7?query-0-page=2\" class=\"wp-block-query-pagination-next\">\u22b3<\/a>\n<\/nav>\n\n<\/div>\n\n\n\n<div style=\"height:3rem\" aria-hidden=\"true\" class=\"wp-block-spacer\"><\/div>\n<\/main>","protected":false},"excerpt":{"rendered":"<p>Tarjoamme laajan valikoiman tietoa ja ammattimaisia kuvia, joiden keski\u00f6ss\u00e4 ovat kauniit joulut\u00e4hdet. Hyv\u00e4 median edustaja, t\u00e4\u00e4lt\u00e4 p\u00e4\u00e4set lukemaan viimeisimm\u00e4n tiedotteen.<\/p>\n","protected":false},"author":1,"featured_media":4366,"parent":0,"menu_order":0,"comment_status":"closed","ping_status":"closed","template":"two-column-press","meta":{"_acf_changed":false,"footnotes":""},"class_list":["post-7","page","type-page","status-publish","has-post-thumbnail","hentry"],"acf":[],"_links":{"self":[{"href":"https:\/\/starsforeurope.com\/fi\/wp-json\/wp\/v2\/pages\/7","targetHints":{"allow":["GET"]}}],"collection":[{"href":"https:\/\/starsforeurope.com\/fi\/wp-json\/wp\/v2\/pages"}],"about":[{"href":"https:\/\/starsforeurope.com\/fi\/wp-json\/wp\/v2\/types\/page"}],"author":[{"embeddable":true,"href":"https:\/\/starsforeurope.com\/fi\/wp-json\/wp\/v2\/users\/1"}],"replies":[{"embeddable":true,"href":"https:\/\/starsforeurope.com\/fi\/wp-json\/wp\/v2\/comments?post=7"}],"version-history":[{"count":33,"href":"https:\/\/starsforeurope.com\/fi\/wp-json\/wp\/v2\/pages\/7\/revisions"}],"predecessor-version":[{"id":7302,"href":"https:\/\/starsforeurope.com\/fi\/wp-json\/wp\/v2\/pages\/7\/revisions\/7302"}],"wp:featuredmedia":[{"embeddable":true,"href":"https:\/\/starsforeurope.com\/fi\/wp-json\/wp\/v2\/media\/4366"}],"wp:attachment":[{"href":"https:\/\/starsforeurope.com\/fi\/wp-json\/wp\/v2\/media?parent=7"}],"curies":[{"name":"wp","href":"https:\/\/api.w.org\/{rel}","templated":true}]}}