{"id":8680,"date":"2025-07-28T22:15:37","date_gmt":"2025-07-28T20:15:37","guid":{"rendered":"https:\/\/starsforeurope.com\/es\/?page_id=8680"},"modified":"2025-07-31T23:33:50","modified_gmt":"2025-07-31T21:33:50","slug":"conocimientos-pr","status":"publish","type":"page","link":"https:\/\/starsforeurope.com\/es\/comunicados-de-prensa\/conocimientos-pr\/","title":{"rendered":"Descubre todo lo que necesitas saber sobre esta planta festiva tan especial"},"content":{"rendered":"<main class=\"wp-block-group postimage-half wide-content is-layout-flow wp-block-group-is-layout-flow\" style=\"margin-top:var(--wp--preset--spacing--50)\">\n<div style=\"height:3rem\" aria-hidden=\"true\" class=\"wp-block-spacer\"><\/div>\n\n\n\n<div class=\"wp-block-query is-layout-flow wp-block-query-is-layout-flow\"><ul class=\"columns-2 wp-block-post-template is-layout-grid wp-container-core-post-template-is-layout-37ef2942 wp-block-post-template-is-layout-grid\"><li class=\"wp-block-post post-9059 press type-press status-publish has-post-thumbnail hentry press_cat-gift-ideas press_main-conocimientos press_main-ideas-para-regalos press_main-pressemitteilungen\">\n<figure style=\"aspect-ratio:1;\" class=\"featuredimage wp-block-post-featured-image\"><a href=\"https:\/\/starsforeurope.com\/es\/press\/los-regalos-de-poinsettias-aportan-alegria-y-un-toque-de-color\/\" target=\"_self\"  ><img loading=\"lazy\" decoding=\"async\" width=\"875\" height=\"1050\" src=\"https:\/\/starsforeurope.com\/es\/wp-content\/uploads\/sites\/14\/2025\/09\/2025_Poinsettia_03000_Traditional_Christmas_Spirit_12.jpg\" class=\"attachment-post-thumbnail size-post-thumbnail wp-post-image\" alt=\"Los regalos de poinsettias aportan alegr\u00eda y un toque de color.\" style=\"width:100%;height:100%;object-fit:cover;\" srcset=\"https:\/\/starsforeurope.com\/es\/wp-content\/uploads\/sites\/14\/2025\/09\/2025_Poinsettia_03000_Traditional_Christmas_Spirit_12.jpg 875w, https:\/\/starsforeurope.com\/es\/wp-content\/uploads\/sites\/14\/2025\/09\/2025_Poinsettia_03000_Traditional_Christmas_Spirit_12-250x300.jpg 250w, https:\/\/starsforeurope.com\/es\/wp-content\/uploads\/sites\/14\/2025\/09\/2025_Poinsettia_03000_Traditional_Christmas_Spirit_12-853x1024.jpg 853w, https:\/\/starsforeurope.com\/es\/wp-content\/uploads\/sites\/14\/2025\/09\/2025_Poinsettia_03000_Traditional_Christmas_Spirit_12-768x922.jpg 768w\" sizes=\"auto, (max-width: 875px) 100vw, 875px\" \/><\/a><\/figure>\n\n<h3 class=\"wp-block-post-title\"><a href=\"https:\/\/starsforeurope.com\/es\/press\/los-regalos-de-poinsettias-aportan-alegria-y-un-toque-de-color\/\" target=\"_self\" >Los regalos de poinsettias aportan alegr\u00eda y un toque de color.<\/a><\/h3>\n\n\n<div class=\"wp-block-group postmetaline is-nowrap is-layout-flex wp-container-core-group-is-layout-6c531013 wp-block-group-is-layout-flex\"><div class=\"wp-block-post-date\"><time datetime=\"2025-12-01T08:00:00+01:00\">01. diciembre 2025<\/time><\/div>\n\n<\/div>\n\n\n<div class=\"wp-block-post-excerpt\"><p class=\"wp-block-post-excerpt__excerpt\">Bien envuelta o como parte de un arreglo creativo, una flor de pascua es un regalo \u00fanico y personal. \u00a1Insp\u00edrate!<\/p><p class=\"wp-block-post-excerpt__more-text\"><a class=\"wp-block-post-excerpt__more-link\" href=\"https:\/\/starsforeurope.com\/es\/press\/los-regalos-de-poinsettias-aportan-alegria-y-un-toque-de-color\/\">Leer m\u00e1s<\/a><\/p><\/div>\n<\/li><li class=\"wp-block-post post-8927 press type-press status-publish has-post-thumbnail hentry press_cat-care press_cat-interesting-facts press_main-conocimientos press_main-cuidado press_main-pressemitteilungen\">\n<figure style=\"aspect-ratio:1;\" class=\"featuredimage wp-block-post-featured-image\"><a href=\"https:\/\/starsforeurope.com\/es\/press\/sabias-que-colocar-la-flor-de-pascua-cerca-de-un-frutero-hace-que-se-marchite-antes\/\" target=\"_self\"  ><img loading=\"lazy\" decoding=\"async\" width=\"875\" height=\"1050\" src=\"https:\/\/starsforeurope.com\/es\/wp-content\/uploads\/sites\/14\/2024\/10\/2022-poinsettia-buying-the-right-plant-04.jpg\" class=\"attachment-post-thumbnail size-post-thumbnail wp-post-image\" alt=\"\u00bfSab\u00edas que colocar la flor de Pascua cerca de un frutero hace que se marchite antes?\" style=\"width:100%;height:100%;object-fit:cover;\" srcset=\"https:\/\/starsforeurope.com\/es\/wp-content\/uploads\/sites\/14\/2024\/10\/2022-poinsettia-buying-the-right-plant-04.jpg 875w, https:\/\/starsforeurope.com\/es\/wp-content\/uploads\/sites\/14\/2024\/10\/2022-poinsettia-buying-the-right-plant-04-250x300.jpg 250w, https:\/\/starsforeurope.com\/es\/wp-content\/uploads\/sites\/14\/2024\/10\/2022-poinsettia-buying-the-right-plant-04-853x1024.jpg 853w, https:\/\/starsforeurope.com\/es\/wp-content\/uploads\/sites\/14\/2024\/10\/2022-poinsettia-buying-the-right-plant-04-768x922.jpg 768w, https:\/\/starsforeurope.com\/es\/wp-content\/uploads\/sites\/14\/2024\/10\/2022-poinsettia-buying-the-right-plant-04-563x675.jpg 563w\" sizes=\"auto, (max-width: 875px) 100vw, 875px\" \/><\/a><\/figure>\n\n<h3 class=\"wp-block-post-title\"><a href=\"https:\/\/starsforeurope.com\/es\/press\/sabias-que-colocar-la-flor-de-pascua-cerca-de-un-frutero-hace-que-se-marchite-antes\/\" target=\"_self\" >\u00bfSab\u00edas que colocar la flor de Pascua cerca de un frutero hace que se marchite antes?<\/a><\/h3>\n\n\n<div class=\"wp-block-group postmetaline is-nowrap is-layout-flex wp-container-core-group-is-layout-6c531013 wp-block-group-is-layout-flex\"><div class=\"wp-block-post-date\"><time datetime=\"2025-09-16T09:00:00+02:00\">16. septiembre 2025<\/time><\/div>\n\n<\/div>\n\n\n<div class=\"wp-block-post-excerpt\"><p class=\"wp-block-post-excerpt__excerpt\">Las manzanas, pl\u00e1tanos o tomates pueden acelerar el marchitamiento de las br\u00e1cteas de colores de la flor. Los expertos de Stars for Europe cuentan todo lo que se necesita para elegir la mejor flor de Pascua.<\/p><p class=\"wp-block-post-excerpt__more-text\"><a class=\"wp-block-post-excerpt__more-link\" href=\"https:\/\/starsforeurope.com\/es\/press\/sabias-que-colocar-la-flor-de-pascua-cerca-de-un-frutero-hace-que-se-marchite-antes\/\">Leer m\u00e1s<\/a><\/p><\/div>\n<\/li><li class=\"wp-block-post post-4880 press type-press status-publish has-post-thumbnail hentry press_cat-winter-decor press_cat-event press_cat-start-of-the-season press_main-conocimientos press_main-inicio-de-la-temporada press_main-pressemitteilungen press_main-vale-la-pena-saber\">\n<figure style=\"aspect-ratio:1;\" class=\"featuredimage wp-block-post-featured-image\"><a href=\"https:\/\/starsforeurope.com\/es\/press\/valencia-celebra-el-dia-internacional-de-la-flor-de-pascua-repartiendo-1000-poinsettias\/\" target=\"_self\"  ><img loading=\"lazy\" decoding=\"async\" width=\"875\" height=\"1050\" src=\"https:\/\/starsforeurope.com\/es\/wp-content\/uploads\/sites\/14\/2024\/12\/2024_Poinsettia_02000_Modern_Vintage_Fusion_16.jpg\" class=\"attachment-post-thumbnail size-post-thumbnail wp-post-image\" alt=\"Val\u00e8ncia celebra el D\u00eda Internacional de la flor de Pascua repartiendo 1000 poinsettias\" style=\"width:100%;height:100%;object-fit:cover;\" srcset=\"https:\/\/starsforeurope.com\/es\/wp-content\/uploads\/sites\/14\/2024\/12\/2024_Poinsettia_02000_Modern_Vintage_Fusion_16.jpg 875w, https:\/\/starsforeurope.com\/es\/wp-content\/uploads\/sites\/14\/2024\/12\/2024_Poinsettia_02000_Modern_Vintage_Fusion_16-250x300.jpg 250w, https:\/\/starsforeurope.com\/es\/wp-content\/uploads\/sites\/14\/2024\/12\/2024_Poinsettia_02000_Modern_Vintage_Fusion_16-853x1024.jpg 853w, https:\/\/starsforeurope.com\/es\/wp-content\/uploads\/sites\/14\/2024\/12\/2024_Poinsettia_02000_Modern_Vintage_Fusion_16-768x922.jpg 768w, https:\/\/starsforeurope.com\/es\/wp-content\/uploads\/sites\/14\/2024\/12\/2024_Poinsettia_02000_Modern_Vintage_Fusion_16-563x675.jpg 563w\" sizes=\"auto, (max-width: 875px) 100vw, 875px\" \/><\/a><\/figure>\n\n<h3 class=\"wp-block-post-title\"><a href=\"https:\/\/starsforeurope.com\/es\/press\/valencia-celebra-el-dia-internacional-de-la-flor-de-pascua-repartiendo-1000-poinsettias\/\" target=\"_self\" >Val\u00e8ncia celebra el D\u00eda Internacional de la flor de Pascua repartiendo 1000 poinsettias<\/a><\/h3>\n\n\n<div class=\"wp-block-group postmetaline is-nowrap is-layout-flex wp-container-core-group-is-layout-6c531013 wp-block-group-is-layout-flex\"><div class=\"wp-block-post-date\"><time datetime=\"2024-12-12T06:33:26+01:00\">12. diciembre 2024<\/time><\/div>\n\n<\/div>\n\n\n<div class=\"wp-block-post-excerpt\"><p class=\"wp-block-post-excerpt__excerpt\">Stars for Europe ha elegido la ciudad del Turia para repartir poinsettias de forma gratuita, as\u00ed como ofrecerles consejos sobre cuidados y decoraci\u00f3n de estas plantas<\/p><p class=\"wp-block-post-excerpt__more-text\"><a class=\"wp-block-post-excerpt__more-link\" href=\"https:\/\/starsforeurope.com\/es\/press\/valencia-celebra-el-dia-internacional-de-la-flor-de-pascua-repartiendo-1000-poinsettias\/\">Leer m\u00e1s<\/a><\/p><\/div>\n<\/li><li class=\"wp-block-post post-5022 press type-press status-publish has-post-thumbnail hentry press_cat-care press_cat-interesting-facts press_main-conocimientos press_main-cuidado press_main-pressemitteilungen press_main-vale-la-pena-saber\">\n<figure style=\"aspect-ratio:1;\" class=\"featuredimage wp-block-post-featured-image\"><a href=\"https:\/\/starsforeurope.com\/es\/press\/los-expertos-revelan-la-ubicacion-idonea-para-mantener-la-flor-de-pascua-perfecta\/\" target=\"_self\"  ><img loading=\"lazy\" decoding=\"async\" width=\"875\" height=\"1050\" src=\"https:\/\/starsforeurope.com\/es\/wp-content\/uploads\/sites\/14\/2024\/11\/2024_Poinsettia_05120_DIY_Upcycled_Tableware_Advent_Arrangement_04.jpg\" class=\"attachment-post-thumbnail size-post-thumbnail wp-post-image\" alt=\"Los expertos revelan la ubicaci\u00f3n id\u00f3nea para mantener la flor de Pascua perfecta\" style=\"width:100%;height:100%;object-fit:cover;\" srcset=\"https:\/\/starsforeurope.com\/es\/wp-content\/uploads\/sites\/14\/2024\/11\/2024_Poinsettia_05120_DIY_Upcycled_Tableware_Advent_Arrangement_04.jpg 875w, https:\/\/starsforeurope.com\/es\/wp-content\/uploads\/sites\/14\/2024\/11\/2024_Poinsettia_05120_DIY_Upcycled_Tableware_Advent_Arrangement_04-250x300.jpg 250w, https:\/\/starsforeurope.com\/es\/wp-content\/uploads\/sites\/14\/2024\/11\/2024_Poinsettia_05120_DIY_Upcycled_Tableware_Advent_Arrangement_04-853x1024.jpg 853w, https:\/\/starsforeurope.com\/es\/wp-content\/uploads\/sites\/14\/2024\/11\/2024_Poinsettia_05120_DIY_Upcycled_Tableware_Advent_Arrangement_04-768x922.jpg 768w, https:\/\/starsforeurope.com\/es\/wp-content\/uploads\/sites\/14\/2024\/11\/2024_Poinsettia_05120_DIY_Upcycled_Tableware_Advent_Arrangement_04-563x675.jpg 563w\" sizes=\"auto, (max-width: 875px) 100vw, 875px\" \/><\/a><\/figure>\n\n<h3 class=\"wp-block-post-title\"><a href=\"https:\/\/starsforeurope.com\/es\/press\/los-expertos-revelan-la-ubicacion-idonea-para-mantener-la-flor-de-pascua-perfecta\/\" target=\"_self\" >Los expertos revelan la ubicaci\u00f3n id\u00f3nea para mantener la flor de Pascua perfecta<\/a><\/h3>\n\n\n<div class=\"wp-block-group postmetaline is-nowrap is-layout-flex wp-container-core-group-is-layout-6c531013 wp-block-group-is-layout-flex\"><div class=\"wp-block-post-date\"><time datetime=\"2024-11-18T05:00:02+01:00\">18. noviembre 2024<\/time><\/div>\n\n<\/div>\n\n\n<div class=\"wp-block-post-excerpt\"><p class=\"wp-block-post-excerpt__excerpt\">En este sentido, los expertos de SfE destacan que estas plantas son sensibles al fr\u00edo y a las oscilaciones de temperatura. Por ello, una ubicaci\u00f3n incorrecta puede hacer que pierdan sus br\u00e1cteas y sus hojas o incluso que mueran<\/p><p class=\"wp-block-post-excerpt__more-text\"><a class=\"wp-block-post-excerpt__more-link\" href=\"https:\/\/starsforeurope.com\/es\/press\/los-expertos-revelan-la-ubicacion-idonea-para-mantener-la-flor-de-pascua-perfecta\/\">Leer m\u00e1s<\/a><\/p><\/div>\n<\/li><\/ul>\n\n<nav class=\"wp-block-query-pagination is-content-justification-center is-layout-flex wp-container-core-query-pagination-is-layout-a89b3969 wp-block-query-pagination-is-layout-flex\" aria-label=\"Paginaci\u00f3n\">\n\n\n<div class=\"wp-block-query-pagination-numbers has-medium-font-size\"><span aria-current=\"page\" class=\"page-numbers current\">1<\/span>\n<a class=\"page-numbers\" href=\"?query-0-page=2\">2<\/a>\n<a class=\"page-numbers\" href=\"?query-0-page=3\">3<\/a>\n<span class=\"page-numbers dots\">&hellip;<\/span>\n<a class=\"page-numbers\" href=\"?query-0-page=8\">8<\/a><\/div>\n\n<a href=\"\/es\/wp-json\/wp\/v2\/pages\/8680?query-0-page=2\" class=\"wp-block-query-pagination-next\">\u22b3<\/a>\n<\/nav>\n\n<\/div>\n\n\n\n<div style=\"height:3rem\" aria-hidden=\"true\" class=\"wp-block-spacer\"><\/div>\n<\/main>","protected":false},"excerpt":{"rendered":"<p>Es una de las plantas m\u00e1s populares del mundo, pero \u00bfcu\u00e1nto sabes sobre la flor de Pascua? Puede que te sorprenda. Explora su fascinante historia, su origen, sus usos y su gama de variedades.<\/p>\n","protected":false},"author":24,"featured_media":4366,"parent":7,"menu_order":0,"comment_status":"closed","ping_status":"closed","template":"two-column-press","meta":{"_acf_changed":false,"footnotes":""},"class_list":["post-8680","page","type-page","status-publish","has-post-thumbnail","hentry"],"acf":[],"_links":{"self":[{"href":"https:\/\/starsforeurope.com\/es\/wp-json\/wp\/v2\/pages\/8680","targetHints":{"allow":["GET"]}}],"collection":[{"href":"https:\/\/starsforeurope.com\/es\/wp-json\/wp\/v2\/pages"}],"about":[{"href":"https:\/\/starsforeurope.com\/es\/wp-json\/wp\/v2\/types\/page"}],"author":[{"embeddable":true,"href":"https:\/\/starsforeurope.com\/es\/wp-json\/wp\/v2\/users\/24"}],"replies":[{"embeddable":true,"href":"https:\/\/starsforeurope.com\/es\/wp-json\/wp\/v2\/comments?post=8680"}],"version-history":[{"count":1,"href":"https:\/\/starsforeurope.com\/es\/wp-json\/wp\/v2\/pages\/8680\/revisions"}],"predecessor-version":[{"id":8681,"href":"https:\/\/starsforeurope.com\/es\/wp-json\/wp\/v2\/pages\/8680\/revisions\/8681"}],"up":[{"embeddable":true,"href":"https:\/\/starsforeurope.com\/es\/wp-json\/wp\/v2\/pages\/7"}],"wp:featuredmedia":[{"embeddable":true,"href":"https:\/\/starsforeurope.com\/es\/wp-json\/wp\/v2\/media\/4366"}],"wp:attachment":[{"href":"https:\/\/starsforeurope.com\/es\/wp-json\/wp\/v2\/media?parent=8680"}],"curies":[{"name":"wp","href":"https:\/\/api.w.org\/{rel}","templated":true}]}}