{"id":8677,"date":"2025-07-28T22:12:52","date_gmt":"2025-07-28T20:12:52","guid":{"rendered":"https:\/\/starsforeurope.com\/es\/?page_id=8677"},"modified":"2025-07-31T23:33:50","modified_gmt":"2025-07-31T21:33:50","slug":"cuidado-pr","status":"publish","type":"page","link":"https:\/\/starsforeurope.com\/es\/comunicados-de-prensa\/cuidado-pr\/","title":{"rendered":"Para que las flores duren m\u00e1s, aprende c\u00f3mo cuidar las flores de Pascua"},"content":{"rendered":"<main class=\"wp-block-group postimage-half wide-content is-layout-flow wp-block-group-is-layout-flow\" style=\"margin-top:var(--wp--preset--spacing--50)\">\n<div style=\"height:3rem\" aria-hidden=\"true\" class=\"wp-block-spacer\"><\/div>\n\n\n\n<div class=\"wp-block-query is-layout-flow wp-block-query-is-layout-flow\"><ul class=\"columns-2 wp-block-post-template is-layout-grid wp-container-core-post-template-is-layout-37ef2942 wp-block-post-template-is-layout-grid\"><li class=\"wp-block-post post-9079 press type-press status-publish has-post-thumbnail hentry press_cat-care press_main-cuidado press_main-pressemitteilungen\">\n<figure style=\"aspect-ratio:1;\" class=\"featuredimage wp-block-post-featured-image\"><a href=\"https:\/\/starsforeurope.com\/es\/press\/manten-viva-tu-flor-de-pascua-como-hacer-que-florezca-otra-vez\/\" target=\"_self\"  ><img loading=\"lazy\" decoding=\"async\" width=\"875\" height=\"1050\" src=\"https:\/\/starsforeurope.com\/es\/wp-content\/uploads\/sites\/14\/2025\/09\/2024_Poinsettia_04000_Cosy_Cottage_Charm_08.jpg\" class=\"attachment-post-thumbnail size-post-thumbnail wp-post-image\" alt=\"Mant\u00e9n viva tu flor de Pascua: c\u00f3mo hacer que florezca otra vez\" style=\"width:100%;height:100%;object-fit:cover;\" srcset=\"https:\/\/starsforeurope.com\/es\/wp-content\/uploads\/sites\/14\/2025\/09\/2024_Poinsettia_04000_Cosy_Cottage_Charm_08.jpg 875w, https:\/\/starsforeurope.com\/es\/wp-content\/uploads\/sites\/14\/2025\/09\/2024_Poinsettia_04000_Cosy_Cottage_Charm_08-250x300.jpg 250w, https:\/\/starsforeurope.com\/es\/wp-content\/uploads\/sites\/14\/2025\/09\/2024_Poinsettia_04000_Cosy_Cottage_Charm_08-853x1024.jpg 853w, https:\/\/starsforeurope.com\/es\/wp-content\/uploads\/sites\/14\/2025\/09\/2024_Poinsettia_04000_Cosy_Cottage_Charm_08-768x922.jpg 768w\" sizes=\"auto, (max-width: 875px) 100vw, 875px\" \/><\/a><\/figure>\n\n<h3 class=\"wp-block-post-title\"><a href=\"https:\/\/starsforeurope.com\/es\/press\/manten-viva-tu-flor-de-pascua-como-hacer-que-florezca-otra-vez\/\" target=\"_self\" >Mant\u00e9n viva tu flor de Pascua: c\u00f3mo hacer que florezca otra vez<\/a><\/h3>\n\n\n<div class=\"wp-block-group postmetaline is-nowrap is-layout-flex wp-container-core-group-is-layout-6c531013 wp-block-group-is-layout-flex\"><div class=\"wp-block-post-date\"><time datetime=\"2025-12-23T07:00:00+01:00\">23. diciembre 2025<\/time><\/div>\n\n<\/div>\n\n\n<div class=\"wp-block-post-excerpt\"><p class=\"wp-block-post-excerpt__excerpt\">Stars for Europe ofrece recomendaciones para cuidar la poinsettia en las diferentes estaciones del a\u00f1o para que recupere su esplendor. Los expertos tambi\u00e9n recomiendan colocarla en un lugar fresco y luminoso donde la temperatura est\u00e9 entre los 15 y 18 grados.<\/p><p class=\"wp-block-post-excerpt__more-text\"><a class=\"wp-block-post-excerpt__more-link\" href=\"https:\/\/starsforeurope.com\/es\/press\/manten-viva-tu-flor-de-pascua-como-hacer-que-florezca-otra-vez\/\">Leer m\u00e1s<\/a><\/p><\/div>\n<\/li><li class=\"wp-block-post post-8927 press type-press status-publish has-post-thumbnail hentry press_cat-care press_cat-interesting-facts press_main-conocimientos press_main-cuidado press_main-pressemitteilungen\">\n<figure style=\"aspect-ratio:1;\" class=\"featuredimage wp-block-post-featured-image\"><a href=\"https:\/\/starsforeurope.com\/es\/press\/sabias-que-colocar-la-flor-de-pascua-cerca-de-un-frutero-hace-que-se-marchite-antes\/\" target=\"_self\"  ><img loading=\"lazy\" decoding=\"async\" width=\"875\" height=\"1050\" src=\"https:\/\/starsforeurope.com\/es\/wp-content\/uploads\/sites\/14\/2024\/10\/2022-poinsettia-buying-the-right-plant-04.jpg\" class=\"attachment-post-thumbnail size-post-thumbnail wp-post-image\" alt=\"\u00bfSab\u00edas que colocar la flor de Pascua cerca de un frutero hace que se marchite antes?\" style=\"width:100%;height:100%;object-fit:cover;\" srcset=\"https:\/\/starsforeurope.com\/es\/wp-content\/uploads\/sites\/14\/2024\/10\/2022-poinsettia-buying-the-right-plant-04.jpg 875w, https:\/\/starsforeurope.com\/es\/wp-content\/uploads\/sites\/14\/2024\/10\/2022-poinsettia-buying-the-right-plant-04-250x300.jpg 250w, https:\/\/starsforeurope.com\/es\/wp-content\/uploads\/sites\/14\/2024\/10\/2022-poinsettia-buying-the-right-plant-04-853x1024.jpg 853w, https:\/\/starsforeurope.com\/es\/wp-content\/uploads\/sites\/14\/2024\/10\/2022-poinsettia-buying-the-right-plant-04-768x922.jpg 768w, https:\/\/starsforeurope.com\/es\/wp-content\/uploads\/sites\/14\/2024\/10\/2022-poinsettia-buying-the-right-plant-04-563x675.jpg 563w\" sizes=\"auto, (max-width: 875px) 100vw, 875px\" \/><\/a><\/figure>\n\n<h3 class=\"wp-block-post-title\"><a href=\"https:\/\/starsforeurope.com\/es\/press\/sabias-que-colocar-la-flor-de-pascua-cerca-de-un-frutero-hace-que-se-marchite-antes\/\" target=\"_self\" >\u00bfSab\u00edas que colocar la flor de Pascua cerca de un frutero hace que se marchite antes?<\/a><\/h3>\n\n\n<div class=\"wp-block-group postmetaline is-nowrap is-layout-flex wp-container-core-group-is-layout-6c531013 wp-block-group-is-layout-flex\"><div class=\"wp-block-post-date\"><time datetime=\"2025-09-16T09:00:00+02:00\">16. septiembre 2025<\/time><\/div>\n\n<\/div>\n\n\n<div class=\"wp-block-post-excerpt\"><p class=\"wp-block-post-excerpt__excerpt\">Las manzanas, pl\u00e1tanos o tomates pueden acelerar el marchitamiento de las br\u00e1cteas de colores de la flor. Los expertos de Stars for Europe cuentan todo lo que se necesita para elegir la mejor flor de Pascua.<\/p><p class=\"wp-block-post-excerpt__more-text\"><a class=\"wp-block-post-excerpt__more-link\" href=\"https:\/\/starsforeurope.com\/es\/press\/sabias-que-colocar-la-flor-de-pascua-cerca-de-un-frutero-hace-que-se-marchite-antes\/\">Leer m\u00e1s<\/a><\/p><\/div>\n<\/li><li class=\"wp-block-post post-8526 press type-press status-publish has-post-thumbnail hentry press_cat-care press_main-cuidado press_main-pressemitteilungen\">\n<figure style=\"aspect-ratio:1;\" class=\"featuredimage wp-block-post-featured-image\"><a href=\"https:\/\/starsforeurope.com\/es\/press\/manten-tus-estrellas-radiantes-los-mejores-consejos-para-cuidar-la-poinsettia-como-mantener-esta-planta-de-interior-vibrante-en-su-mejor-estado\/\" target=\"_self\"  ><img loading=\"lazy\" decoding=\"async\" width=\"875\" height=\"1050\" src=\"https:\/\/starsforeurope.com\/es\/wp-content\/uploads\/sites\/14\/2025\/07\/2025_Poinsettia_01000_Nordic_Winter_Charm_14.jpg\" class=\"attachment-post-thumbnail size-post-thumbnail wp-post-image\" alt=\"Mant\u00e9n tus estrellas radiantes: los mejores consejos para cuidar la poinsettia. C\u00f3mo mantener esta planta de interior vibrante en su mejor estado\" style=\"width:100%;height:100%;object-fit:cover;\" srcset=\"https:\/\/starsforeurope.com\/es\/wp-content\/uploads\/sites\/14\/2025\/07\/2025_Poinsettia_01000_Nordic_Winter_Charm_14.jpg 875w, https:\/\/starsforeurope.com\/es\/wp-content\/uploads\/sites\/14\/2025\/07\/2025_Poinsettia_01000_Nordic_Winter_Charm_14-250x300.jpg 250w, https:\/\/starsforeurope.com\/es\/wp-content\/uploads\/sites\/14\/2025\/07\/2025_Poinsettia_01000_Nordic_Winter_Charm_14-853x1024.jpg 853w, https:\/\/starsforeurope.com\/es\/wp-content\/uploads\/sites\/14\/2025\/07\/2025_Poinsettia_01000_Nordic_Winter_Charm_14-768x922.jpg 768w\" sizes=\"auto, (max-width: 875px) 100vw, 875px\" \/><\/a><\/figure>\n\n<h3 class=\"wp-block-post-title\"><a href=\"https:\/\/starsforeurope.com\/es\/press\/manten-tus-estrellas-radiantes-los-mejores-consejos-para-cuidar-la-poinsettia-como-mantener-esta-planta-de-interior-vibrante-en-su-mejor-estado\/\" target=\"_self\" >Mant\u00e9n tus estrellas radiantes: los mejores consejos para cuidar la poinsettia. C\u00f3mo mantener esta planta de interior vibrante en su mejor estado<\/a><\/h3>\n\n\n<div class=\"wp-block-group postmetaline is-nowrap is-layout-flex wp-container-core-group-is-layout-6c531013 wp-block-group-is-layout-flex\"><div class=\"wp-block-post-date\"><time datetime=\"2025-07-23T18:00:00+02:00\">23. julio 2025<\/time><\/div>\n\n<\/div>\n\n\n<div class=\"wp-block-post-excerpt\"><p class=\"wp-block-post-excerpt__excerpt\">Aqu\u00ed descubrir\u00e1 los consejos para el cuidado de las flores de pascua, que le permitir\u00e1n disfrutar de su esplendor durante muchas semanas.<\/p><p class=\"wp-block-post-excerpt__more-text\"><a class=\"wp-block-post-excerpt__more-link\" href=\"https:\/\/starsforeurope.com\/es\/press\/manten-tus-estrellas-radiantes-los-mejores-consejos-para-cuidar-la-poinsettia-como-mantener-esta-planta-de-interior-vibrante-en-su-mejor-estado\/\">Leer m\u00e1s<\/a><\/p><\/div>\n<\/li><li class=\"wp-block-post post-4956 press type-press status-publish has-post-thumbnail hentry press_cat-care press_cat-interesting-facts press_main-cuidado press_main-pressemitteilungen\">\n<figure style=\"aspect-ratio:1;\" class=\"featuredimage wp-block-post-featured-image\"><a href=\"https:\/\/starsforeurope.com\/es\/press\/los-consejos-de-los-expertos-para-cuidar-la-flor-de-pascua-en-espana\/\" target=\"_self\"  ><img loading=\"lazy\" decoding=\"async\" width=\"875\" height=\"1050\" src=\"https:\/\/starsforeurope.com\/es\/wp-content\/uploads\/sites\/14\/2024\/10\/2022-poinsettia-buying-the-right-plant-04.jpg\" class=\"attachment-post-thumbnail size-post-thumbnail wp-post-image\" alt=\"Los consejos de los expertos para cuidar la flor de Pascua en Espa\u00f1a\" style=\"width:100%;height:100%;object-fit:cover;\" srcset=\"https:\/\/starsforeurope.com\/es\/wp-content\/uploads\/sites\/14\/2024\/10\/2022-poinsettia-buying-the-right-plant-04.jpg 875w, https:\/\/starsforeurope.com\/es\/wp-content\/uploads\/sites\/14\/2024\/10\/2022-poinsettia-buying-the-right-plant-04-250x300.jpg 250w, https:\/\/starsforeurope.com\/es\/wp-content\/uploads\/sites\/14\/2024\/10\/2022-poinsettia-buying-the-right-plant-04-853x1024.jpg 853w, https:\/\/starsforeurope.com\/es\/wp-content\/uploads\/sites\/14\/2024\/10\/2022-poinsettia-buying-the-right-plant-04-768x922.jpg 768w, https:\/\/starsforeurope.com\/es\/wp-content\/uploads\/sites\/14\/2024\/10\/2022-poinsettia-buying-the-right-plant-04-563x675.jpg 563w\" sizes=\"auto, (max-width: 875px) 100vw, 875px\" \/><\/a><\/figure>\n\n<h3 class=\"wp-block-post-title\"><a href=\"https:\/\/starsforeurope.com\/es\/press\/los-consejos-de-los-expertos-para-cuidar-la-flor-de-pascua-en-espana\/\" target=\"_self\" >Los consejos de los expertos para cuidar la flor de Pascua en Espa\u00f1a<\/a><\/h3>\n\n\n<div class=\"wp-block-group postmetaline is-nowrap is-layout-flex wp-container-core-group-is-layout-6c531013 wp-block-group-is-layout-flex\"><div class=\"wp-block-post-date\"><time datetime=\"2024-11-27T05:12:00+01:00\">27. noviembre 2024<\/time><\/div>\n\n<\/div>\n\n\n<div class=\"wp-block-post-excerpt\"><p class=\"wp-block-post-excerpt__excerpt\">Los profesionales de SfE recomiendan mantener las poinsettias en espacios con temperaturas de entre 15 y 22\u00baC. Las flores de Pascua deben regarse cuando la capa superior de la tierra est\u00e9 seca<\/p><p class=\"wp-block-post-excerpt__more-text\"><a class=\"wp-block-post-excerpt__more-link\" href=\"https:\/\/starsforeurope.com\/es\/press\/los-consejos-de-los-expertos-para-cuidar-la-flor-de-pascua-en-espana\/\">Leer m\u00e1s<\/a><\/p><\/div>\n<\/li><\/ul>\n\n<nav class=\"wp-block-query-pagination is-content-justification-center is-layout-flex wp-container-core-query-pagination-is-layout-a89b3969 wp-block-query-pagination-is-layout-flex\" aria-label=\"Paginaci\u00f3n\">\n\n\n<div class=\"wp-block-query-pagination-numbers has-medium-font-size\"><span aria-current=\"page\" class=\"page-numbers current\">1<\/span>\n<a class=\"page-numbers\" href=\"?query-0-page=2\">2<\/a>\n<a class=\"page-numbers\" href=\"?query-0-page=3\">3<\/a>\n<span class=\"page-numbers dots\">&hellip;<\/span>\n<a class=\"page-numbers\" href=\"?query-0-page=6\">6<\/a><\/div>\n\n<a href=\"\/es\/wp-json\/wp\/v2\/pages\/8677?query-0-page=2\" class=\"wp-block-query-pagination-next\">\u22b3<\/a>\n<\/nav>\n\n<\/div>\n\n\n\n<div style=\"height:3rem\" aria-hidden=\"true\" class=\"wp-block-spacer\"><\/div>\n<\/main>","protected":false},"excerpt":{"rendered":"<p>Siguiendo unos sencillos pasos, puedes mantener las flores de Pascua durante m\u00e1s tiempo del que piensas. S\u00f3lo sigue nuestros consejos de cuidado para que las plantas florezcan.<\/p>\n","protected":false},"author":24,"featured_media":4366,"parent":7,"menu_order":0,"comment_status":"closed","ping_status":"closed","template":"two-column-press","meta":{"_acf_changed":false,"footnotes":""},"class_list":["post-8677","page","type-page","status-publish","has-post-thumbnail","hentry"],"acf":[],"_links":{"self":[{"href":"https:\/\/starsforeurope.com\/es\/wp-json\/wp\/v2\/pages\/8677","targetHints":{"allow":["GET"]}}],"collection":[{"href":"https:\/\/starsforeurope.com\/es\/wp-json\/wp\/v2\/pages"}],"about":[{"href":"https:\/\/starsforeurope.com\/es\/wp-json\/wp\/v2\/types\/page"}],"author":[{"embeddable":true,"href":"https:\/\/starsforeurope.com\/es\/wp-json\/wp\/v2\/users\/24"}],"replies":[{"embeddable":true,"href":"https:\/\/starsforeurope.com\/es\/wp-json\/wp\/v2\/comments?post=8677"}],"version-history":[{"count":1,"href":"https:\/\/starsforeurope.com\/es\/wp-json\/wp\/v2\/pages\/8677\/revisions"}],"predecessor-version":[{"id":8678,"href":"https:\/\/starsforeurope.com\/es\/wp-json\/wp\/v2\/pages\/8677\/revisions\/8678"}],"up":[{"embeddable":true,"href":"https:\/\/starsforeurope.com\/es\/wp-json\/wp\/v2\/pages\/7"}],"wp:featuredmedia":[{"embeddable":true,"href":"https:\/\/starsforeurope.com\/es\/wp-json\/wp\/v2\/media\/4366"}],"wp:attachment":[{"href":"https:\/\/starsforeurope.com\/es\/wp-json\/wp\/v2\/media?parent=8677"}],"curies":[{"name":"wp","href":"https:\/\/api.w.org\/{rel}","templated":true}]}}