{"id":8674,"date":"2025-07-28T22:09:32","date_gmt":"2025-07-28T20:09:32","guid":{"rendered":"https:\/\/starsforeurope.com\/es\/?page_id=8674"},"modified":"2025-07-31T23:33:50","modified_gmt":"2025-07-31T21:33:50","slug":"adornos-para-bodas-pr","status":"publish","type":"page","link":"https:\/\/starsforeurope.com\/es\/comunicados-de-prensa\/decoracion-pr\/adornos-para-bodas-pr\/","title":{"rendered":"Bodas Elegantes con Poinsettias"},"content":{"rendered":"<main class=\"wp-block-group postimage-half wide-content is-layout-flow wp-block-group-is-layout-flow\" style=\"margin-top:var(--wp--preset--spacing--50)\">\n<div style=\"height:3rem\" aria-hidden=\"true\" class=\"wp-block-spacer\"><\/div>\n\n\n\n<div class=\"wp-block-query is-layout-flow wp-block-query-is-layout-flow\"><ul class=\"columns-2 wp-block-post-template is-layout-grid wp-container-core-post-template-is-layout-37ef2942 wp-block-post-template-is-layout-grid\"><li class=\"wp-block-post post-6214 press type-press status-publish has-post-thumbnail hentry press_cat-wedding-decoration press_cat-winter-decor press_cat-table-decoration press_main-adornos-para-bodas press_main-decoracion press_main-pressemitteilungen\">\n<figure style=\"aspect-ratio:1;\" class=\"featuredimage wp-block-post-featured-image\"><a href=\"https:\/\/starsforeurope.com\/es\/press\/boda-de-ensuenos-en-diciembre-recien-casada-poinsettia-y-la-novia-de-invierno\/\" target=\"_self\"  ><img loading=\"lazy\" decoding=\"async\" width=\"875\" height=\"1050\" src=\"https:\/\/starsforeurope.com\/es\/wp-content\/uploads\/sites\/14\/2022\/09\/2019_poinsettia_winter_brid.jpg\" class=\"attachment-post-thumbnail size-post-thumbnail wp-post-image\" alt=\"Boda de ensue\u00f1os en diciembre. Reci\u00e9n casada \u2013 Poinsettia y la novia de invierno\" style=\"width:100%;height:100%;object-fit:cover;\" srcset=\"https:\/\/starsforeurope.com\/es\/wp-content\/uploads\/sites\/14\/2022\/09\/2019_poinsettia_winter_brid.jpg 875w, https:\/\/starsforeurope.com\/es\/wp-content\/uploads\/sites\/14\/2022\/09\/2019_poinsettia_winter_brid-250x300.jpg 250w, https:\/\/starsforeurope.com\/es\/wp-content\/uploads\/sites\/14\/2022\/09\/2019_poinsettia_winter_brid-853x1024.jpg 853w, https:\/\/starsforeurope.com\/es\/wp-content\/uploads\/sites\/14\/2022\/09\/2019_poinsettia_winter_brid-768x922.jpg 768w, https:\/\/starsforeurope.com\/es\/wp-content\/uploads\/sites\/14\/2022\/09\/2019_poinsettia_winter_brid-563x675.jpg 563w\" sizes=\"auto, (max-width: 875px) 100vw, 875px\" \/><\/a><\/figure>\n\n<h3 class=\"wp-block-post-title\"><a href=\"https:\/\/starsforeurope.com\/es\/press\/boda-de-ensuenos-en-diciembre-recien-casada-poinsettia-y-la-novia-de-invierno\/\" target=\"_self\" >Boda de ensue\u00f1os en diciembre. Reci\u00e9n casada \u2013 Poinsettia y la novia de invierno<\/a><\/h3>\n\n\n<div class=\"wp-block-group postmetaline is-nowrap is-layout-flex wp-container-core-group-is-layout-6c531013 wp-block-group-is-layout-flex\"><div class=\"wp-block-post-date\"><time datetime=\"2019-10-07T10:00:32+02:00\">07. octubre 2019<\/time><\/div>\n\n<\/div>\n\n\n<div class=\"wp-block-post-excerpt\"><p class=\"wp-block-post-excerpt__excerpt\">Las flores de Pascua son ideales para las bodas. Ya sea en el ramo de novia, como decoraci\u00f3n de la mesa o de la tarta, las flores de Pascua cortadas convierten la decoraci\u00f3n floral de la boda en un centro de ensue\u00f1o.<\/p><p class=\"wp-block-post-excerpt__more-text\"><a class=\"wp-block-post-excerpt__more-link\" href=\"https:\/\/starsforeurope.com\/es\/press\/boda-de-ensuenos-en-diciembre-recien-casada-poinsettia-y-la-novia-de-invierno\/\">Leer m\u00e1s<\/a><\/p><\/div>\n<\/li><\/ul>\n\n\n\n<\/div>\n\n\n\n<div style=\"height:3rem\" aria-hidden=\"true\" class=\"wp-block-spacer\"><\/div>\n<\/main>\n\n\n\n<p><\/p>","protected":false},"excerpt":{"rendered":"<p>Celebra tu d\u00eda especial con la belleza atemporal de la flor de Pascua, perfecta para crear detalles de boda memorables y festivos.<\/p>\n","protected":false},"author":24,"featured_media":4366,"parent":8641,"menu_order":0,"comment_status":"closed","ping_status":"closed","template":"two-column-press","meta":{"_acf_changed":false,"footnotes":""},"class_list":["post-8674","page","type-page","status-publish","has-post-thumbnail","hentry"],"acf":[],"_links":{"self":[{"href":"https:\/\/starsforeurope.com\/es\/wp-json\/wp\/v2\/pages\/8674","targetHints":{"allow":["GET"]}}],"collection":[{"href":"https:\/\/starsforeurope.com\/es\/wp-json\/wp\/v2\/pages"}],"about":[{"href":"https:\/\/starsforeurope.com\/es\/wp-json\/wp\/v2\/types\/page"}],"author":[{"embeddable":true,"href":"https:\/\/starsforeurope.com\/es\/wp-json\/wp\/v2\/users\/24"}],"replies":[{"embeddable":true,"href":"https:\/\/starsforeurope.com\/es\/wp-json\/wp\/v2\/comments?post=8674"}],"version-history":[{"count":1,"href":"https:\/\/starsforeurope.com\/es\/wp-json\/wp\/v2\/pages\/8674\/revisions"}],"predecessor-version":[{"id":8675,"href":"https:\/\/starsforeurope.com\/es\/wp-json\/wp\/v2\/pages\/8674\/revisions\/8675"}],"up":[{"embeddable":true,"href":"https:\/\/starsforeurope.com\/es\/wp-json\/wp\/v2\/pages\/8641"}],"wp:featuredmedia":[{"embeddable":true,"href":"https:\/\/starsforeurope.com\/es\/wp-json\/wp\/v2\/media\/4366"}],"wp:attachment":[{"href":"https:\/\/starsforeurope.com\/es\/wp-json\/wp\/v2\/media?parent=8674"}],"curies":[{"name":"wp","href":"https:\/\/api.w.org\/{rel}","templated":true}]}}