{"id":8668,"date":"2025-07-28T22:03:06","date_gmt":"2025-07-28T20:03:06","guid":{"rendered":"https:\/\/starsforeurope.com\/es\/?page_id=8668"},"modified":"2025-07-31T23:33:50","modified_gmt":"2025-07-31T21:33:50","slug":"adornos-de-mesa-pr","status":"publish","type":"page","link":"https:\/\/starsforeurope.com\/es\/comunicados-de-prensa\/decoracion-pr\/adornos-de-mesa-pr\/","title":{"rendered":"Decoraciones de Mesa con Poinsettias"},"content":{"rendered":"<main class=\"wp-block-group postimage-half wide-content is-layout-flow wp-block-group-is-layout-flow\" style=\"margin-top:var(--wp--preset--spacing--50)\">\n<div style=\"height:3rem\" aria-hidden=\"true\" class=\"wp-block-spacer\"><\/div>\n\n\n\n<div class=\"wp-block-query is-layout-flow wp-block-query-is-layout-flow\"><ul class=\"columns-2 wp-block-post-template is-layout-grid wp-container-core-post-template-is-layout-37ef2942 wp-block-post-template-is-layout-grid\"><li class=\"wp-block-post post-9065 press type-press status-publish has-post-thumbnail hentry press_cat-table-decoration press_main-adornos-de-mesa press_main-decoracion press_main-pressemitteilungen\">\n<figure style=\"aspect-ratio:1;\" class=\"featuredimage wp-block-post-featured-image\"><a href=\"https:\/\/starsforeurope.com\/es\/press\/vestida-para-la-cena-decoraciones-de-mesa-versatiles-con-poinsettias\/\" target=\"_self\"  ><img loading=\"lazy\" decoding=\"async\" width=\"875\" height=\"1050\" src=\"https:\/\/starsforeurope.com\/es\/wp-content\/uploads\/sites\/14\/2025\/09\/2025_Poinsettia_01000_Nordic_Winter_Charm_08.jpg\" class=\"attachment-post-thumbnail size-post-thumbnail wp-post-image\" alt=\"Vestida para la cena. Decoraciones de mesa vers\u00e1tiles con poinsettias\" style=\"width:100%;height:100%;object-fit:cover;\" srcset=\"https:\/\/starsforeurope.com\/es\/wp-content\/uploads\/sites\/14\/2025\/09\/2025_Poinsettia_01000_Nordic_Winter_Charm_08.jpg 875w, https:\/\/starsforeurope.com\/es\/wp-content\/uploads\/sites\/14\/2025\/09\/2025_Poinsettia_01000_Nordic_Winter_Charm_08-250x300.jpg 250w, https:\/\/starsforeurope.com\/es\/wp-content\/uploads\/sites\/14\/2025\/09\/2025_Poinsettia_01000_Nordic_Winter_Charm_08-853x1024.jpg 853w, https:\/\/starsforeurope.com\/es\/wp-content\/uploads\/sites\/14\/2025\/09\/2025_Poinsettia_01000_Nordic_Winter_Charm_08-768x922.jpg 768w\" sizes=\"auto, (max-width: 875px) 100vw, 875px\" \/><\/a><\/figure>\n\n<h3 class=\"wp-block-post-title\"><a href=\"https:\/\/starsforeurope.com\/es\/press\/vestida-para-la-cena-decoraciones-de-mesa-versatiles-con-poinsettias\/\" target=\"_self\" >Vestida para la cena. Decoraciones de mesa vers\u00e1tiles con poinsettias<\/a><\/h3>\n\n\n<div class=\"wp-block-group postmetaline is-nowrap is-layout-flex wp-container-core-group-is-layout-6c531013 wp-block-group-is-layout-flex\"><div class=\"wp-block-post-date\"><time datetime=\"2025-11-20T08:00:00+01:00\">20. noviembre 2025<\/time><\/div>\n\n<\/div>\n\n\n<div class=\"wp-block-post-excerpt\"><p class=\"wp-block-post-excerpt__excerpt\">Sostenibles, divertidas o elegantes, las poinsettias convierten los arreglos para la mesa en aut\u00e9nticas obras de arte. Disponibles en una amplia gama de colores, desde el rojo cl\u00e1sico, el crema y el albaricoque hasta el delicado rosa y el rosa intenso, aportan un toque \u00fanico a cualquier mesa navide\u00f1a. Las flores de Pascua grandes son<\/p><p class=\"wp-block-post-excerpt__more-text\"><a class=\"wp-block-post-excerpt__more-link\" href=\"https:\/\/starsforeurope.com\/es\/press\/vestida-para-la-cena-decoraciones-de-mesa-versatiles-con-poinsettias\/\">Leer m\u00e1s<\/a><\/p><\/div>\n<\/li><li class=\"wp-block-post post-8378 press type-press status-publish has-post-thumbnail hentry press_cat-winter-decor press_cat-event press_cat-start-of-the-season press_main-adornos-de-mesa press_main-bricolaje-upcycling press_main-decoracion press_main-pressemitteilungen\">\n<figure style=\"aspect-ratio:1;\" class=\"featuredimage wp-block-post-featured-image\"><a href=\"https:\/\/starsforeurope.com\/es\/press\/decoracion-de-mesa-con-flores-de-pascua-mesas-florales-festivas-para-todos-los-gustos\/\" target=\"_self\"  ><img loading=\"lazy\" decoding=\"async\" width=\"875\" height=\"1050\" src=\"https:\/\/starsforeurope.com\/es\/wp-content\/uploads\/sites\/14\/2024\/11\/2024_Poinsettia_02000_Modern_Vintage_Fusion_03.jpg\" class=\"attachment-post-thumbnail size-post-thumbnail wp-post-image\" alt=\"Decoraci\u00f3n de mesa con flores de Pascua. Mesas florales festivas para todos los gustos\" style=\"width:100%;height:100%;object-fit:cover;\" srcset=\"https:\/\/starsforeurope.com\/es\/wp-content\/uploads\/sites\/14\/2024\/11\/2024_Poinsettia_02000_Modern_Vintage_Fusion_03.jpg 875w, https:\/\/starsforeurope.com\/es\/wp-content\/uploads\/sites\/14\/2024\/11\/2024_Poinsettia_02000_Modern_Vintage_Fusion_03-250x300.jpg 250w, https:\/\/starsforeurope.com\/es\/wp-content\/uploads\/sites\/14\/2024\/11\/2024_Poinsettia_02000_Modern_Vintage_Fusion_03-853x1024.jpg 853w, https:\/\/starsforeurope.com\/es\/wp-content\/uploads\/sites\/14\/2024\/11\/2024_Poinsettia_02000_Modern_Vintage_Fusion_03-768x922.jpg 768w, https:\/\/starsforeurope.com\/es\/wp-content\/uploads\/sites\/14\/2024\/11\/2024_Poinsettia_02000_Modern_Vintage_Fusion_03-563x675.jpg 563w\" sizes=\"auto, (max-width: 875px) 100vw, 875px\" \/><\/a><\/figure>\n\n<h3 class=\"wp-block-post-title\"><a href=\"https:\/\/starsforeurope.com\/es\/press\/decoracion-de-mesa-con-flores-de-pascua-mesas-florales-festivas-para-todos-los-gustos\/\" target=\"_self\" >Decoraci\u00f3n de mesa con flores de Pascua. Mesas florales festivas para todos los gustos<\/a><\/h3>\n\n\n<div class=\"wp-block-group postmetaline is-nowrap is-layout-flex wp-container-core-group-is-layout-6c531013 wp-block-group-is-layout-flex\"><div class=\"wp-block-post-date\"><time datetime=\"2024-12-14T08:00:05+01:00\">14. diciembre 2024<\/time><\/div>\n\n<\/div>\n\n\n<div class=\"wp-block-post-excerpt\"><p class=\"wp-block-post-excerpt__excerpt\">Las estrellas de Navidad decoran tanto la elegante mesa festiva como la mesa del desayuno o la mesa de caf\u00e9. Presentamos decoraciones de mesa para cada ocasi\u00f3n.<\/p><p class=\"wp-block-post-excerpt__more-text\"><a class=\"wp-block-post-excerpt__more-link\" href=\"https:\/\/starsforeurope.com\/es\/press\/decoracion-de-mesa-con-flores-de-pascua-mesas-florales-festivas-para-todos-los-gustos\/\">Leer m\u00e1s<\/a><\/p><\/div>\n<\/li><li class=\"wp-block-post post-5039 press type-press status-publish has-post-thumbnail hentry press_cat-care press_cat-interesting-facts press_main-adornos-de-adviento press_main-adornos-de-mesa press_main-decoracion press_main-pressemitteilungen\">\n<figure style=\"aspect-ratio:1;\" class=\"featuredimage wp-block-post-featured-image\"><a href=\"https:\/\/starsforeurope.com\/es\/press\/los-tonos-de-flores-de-pascua-que-combinan-a-la-perfeccion-con-la-decoracion-dorada-de-navidad\/\" target=\"_self\"  ><img loading=\"lazy\" decoding=\"async\" width=\"875\" height=\"1050\" src=\"https:\/\/starsforeurope.com\/es\/wp-content\/uploads\/sites\/14\/2023\/10\/2018_poinsettia_0120_Green_Living_Christmas_Nostalgy__12.jpg\" class=\"attachment-post-thumbnail size-post-thumbnail wp-post-image\" alt=\"Los tonos de flores de Pascua que combinan a la perfecci\u00f3n con la decoraci\u00f3n dorada de Navidad\" style=\"width:100%;height:100%;object-fit:cover;\" srcset=\"https:\/\/starsforeurope.com\/es\/wp-content\/uploads\/sites\/14\/2023\/10\/2018_poinsettia_0120_Green_Living_Christmas_Nostalgy__12.jpg 875w, https:\/\/starsforeurope.com\/es\/wp-content\/uploads\/sites\/14\/2023\/10\/2018_poinsettia_0120_Green_Living_Christmas_Nostalgy__12-250x300.jpg 250w, https:\/\/starsforeurope.com\/es\/wp-content\/uploads\/sites\/14\/2023\/10\/2018_poinsettia_0120_Green_Living_Christmas_Nostalgy__12-853x1024.jpg 853w, https:\/\/starsforeurope.com\/es\/wp-content\/uploads\/sites\/14\/2023\/10\/2018_poinsettia_0120_Green_Living_Christmas_Nostalgy__12-768x922.jpg 768w, https:\/\/starsforeurope.com\/es\/wp-content\/uploads\/sites\/14\/2023\/10\/2018_poinsettia_0120_Green_Living_Christmas_Nostalgy__12-563x675.jpg 563w\" sizes=\"auto, (max-width: 875px) 100vw, 875px\" \/><\/a><\/figure>\n\n<h3 class=\"wp-block-post-title\"><a href=\"https:\/\/starsforeurope.com\/es\/press\/los-tonos-de-flores-de-pascua-que-combinan-a-la-perfeccion-con-la-decoracion-dorada-de-navidad\/\" target=\"_self\" >Los tonos de flores de Pascua que combinan a la perfecci\u00f3n con la decoraci\u00f3n dorada de Navidad<\/a><\/h3>\n\n\n<div class=\"wp-block-group postmetaline is-nowrap is-layout-flex wp-container-core-group-is-layout-6c531013 wp-block-group-is-layout-flex\"><div class=\"wp-block-post-date\"><time datetime=\"2024-12-02T06:00:38+01:00\">02. diciembre 2024<\/time><\/div>\n\n<\/div>\n\n\n<div class=\"wp-block-post-excerpt\"><p class=\"wp-block-post-excerpt__excerpt\">Los expertos de Stars for Europe recomiendan usar las poinsettias de color blanco crema y albaricoque para crear un ambiente de lujo en cualquier estancia<\/p><p class=\"wp-block-post-excerpt__more-text\"><a class=\"wp-block-post-excerpt__more-link\" href=\"https:\/\/starsforeurope.com\/es\/press\/los-tonos-de-flores-de-pascua-que-combinan-a-la-perfeccion-con-la-decoracion-dorada-de-navidad\/\">Leer m\u00e1s<\/a><\/p><\/div>\n<\/li><li class=\"wp-block-post post-7982 press type-press status-publish has-post-thumbnail hentry press_cat-care press_cat-market-data press_cat-interesting-facts press_main-adornos-de-mesa press_main-decoracion press_main-pressemitteilungen\">\n<figure style=\"aspect-ratio:1;\" class=\"featuredimage wp-block-post-featured-image\"><a href=\"https:\/\/starsforeurope.com\/es\/press\/propuestas-creativas-para-incluir-la-flor-de-pascua-en-las-mesas-de-navidad\/\" target=\"_self\"  ><img loading=\"lazy\" decoding=\"async\" width=\"875\" height=\"1050\" src=\"https:\/\/starsforeurope.com\/es\/wp-content\/uploads\/sites\/14\/2023\/08\/2023_poinsettia_01000_Jewels_of_Nature_05-1.jpg\" class=\"attachment-post-thumbnail size-post-thumbnail wp-post-image\" alt=\"Propuestas creativas para incluir la flor de Pascua en las mesas de Navidad\" style=\"width:100%;height:100%;object-fit:cover;\" srcset=\"https:\/\/starsforeurope.com\/es\/wp-content\/uploads\/sites\/14\/2023\/08\/2023_poinsettia_01000_Jewels_of_Nature_05-1.jpg 875w, https:\/\/starsforeurope.com\/es\/wp-content\/uploads\/sites\/14\/2023\/08\/2023_poinsettia_01000_Jewels_of_Nature_05-1-250x300.jpg 250w, https:\/\/starsforeurope.com\/es\/wp-content\/uploads\/sites\/14\/2023\/08\/2023_poinsettia_01000_Jewels_of_Nature_05-1-853x1024.jpg 853w, https:\/\/starsforeurope.com\/es\/wp-content\/uploads\/sites\/14\/2023\/08\/2023_poinsettia_01000_Jewels_of_Nature_05-1-768x922.jpg 768w, https:\/\/starsforeurope.com\/es\/wp-content\/uploads\/sites\/14\/2023\/08\/2023_poinsettia_01000_Jewels_of_Nature_05-1-563x675.jpg 563w\" sizes=\"auto, (max-width: 875px) 100vw, 875px\" \/><\/a><\/figure>\n\n<h3 class=\"wp-block-post-title\"><a href=\"https:\/\/starsforeurope.com\/es\/press\/propuestas-creativas-para-incluir-la-flor-de-pascua-en-las-mesas-de-navidad\/\" target=\"_self\" >Propuestas creativas para incluir la flor de Pascua en las mesas de Navidad<\/a><\/h3>\n\n\n<div class=\"wp-block-group postmetaline is-nowrap is-layout-flex wp-container-core-group-is-layout-6c531013 wp-block-group-is-layout-flex\"><div class=\"wp-block-post-date\"><time datetime=\"2024-01-03T19:13:56+01:00\">03. enero 2024<\/time><\/div>\n\n<\/div>\n\n\n<div class=\"wp-block-post-excerpt\"><p class=\"wp-block-post-excerpt__excerpt\">Ideas de decoraci\u00f3n para la mesa de Navidad, que se convierte en el epicentro de los encuentros, para contagiar a los seres queridos la magia de la ocasi\u00f3n.<\/p><p class=\"wp-block-post-excerpt__more-text\"><a class=\"wp-block-post-excerpt__more-link\" href=\"https:\/\/starsforeurope.com\/es\/press\/propuestas-creativas-para-incluir-la-flor-de-pascua-en-las-mesas-de-navidad\/\">Leer m\u00e1s<\/a><\/p><\/div>\n<\/li><\/ul>\n\n<nav class=\"wp-block-query-pagination is-content-justification-center is-layout-flex wp-container-core-query-pagination-is-layout-a89b3969 wp-block-query-pagination-is-layout-flex\" aria-label=\"Paginaci\u00f3n\">\n\n\n<div class=\"wp-block-query-pagination-numbers has-medium-font-size\"><span aria-current=\"page\" class=\"page-numbers current\">1<\/span>\n<a class=\"page-numbers\" href=\"?query-0-page=2\">2<\/a>\n<a class=\"page-numbers\" href=\"?query-0-page=3\">3<\/a>\n<a class=\"page-numbers\" href=\"?query-0-page=4\">4<\/a><\/div>\n\n<a href=\"\/es\/wp-json\/wp\/v2\/pages\/8668?query-0-page=2\" class=\"wp-block-query-pagination-next\">\u22b3<\/a>\n<\/nav>\n\n<\/div>\n\n\n\n<div style=\"height:3rem\" aria-hidden=\"true\" class=\"wp-block-spacer\"><\/div>\n<\/main>\n\n\n\n<p><\/p>","protected":false},"excerpt":{"rendered":"<p>Transforma tu mesa de comedor con elegantes detalles de flor de Pascua que aportar\u00e1n calidez y estilo festivo a cada comida.<\/p>\n","protected":false},"author":24,"featured_media":4366,"parent":8641,"menu_order":0,"comment_status":"closed","ping_status":"closed","template":"two-column-press","meta":{"_acf_changed":false,"footnotes":""},"class_list":["post-8668","page","type-page","status-publish","has-post-thumbnail","hentry"],"acf":[],"_links":{"self":[{"href":"https:\/\/starsforeurope.com\/es\/wp-json\/wp\/v2\/pages\/8668","targetHints":{"allow":["GET"]}}],"collection":[{"href":"https:\/\/starsforeurope.com\/es\/wp-json\/wp\/v2\/pages"}],"about":[{"href":"https:\/\/starsforeurope.com\/es\/wp-json\/wp\/v2\/types\/page"}],"author":[{"embeddable":true,"href":"https:\/\/starsforeurope.com\/es\/wp-json\/wp\/v2\/users\/24"}],"replies":[{"embeddable":true,"href":"https:\/\/starsforeurope.com\/es\/wp-json\/wp\/v2\/comments?post=8668"}],"version-history":[{"count":1,"href":"https:\/\/starsforeurope.com\/es\/wp-json\/wp\/v2\/pages\/8668\/revisions"}],"predecessor-version":[{"id":8669,"href":"https:\/\/starsforeurope.com\/es\/wp-json\/wp\/v2\/pages\/8668\/revisions\/8669"}],"up":[{"embeddable":true,"href":"https:\/\/starsforeurope.com\/es\/wp-json\/wp\/v2\/pages\/8641"}],"wp:featuredmedia":[{"embeddable":true,"href":"https:\/\/starsforeurope.com\/es\/wp-json\/wp\/v2\/media\/4366"}],"wp:attachment":[{"href":"https:\/\/starsforeurope.com\/es\/wp-json\/wp\/v2\/media?parent=8668"}],"curies":[{"name":"wp","href":"https:\/\/api.w.org\/{rel}","templated":true}]}}