{"id":8652,"date":"2025-07-28T21:35:53","date_gmt":"2025-07-28T19:35:53","guid":{"rendered":"https:\/\/starsforeurope.com\/es\/?page_id=8652"},"modified":"2025-07-31T23:33:50","modified_gmt":"2025-07-31T21:33:50","slug":"adornos-para-el-arbol-de-navidad-pr","status":"publish","type":"page","link":"https:\/\/starsforeurope.com\/es\/comunicados-de-prensa\/decoracion-pr\/adornos-para-el-arbol-de-navidad-pr\/","title":{"rendered":"Poinsettias para Decorar el \u00c1rbol de Navidad"},"content":{"rendered":"<main class=\"wp-block-group postimage-half wide-content is-layout-flow wp-block-group-is-layout-flow\" style=\"margin-top:var(--wp--preset--spacing--50)\">\n<div style=\"height:3rem\" aria-hidden=\"true\" class=\"wp-block-spacer\"><\/div>\n\n\n\n<div class=\"wp-block-query is-layout-flow wp-block-query-is-layout-flow\"><ul class=\"columns-2 wp-block-post-template is-layout-grid wp-container-core-post-template-is-layout-37ef2942 wp-block-post-template-is-layout-grid\"><li class=\"wp-block-post post-8508 press type-press status-publish has-post-thumbnail hentry press_cat-decoration-tips press_cat-advent-decoration press_cat-christmas-tree-decorations press_cat-diy press_main-adornos-de-adviento press_main-adornos-para-el-arbol-de-navidad press_main-bricolaje-upcycling press_main-decoracion press_main-pressemitteilungen\">\n<figure style=\"aspect-ratio:1;\" class=\"featuredimage wp-block-post-featured-image\"><a href=\"https:\/\/starsforeurope.com\/es\/press\/la-magia-de-las-estrellas-en-navidad-decoraciones-de-adviento-y-del-arbol-de-navidad-con-poinsettias\/\" target=\"_self\"  ><img loading=\"lazy\" decoding=\"async\" width=\"875\" height=\"1050\" src=\"https:\/\/starsforeurope.com\/es\/wp-content\/uploads\/sites\/14\/2025\/07\/2025_Poinsettia_01000_Nordic_Winter_Charm_09.jpg\" class=\"attachment-post-thumbnail size-post-thumbnail wp-post-image\" alt=\"La magia de las estrellas en Navidad. Decoraciones de Adviento y del \u00e1rbol de Navidad con poinsettias\" style=\"width:100%;height:100%;object-fit:cover;\" srcset=\"https:\/\/starsforeurope.com\/es\/wp-content\/uploads\/sites\/14\/2025\/07\/2025_Poinsettia_01000_Nordic_Winter_Charm_09.jpg 875w, https:\/\/starsforeurope.com\/es\/wp-content\/uploads\/sites\/14\/2025\/07\/2025_Poinsettia_01000_Nordic_Winter_Charm_09-250x300.jpg 250w, https:\/\/starsforeurope.com\/es\/wp-content\/uploads\/sites\/14\/2025\/07\/2025_Poinsettia_01000_Nordic_Winter_Charm_09-853x1024.jpg 853w, https:\/\/starsforeurope.com\/es\/wp-content\/uploads\/sites\/14\/2025\/07\/2025_Poinsettia_01000_Nordic_Winter_Charm_09-768x922.jpg 768w\" sizes=\"auto, (max-width: 875px) 100vw, 875px\" \/><\/a><\/figure>\n\n<h3 class=\"wp-block-post-title\"><a href=\"https:\/\/starsforeurope.com\/es\/press\/la-magia-de-las-estrellas-en-navidad-decoraciones-de-adviento-y-del-arbol-de-navidad-con-poinsettias\/\" target=\"_self\" >La magia de las estrellas en Navidad. Decoraciones de Adviento y del \u00e1rbol de Navidad con poinsettias<\/a><\/h3>\n\n\n<div class=\"wp-block-group postmetaline is-nowrap is-layout-flex wp-container-core-group-is-layout-6c531013 wp-block-group-is-layout-flex\"><div class=\"wp-block-post-date\"><time datetime=\"2025-07-21T15:00:00+02:00\">21. julio 2025<\/time><\/div>\n\n<\/div>\n\n\n<div class=\"wp-block-post-excerpt\"><p class=\"wp-block-post-excerpt__excerpt\">Ya sea en forma de kokedama, flor cortada o planta en maceta, las flores de pascua aportan un brillo especial a la decoraci\u00f3n navide\u00f1a y al \u00e1rbol de Navidad. \u00a1Compru\u00e9belo usted mismo!<\/p><p class=\"wp-block-post-excerpt__more-text\"><a class=\"wp-block-post-excerpt__more-link\" href=\"https:\/\/starsforeurope.com\/es\/press\/la-magia-de-las-estrellas-en-navidad-decoraciones-de-adviento-y-del-arbol-de-navidad-con-poinsettias\/\">Leer m\u00e1s<\/a><\/p><\/div>\n<\/li><li class=\"wp-block-post post-7990 press type-press status-publish has-post-thumbnail hentry press_cat-care press_cat-market-data press_cat-interesting-facts press_main-adornos-para-el-arbol-de-navidad press_main-decoracion press_main-ideas-para-regalos press_main-pressemitteilungen\">\n<figure style=\"aspect-ratio:1;\" class=\"featuredimage wp-block-post-featured-image\"><a href=\"https:\/\/starsforeurope.com\/es\/press\/el-arbol-y-los-regalos-de-navidad-se-decoraran-este-ano-con-flores-de-pascua\/\" target=\"_self\"  ><img loading=\"lazy\" decoding=\"async\" width=\"875\" height=\"1050\" src=\"https:\/\/starsforeurope.com\/es\/wp-content\/uploads\/sites\/14\/2022\/09\/2019-poinsettia-close-up-plant-04.jpg\" class=\"attachment-post-thumbnail size-post-thumbnail wp-post-image\" alt=\"El \u00e1rbol y los regalos de Navidad se decorar\u00e1n este a\u00f1o con flores de Pascua\" style=\"width:100%;height:100%;object-fit:cover;\" srcset=\"https:\/\/starsforeurope.com\/es\/wp-content\/uploads\/sites\/14\/2022\/09\/2019-poinsettia-close-up-plant-04.jpg 875w, https:\/\/starsforeurope.com\/es\/wp-content\/uploads\/sites\/14\/2022\/09\/2019-poinsettia-close-up-plant-04-250x300.jpg 250w, https:\/\/starsforeurope.com\/es\/wp-content\/uploads\/sites\/14\/2022\/09\/2019-poinsettia-close-up-plant-04-853x1024.jpg 853w, https:\/\/starsforeurope.com\/es\/wp-content\/uploads\/sites\/14\/2022\/09\/2019-poinsettia-close-up-plant-04-768x922.jpg 768w, https:\/\/starsforeurope.com\/es\/wp-content\/uploads\/sites\/14\/2022\/09\/2019-poinsettia-close-up-plant-04-563x675.jpg 563w\" sizes=\"auto, (max-width: 875px) 100vw, 875px\" \/><\/a><\/figure>\n\n<h3 class=\"wp-block-post-title\"><a href=\"https:\/\/starsforeurope.com\/es\/press\/el-arbol-y-los-regalos-de-navidad-se-decoraran-este-ano-con-flores-de-pascua\/\" target=\"_self\" >El \u00e1rbol y los regalos de Navidad se decorar\u00e1n este a\u00f1o con flores de Pascua<\/a><\/h3>\n\n\n<div class=\"wp-block-group postmetaline is-nowrap is-layout-flex wp-container-core-group-is-layout-6c531013 wp-block-group-is-layout-flex\"><div class=\"wp-block-post-date\"><time datetime=\"2023-12-30T19:43:08+01:00\">30. diciembre 2023<\/time><\/div>\n\n<\/div>\n\n\n<div class=\"wp-block-post-excerpt\"><p class=\"wp-block-post-excerpt__excerpt\">Pero esta Navidad 2023 destaca por una nueva tendencia: se est\u00e1n empezando a utilizar estas flores cortadas para darle un toque diferente a los \u00e1rboles de Navidad y para llegar al 10 en originalidad a la hora de presentar los regalos navide\u00f1os<\/p><p class=\"wp-block-post-excerpt__more-text\"><a class=\"wp-block-post-excerpt__more-link\" href=\"https:\/\/starsforeurope.com\/es\/press\/el-arbol-y-los-regalos-de-navidad-se-decoraran-este-ano-con-flores-de-pascua\/\">Leer m\u00e1s<\/a><\/p><\/div>\n<\/li><li class=\"wp-block-post post-7534 press type-press status-publish has-post-thumbnail hentry press_cat-decoration-tips press_cat-winter-decor press_cat-advent-decoration press_cat-christmas-tree-decorations press_cat-diy press_cat-gift-ideas press_main-adornos-para-el-arbol-de-navidad press_main-decoracion press_main-ideas-para-regalos press_main-pressemitteilungen\">\n<figure style=\"aspect-ratio:1;\" class=\"featuredimage wp-block-post-featured-image\"><a href=\"https:\/\/starsforeurope.com\/es\/press\/una-navidad-llena-de-estrellas-como-la-flor-de-pascua-crea-magia-a-cualquier-edad\/\" target=\"_self\"  ><img loading=\"lazy\" decoding=\"async\" width=\"875\" height=\"1050\" src=\"https:\/\/starsforeurope.com\/es\/wp-content\/uploads\/sites\/14\/2023\/08\/2023_poinsettia_02000_Cottagecore_Charm_37.jpg\" class=\"attachment-post-thumbnail size-post-thumbnail wp-post-image\" alt=\"Una Navidad llena de estrellas. C\u00f3mo la flor de Pascua crea magia a cualquier edad\" style=\"width:100%;height:100%;object-fit:cover;\" srcset=\"https:\/\/starsforeurope.com\/es\/wp-content\/uploads\/sites\/14\/2023\/08\/2023_poinsettia_02000_Cottagecore_Charm_37.jpg 875w, https:\/\/starsforeurope.com\/es\/wp-content\/uploads\/sites\/14\/2023\/08\/2023_poinsettia_02000_Cottagecore_Charm_37-250x300.jpg 250w, https:\/\/starsforeurope.com\/es\/wp-content\/uploads\/sites\/14\/2023\/08\/2023_poinsettia_02000_Cottagecore_Charm_37-853x1024.jpg 853w, https:\/\/starsforeurope.com\/es\/wp-content\/uploads\/sites\/14\/2023\/08\/2023_poinsettia_02000_Cottagecore_Charm_37-768x922.jpg 768w, https:\/\/starsforeurope.com\/es\/wp-content\/uploads\/sites\/14\/2023\/08\/2023_poinsettia_02000_Cottagecore_Charm_37-563x675.jpg 563w\" sizes=\"auto, (max-width: 875px) 100vw, 875px\" \/><\/a><\/figure>\n\n<h3 class=\"wp-block-post-title\"><a href=\"https:\/\/starsforeurope.com\/es\/press\/una-navidad-llena-de-estrellas-como-la-flor-de-pascua-crea-magia-a-cualquier-edad\/\" target=\"_self\" >Una Navidad llena de estrellas. C\u00f3mo la flor de Pascua crea magia a cualquier edad<\/a><\/h3>\n\n\n<div class=\"wp-block-group postmetaline is-nowrap is-layout-flex wp-container-core-group-is-layout-6c531013 wp-block-group-is-layout-flex\"><div class=\"wp-block-post-date\"><time datetime=\"2023-10-28T01:56:56+02:00\">28. octubre 2023<\/time><\/div>\n\n<\/div>\n\n\n<div class=\"wp-block-post-excerpt\"><p class=\"wp-block-post-excerpt__excerpt\">Con sus tonos c\u00e1lidos, las Poinesttias son capaces de animar cualquier interior y crear un ambiente alegre en los aburridos d\u00edas de oto\u00f1o. Descubre las decoraciones de temporada que har\u00e1n cambiar tu estado de \u00e1nimo.<\/p><p class=\"wp-block-post-excerpt__more-text\"><a class=\"wp-block-post-excerpt__more-link\" href=\"https:\/\/starsforeurope.com\/es\/press\/una-navidad-llena-de-estrellas-como-la-flor-de-pascua-crea-magia-a-cualquier-edad\/\">Leer m\u00e1s<\/a><\/p><\/div>\n<\/li><li class=\"wp-block-post post-5558 press type-press status-publish has-post-thumbnail hentry press_cat-christmas-tree-decorations press_cat-diy press_main-adornos-para-el-arbol-de-navidad press_main-bricolaje-upcycling press_main-decoracion press_main-pressemitteilungen\">\n<figure style=\"aspect-ratio:1;\" class=\"featuredimage wp-block-post-featured-image\"><a href=\"https:\/\/starsforeurope.com\/es\/press\/oh-poinsettia-poinsettia-que-coloridas-son-tus-hojas-nuevas-ideas-para-decorar-arboles-de-navidad-con-flores-de-pascua\/\" target=\"_self\"  ><img loading=\"lazy\" decoding=\"async\" width=\"875\" height=\"1050\" src=\"https:\/\/starsforeurope.com\/es\/wp-content\/uploads\/sites\/14\/2022\/09\/Asset-1-3.jpg\" class=\"attachment-post-thumbnail size-post-thumbnail wp-post-image\" alt=\"Oh poinsettia, poinsettia, qu\u00e9 coloridas son tus hojas. Nuevas ideas para decorar \u00e1rboles de Navidad con Flores de Pascua\" style=\"width:100%;height:100%;object-fit:cover;\" srcset=\"https:\/\/starsforeurope.com\/es\/wp-content\/uploads\/sites\/14\/2022\/09\/Asset-1-3.jpg 875w, https:\/\/starsforeurope.com\/es\/wp-content\/uploads\/sites\/14\/2022\/09\/Asset-1-3-250x300.jpg 250w, https:\/\/starsforeurope.com\/es\/wp-content\/uploads\/sites\/14\/2022\/09\/Asset-1-3-853x1024.jpg 853w, https:\/\/starsforeurope.com\/es\/wp-content\/uploads\/sites\/14\/2022\/09\/Asset-1-3-768x922.jpg 768w, https:\/\/starsforeurope.com\/es\/wp-content\/uploads\/sites\/14\/2022\/09\/Asset-1-3-563x675.jpg 563w\" sizes=\"auto, (max-width: 875px) 100vw, 875px\" \/><\/a><\/figure>\n\n<h3 class=\"wp-block-post-title\"><a href=\"https:\/\/starsforeurope.com\/es\/press\/oh-poinsettia-poinsettia-que-coloridas-son-tus-hojas-nuevas-ideas-para-decorar-arboles-de-navidad-con-flores-de-pascua\/\" target=\"_self\" >Oh poinsettia, poinsettia, qu\u00e9 coloridas son tus hojas. Nuevas ideas para decorar \u00e1rboles de Navidad con Flores de Pascua<\/a><\/h3>\n\n\n<div class=\"wp-block-group postmetaline is-nowrap is-layout-flex wp-container-core-group-is-layout-6c531013 wp-block-group-is-layout-flex\"><div class=\"wp-block-post-date\"><time datetime=\"2020-11-18T12:44:20+01:00\">18. noviembre 2020<\/time><\/div>\n\n<\/div>\n\n\n<div class=\"wp-block-post-excerpt\"><p class=\"wp-block-post-excerpt__excerpt\">Tanto si tienes un abeto de verdad como una alternativa de bricolaje sin agujas, las flores de Pascua son una gran decoraci\u00f3n.<\/p><p class=\"wp-block-post-excerpt__more-text\"><a class=\"wp-block-post-excerpt__more-link\" href=\"https:\/\/starsforeurope.com\/es\/press\/oh-poinsettia-poinsettia-que-coloridas-son-tus-hojas-nuevas-ideas-para-decorar-arboles-de-navidad-con-flores-de-pascua\/\">Leer m\u00e1s<\/a><\/p><\/div>\n<\/li><\/ul>\n\n<nav class=\"wp-block-query-pagination is-content-justification-center is-layout-flex wp-container-core-query-pagination-is-layout-a89b3969 wp-block-query-pagination-is-layout-flex\" aria-label=\"Paginaci\u00f3n\">\n\n\n<div class=\"wp-block-query-pagination-numbers has-medium-font-size\"><span aria-current=\"page\" class=\"page-numbers current\">1<\/span>\n<a class=\"page-numbers\" href=\"?query-0-page=2\">2<\/a><\/div>\n\n<a href=\"\/es\/wp-json\/wp\/v2\/pages\/8652?query-0-page=2\" class=\"wp-block-query-pagination-next\">\u22b3<\/a>\n<\/nav>\n\n<\/div>\n\n\n\n<div style=\"height:3rem\" aria-hidden=\"true\" class=\"wp-block-spacer\"><\/div>\n<\/main>","protected":false},"excerpt":{"rendered":"<p>Dale vida a tu \u00e1rbol con la vibrante belleza de la flor de Pascua. Un toque atemporal para un aspecto c\u00e1lido y festivo.<\/p>\n","protected":false},"author":24,"featured_media":4366,"parent":8641,"menu_order":0,"comment_status":"closed","ping_status":"closed","template":"two-column-press","meta":{"_acf_changed":false,"footnotes":""},"class_list":["post-8652","page","type-page","status-publish","has-post-thumbnail","hentry"],"acf":[],"_links":{"self":[{"href":"https:\/\/starsforeurope.com\/es\/wp-json\/wp\/v2\/pages\/8652","targetHints":{"allow":["GET"]}}],"collection":[{"href":"https:\/\/starsforeurope.com\/es\/wp-json\/wp\/v2\/pages"}],"about":[{"href":"https:\/\/starsforeurope.com\/es\/wp-json\/wp\/v2\/types\/page"}],"author":[{"embeddable":true,"href":"https:\/\/starsforeurope.com\/es\/wp-json\/wp\/v2\/users\/24"}],"replies":[{"embeddable":true,"href":"https:\/\/starsforeurope.com\/es\/wp-json\/wp\/v2\/comments?post=8652"}],"version-history":[{"count":1,"href":"https:\/\/starsforeurope.com\/es\/wp-json\/wp\/v2\/pages\/8652\/revisions"}],"predecessor-version":[{"id":8653,"href":"https:\/\/starsforeurope.com\/es\/wp-json\/wp\/v2\/pages\/8652\/revisions\/8653"}],"up":[{"embeddable":true,"href":"https:\/\/starsforeurope.com\/es\/wp-json\/wp\/v2\/pages\/8641"}],"wp:featuredmedia":[{"embeddable":true,"href":"https:\/\/starsforeurope.com\/es\/wp-json\/wp\/v2\/media\/4366"}],"wp:attachment":[{"href":"https:\/\/starsforeurope.com\/es\/wp-json\/wp\/v2\/media?parent=8652"}],"curies":[{"name":"wp","href":"https:\/\/api.w.org\/{rel}","templated":true}]}}