{"id":8646,"date":"2025-07-28T21:29:29","date_gmt":"2025-07-28T19:29:29","guid":{"rendered":"https:\/\/starsforeurope.com\/es\/?page_id=8646"},"modified":"2025-07-31T23:33:50","modified_gmt":"2025-07-31T21:33:50","slug":"adornos-de-adviento-pr","status":"publish","type":"page","link":"https:\/\/starsforeurope.com\/es\/comunicados-de-prensa\/decoracion-pr\/adornos-de-adviento-pr\/","title":{"rendered":"Decoraciones de Adviento con Poinsettias"},"content":{"rendered":"<main class=\"wp-block-group postimage-half wide-content is-layout-flow wp-block-group-is-layout-flow\" style=\"margin-top:var(--wp--preset--spacing--50)\">\n<div style=\"height:3rem\" aria-hidden=\"true\" class=\"wp-block-spacer\"><\/div>\n\n\n\n<div class=\"wp-block-query is-layout-flow wp-block-query-is-layout-flow\"><ul class=\"columns-2 wp-block-post-template is-layout-grid wp-container-core-post-template-is-layout-37ef2942 wp-block-post-template-is-layout-grid\"><li class=\"wp-block-post post-8508 press type-press status-publish has-post-thumbnail hentry press_cat-decoration-tips press_cat-advent-decoration press_cat-christmas-tree-decorations press_cat-diy press_main-adornos-de-adviento press_main-adornos-para-el-arbol-de-navidad press_main-bricolaje-upcycling press_main-decoracion press_main-pressemitteilungen\">\n<figure style=\"aspect-ratio:1;\" class=\"featuredimage wp-block-post-featured-image\"><a href=\"https:\/\/starsforeurope.com\/es\/press\/la-magia-de-las-estrellas-en-navidad-decoraciones-de-adviento-y-del-arbol-de-navidad-con-poinsettias\/\" target=\"_self\"  ><img loading=\"lazy\" decoding=\"async\" width=\"875\" height=\"1050\" src=\"https:\/\/starsforeurope.com\/es\/wp-content\/uploads\/sites\/14\/2025\/07\/2025_Poinsettia_01000_Nordic_Winter_Charm_09.jpg\" class=\"attachment-post-thumbnail size-post-thumbnail wp-post-image\" alt=\"La magia de las estrellas en Navidad. Decoraciones de Adviento y del \u00e1rbol de Navidad con poinsettias\" style=\"width:100%;height:100%;object-fit:cover;\" srcset=\"https:\/\/starsforeurope.com\/es\/wp-content\/uploads\/sites\/14\/2025\/07\/2025_Poinsettia_01000_Nordic_Winter_Charm_09.jpg 875w, https:\/\/starsforeurope.com\/es\/wp-content\/uploads\/sites\/14\/2025\/07\/2025_Poinsettia_01000_Nordic_Winter_Charm_09-250x300.jpg 250w, https:\/\/starsforeurope.com\/es\/wp-content\/uploads\/sites\/14\/2025\/07\/2025_Poinsettia_01000_Nordic_Winter_Charm_09-853x1024.jpg 853w, https:\/\/starsforeurope.com\/es\/wp-content\/uploads\/sites\/14\/2025\/07\/2025_Poinsettia_01000_Nordic_Winter_Charm_09-768x922.jpg 768w\" sizes=\"auto, (max-width: 875px) 100vw, 875px\" \/><\/a><\/figure>\n\n<h3 class=\"wp-block-post-title\"><a href=\"https:\/\/starsforeurope.com\/es\/press\/la-magia-de-las-estrellas-en-navidad-decoraciones-de-adviento-y-del-arbol-de-navidad-con-poinsettias\/\" target=\"_self\" >La magia de las estrellas en Navidad. Decoraciones de Adviento y del \u00e1rbol de Navidad con poinsettias<\/a><\/h3>\n\n\n<div class=\"wp-block-group postmetaline is-nowrap is-layout-flex wp-container-core-group-is-layout-6c531013 wp-block-group-is-layout-flex\"><div class=\"wp-block-post-date\"><time datetime=\"2025-07-21T15:00:00+02:00\">21. julio 2025<\/time><\/div>\n\n<\/div>\n\n\n<div class=\"wp-block-post-excerpt\"><p class=\"wp-block-post-excerpt__excerpt\">Ya sea en forma de kokedama, flor cortada o planta en maceta, las flores de pascua aportan un brillo especial a la decoraci\u00f3n navide\u00f1a y al \u00e1rbol de Navidad. \u00a1Compru\u00e9belo usted mismo!<\/p><p class=\"wp-block-post-excerpt__more-text\"><a class=\"wp-block-post-excerpt__more-link\" href=\"https:\/\/starsforeurope.com\/es\/press\/la-magia-de-las-estrellas-en-navidad-decoraciones-de-adviento-y-del-arbol-de-navidad-con-poinsettias\/\">Leer m\u00e1s<\/a><\/p><\/div>\n<\/li><li class=\"wp-block-post post-5039 press type-press status-publish has-post-thumbnail hentry press_cat-care press_cat-interesting-facts press_main-adornos-de-adviento press_main-adornos-de-mesa press_main-decoracion press_main-pressemitteilungen\">\n<figure style=\"aspect-ratio:1;\" class=\"featuredimage wp-block-post-featured-image\"><a href=\"https:\/\/starsforeurope.com\/es\/press\/los-tonos-de-flores-de-pascua-que-combinan-a-la-perfeccion-con-la-decoracion-dorada-de-navidad\/\" target=\"_self\"  ><img loading=\"lazy\" decoding=\"async\" width=\"875\" height=\"1050\" src=\"https:\/\/starsforeurope.com\/es\/wp-content\/uploads\/sites\/14\/2023\/10\/2018_poinsettia_0120_Green_Living_Christmas_Nostalgy__12.jpg\" class=\"attachment-post-thumbnail size-post-thumbnail wp-post-image\" alt=\"Los tonos de flores de Pascua que combinan a la perfecci\u00f3n con la decoraci\u00f3n dorada de Navidad\" style=\"width:100%;height:100%;object-fit:cover;\" srcset=\"https:\/\/starsforeurope.com\/es\/wp-content\/uploads\/sites\/14\/2023\/10\/2018_poinsettia_0120_Green_Living_Christmas_Nostalgy__12.jpg 875w, https:\/\/starsforeurope.com\/es\/wp-content\/uploads\/sites\/14\/2023\/10\/2018_poinsettia_0120_Green_Living_Christmas_Nostalgy__12-250x300.jpg 250w, https:\/\/starsforeurope.com\/es\/wp-content\/uploads\/sites\/14\/2023\/10\/2018_poinsettia_0120_Green_Living_Christmas_Nostalgy__12-853x1024.jpg 853w, https:\/\/starsforeurope.com\/es\/wp-content\/uploads\/sites\/14\/2023\/10\/2018_poinsettia_0120_Green_Living_Christmas_Nostalgy__12-768x922.jpg 768w, https:\/\/starsforeurope.com\/es\/wp-content\/uploads\/sites\/14\/2023\/10\/2018_poinsettia_0120_Green_Living_Christmas_Nostalgy__12-563x675.jpg 563w\" sizes=\"auto, (max-width: 875px) 100vw, 875px\" \/><\/a><\/figure>\n\n<h3 class=\"wp-block-post-title\"><a href=\"https:\/\/starsforeurope.com\/es\/press\/los-tonos-de-flores-de-pascua-que-combinan-a-la-perfeccion-con-la-decoracion-dorada-de-navidad\/\" target=\"_self\" >Los tonos de flores de Pascua que combinan a la perfecci\u00f3n con la decoraci\u00f3n dorada de Navidad<\/a><\/h3>\n\n\n<div class=\"wp-block-group postmetaline is-nowrap is-layout-flex wp-container-core-group-is-layout-6c531013 wp-block-group-is-layout-flex\"><div class=\"wp-block-post-date\"><time datetime=\"2024-12-02T06:00:38+01:00\">02. diciembre 2024<\/time><\/div>\n\n<\/div>\n\n\n<div class=\"wp-block-post-excerpt\"><p class=\"wp-block-post-excerpt__excerpt\">Los expertos de Stars for Europe recomiendan usar las poinsettias de color blanco crema y albaricoque para crear un ambiente de lujo en cualquier estancia<\/p><p class=\"wp-block-post-excerpt__more-text\"><a class=\"wp-block-post-excerpt__more-link\" href=\"https:\/\/starsforeurope.com\/es\/press\/los-tonos-de-flores-de-pascua-que-combinan-a-la-perfeccion-con-la-decoracion-dorada-de-navidad\/\">Leer m\u00e1s<\/a><\/p><\/div>\n<\/li><li class=\"wp-block-post post-5033 press type-press status-publish has-post-thumbnail hentry press_cat-decoration-tips press_cat-wedding-decoration press_cat-advent-decoration press_cat-diy press_main-adornos-de-adviento press_main-flores-cortadas press_main-pressemitteilungen\">\n<figure style=\"aspect-ratio:1;\" class=\"featuredimage wp-block-post-featured-image\"><a href=\"https:\/\/starsforeurope.com\/es\/press\/navidad-con-un-toque-de-lujo-decoracion-festiva-con-oro-y-flores-de-pascua\/\" target=\"_self\"  ><img loading=\"lazy\" decoding=\"async\" width=\"875\" height=\"1050\" src=\"https:\/\/starsforeurope.com\/es\/wp-content\/uploads\/sites\/14\/2024\/10\/2024_Poinsettia_01000_Golden_Elegance_01.jpg\" class=\"attachment-post-thumbnail size-post-thumbnail wp-post-image\" alt=\"Navidad con un toque de lujo. Decoraci\u00f3n festiva con oro y flores de Pascua\" style=\"width:100%;height:100%;object-fit:cover;\" srcset=\"https:\/\/starsforeurope.com\/es\/wp-content\/uploads\/sites\/14\/2024\/10\/2024_Poinsettia_01000_Golden_Elegance_01.jpg 875w, https:\/\/starsforeurope.com\/es\/wp-content\/uploads\/sites\/14\/2024\/10\/2024_Poinsettia_01000_Golden_Elegance_01-250x300.jpg 250w, https:\/\/starsforeurope.com\/es\/wp-content\/uploads\/sites\/14\/2024\/10\/2024_Poinsettia_01000_Golden_Elegance_01-853x1024.jpg 853w, https:\/\/starsforeurope.com\/es\/wp-content\/uploads\/sites\/14\/2024\/10\/2024_Poinsettia_01000_Golden_Elegance_01-768x922.jpg 768w, https:\/\/starsforeurope.com\/es\/wp-content\/uploads\/sites\/14\/2024\/10\/2024_Poinsettia_01000_Golden_Elegance_01-563x675.jpg 563w\" sizes=\"auto, (max-width: 875px) 100vw, 875px\" \/><\/a><\/figure>\n\n<h3 class=\"wp-block-post-title\"><a href=\"https:\/\/starsforeurope.com\/es\/press\/navidad-con-un-toque-de-lujo-decoracion-festiva-con-oro-y-flores-de-pascua\/\" target=\"_self\" >Navidad con un toque de lujo. Decoraci\u00f3n festiva con oro y flores de Pascua<\/a><\/h3>\n\n\n<div class=\"wp-block-group postmetaline is-nowrap is-layout-flex wp-container-core-group-is-layout-6c531013 wp-block-group-is-layout-flex\"><div class=\"wp-block-post-date\"><time datetime=\"2024-11-28T10:22:39+01:00\">28. noviembre 2024<\/time><\/div>\n\n<\/div>\n\n\n<div class=\"wp-block-post-excerpt\"><p class=\"wp-block-post-excerpt__excerpt\">\u00bfTe apetece crear un suntuoso interior festivo? Combina muebles y accesorios dorados con flores de Pascua blancas o de color albaricoque<\/p><p class=\"wp-block-post-excerpt__more-text\"><a class=\"wp-block-post-excerpt__more-link\" href=\"https:\/\/starsforeurope.com\/es\/press\/navidad-con-un-toque-de-lujo-decoracion-festiva-con-oro-y-flores-de-pascua\/\">Leer m\u00e1s<\/a><\/p><\/div>\n<\/li><li class=\"wp-block-post post-7648 press type-press status-publish has-post-thumbnail hentry press_cat-decoration-tips press_cat-table-decoration press_cat-advent-decoration press_cat-diy press_main-adornos-de-adviento press_main-bricolaje-upcycling press_main-decoracion press_main-pressemitteilungen\">\n<figure style=\"aspect-ratio:1;\" class=\"featuredimage wp-block-post-featured-image\"><a href=\"https:\/\/starsforeurope.com\/es\/press\/destellos-de-estrellas-y-luz-ideas-brillantes-para-decorar-el-adviento-con-flores-de-pascua\/\" target=\"_self\"  ><img loading=\"lazy\" decoding=\"async\" width=\"875\" height=\"1050\" src=\"https:\/\/starsforeurope.com\/es\/wp-content\/uploads\/sites\/14\/2023\/08\/2023_poinsettia_02000_Cottagecore_Charm_01.jpg\" class=\"attachment-post-thumbnail size-post-thumbnail wp-post-image\" alt=\"Destellos de estrellas y luz. Ideas brillantes para decorar el Adviento con flores de Pascua\" style=\"width:100%;height:100%;object-fit:cover;\" srcset=\"https:\/\/starsforeurope.com\/es\/wp-content\/uploads\/sites\/14\/2023\/08\/2023_poinsettia_02000_Cottagecore_Charm_01.jpg 875w, https:\/\/starsforeurope.com\/es\/wp-content\/uploads\/sites\/14\/2023\/08\/2023_poinsettia_02000_Cottagecore_Charm_01-250x300.jpg 250w, https:\/\/starsforeurope.com\/es\/wp-content\/uploads\/sites\/14\/2023\/08\/2023_poinsettia_02000_Cottagecore_Charm_01-853x1024.jpg 853w, https:\/\/starsforeurope.com\/es\/wp-content\/uploads\/sites\/14\/2023\/08\/2023_poinsettia_02000_Cottagecore_Charm_01-768x922.jpg 768w, https:\/\/starsforeurope.com\/es\/wp-content\/uploads\/sites\/14\/2023\/08\/2023_poinsettia_02000_Cottagecore_Charm_01-563x675.jpg 563w\" sizes=\"auto, (max-width: 875px) 100vw, 875px\" \/><\/a><\/figure>\n\n<h3 class=\"wp-block-post-title\"><a href=\"https:\/\/starsforeurope.com\/es\/press\/destellos-de-estrellas-y-luz-ideas-brillantes-para-decorar-el-adviento-con-flores-de-pascua\/\" target=\"_self\" >Destellos de estrellas y luz. Ideas brillantes para decorar el Adviento con flores de Pascua<\/a><\/h3>\n\n\n<div class=\"wp-block-group postmetaline is-nowrap is-layout-flex wp-container-core-group-is-layout-6c531013 wp-block-group-is-layout-flex\"><div class=\"wp-block-post-date\"><time datetime=\"2023-10-19T07:13:50+02:00\">19. octubre 2023<\/time><\/div>\n\n<\/div>\n\n\n<div class=\"wp-block-post-excerpt\"><p class=\"wp-block-post-excerpt__excerpt\">Las velas y las flores de Pascua (tambi\u00e9n conocidas como estrellas de Navidad) crean un ambiente especial en v\u00edsperas de la Navidad. M\u00e1s a\u00fan cuando se combinan, como en estos dise\u00f1os de Adviento desarrollados por los expertos en dise\u00f1o de Stars for Europe (SfE). Si est\u00e1s buscando un look a la moda, vers\u00e1til, caprichoso o<\/p><p class=\"wp-block-post-excerpt__more-text\"><a class=\"wp-block-post-excerpt__more-link\" href=\"https:\/\/starsforeurope.com\/es\/press\/destellos-de-estrellas-y-luz-ideas-brillantes-para-decorar-el-adviento-con-flores-de-pascua\/\">Leer m\u00e1s<\/a><\/p><\/div>\n<\/li><\/ul>\n\n<nav class=\"wp-block-query-pagination is-content-justification-center is-layout-flex wp-container-core-query-pagination-is-layout-a89b3969 wp-block-query-pagination-is-layout-flex\" aria-label=\"Paginaci\u00f3n\">\n\n\n<div class=\"wp-block-query-pagination-numbers has-medium-font-size\"><span aria-current=\"page\" class=\"page-numbers current\">1<\/span>\n<a class=\"page-numbers\" href=\"?query-0-page=2\">2<\/a>\n<a class=\"page-numbers\" href=\"?query-0-page=3\">3<\/a><\/div>\n\n<a href=\"\/es\/wp-json\/wp\/v2\/pages\/8646?query-0-page=2\" class=\"wp-block-query-pagination-next\">\u22b3<\/a>\n<\/nav>\n\n<\/div>\n\n\n\n<div style=\"height:3rem\" aria-hidden=\"true\" class=\"wp-block-spacer\"><\/div>\n<\/main>","protected":false},"excerpt":{"rendered":"<p>Crea un ambiente festivo con poinsetias en tu decoraci\u00f3n de Adviento. Encuentra inspiraci\u00f3n para coronas, centros de mesa y toques acogedores de temporada.<\/p>\n","protected":false},"author":24,"featured_media":4366,"parent":8641,"menu_order":0,"comment_status":"closed","ping_status":"closed","template":"two-column-press","meta":{"_acf_changed":false,"footnotes":""},"class_list":["post-8646","page","type-page","status-publish","has-post-thumbnail","hentry"],"acf":[],"_links":{"self":[{"href":"https:\/\/starsforeurope.com\/es\/wp-json\/wp\/v2\/pages\/8646","targetHints":{"allow":["GET"]}}],"collection":[{"href":"https:\/\/starsforeurope.com\/es\/wp-json\/wp\/v2\/pages"}],"about":[{"href":"https:\/\/starsforeurope.com\/es\/wp-json\/wp\/v2\/types\/page"}],"author":[{"embeddable":true,"href":"https:\/\/starsforeurope.com\/es\/wp-json\/wp\/v2\/users\/24"}],"replies":[{"embeddable":true,"href":"https:\/\/starsforeurope.com\/es\/wp-json\/wp\/v2\/comments?post=8646"}],"version-history":[{"count":2,"href":"https:\/\/starsforeurope.com\/es\/wp-json\/wp\/v2\/pages\/8646\/revisions"}],"predecessor-version":[{"id":8656,"href":"https:\/\/starsforeurope.com\/es\/wp-json\/wp\/v2\/pages\/8646\/revisions\/8656"}],"up":[{"embeddable":true,"href":"https:\/\/starsforeurope.com\/es\/wp-json\/wp\/v2\/pages\/8641"}],"wp:featuredmedia":[{"embeddable":true,"href":"https:\/\/starsforeurope.com\/es\/wp-json\/wp\/v2\/media\/4366"}],"wp:attachment":[{"href":"https:\/\/starsforeurope.com\/es\/wp-json\/wp\/v2\/media?parent=8646"}],"curies":[{"name":"wp","href":"https:\/\/api.w.org\/{rel}","templated":true}]}}