{"id":8620,"date":"2025-07-28T19:36:33","date_gmt":"2025-07-28T17:36:33","guid":{"rendered":"https:\/\/starsforeurope.com\/es\/?page_id=8620"},"modified":"2025-07-31T23:33:50","modified_gmt":"2025-07-31T21:33:50","slug":"variedad","status":"publish","type":"page","link":"https:\/\/starsforeurope.com\/es\/conocimientos\/variedad\/","title":{"rendered":"Descubre las variedades de Poinsettia"},"content":{"rendered":"<main class=\"wp-block-group postimage-half wide-content is-layout-flow wp-block-group-is-layout-flow\" style=\"margin-top:var(--wp--preset--spacing--50)\">\n<div style=\"height:3rem\" aria-hidden=\"true\" class=\"wp-block-spacer\"><\/div>\n\n\n\n<div class=\"wp-block-query is-layout-flow wp-block-query-is-layout-flow\"><ul class=\"columns-2 wp-block-post-template is-layout-grid wp-container-core-post-template-is-layout-37ef2942 wp-block-post-template-is-layout-grid\"><li class=\"wp-block-post post-4575 blog type-blog status-publish has-post-thumbnail hentry blog_cat-history blog_cat-variety blog_main-conocimientos blog_main-vale-la-pena-saber blog_main-variedad\">\n<figure style=\"aspect-ratio:1;\" class=\"featuredimage wp-block-post-featured-image\"><a href=\"https:\/\/starsforeurope.com\/es\/blog\/la-poinsettia-es-tan-versatil\/\" target=\"_self\"  ><img loading=\"lazy\" decoding=\"async\" width=\"875\" height=\"1050\" src=\"https:\/\/starsforeurope.com\/es\/wp-content\/uploads\/sites\/14\/2021\/11\/2021-poinsettia-04000-autumnal-glow-01.jpg\" class=\"attachment-post-thumbnail size-post-thumbnail wp-post-image\" alt=\"\u00a1La poinsettia es tan vers\u00e1til!\" style=\"width:100%;height:100%;object-fit:cover;\" srcset=\"https:\/\/starsforeurope.com\/es\/wp-content\/uploads\/sites\/14\/2021\/11\/2021-poinsettia-04000-autumnal-glow-01.jpg 875w, https:\/\/starsforeurope.com\/es\/wp-content\/uploads\/sites\/14\/2021\/11\/2021-poinsettia-04000-autumnal-glow-01-250x300.jpg 250w, https:\/\/starsforeurope.com\/es\/wp-content\/uploads\/sites\/14\/2021\/11\/2021-poinsettia-04000-autumnal-glow-01-853x1024.jpg 853w, https:\/\/starsforeurope.com\/es\/wp-content\/uploads\/sites\/14\/2021\/11\/2021-poinsettia-04000-autumnal-glow-01-768x922.jpg 768w, https:\/\/starsforeurope.com\/es\/wp-content\/uploads\/sites\/14\/2021\/11\/2021-poinsettia-04000-autumnal-glow-01-563x675.jpg 563w\" sizes=\"auto, (max-width: 875px) 100vw, 875px\" \/><\/a><\/figure>\n\n<h3 class=\"wp-block-post-title\"><a href=\"https:\/\/starsforeurope.com\/es\/blog\/la-poinsettia-es-tan-versatil\/\" target=\"_self\" >\u00a1La poinsettia es tan vers\u00e1til!<\/a><\/h3>\n\n\n<div class=\"wp-block-group postmetaline is-nowrap is-layout-flex wp-container-core-group-is-layout-6c531013 wp-block-group-is-layout-flex\"><div class=\"wp-block-post-date\"><time datetime=\"2021-11-30T11:51:22+01:00\">30. noviembre 2021<\/time><\/div>\n\n<\/div>\n\n\n<div class=\"wp-block-post-excerpt\"><p class=\"wp-block-post-excerpt__excerpt\">\u00bfCree que las flores de Pascua son aburridas? \u00a1Pi\u00e9nsalo de nuevo! Aqu\u00ed descubrir\u00e1s la incre\u00edble variedad y versatilidad de esta hermosa planta.<\/p><p class=\"wp-block-post-excerpt__more-text\"><a class=\"wp-block-post-excerpt__more-link\" href=\"https:\/\/starsforeurope.com\/es\/blog\/la-poinsettia-es-tan-versatil\/\">Leer m\u00e1s<\/a><\/p><\/div>\n<\/li><li class=\"wp-block-post post-4564 blog type-blog status-publish has-post-thumbnail hentry blog_cat-history blog_cat-variety blog_main-conocimientos blog_main-vale-la-pena-saber blog_main-variedad\">\n<figure style=\"aspect-ratio:1;\" class=\"featuredimage wp-block-post-featured-image\"><a href=\"https:\/\/starsforeurope.com\/es\/blog\/la-historia-de-la-poinsettia\/\" target=\"_self\"  ><img loading=\"lazy\" decoding=\"async\" width=\"875\" height=\"1050\" src=\"https:\/\/starsforeurope.com\/es\/wp-content\/uploads\/sites\/14\/2022\/08\/2020-poinsetti-01000-christmas-green-spirit-30.jpg\" class=\"attachment-post-thumbnail size-post-thumbnail wp-post-image\" alt=\"La historia de la poinsettia&#8230;\" style=\"width:100%;height:100%;object-fit:cover;\" srcset=\"https:\/\/starsforeurope.com\/es\/wp-content\/uploads\/sites\/14\/2022\/08\/2020-poinsetti-01000-christmas-green-spirit-30.jpg 875w, https:\/\/starsforeurope.com\/es\/wp-content\/uploads\/sites\/14\/2022\/08\/2020-poinsetti-01000-christmas-green-spirit-30-250x300.jpg 250w, https:\/\/starsforeurope.com\/es\/wp-content\/uploads\/sites\/14\/2022\/08\/2020-poinsetti-01000-christmas-green-spirit-30-853x1024.jpg 853w, https:\/\/starsforeurope.com\/es\/wp-content\/uploads\/sites\/14\/2022\/08\/2020-poinsetti-01000-christmas-green-spirit-30-768x922.jpg 768w, https:\/\/starsforeurope.com\/es\/wp-content\/uploads\/sites\/14\/2022\/08\/2020-poinsetti-01000-christmas-green-spirit-30-563x675.jpg 563w\" sizes=\"auto, (max-width: 875px) 100vw, 875px\" \/><\/a><\/figure>\n\n<h3 class=\"wp-block-post-title\"><a href=\"https:\/\/starsforeurope.com\/es\/blog\/la-historia-de-la-poinsettia\/\" target=\"_self\" >La historia de la poinsettia&#8230;<\/a><\/h3>\n\n\n<div class=\"wp-block-group postmetaline is-nowrap is-layout-flex wp-container-core-group-is-layout-6c531013 wp-block-group-is-layout-flex\"><div class=\"wp-block-post-date\"><time datetime=\"2021-11-28T07:49:29+01:00\">28. noviembre 2021<\/time><\/div>\n\n<\/div>\n\n\n<div class=\"wp-block-post-excerpt\"><p class=\"wp-block-post-excerpt__excerpt\">\u00bfQuieres saber c\u00f3mo un arbusto centroamericano se convirti\u00f3 en una de las plantas de interior m\u00e1s populares de Europa y en un s\u00edmbolo navide\u00f1o mundial? En este art\u00edculo se lo contamos.<\/p><p class=\"wp-block-post-excerpt__more-text\"><a class=\"wp-block-post-excerpt__more-link\" href=\"https:\/\/starsforeurope.com\/es\/blog\/la-historia-de-la-poinsettia\/\">Leer m\u00e1s<\/a><\/p><\/div>\n<\/li><\/ul>\n\n\n\n<\/div>\n\n\n\n<div style=\"height:3rem\" aria-hidden=\"true\" class=\"wp-block-spacer\"><\/div>\n<\/main>","protected":false},"excerpt":{"rendered":"<p>Desde el rojo cl\u00e1sico a los rosas deslumbrantes y los tonos jaspeados, descubre la impresionante gama de tipos de poinsettia perfectos para cada estilo navide\u00f1o.<\/p>\n","protected":false},"author":24,"featured_media":4353,"parent":26,"menu_order":0,"comment_status":"closed","ping_status":"closed","template":"two-column-blog-single","meta":{"_acf_changed":false,"footnotes":""},"class_list":["post-8620","page","type-page","status-publish","has-post-thumbnail","hentry"],"acf":[],"_links":{"self":[{"href":"https:\/\/starsforeurope.com\/es\/wp-json\/wp\/v2\/pages\/8620","targetHints":{"allow":["GET"]}}],"collection":[{"href":"https:\/\/starsforeurope.com\/es\/wp-json\/wp\/v2\/pages"}],"about":[{"href":"https:\/\/starsforeurope.com\/es\/wp-json\/wp\/v2\/types\/page"}],"author":[{"embeddable":true,"href":"https:\/\/starsforeurope.com\/es\/wp-json\/wp\/v2\/users\/24"}],"replies":[{"embeddable":true,"href":"https:\/\/starsforeurope.com\/es\/wp-json\/wp\/v2\/comments?post=8620"}],"version-history":[{"count":1,"href":"https:\/\/starsforeurope.com\/es\/wp-json\/wp\/v2\/pages\/8620\/revisions"}],"predecessor-version":[{"id":8621,"href":"https:\/\/starsforeurope.com\/es\/wp-json\/wp\/v2\/pages\/8620\/revisions\/8621"}],"up":[{"embeddable":true,"href":"https:\/\/starsforeurope.com\/es\/wp-json\/wp\/v2\/pages\/26"}],"wp:featuredmedia":[{"embeddable":true,"href":"https:\/\/starsforeurope.com\/es\/wp-json\/wp\/v2\/media\/4353"}],"wp:attachment":[{"href":"https:\/\/starsforeurope.com\/es\/wp-json\/wp\/v2\/media?parent=8620"}],"curies":[{"name":"wp","href":"https:\/\/api.w.org\/{rel}","templated":true}]}}